{"id":1689,"date":"2019-09-20T05:54:28","date_gmt":"2019-09-20T03:54:28","guid":{"rendered":"https:\/\/www.likenskis.com\/el-artesano\/"},"modified":"2022-05-29T17:31:00","modified_gmt":"2022-05-29T15:31:00","slug":"el-artesano","status":"publish","type":"page","link":"http:\/\/www.likenskis.com\/es\/el-artesano\/","title":{"rendered":"El Artesano"},"content":{"rendered":"<p><div class=\"fusion-fullwidth fullwidth-box fusion-builder-row-1 nonhundred-percent-fullwidth non-hundred-percent-height-scrolling\" style=\"--awb-border-radius-top-left:0px;--awb-border-radius-top-right:0px;--awb-border-radius-bottom-right:0px;--awb-border-radius-bottom-left:0px;--awb-margin-top:-20px;--awb-flex-wrap:wrap;\" ><div class=\"fusion-builder-row fusion-row\"><div class=\"fusion-layout-column fusion_builder_column fusion-builder-column-0 fusion_builder_column_1_1 1_1 fusion-one-full fusion-column-first fusion-column-last\" style=\"--awb-bg-size:cover;\"><div class=\"fusion-column-wrapper fusion-column-has-shadow fusion-flex-column-wrapper-legacy\"><div class=\"fusion-text fusion-text-1\"><h1>Oficio y pasi\u00f3n<\/h1>\n<\/div><div class=\"fusion-clearfix\"><\/div><\/div><\/div><\/div><\/div><div class=\"fusion-fullwidth fullwidth-box fusion-builder-row-2 nonhundred-percent-fullwidth non-hundred-percent-height-scrolling\" style=\"--awb-border-radius-top-left:0px;--awb-border-radius-top-right:0px;--awb-border-radius-bottom-right:0px;--awb-border-radius-bottom-left:0px;--awb-margin-bottom:30px;--awb-flex-wrap:wrap;\" ><div class=\"fusion-builder-row fusion-row\"><div class=\"fusion-layout-column fusion_builder_column fusion-builder-column-1 fusion_builder_column_1_1 1_1 fusion-one-full fusion-column-first fusion-column-last\" style=\"--awb-bg-size:cover;\"><div class=\"fusion-column-wrapper fusion-column-has-shadow fusion-flex-column-wrapper-legacy\"><div class=\"fusion-video fusion-youtube fusion-aligncenter\" style=\"--awb-max-width:1024px;--awb-max-height:600px;--awb-width:100%;\"><div class=\"video-shortcode\"><div class=\"fluid-width-video-wrapper\" style=\"padding-top:58.59%;\" ><iframe class=\"fusion-hidden\" data-privacy-type=\"youtube\" src=\"\" title=\"YouTube video player 1\" data-privacy-src=\"https:\/\/www.youtube.com\/embed\/YxFzm4B5ICE?wmode=transparent&autoplay=0\" width=\"1024\" height=\"600\" allowfullscreen allow=\"autoplay; clipboard-write; encrypted-media; gyroscope; picture-in-picture;\"><\/iframe><div class=\"fusion-privacy-placeholder\" style=\"width:1024px; height:600px;\" data-privacy-type=\"youtube\"><div class=\"fusion-privacy-placeholder-content\"><div class=\"fusion-privacy-label\">For privacy reasons YouTube needs your permission to be loaded. For more details, please see our <a class=\"privacy-policy-link\" href=\"http:\/\/www.likenskis.com\/avis-legal\/politica-de-privadesa\/\" rel=\"privacy-policy\">Pol\u00edtica de privacitat<\/a>.<\/div><button data-privacy-type=\"youtube\" class=\"fusion-button button-default fusion-button-default-size button fusion-privacy-consent\">I Accept<\/button><\/div><\/div><\/div><\/div><\/div><div class=\"fusion-clearfix\"><\/div><\/div><\/div><\/div><\/div><div class=\"fusion-fullwidth fullwidth-box fusion-builder-row-3 nonhundred-percent-fullwidth non-hundred-percent-height-scrolling\" style=\"--awb-border-radius-top-left:0px;--awb-border-radius-top-right:0px;--awb-border-radius-bottom-right:0px;--awb-border-radius-bottom-left:0px;--awb-padding-bottom:0px;--awb-margin-bottom:0px;--awb-flex-wrap:wrap;\" ><div class=\"fusion-builder-row fusion-row\"><div class=\"fusion-layout-column fusion_builder_column fusion-builder-column-2 fusion_builder_column_3_5 3_5 fusion-three-fifth fusion-column-first\" style=\"--awb-bg-size:cover;width:60%;width:calc(60% - ( ( 4% ) * 0.6 ) );margin-right: 4%;\"><div class=\"fusion-column-wrapper fusion-column-has-shadow fusion-flex-column-wrapper-legacy\"><div class=\"fusion-text fusion-text-2\"><h2 class=\"fusion-responsive-typography-calculated\" style=\"--fontsize: 20; line-height: 1.57; --minfontsize: 20;\" data-fontsize=\"20\" data-lineheight=\"31.30434799194336px\">Origen<\/h2>\n<p>Oriol Bar\u00f3, creador de Liken, naci\u00f3 en La Pobla de Lillet, un peque\u00f1o pueblo del Bergued\u00e0 rodeado de unas monta\u00f1as que le han marcado el car\u00e1cter y le han ense\u00f1ado <strong>los valores de los Pirineos<\/strong>. Honesto y aventurero, junto con su <strong>pasi\u00f3n<\/strong> por el esqu\u00ed, bien peque\u00f1o ya empieza a experimentar las sensaciones y las emociones que le transmite la monta\u00f1a. Aquella persona inquieta, curiosa y acostumbrada a la tecnolog\u00eda decide emprender un viaje hacia la ingenier\u00eda t\u00e9cnica; una carrera profesional que Oriol llevar\u00e1, literalmente, hacia su terreno: la nieve y la monta\u00f1a.<\/p>\n<\/div><div class=\"fusion-text fusion-text-3\"><h2 class=\"fusion-responsive-typography-calculated\" style=\"--fontsize: 20; line-height: 1.57; --minfontsize: 20;\" data-fontsize=\"20\" data-lineheight=\"31.30434799194336px\">Historia<\/h2>\n<p>Despu\u00e9s de a\u00f1os dando vueltas para encontrar una idea que le permitiera vivir al m\u00e1ximo la experiencia en la monta\u00f1a invernal y gracias a su bagaje profesional, en 2018 Oriol comienza a desarrollar su propio proyecto empresarial: Liken Skis. Inicialmente se centra en la tarea de estudiar las t\u00e9cnicas de producci\u00f3n de ese momento, analizar los esqu\u00eds que hay en el mercado, visitar otros centros para aprender los procesos. Fruto de este conocimiento adquirido, compra y fabrica la maquinaria necesaria para adaptarla a su propio m\u00e9todo de producci\u00f3n y es en este momento cuando se produce un cambio mental irreversible: con Liken se capta la sinergia perfecta entre <strong>artesan\u00eda e ingenier\u00eda<\/strong> y la Oriol comienza a desarrollar sus propios esqu\u00eds de madera.<\/p>\n<\/div><div class=\"fusion-text fusion-text-4\"><h2 class=\"fusion-responsive-typography-calculated\" style=\"--fontsize: 20; line-height: 1.57; --minfontsize: 20;\" data-fontsize=\"20\" data-lineheight=\"31.30434799194336px\">Visi\u00f3n<\/h2>\n<p>Dos amigos de Oriol, Toni y Adri\u00e0, le dieron el empuj\u00f3n inicial para que se aventurara en el mundo apasionante del emprendimiento y, as\u00ed, poder vivir m\u00e1s intensamente conectado al territorio y creando un producto nuevo. Gracias a este peque\u00f1o gran paso, Oriol ha conseguido tener un estilo de vida que le hace sentir <b>realizado<\/b> cada d\u00eda, plasmar su <b>creatividad<\/b> en su producto y alinear sus valores m\u00e1s importantes. Con Liken Oriol quiere conectar con las inquietudes y necesidades de otros apasionados del esqu\u00ed ofreciendo sus esqu\u00eds de madera como un producto de calidad, tecnol\u00f3gicamente trabajados, artesanales, personalizados y <b>conectados a la naturaleza<\/b>.<\/p>\n<\/div><div class=\"fusion-clearfix\"><\/div><\/div><\/div><div class=\"fusion-layout-column fusion_builder_column fusion-builder-column-3 fusion_builder_column_2_5 2_5 fusion-two-fifth fusion-column-last\" style=\"--awb-bg-size:cover;width:40%;width:calc(40% - ( ( 4% ) * 0.4 ) );\"><div class=\"fusion-column-wrapper fusion-column-has-shadow fusion-flex-column-wrapper-legacy\"><div class=\"fusion-image-element fusion-image-align-center in-legacy-container\" style=\"text-align:center;--awb-caption-title-font-family:var(--h2_typography-font-family);--awb-caption-title-font-weight:var(--h2_typography-font-weight);--awb-caption-title-font-style:var(--h2_typography-font-style);--awb-caption-title-size:var(--h2_typography-font-size);--awb-caption-title-transform:var(--h2_typography-text-transform);--awb-caption-title-line-height:var(--h2_typography-line-height);--awb-caption-title-letter-spacing:var(--h2_typography-letter-spacing);\"><div class=\"imageframe-align-center\"><span class=\" fusion-imageframe imageframe-none imageframe-1 hover-type-zoomin fusion-animated\" style=\"border-radius:15px;\" data-animationType=\"fadeIn\" data-animationDuration=\"0.8\" data-animationOffset=\"top-into-view\"><a href=\"https:\/\/www.likenskis.com\/wp-content\/uploads\/2020\/03\/ORIOL-ESQU\u00cdS-LIKEN-007-scaled.jpg\" class=\"fusion-lightbox\" data-rel=\"iLightbox[b5f23196541309c791b]\" data-title=\"ORIOL ESQU\u00cdS LIKEN 007\" title=\"ORIOL ESQU\u00cdS LIKEN 007\"><img decoding=\"async\" width=\"1707\" height=\"2560\" src=\"http:\/\/www.likenskis.com\/wp-content\/uploads\/2020\/03\/ORIOL-ESQU\u00cdS-LIKEN-007-scaled.jpg\" data-orig-src=\"https:\/\/www.likenskis.com\/wp-content\/uploads\/2020\/03\/ORIOL-ESQU\u00cdS-LIKEN-007-scaled.jpg\" alt class=\"lazyload img-responsive wp-image-2289\" srcset=\"data:image\/svg+xml,%3Csvg%20xmlns%3D%27http%3A%2F%2Fwww.w3.org%2F2000%2Fsvg%27%20width%3D%271707%27%20height%3D%272560%27%20viewBox%3D%270%200%201707%202560%27%3E%3Crect%20width%3D%271707%27%20height%3D%272560%27%20fill-opacity%3D%220%22%2F%3E%3C%2Fsvg%3E\" data-srcset=\"http:\/\/www.likenskis.com\/wp-content\/uploads\/2020\/03\/ORIOL-ESQU\u00cdS-LIKEN-007-200x300.jpg 200w, http:\/\/www.likenskis.com\/wp-content\/uploads\/2020\/03\/ORIOL-ESQU\u00cdS-LIKEN-007-400x600.jpg 400w, http:\/\/www.likenskis.com\/wp-content\/uploads\/2020\/03\/ORIOL-ESQU\u00cdS-LIKEN-007-600x900.jpg 600w, http:\/\/www.likenskis.com\/wp-content\/uploads\/2020\/03\/ORIOL-ESQU\u00cdS-LIKEN-007-800x1200.jpg 800w, http:\/\/www.likenskis.com\/wp-content\/uploads\/2020\/03\/ORIOL-ESQU\u00cdS-LIKEN-007-1200x1800.jpg 1200w, http:\/\/www.likenskis.com\/wp-content\/uploads\/2020\/03\/ORIOL-ESQU\u00cdS-LIKEN-007-scaled.jpg 1707w\" data-sizes=\"auto\" data-orig-sizes=\"(max-width: 800px) 100vw, 400px\" \/><\/a><\/span><\/div><\/div><div class=\"fusion-clearfix\"><\/div><\/div><\/div><\/div><\/div><\/p>\n","protected":false},"excerpt":{"rendered":"","protected":false},"author":1,"featured_media":7401,"parent":0,"menu_order":2,"comment_status":"closed","ping_status":"closed","template":"","meta":{"_joinchat":[],"footnotes":""},"class_list":["post-1689","page","type-page","status-publish","has-post-thumbnail","hentry"],"yoast_head":"<!-- This site is optimized with the Yoast SEO plugin v27.3 - https:\/\/yoast.com\/product\/yoast-seo-wordpress\/ -->\n<title>El Artesano - Liken Skis<\/title>\n<meta name=\"description\" content=\"As\u00ed naci\u00f3 Likens Skis. Oriol es el fundador de la marca. Nacido en un peque\u00f1o pueblo del Pirineo catal\u00e1n rodeado de monta\u00f1as, de muy peque\u00f1o descubri\u00f3 la pasi\u00f3n por el esqu\u00ed.\" \/>\n<meta name=\"robots\" content=\"index, follow, max-snippet:-1, max-image-preview:large, max-video-preview:-1\" \/>\n<link rel=\"canonical\" href=\"http:\/\/www.likenskis.com\/es\/el-artesano\/\" \/>\n<meta property=\"og:locale\" content=\"es_ES\" \/>\n<meta property=\"og:type\" content=\"article\" \/>\n<meta property=\"og:title\" content=\"El Artesano - Liken Skis\" \/>\n<meta property=\"og:description\" content=\"As\u00ed naci\u00f3 Likens Skis. Oriol es el fundador de la marca. Nacido en un peque\u00f1o pueblo del Pirineo catal\u00e1n rodeado de monta\u00f1as, de muy peque\u00f1o descubri\u00f3 la pasi\u00f3n por el esqu\u00ed.\" \/>\n<meta property=\"og:url\" content=\"http:\/\/www.likenskis.com\/es\/el-artesano\/\" \/>\n<meta property=\"og:site_name\" content=\"Liken Skis\" \/>\n<meta property=\"article:modified_time\" content=\"2022-05-29T15:31:00+00:00\" \/>\n<meta property=\"og:image\" content=\"http:\/\/www.likenskis.com\/wp-content\/uploads\/2020\/05\/ORIOL-ESQU\u00cdS-LIKEN-001-1400x933.jpg\" \/>\n\t<meta property=\"og:image:width\" content=\"1400\" \/>\n\t<meta property=\"og:image:height\" content=\"933\" \/>\n\t<meta property=\"og:image:type\" content=\"image\/jpeg\" \/>\n<meta name=\"twitter:card\" content=\"summary_large_image\" \/>\n<meta name=\"twitter:site\" content=\"@LikenSkis\" \/>\n<meta name=\"twitter:label1\" content=\"Tiempo de lectura\" \/>\n\t<meta name=\"twitter:data1\" content=\"4 minutos\" \/>\n<script type=\"application\/ld+json\" class=\"yoast-schema-graph\">{\"@context\":\"https:\\\/\\\/schema.org\",\"@graph\":[{\"@type\":\"WebPage\",\"@id\":\"http:\\\/\\\/www.likenskis.com\\\/es\\\/el-artesano\\\/\",\"url\":\"http:\\\/\\\/www.likenskis.com\\\/es\\\/el-artesano\\\/\",\"name\":\"El Artesano - Liken Skis\",\"isPartOf\":{\"@id\":\"https:\\\/\\\/www.likenskis.com\\\/es\\\/#website\"},\"primaryImageOfPage\":{\"@id\":\"http:\\\/\\\/www.likenskis.com\\\/es\\\/el-artesano\\\/#primaryimage\"},\"image\":{\"@id\":\"http:\\\/\\\/www.likenskis.com\\\/es\\\/el-artesano\\\/#primaryimage\"},\"thumbnailUrl\":\"http:\\\/\\\/www.likenskis.com\\\/wp-content\\\/uploads\\\/2020\\\/05\\\/ORIOL-ESQU\u00cdS-LIKEN-001.jpg\",\"datePublished\":\"2019-09-20T03:54:28+00:00\",\"dateModified\":\"2022-05-29T15:31:00+00:00\",\"description\":\"As\u00ed naci\u00f3 Likens Skis. Oriol es el fundador de la marca. Nacido en un peque\u00f1o pueblo del Pirineo catal\u00e1n rodeado de monta\u00f1as, de muy peque\u00f1o descubri\u00f3 la pasi\u00f3n por el esqu\u00ed.\",\"breadcrumb\":{\"@id\":\"http:\\\/\\\/www.likenskis.com\\\/es\\\/el-artesano\\\/#breadcrumb\"},\"inLanguage\":\"es\",\"potentialAction\":[{\"@type\":\"ReadAction\",\"target\":[\"http:\\\/\\\/www.likenskis.com\\\/es\\\/el-artesano\\\/\"]}]},{\"@type\":\"ImageObject\",\"inLanguage\":\"es\",\"@id\":\"http:\\\/\\\/www.likenskis.com\\\/es\\\/el-artesano\\\/#primaryimage\",\"url\":\"http:\\\/\\\/www.likenskis.com\\\/wp-content\\\/uploads\\\/2020\\\/05\\\/ORIOL-ESQU\u00cdS-LIKEN-001.jpg\",\"contentUrl\":\"http:\\\/\\\/www.likenskis.com\\\/wp-content\\\/uploads\\\/2020\\\/05\\\/ORIOL-ESQU\u00cdS-LIKEN-001.jpg\",\"width\":2560,\"height\":1707,\"caption\":\"Liken Skis - L'artes\u00e0\"},{\"@type\":\"BreadcrumbList\",\"@id\":\"http:\\\/\\\/www.likenskis.com\\\/es\\\/el-artesano\\\/#breadcrumb\",\"itemListElement\":[{\"@type\":\"ListItem\",\"position\":1,\"name\":\"Inici\",\"item\":\"https:\\\/\\\/www.likenskis.com\\\/es\\\/\"},{\"@type\":\"ListItem\",\"position\":2,\"name\":\"El Artesano\"}]},{\"@type\":\"WebSite\",\"@id\":\"https:\\\/\\\/www.likenskis.com\\\/es\\\/#website\",\"url\":\"https:\\\/\\\/www.likenskis.com\\\/es\\\/\",\"name\":\"Liken Skis\",\"description\":\"Esqu\u00eds artesanales de madera\",\"publisher\":{\"@id\":\"https:\\\/\\\/www.likenskis.com\\\/es\\\/#organization\"},\"potentialAction\":[{\"@type\":\"SearchAction\",\"target\":{\"@type\":\"EntryPoint\",\"urlTemplate\":\"https:\\\/\\\/www.likenskis.com\\\/es\\\/?s={search_term_string}\"},\"query-input\":{\"@type\":\"PropertyValueSpecification\",\"valueRequired\":true,\"valueName\":\"search_term_string\"}}],\"inLanguage\":\"es\"},{\"@type\":\"Organization\",\"@id\":\"https:\\\/\\\/www.likenskis.com\\\/es\\\/#organization\",\"name\":\"Liken Skis\",\"url\":\"https:\\\/\\\/www.likenskis.com\\\/es\\\/\",\"logo\":{\"@type\":\"ImageObject\",\"inLanguage\":\"es\",\"@id\":\"https:\\\/\\\/www.likenskis.com\\\/es\\\/#\\\/schema\\\/logo\\\/image\\\/\",\"url\":\"https:\\\/\\\/www.likenskis.com\\\/wp-content\\\/uploads\\\/2019\\\/06\\\/Logo-LikenSkis-Retina.jpg\",\"contentUrl\":\"https:\\\/\\\/www.likenskis.com\\\/wp-content\\\/uploads\\\/2019\\\/06\\\/Logo-LikenSkis-Retina.jpg\",\"width\":288,\"height\":80,\"caption\":\"Liken Skis\"},\"image\":{\"@id\":\"https:\\\/\\\/www.likenskis.com\\\/es\\\/#\\\/schema\\\/logo\\\/image\\\/\"},\"sameAs\":[\"https:\\\/\\\/x.com\\\/LikenSkis\"]}]}<\/script>\n<!-- \/ Yoast SEO plugin. -->","yoast_head_json":{"title":"El Artesano - Liken Skis","description":"As\u00ed naci\u00f3 Likens Skis. Oriol es el fundador de la marca. Nacido en un peque\u00f1o pueblo del Pirineo catal\u00e1n rodeado de monta\u00f1as, de muy peque\u00f1o descubri\u00f3 la pasi\u00f3n por el esqu\u00ed.","robots":{"index":"index","follow":"follow","max-snippet":"max-snippet:-1","max-image-preview":"max-image-preview:large","max-video-preview":"max-video-preview:-1"},"canonical":"http:\/\/www.likenskis.com\/es\/el-artesano\/","og_locale":"es_ES","og_type":"article","og_title":"El Artesano - Liken Skis","og_description":"As\u00ed naci\u00f3 Likens Skis. Oriol es el fundador de la marca. Nacido en un peque\u00f1o pueblo del Pirineo catal\u00e1n rodeado de monta\u00f1as, de muy peque\u00f1o descubri\u00f3 la pasi\u00f3n por el esqu\u00ed.","og_url":"http:\/\/www.likenskis.com\/es\/el-artesano\/","og_site_name":"Liken Skis","article_modified_time":"2022-05-29T15:31:00+00:00","og_image":[{"width":1400,"height":933,"url":"http:\/\/www.likenskis.com\/wp-content\/uploads\/2020\/05\/ORIOL-ESQU\u00cdS-LIKEN-001-1400x933.jpg","type":"image\/jpeg"}],"twitter_card":"summary_large_image","twitter_site":"@LikenSkis","twitter_misc":{"Tiempo de lectura":"4 minutos"},"schema":{"@context":"https:\/\/schema.org","@graph":[{"@type":"WebPage","@id":"http:\/\/www.likenskis.com\/es\/el-artesano\/","url":"http:\/\/www.likenskis.com\/es\/el-artesano\/","name":"El Artesano - Liken Skis","isPartOf":{"@id":"https:\/\/www.likenskis.com\/es\/#website"},"primaryImageOfPage":{"@id":"http:\/\/www.likenskis.com\/es\/el-artesano\/#primaryimage"},"image":{"@id":"http:\/\/www.likenskis.com\/es\/el-artesano\/#primaryimage"},"thumbnailUrl":"http:\/\/www.likenskis.com\/wp-content\/uploads\/2020\/05\/ORIOL-ESQU\u00cdS-LIKEN-001.jpg","datePublished":"2019-09-20T03:54:28+00:00","dateModified":"2022-05-29T15:31:00+00:00","description":"As\u00ed naci\u00f3 Likens Skis. Oriol es el fundador de la marca. Nacido en un peque\u00f1o pueblo del Pirineo catal\u00e1n rodeado de monta\u00f1as, de muy peque\u00f1o descubri\u00f3 la pasi\u00f3n por el esqu\u00ed.","breadcrumb":{"@id":"http:\/\/www.likenskis.com\/es\/el-artesano\/#breadcrumb"},"inLanguage":"es","potentialAction":[{"@type":"ReadAction","target":["http:\/\/www.likenskis.com\/es\/el-artesano\/"]}]},{"@type":"ImageObject","inLanguage":"es","@id":"http:\/\/www.likenskis.com\/es\/el-artesano\/#primaryimage","url":"http:\/\/www.likenskis.com\/wp-content\/uploads\/2020\/05\/ORIOL-ESQU\u00cdS-LIKEN-001.jpg","contentUrl":"http:\/\/www.likenskis.com\/wp-content\/uploads\/2020\/05\/ORIOL-ESQU\u00cdS-LIKEN-001.jpg","width":2560,"height":1707,"caption":"Liken Skis - L'artes\u00e0"},{"@type":"BreadcrumbList","@id":"http:\/\/www.likenskis.com\/es\/el-artesano\/#breadcrumb","itemListElement":[{"@type":"ListItem","position":1,"name":"Inici","item":"https:\/\/www.likenskis.com\/es\/"},{"@type":"ListItem","position":2,"name":"El Artesano"}]},{"@type":"WebSite","@id":"https:\/\/www.likenskis.com\/es\/#website","url":"https:\/\/www.likenskis.com\/es\/","name":"Liken Skis","description":"Esqu\u00eds artesanales de madera","publisher":{"@id":"https:\/\/www.likenskis.com\/es\/#organization"},"potentialAction":[{"@type":"SearchAction","target":{"@type":"EntryPoint","urlTemplate":"https:\/\/www.likenskis.com\/es\/?s={search_term_string}"},"query-input":{"@type":"PropertyValueSpecification","valueRequired":true,"valueName":"search_term_string"}}],"inLanguage":"es"},{"@type":"Organization","@id":"https:\/\/www.likenskis.com\/es\/#organization","name":"Liken Skis","url":"https:\/\/www.likenskis.com\/es\/","logo":{"@type":"ImageObject","inLanguage":"es","@id":"https:\/\/www.likenskis.com\/es\/#\/schema\/logo\/image\/","url":"https:\/\/www.likenskis.com\/wp-content\/uploads\/2019\/06\/Logo-LikenSkis-Retina.jpg","contentUrl":"https:\/\/www.likenskis.com\/wp-content\/uploads\/2019\/06\/Logo-LikenSkis-Retina.jpg","width":288,"height":80,"caption":"Liken Skis"},"image":{"@id":"https:\/\/www.likenskis.com\/es\/#\/schema\/logo\/image\/"},"sameAs":["https:\/\/x.com\/LikenSkis"]}]}},"_links":{"self":[{"href":"http:\/\/www.likenskis.com\/es\/wp-json\/wp\/v2\/pages\/1689","targetHints":{"allow":["GET"]}}],"collection":[{"href":"http:\/\/www.likenskis.com\/es\/wp-json\/wp\/v2\/pages"}],"about":[{"href":"http:\/\/www.likenskis.com\/es\/wp-json\/wp\/v2\/types\/page"}],"author":[{"embeddable":true,"href":"http:\/\/www.likenskis.com\/es\/wp-json\/wp\/v2\/users\/1"}],"replies":[{"embeddable":true,"href":"http:\/\/www.likenskis.com\/es\/wp-json\/wp\/v2\/comments?post=1689"}],"version-history":[{"count":5,"href":"http:\/\/www.likenskis.com\/es\/wp-json\/wp\/v2\/pages\/1689\/revisions"}],"predecessor-version":[{"id":10668,"href":"http:\/\/www.likenskis.com\/es\/wp-json\/wp\/v2\/pages\/1689\/revisions\/10668"}],"wp:featuredmedia":[{"embeddable":true,"href":"http:\/\/www.likenskis.com\/es\/wp-json\/wp\/v2\/media\/7401"}],"wp:attachment":[{"href":"http:\/\/www.likenskis.com\/es\/wp-json\/wp\/v2\/media?parent=1689"}],"curies":[{"name":"wp","href":"https:\/\/api.w.org\/{rel}","templated":true}]}}