{"id":10857,"date":"2022-03-09T21:33:41","date_gmt":"2022-03-09T19:33:51","guid":{"rendered":"https:\/\/www.likenskis.com\/?post_type=product&#038;p=10857"},"modified":"2023-03-19T09:14:15","modified_gmt":"2023-03-19T07:14:15","slug":"sudadera-liken","status":"publish","type":"product","link":"http:\/\/www.likenskis.com\/es\/producte\/sudadera-liken\/","title":{"rendered":"Sudadera Liken"},"content":{"rendered":"<p>Certificado VASOS (Global Organic Textile Standard) emitido por Ecocert Greenlife.<br \/>\nFelpa perchada de 3 hilos con tratamiento LSF (Low Shrinkage Fleece).<br \/>\nLavado enzim\u00e1tico.<br \/>\nAcabado canal\u00e9 1&#215;1 tubular en pu\u00f1os y bajo de la pieza.<br \/>\nCapucha forrada 100% algod\u00f3n con tira para cubrir costuras<br \/>\nDoble repunte en cuello, pu\u00f1os y bajo de la pieza.<\/p>\n<div class=\"fusion-image-element in-legacy-container\" style=\"--awb-caption-title-font-family:var(--h2_typography-font-family);--awb-caption-title-font-weight:var(--h2_typography-font-weight);--awb-caption-title-font-style:var(--h2_typography-font-style);--awb-caption-title-size:var(--h2_typography-font-size);--awb-caption-title-transform:var(--h2_typography-text-transform);--awb-caption-title-line-height:var(--h2_typography-line-height);--awb-caption-title-letter-spacing:var(--h2_typography-letter-spacing);\"><span class=\" fusion-imageframe imageframe-none imageframe-1 hover-type-none\"><img decoding=\"async\" width=\"500\" height=\"489\" alt=\"TALLA DESSUADORA\" title=\"TALLA HOODIE\" src=\"http:\/\/www.likenskis.com\/wp-content\/uploads\/2021\/08\/TALLA-HOODIE.jpg\" data-orig-src=\"https:\/\/www.likenskis.com\/wp-content\/uploads\/2021\/08\/TALLA-HOODIE-500x489.jpg\" class=\"lazyload img-responsive wp-image-10086\" srcset=\"data:image\/svg+xml,%3Csvg%20xmlns%3D%27http%3A%2F%2Fwww.w3.org%2F2000%2Fsvg%27%20width%3D%27744%27%20height%3D%27728%27%20viewBox%3D%270%200%20744%20728%27%3E%3Crect%20width%3D%27744%27%20height%3D%27728%27%20fill-opacity%3D%220%22%2F%3E%3C%2Fsvg%3E\" data-srcset=\"http:\/\/www.likenskis.com\/wp-content\/uploads\/2021\/08\/TALLA-HOODIE-200x196.jpg 200w, http:\/\/www.likenskis.com\/wp-content\/uploads\/2021\/08\/TALLA-HOODIE-400x391.jpg 400w, http:\/\/www.likenskis.com\/wp-content\/uploads\/2021\/08\/TALLA-HOODIE-600x587.jpg 600w, http:\/\/www.likenskis.com\/wp-content\/uploads\/2021\/08\/TALLA-HOODIE.jpg 744w\" data-sizes=\"auto\" data-orig-sizes=\"(max-width: 800px) 100vw, 500px\" \/><\/span><\/div>\n<\/p>\n<div class=\"table-1\">\n<table width=\"100%\">\n<thead>\n<tr>\n<th align=\"left\">Talla<\/th>\n<th align=\"left\">H15L- manga<\/th>\n<th align=\"left\">H05 &#8211; longitud<\/th>\n<th align=\"left\">W05 &#8211; anchura<\/th>\n<\/tr>\n<\/thead>\n<tbody>\n<tr>\n<td align=\"left\">S<\/td>\n<td align=\"left\"><span style=\"text-align: center;\">68 cm<\/span><\/td>\n<td align=\"left\"><span style=\"text-align: center;\">66 cm<\/span><\/td>\n<td align=\"left\"><span style=\"text-align: center;\">51 cm<\/span><\/td>\n<\/tr>\n<tr>\n<td align=\"left\">M<\/td>\n<td align=\"left\"><span style=\"text-align: center;\">70 cm<\/span><\/td>\n<td align=\"left\">67 cm<\/td>\n<td align=\"left\">54 cm<\/td>\n<\/tr>\n<tr>\n<td align=\"left\">L<\/td>\n<td align=\"left\">72 cm<\/td>\n<td align=\"left\">68 cm<\/td>\n<td align=\"left\">57 cm<\/td>\n<\/tr>\n<tr>\n<td align=\"left\">XL<\/td>\n<td align=\"left\">74 cm<\/td>\n<td align=\"left\">69 cm<\/td>\n<td align=\"left\">60 cm<\/td>\n<\/tr>\n<\/tbody>\n<\/table>\n<\/div>\n<p>\n","protected":false},"excerpt":{"rendered":"<p>Sudadera con bolsillo canguro de corte recto 280g \/ m2.<br \/>\n85% algod\u00f3n org\u00e1nico y 15% poli\u00e9ster reciclado.<\/p>\n<p><strong>Plazo de entrega:<\/strong> 15 dias<\/p>\n","protected":false},"featured_media":15626,"comment_status":"closed","ping_status":"closed","template":"","meta":{"_joinchat":[]},"product_brand":[],"product_cat":[780],"product_tag":[218,630,609],"class_list":{"0":"post-10857","1":"product","2":"type-product","3":"status-publish","4":"has-post-thumbnail","6":"product_cat-dessuadores-es","7":"product_tag-complementos","8":"product_tag-liken-es-2","9":"product_tag-sudadera","10":"product_shipping_class-normal-es","12":"first","13":"instock","14":"taxable","15":"shipping-taxable","16":"purchasable","17":"product-type-variable","18":"has-default-attributes"},"yoast_head":"<!-- This site is optimized with the Yoast SEO plugin v27.3 - https:\/\/yoast.com\/product\/yoast-seo-wordpress\/ -->\n<title>Sudadera Liken - Liken Skis<\/title>\n<meta name=\"robots\" content=\"index, follow, max-snippet:-1, max-image-preview:large, max-video-preview:-1\" \/>\n<link rel=\"canonical\" href=\"http:\/\/www.likenskis.com\/es\/producte\/sudadera-liken\/\" \/>\n<meta property=\"og:locale\" content=\"es_ES\" \/>\n<meta property=\"og:type\" content=\"article\" \/>\n<meta property=\"og:title\" content=\"Sudadera Liken - Liken Skis\" \/>\n<meta property=\"og:description\" content=\"Sudadera con bolsillo canguro de corte recto 280g \/ m2. 85% algod\u00f3n org\u00e1nico y 15% poli\u00e9ster reciclado.  Plazo de entrega: 15 dias\" \/>\n<meta property=\"og:url\" content=\"http:\/\/www.likenskis.com\/es\/producte\/sudadera-liken\/\" \/>\n<meta property=\"og:site_name\" content=\"Liken Skis\" \/>\n<meta property=\"article:modified_time\" content=\"2023-03-19T07:14:15+00:00\" \/>\n<meta property=\"og:image\" content=\"http:\/\/www.likenskis.com\/wp-content\/uploads\/2024\/11\/PS_K446_OXFORDGREY-BLACK_LOGO-768x767.png\" \/>\n\t<meta property=\"og:image:width\" content=\"768\" \/>\n\t<meta property=\"og:image:height\" content=\"767\" \/>\n\t<meta property=\"og:image:type\" content=\"image\/png\" \/>\n<meta name=\"twitter:card\" content=\"summary_large_image\" \/>\n<meta name=\"twitter:site\" content=\"@LikenSkis\" \/>\n<meta name=\"twitter:label1\" content=\"Tiempo de lectura\" \/>\n\t<meta name=\"twitter:data1\" content=\"1 minuto\" \/>\n<script type=\"application\/ld+json\" class=\"yoast-schema-graph\">{\"@context\":\"https:\\\/\\\/schema.org\",\"@graph\":[{\"@type\":\"WebPage\",\"@id\":\"http:\\\/\\\/www.likenskis.com\\\/es\\\/producte\\\/sudadera-liken\\\/\",\"url\":\"http:\\\/\\\/www.likenskis.com\\\/es\\\/producte\\\/sudadera-liken\\\/\",\"name\":\"Sudadera Liken - Liken Skis\",\"isPartOf\":{\"@id\":\"https:\\\/\\\/www.likenskis.com\\\/es\\\/#website\"},\"primaryImageOfPage\":{\"@id\":\"http:\\\/\\\/www.likenskis.com\\\/es\\\/producte\\\/sudadera-liken\\\/#primaryimage\"},\"image\":{\"@id\":\"http:\\\/\\\/www.likenskis.com\\\/es\\\/producte\\\/sudadera-liken\\\/#primaryimage\"},\"thumbnailUrl\":\"http:\\\/\\\/www.likenskis.com\\\/wp-content\\\/uploads\\\/2024\\\/11\\\/PS_K446_OXFORDGREY-BLACK_LOGO.png\",\"datePublished\":\"2022-03-09T19:33:51+00:00\",\"dateModified\":\"2023-03-19T07:14:15+00:00\",\"breadcrumb\":{\"@id\":\"http:\\\/\\\/www.likenskis.com\\\/es\\\/producte\\\/sudadera-liken\\\/#breadcrumb\"},\"inLanguage\":\"es\",\"potentialAction\":[{\"@type\":\"ReadAction\",\"target\":[\"http:\\\/\\\/www.likenskis.com\\\/es\\\/producte\\\/sudadera-liken\\\/\"]}]},{\"@type\":\"ImageObject\",\"inLanguage\":\"es\",\"@id\":\"http:\\\/\\\/www.likenskis.com\\\/es\\\/producte\\\/sudadera-liken\\\/#primaryimage\",\"url\":\"http:\\\/\\\/www.likenskis.com\\\/wp-content\\\/uploads\\\/2024\\\/11\\\/PS_K446_OXFORDGREY-BLACK_LOGO.png\",\"contentUrl\":\"http:\\\/\\\/www.likenskis.com\\\/wp-content\\\/uploads\\\/2024\\\/11\\\/PS_K446_OXFORDGREY-BLACK_LOGO.png\",\"width\":2479,\"height\":2475,\"caption\":\"DESSUADORA LIKEN\"},{\"@type\":\"BreadcrumbList\",\"@id\":\"http:\\\/\\\/www.likenskis.com\\\/es\\\/producte\\\/sudadera-liken\\\/#breadcrumb\",\"itemListElement\":[{\"@type\":\"ListItem\",\"position\":1,\"name\":\"Inici\",\"item\":\"https:\\\/\\\/www.likenskis.com\\\/es\\\/\"},{\"@type\":\"ListItem\",\"position\":2,\"name\":\"Botiga\",\"item\":\"https:\\\/\\\/www.likenskis.com\\\/botiga\\\/\"},{\"@type\":\"ListItem\",\"position\":3,\"name\":\"Sudadera Liken\"}]},{\"@type\":\"WebSite\",\"@id\":\"https:\\\/\\\/www.likenskis.com\\\/es\\\/#website\",\"url\":\"https:\\\/\\\/www.likenskis.com\\\/es\\\/\",\"name\":\"Liken Skis\",\"description\":\"Esqu\u00eds artesanales de madera\",\"publisher\":{\"@id\":\"https:\\\/\\\/www.likenskis.com\\\/es\\\/#organization\"},\"potentialAction\":[{\"@type\":\"SearchAction\",\"target\":{\"@type\":\"EntryPoint\",\"urlTemplate\":\"https:\\\/\\\/www.likenskis.com\\\/es\\\/?s={search_term_string}\"},\"query-input\":{\"@type\":\"PropertyValueSpecification\",\"valueRequired\":true,\"valueName\":\"search_term_string\"}}],\"inLanguage\":\"es\"},{\"@type\":\"Organization\",\"@id\":\"https:\\\/\\\/www.likenskis.com\\\/es\\\/#organization\",\"name\":\"Liken Skis\",\"url\":\"https:\\\/\\\/www.likenskis.com\\\/es\\\/\",\"logo\":{\"@type\":\"ImageObject\",\"inLanguage\":\"es\",\"@id\":\"https:\\\/\\\/www.likenskis.com\\\/es\\\/#\\\/schema\\\/logo\\\/image\\\/\",\"url\":\"https:\\\/\\\/www.likenskis.com\\\/wp-content\\\/uploads\\\/2019\\\/06\\\/Logo-LikenSkis-Retina.jpg\",\"contentUrl\":\"https:\\\/\\\/www.likenskis.com\\\/wp-content\\\/uploads\\\/2019\\\/06\\\/Logo-LikenSkis-Retina.jpg\",\"width\":288,\"height\":80,\"caption\":\"Liken Skis\"},\"image\":{\"@id\":\"https:\\\/\\\/www.likenskis.com\\\/es\\\/#\\\/schema\\\/logo\\\/image\\\/\"},\"sameAs\":[\"https:\\\/\\\/x.com\\\/LikenSkis\"]}]}<\/script>\n<!-- \/ Yoast SEO plugin. -->","yoast_head_json":{"title":"Sudadera Liken - Liken Skis","robots":{"index":"index","follow":"follow","max-snippet":"max-snippet:-1","max-image-preview":"max-image-preview:large","max-video-preview":"max-video-preview:-1"},"canonical":"http:\/\/www.likenskis.com\/es\/producte\/sudadera-liken\/","og_locale":"es_ES","og_type":"article","og_title":"Sudadera Liken - Liken Skis","og_description":"Sudadera con bolsillo canguro de corte recto 280g \/ m2. 85% algod\u00f3n org\u00e1nico y 15% poli\u00e9ster reciclado.  Plazo de entrega: 15 dias","og_url":"http:\/\/www.likenskis.com\/es\/producte\/sudadera-liken\/","og_site_name":"Liken Skis","article_modified_time":"2023-03-19T07:14:15+00:00","og_image":[{"width":768,"height":767,"url":"http:\/\/www.likenskis.com\/wp-content\/uploads\/2024\/11\/PS_K446_OXFORDGREY-BLACK_LOGO-768x767.png","type":"image\/png"}],"twitter_card":"summary_large_image","twitter_site":"@LikenSkis","twitter_misc":{"Tiempo de lectura":"1 minuto"},"schema":{"@context":"https:\/\/schema.org","@graph":[{"@type":"WebPage","@id":"http:\/\/www.likenskis.com\/es\/producte\/sudadera-liken\/","url":"http:\/\/www.likenskis.com\/es\/producte\/sudadera-liken\/","name":"Sudadera Liken - Liken Skis","isPartOf":{"@id":"https:\/\/www.likenskis.com\/es\/#website"},"primaryImageOfPage":{"@id":"http:\/\/www.likenskis.com\/es\/producte\/sudadera-liken\/#primaryimage"},"image":{"@id":"http:\/\/www.likenskis.com\/es\/producte\/sudadera-liken\/#primaryimage"},"thumbnailUrl":"http:\/\/www.likenskis.com\/wp-content\/uploads\/2024\/11\/PS_K446_OXFORDGREY-BLACK_LOGO.png","datePublished":"2022-03-09T19:33:51+00:00","dateModified":"2023-03-19T07:14:15+00:00","breadcrumb":{"@id":"http:\/\/www.likenskis.com\/es\/producte\/sudadera-liken\/#breadcrumb"},"inLanguage":"es","potentialAction":[{"@type":"ReadAction","target":["http:\/\/www.likenskis.com\/es\/producte\/sudadera-liken\/"]}]},{"@type":"ImageObject","inLanguage":"es","@id":"http:\/\/www.likenskis.com\/es\/producte\/sudadera-liken\/#primaryimage","url":"http:\/\/www.likenskis.com\/wp-content\/uploads\/2024\/11\/PS_K446_OXFORDGREY-BLACK_LOGO.png","contentUrl":"http:\/\/www.likenskis.com\/wp-content\/uploads\/2024\/11\/PS_K446_OXFORDGREY-BLACK_LOGO.png","width":2479,"height":2475,"caption":"DESSUADORA LIKEN"},{"@type":"BreadcrumbList","@id":"http:\/\/www.likenskis.com\/es\/producte\/sudadera-liken\/#breadcrumb","itemListElement":[{"@type":"ListItem","position":1,"name":"Inici","item":"https:\/\/www.likenskis.com\/es\/"},{"@type":"ListItem","position":2,"name":"Botiga","item":"https:\/\/www.likenskis.com\/botiga\/"},{"@type":"ListItem","position":3,"name":"Sudadera Liken"}]},{"@type":"WebSite","@id":"https:\/\/www.likenskis.com\/es\/#website","url":"https:\/\/www.likenskis.com\/es\/","name":"Liken Skis","description":"Esqu\u00eds artesanales de madera","publisher":{"@id":"https:\/\/www.likenskis.com\/es\/#organization"},"potentialAction":[{"@type":"SearchAction","target":{"@type":"EntryPoint","urlTemplate":"https:\/\/www.likenskis.com\/es\/?s={search_term_string}"},"query-input":{"@type":"PropertyValueSpecification","valueRequired":true,"valueName":"search_term_string"}}],"inLanguage":"es"},{"@type":"Organization","@id":"https:\/\/www.likenskis.com\/es\/#organization","name":"Liken Skis","url":"https:\/\/www.likenskis.com\/es\/","logo":{"@type":"ImageObject","inLanguage":"es","@id":"https:\/\/www.likenskis.com\/es\/#\/schema\/logo\/image\/","url":"https:\/\/www.likenskis.com\/wp-content\/uploads\/2019\/06\/Logo-LikenSkis-Retina.jpg","contentUrl":"https:\/\/www.likenskis.com\/wp-content\/uploads\/2019\/06\/Logo-LikenSkis-Retina.jpg","width":288,"height":80,"caption":"Liken Skis"},"image":{"@id":"https:\/\/www.likenskis.com\/es\/#\/schema\/logo\/image\/"},"sameAs":["https:\/\/x.com\/LikenSkis"]}]}},"_links":{"self":[{"href":"http:\/\/www.likenskis.com\/es\/wp-json\/wp\/v2\/product\/10857","targetHints":{"allow":["GET"]}}],"collection":[{"href":"http:\/\/www.likenskis.com\/es\/wp-json\/wp\/v2\/product"}],"about":[{"href":"http:\/\/www.likenskis.com\/es\/wp-json\/wp\/v2\/types\/product"}],"replies":[{"embeddable":true,"href":"http:\/\/www.likenskis.com\/es\/wp-json\/wp\/v2\/comments?post=10857"}],"wp:featuredmedia":[{"embeddable":true,"href":"http:\/\/www.likenskis.com\/es\/wp-json\/wp\/v2\/media\/15626"}],"wp:attachment":[{"href":"http:\/\/www.likenskis.com\/es\/wp-json\/wp\/v2\/media?parent=10857"}],"wp:term":[{"taxonomy":"product_brand","embeddable":true,"href":"http:\/\/www.likenskis.com\/es\/wp-json\/wp\/v2\/product_brand?post=10857"},{"taxonomy":"product_cat","embeddable":true,"href":"http:\/\/www.likenskis.com\/es\/wp-json\/wp\/v2\/product_cat?post=10857"},{"taxonomy":"product_tag","embeddable":true,"href":"http:\/\/www.likenskis.com\/es\/wp-json\/wp\/v2\/product_tag?post=10857"}],"curies":[{"name":"wp","href":"https:\/\/api.w.org\/{rel}","templated":true}]}}