{"id":6533,"date":"2020-05-02T13:21:47","date_gmt":"2020-05-02T11:21:47","guid":{"rendered":"https:\/\/www.likenskis.com\/producte\/orhi\/"},"modified":"2021-04-16T16:52:21","modified_gmt":"2021-04-16T14:52:21","slug":"orhi","status":"publish","type":"product","link":"http:\/\/www.likenskis.com\/es\/producte\/orhi\/","title":{"rendered":"Orhi 72"},"content":{"rendered":"<p><span style=\"display: inline !important; float: none; background-color: transparent; color: #333333; cursor: text; font-family: Georgia,'Times New Roman','Bitstream Charter',Times,serif; font-size: 16px; font-style: normal; font-variant: normal; font-weight: 400; letter-spacing: normal; orphans: 2; text-align: left; text-decoration: none; text-indent: 0px; text-transform: none; -webkit-text-stroke-width: 0px; white-space: normal; word-spacing: 0px;\"><div class=\"fusion-fa-align-left\"><i class=\"fb-icon-element-1 fb-icon-element fontawesome-icon fa-ruler-vertical fas circle-yes\" style=\"--awb-circlebordercolor:300000;--awb-circlebordercolor-hover:300000;--awb-circlebordersize:1px;--awb-font-size:12.32px;--awb-width:24.64px;--awb-height:24.64px;--awb-line-height:22.64px;--awb-margin-right:7px;\"><\/i><\/div><div class=\"fusion-text fusion-text-1\"><p> Cotas: 122 | 72 | 106 mm<div class=\"fusion-text fusion-text-1\"><\/div><\/span><\/p>\n<\/div><div class=\"fusion-fa-align-left\"><i class=\"fb-icon-element-2 fb-icon-element fontawesome-icon fa-ruler fas circle-yes\" style=\"--awb-circlebordercolor:300000;--awb-circlebordercolor-hover:300000;--awb-circlebordersize:1px;--awb-font-size:12.32px;--awb-width:24.64px;--awb-height:24.64px;--awb-line-height:22.64px;--awb-margin-right:7px;\"><\/i><\/div><div class=\"fusion-text fusion-text-3\"><\/div> Longitud: 162cm<\/p>\n<p><div class=\"fusion-fa-align-left\"><i class=\"fb-icon-element-3 fb-icon-element fontawesome-icon fa-redo fas circle-yes\" style=\"--awb-circlebordercolor:300000;--awb-circlebordercolor-hover:300000;--awb-circlebordersize:1px;--awb-font-size:12.32px;--awb-width:24.64px;--awb-height:24.64px;--awb-line-height:22.64px;--awb-margin-right:7px;\"><\/i><\/div><div class=\"fusion-text fusion-text-4\"><\/div> Radio de giro: 11,5m<\/p>\n<p><div class=\"fusion-fa-align-left\"><i class=\"fb-icon-element-4 fb-icon-element fontawesome-icon fa-weight-hanging fas circle-yes\" style=\"--awb-circlebordercolor:300000;--awb-circlebordercolor-hover:300000;--awb-circlebordersize:1px;--awb-font-size:12.32px;--awb-width:24.64px;--awb-height:24.64px;--awb-line-height:22.64px;--awb-margin-right:7px;\"><\/i><\/div><div class=\"fusion-text fusion-text-5\"><\/div>Peso unitario: 1500g<\/p>\n<p style=\"text-align: center;\">\n<div class=\"fusion-button-wrapper\"><a class=\"fusion-button button-flat fusion-button-default-size button-default fusion-button-default button-1 fusion-button-default-span fusion-button-default-type\" target=\"_self\" href=\"https:\/\/www.likenskis.com\/es\/esquis\/cataleg\/orhi72\/\"><span class=\"fusion-button-text awb-button__text awb-button__text--default\">ver ficha del producto<\/span><\/a><\/div>\n<p>&nbsp;<\/p>\n","protected":false},"excerpt":{"rendered":"<p>(IVA incl.)<\/p>\n<h2>\u00c1GIL \u00b7 DIN\u00c1MICO \u00b7 JUGUET\u00d3N<\/h2>\n<p>Esqu\u00ed Alpino \u00b7 SL<\/p>\n<p>Pensado para esquiadores que buscan giros muy \u00e1giles, r\u00e1pidos y estables sin perder la conexi\u00f3n con la nieve.<\/p>\n","protected":false},"featured_media":5050,"comment_status":"closed","ping_status":"closed","template":"","meta":{"_joinchat":[]},"product_brand":[],"product_cat":[199,198],"product_tag":[196,197],"class_list":{"0":"post-6533","1":"product","2":"type-product","3":"status-publish","4":"has-post-thumbnail","6":"product_cat-alpino","7":"product_cat-esquis-es","8":"product_tag-alpino","9":"product_tag-esquis-es","10":"product_shipping_class-voluminos-fr","11":"product_shipping_class-voluminos-es","13":"first","14":"instock","15":"taxable","16":"shipping-taxable","17":"purchasable","18":"product-type-variable","19":"has-default-attributes"},"yoast_head":"<!-- This site is optimized with the Yoast SEO plugin v27.3 - https:\/\/yoast.com\/product\/yoast-seo-wordpress\/ -->\n<title>Orhi 72 - Liken Skis<\/title>\n<meta name=\"robots\" content=\"index, follow, max-snippet:-1, max-image-preview:large, max-video-preview:-1\" \/>\n<link rel=\"canonical\" href=\"http:\/\/www.likenskis.com\/es\/producte\/orhi\/\" \/>\n<meta property=\"og:locale\" content=\"es_ES\" \/>\n<meta property=\"og:type\" content=\"article\" \/>\n<meta property=\"og:title\" content=\"Orhi 72 - Liken Skis\" \/>\n<meta property=\"og:description\" content=\"(IVA incl.) \u00c1GIL \u00b7 DIN\u00c1MICO \u00b7 JUGUET\u00d3N Esqu\u00ed Alpino \u00b7 SL  Pensado para esquiadores que buscan giros muy \u00e1giles, r\u00e1pidos y estables sin perder la conexi\u00f3n con la nieve.\" \/>\n<meta property=\"og:url\" content=\"http:\/\/www.likenskis.com\/es\/producte\/orhi\/\" \/>\n<meta property=\"og:site_name\" content=\"Liken Skis\" \/>\n<meta property=\"article:modified_time\" content=\"2021-04-16T14:52:21+00:00\" \/>\n<meta property=\"og:image\" content=\"http:\/\/www.likenskis.com\/wp-content\/uploads\/2020\/05\/ORHI_72_OLIVERA-scaled.jpg\" \/>\n\t<meta property=\"og:image:width\" content=\"1707\" \/>\n\t<meta property=\"og:image:height\" content=\"2560\" \/>\n\t<meta property=\"og:image:type\" content=\"image\/jpeg\" \/>\n<meta name=\"twitter:card\" content=\"summary_large_image\" \/>\n<meta name=\"twitter:site\" content=\"@LikenSkis\" \/>\n<meta name=\"twitter:label1\" content=\"Tiempo de lectura\" \/>\n\t<meta name=\"twitter:data1\" content=\"1 minuto\" \/>\n<script type=\"application\/ld+json\" class=\"yoast-schema-graph\">{\"@context\":\"https:\\\/\\\/schema.org\",\"@graph\":[{\"@type\":\"WebPage\",\"@id\":\"http:\\\/\\\/www.likenskis.com\\\/es\\\/producte\\\/orhi\\\/\",\"url\":\"http:\\\/\\\/www.likenskis.com\\\/es\\\/producte\\\/orhi\\\/\",\"name\":\"Orhi 72 - Liken Skis\",\"isPartOf\":{\"@id\":\"https:\\\/\\\/www.likenskis.com\\\/es\\\/#website\"},\"primaryImageOfPage\":{\"@id\":\"http:\\\/\\\/www.likenskis.com\\\/es\\\/producte\\\/orhi\\\/#primaryimage\"},\"image\":{\"@id\":\"http:\\\/\\\/www.likenskis.com\\\/es\\\/producte\\\/orhi\\\/#primaryimage\"},\"thumbnailUrl\":\"http:\\\/\\\/www.likenskis.com\\\/wp-content\\\/uploads\\\/2020\\\/05\\\/ORHI_72_OLIVERA-scaled.jpg\",\"datePublished\":\"2020-05-02T11:21:47+00:00\",\"dateModified\":\"2021-04-16T14:52:21+00:00\",\"breadcrumb\":{\"@id\":\"http:\\\/\\\/www.likenskis.com\\\/es\\\/producte\\\/orhi\\\/#breadcrumb\"},\"inLanguage\":\"es\",\"potentialAction\":[{\"@type\":\"ReadAction\",\"target\":[\"http:\\\/\\\/www.likenskis.com\\\/es\\\/producte\\\/orhi\\\/\"]}]},{\"@type\":\"ImageObject\",\"inLanguage\":\"es\",\"@id\":\"http:\\\/\\\/www.likenskis.com\\\/es\\\/producte\\\/orhi\\\/#primaryimage\",\"url\":\"http:\\\/\\\/www.likenskis.com\\\/wp-content\\\/uploads\\\/2020\\\/05\\\/ORHI_72_OLIVERA-scaled.jpg\",\"contentUrl\":\"http:\\\/\\\/www.likenskis.com\\\/wp-content\\\/uploads\\\/2020\\\/05\\\/ORHI_72_OLIVERA-scaled.jpg\",\"width\":1707,\"height\":2560},{\"@type\":\"BreadcrumbList\",\"@id\":\"http:\\\/\\\/www.likenskis.com\\\/es\\\/producte\\\/orhi\\\/#breadcrumb\",\"itemListElement\":[{\"@type\":\"ListItem\",\"position\":1,\"name\":\"Inici\",\"item\":\"https:\\\/\\\/www.likenskis.com\\\/es\\\/\"},{\"@type\":\"ListItem\",\"position\":2,\"name\":\"Botiga\",\"item\":\"https:\\\/\\\/www.likenskis.com\\\/botiga\\\/\"},{\"@type\":\"ListItem\",\"position\":3,\"name\":\"Orhi 72\"}]},{\"@type\":\"WebSite\",\"@id\":\"https:\\\/\\\/www.likenskis.com\\\/es\\\/#website\",\"url\":\"https:\\\/\\\/www.likenskis.com\\\/es\\\/\",\"name\":\"Liken Skis\",\"description\":\"Esqu\u00eds artesanales de madera\",\"publisher\":{\"@id\":\"https:\\\/\\\/www.likenskis.com\\\/es\\\/#organization\"},\"potentialAction\":[{\"@type\":\"SearchAction\",\"target\":{\"@type\":\"EntryPoint\",\"urlTemplate\":\"https:\\\/\\\/www.likenskis.com\\\/es\\\/?s={search_term_string}\"},\"query-input\":{\"@type\":\"PropertyValueSpecification\",\"valueRequired\":true,\"valueName\":\"search_term_string\"}}],\"inLanguage\":\"es\"},{\"@type\":\"Organization\",\"@id\":\"https:\\\/\\\/www.likenskis.com\\\/es\\\/#organization\",\"name\":\"Liken Skis\",\"url\":\"https:\\\/\\\/www.likenskis.com\\\/es\\\/\",\"logo\":{\"@type\":\"ImageObject\",\"inLanguage\":\"es\",\"@id\":\"https:\\\/\\\/www.likenskis.com\\\/es\\\/#\\\/schema\\\/logo\\\/image\\\/\",\"url\":\"https:\\\/\\\/www.likenskis.com\\\/wp-content\\\/uploads\\\/2019\\\/06\\\/Logo-LikenSkis-Retina.jpg\",\"contentUrl\":\"https:\\\/\\\/www.likenskis.com\\\/wp-content\\\/uploads\\\/2019\\\/06\\\/Logo-LikenSkis-Retina.jpg\",\"width\":288,\"height\":80,\"caption\":\"Liken Skis\"},\"image\":{\"@id\":\"https:\\\/\\\/www.likenskis.com\\\/es\\\/#\\\/schema\\\/logo\\\/image\\\/\"},\"sameAs\":[\"https:\\\/\\\/x.com\\\/LikenSkis\"]}]}<\/script>\n<!-- \/ Yoast SEO plugin. -->","yoast_head_json":{"title":"Orhi 72 - Liken Skis","robots":{"index":"index","follow":"follow","max-snippet":"max-snippet:-1","max-image-preview":"max-image-preview:large","max-video-preview":"max-video-preview:-1"},"canonical":"http:\/\/www.likenskis.com\/es\/producte\/orhi\/","og_locale":"es_ES","og_type":"article","og_title":"Orhi 72 - Liken Skis","og_description":"(IVA incl.) \u00c1GIL \u00b7 DIN\u00c1MICO \u00b7 JUGUET\u00d3N Esqu\u00ed Alpino \u00b7 SL  Pensado para esquiadores que buscan giros muy \u00e1giles, r\u00e1pidos y estables sin perder la conexi\u00f3n con la nieve.","og_url":"http:\/\/www.likenskis.com\/es\/producte\/orhi\/","og_site_name":"Liken Skis","article_modified_time":"2021-04-16T14:52:21+00:00","og_image":[{"width":1707,"height":2560,"url":"http:\/\/www.likenskis.com\/wp-content\/uploads\/2020\/05\/ORHI_72_OLIVERA-scaled.jpg","type":"image\/jpeg"}],"twitter_card":"summary_large_image","twitter_site":"@LikenSkis","twitter_misc":{"Tiempo de lectura":"1 minuto"},"schema":{"@context":"https:\/\/schema.org","@graph":[{"@type":"WebPage","@id":"http:\/\/www.likenskis.com\/es\/producte\/orhi\/","url":"http:\/\/www.likenskis.com\/es\/producte\/orhi\/","name":"Orhi 72 - Liken Skis","isPartOf":{"@id":"https:\/\/www.likenskis.com\/es\/#website"},"primaryImageOfPage":{"@id":"http:\/\/www.likenskis.com\/es\/producte\/orhi\/#primaryimage"},"image":{"@id":"http:\/\/www.likenskis.com\/es\/producte\/orhi\/#primaryimage"},"thumbnailUrl":"http:\/\/www.likenskis.com\/wp-content\/uploads\/2020\/05\/ORHI_72_OLIVERA-scaled.jpg","datePublished":"2020-05-02T11:21:47+00:00","dateModified":"2021-04-16T14:52:21+00:00","breadcrumb":{"@id":"http:\/\/www.likenskis.com\/es\/producte\/orhi\/#breadcrumb"},"inLanguage":"es","potentialAction":[{"@type":"ReadAction","target":["http:\/\/www.likenskis.com\/es\/producte\/orhi\/"]}]},{"@type":"ImageObject","inLanguage":"es","@id":"http:\/\/www.likenskis.com\/es\/producte\/orhi\/#primaryimage","url":"http:\/\/www.likenskis.com\/wp-content\/uploads\/2020\/05\/ORHI_72_OLIVERA-scaled.jpg","contentUrl":"http:\/\/www.likenskis.com\/wp-content\/uploads\/2020\/05\/ORHI_72_OLIVERA-scaled.jpg","width":1707,"height":2560},{"@type":"BreadcrumbList","@id":"http:\/\/www.likenskis.com\/es\/producte\/orhi\/#breadcrumb","itemListElement":[{"@type":"ListItem","position":1,"name":"Inici","item":"https:\/\/www.likenskis.com\/es\/"},{"@type":"ListItem","position":2,"name":"Botiga","item":"https:\/\/www.likenskis.com\/botiga\/"},{"@type":"ListItem","position":3,"name":"Orhi 72"}]},{"@type":"WebSite","@id":"https:\/\/www.likenskis.com\/es\/#website","url":"https:\/\/www.likenskis.com\/es\/","name":"Liken Skis","description":"Esqu\u00eds artesanales de madera","publisher":{"@id":"https:\/\/www.likenskis.com\/es\/#organization"},"potentialAction":[{"@type":"SearchAction","target":{"@type":"EntryPoint","urlTemplate":"https:\/\/www.likenskis.com\/es\/?s={search_term_string}"},"query-input":{"@type":"PropertyValueSpecification","valueRequired":true,"valueName":"search_term_string"}}],"inLanguage":"es"},{"@type":"Organization","@id":"https:\/\/www.likenskis.com\/es\/#organization","name":"Liken Skis","url":"https:\/\/www.likenskis.com\/es\/","logo":{"@type":"ImageObject","inLanguage":"es","@id":"https:\/\/www.likenskis.com\/es\/#\/schema\/logo\/image\/","url":"https:\/\/www.likenskis.com\/wp-content\/uploads\/2019\/06\/Logo-LikenSkis-Retina.jpg","contentUrl":"https:\/\/www.likenskis.com\/wp-content\/uploads\/2019\/06\/Logo-LikenSkis-Retina.jpg","width":288,"height":80,"caption":"Liken Skis"},"image":{"@id":"https:\/\/www.likenskis.com\/es\/#\/schema\/logo\/image\/"},"sameAs":["https:\/\/x.com\/LikenSkis"]}]}},"_links":{"self":[{"href":"http:\/\/www.likenskis.com\/es\/wp-json\/wp\/v2\/product\/6533","targetHints":{"allow":["GET"]}}],"collection":[{"href":"http:\/\/www.likenskis.com\/es\/wp-json\/wp\/v2\/product"}],"about":[{"href":"http:\/\/www.likenskis.com\/es\/wp-json\/wp\/v2\/types\/product"}],"replies":[{"embeddable":true,"href":"http:\/\/www.likenskis.com\/es\/wp-json\/wp\/v2\/comments?post=6533"}],"wp:featuredmedia":[{"embeddable":true,"href":"http:\/\/www.likenskis.com\/es\/wp-json\/wp\/v2\/media\/5050"}],"wp:attachment":[{"href":"http:\/\/www.likenskis.com\/es\/wp-json\/wp\/v2\/media?parent=6533"}],"wp:term":[{"taxonomy":"product_brand","embeddable":true,"href":"http:\/\/www.likenskis.com\/es\/wp-json\/wp\/v2\/product_brand?post=6533"},{"taxonomy":"product_cat","embeddable":true,"href":"http:\/\/www.likenskis.com\/es\/wp-json\/wp\/v2\/product_cat?post=6533"},{"taxonomy":"product_tag","embeddable":true,"href":"http:\/\/www.likenskis.com\/es\/wp-json\/wp\/v2\/product_tag?post=6533"}],"curies":[{"name":"wp","href":"https:\/\/api.w.org\/{rel}","templated":true}]}}