{"id":11726,"date":"2022-06-05T13:06:26","date_gmt":"2022-06-05T11:06:26","guid":{"rendered":"https:\/\/www.likenskis.com\/actus\/esquis-de-test\/"},"modified":"2022-06-05T13:59:00","modified_gmt":"2022-06-05T11:59:00","slug":"esquis-de-test","status":"publish","type":"page","link":"http:\/\/www.likenskis.com\/fr\/actus\/esquis-de-test\/","title":{"rendered":"Ski test"},"content":{"rendered":"<div class=\"fusion-fullwidth fullwidth-box fusion-builder-row-1 fusion-flex-container nonhundred-percent-fullwidth non-hundred-percent-height-scrolling\" style=\"--awb-border-radius-top-left:0px;--awb-border-radius-top-right:0px;--awb-border-radius-bottom-right:0px;--awb-border-radius-bottom-left:0px;--awb-flex-wrap:wrap;\" ><div class=\"fusion-builder-row fusion-row fusion-flex-align-items-flex-start fusion-flex-content-wrap\" style=\"max-width:977.6px;margin-left: calc(-4% \/ 2 );margin-right: calc(-4% \/ 2 );\"><div class=\"fusion-layout-column fusion_builder_column fusion-builder-column-0 fusion_builder_column_1_2 1_2 fusion-flex-column\" style=\"--awb-bg-size:cover;--awb-width-large:50%;--awb-margin-top-large:0px;--awb-spacing-right-large:3.84%;--awb-margin-bottom-large:0px;--awb-spacing-left-large:3.84%;--awb-width-medium:100%;--awb-spacing-right-medium:1.92%;--awb-spacing-left-medium:1.92%;--awb-width-small:100%;--awb-spacing-right-small:1.92%;--awb-spacing-left-small:1.92%;\"><div class=\"fusion-column-wrapper fusion-flex-justify-content-flex-start fusion-content-layout-column\"><div class=\"fusion-title title fusion-title-1 fusion-title-center fusion-title-text fusion-title-size-two\" style=\"--awb-margin-top-small:0px;--awb-margin-right-small:0px;--awb-margin-bottom-small:20px;--awb-margin-left-small:0px;\"><div class=\"title-sep-container title-sep-container-left\"><div class=\"title-sep sep-double sep-solid\" style=\"border-color:#e0dede;\"><\/div><\/div><span class=\"awb-title-spacer\"><\/span><h2 class=\"fusion-title-heading title-heading-center\" style=\"margin:0;\"><h2>Envie d&#8217;essayer des skis Liken ?<\/h2><\/h2><span class=\"awb-title-spacer\"><\/span><div class=\"title-sep-container title-sep-container-right\"><div class=\"title-sep sep-double sep-solid\" style=\"border-color:#e0dede;\"><\/div><\/div><\/div><div class=\"fusion-text fusion-text-1\" style=\"--awb-text-transform:none;\"><p>Envie d&#8217;acheter des skis Liken mais avant tout d&#8217;exp\u00e9rimenter les sensations ? Ou peut-\u00eatre \u00eates-vous d\u00e9j\u00e0 clair et vous demandez-vous simplement quel mod\u00e8le correspond le mieux \u00e0 vos besoins ? Nous savons que la meilleure fa\u00e7on de r\u00e9soudre ces doutes est de faire un <strong>SKI TEST.<\/strong><\/p>\n<p>Nous proposons deux modalit\u00e9s : les tests publics et les tests priv\u00e9s.<\/p>\n<\/div><\/div><\/div><div class=\"fusion-layout-column fusion_builder_column fusion-builder-column-1 fusion_builder_column_1_2 1_2 fusion-flex-column\" style=\"--awb-bg-size:cover;--awb-width-large:50%;--awb-margin-top-large:0px;--awb-spacing-right-large:3.84%;--awb-margin-bottom-large:0px;--awb-spacing-left-large:3.84%;--awb-width-medium:100%;--awb-spacing-right-medium:1.92%;--awb-spacing-left-medium:1.92%;--awb-width-small:100%;--awb-spacing-right-small:1.92%;--awb-spacing-left-small:1.92%;\"><div class=\"fusion-column-wrapper fusion-flex-justify-content-flex-start fusion-content-layout-column\"><div class=\"fusion-image-element \" style=\"--awb-caption-title-font-family:var(--h2_typography-font-family);--awb-caption-title-font-weight:var(--h2_typography-font-weight);--awb-caption-title-font-style:var(--h2_typography-font-style);--awb-caption-title-size:var(--h2_typography-font-size);--awb-caption-title-transform:var(--h2_typography-text-transform);--awb-caption-title-line-height:var(--h2_typography-line-height);--awb-caption-title-letter-spacing:var(--h2_typography-letter-spacing);\"><span class=\" fusion-imageframe imageframe-none imageframe-1 hover-type-none\"><img decoding=\"async\" width=\"500\" height=\"333\" alt=\"SKI TEST\" title=\"LIKEN_SKI_TEST_03\" src=\"http:\/\/www.likenskis.com\/wp-content\/uploads\/2021\/11\/LIKEN_SKI_TEST_03-scaled.jpg\" data-orig-src=\"https:\/\/www.likenskis.com\/wp-content\/uploads\/2021\/11\/LIKEN_SKI_TEST_03-500x333.jpg\" class=\"lazyload img-responsive wp-image-10478\" srcset=\"data:image\/svg+xml,%3Csvg%20xmlns%3D%27http%3A%2F%2Fwww.w3.org%2F2000%2Fsvg%27%20width%3D%272560%27%20height%3D%271707%27%20viewBox%3D%270%200%202560%201707%27%3E%3Crect%20width%3D%272560%27%20height%3D%271707%27%20fill-opacity%3D%220%22%2F%3E%3C%2Fsvg%3E\" data-srcset=\"http:\/\/www.likenskis.com\/wp-content\/uploads\/2021\/11\/LIKEN_SKI_TEST_03-200x133.jpg 200w, http:\/\/www.likenskis.com\/wp-content\/uploads\/2021\/11\/LIKEN_SKI_TEST_03-400x267.jpg 400w, http:\/\/www.likenskis.com\/wp-content\/uploads\/2021\/11\/LIKEN_SKI_TEST_03-600x400.jpg 600w, http:\/\/www.likenskis.com\/wp-content\/uploads\/2021\/11\/LIKEN_SKI_TEST_03-800x533.jpg 800w, http:\/\/www.likenskis.com\/wp-content\/uploads\/2021\/11\/LIKEN_SKI_TEST_03-1200x800.jpg 1200w, http:\/\/www.likenskis.com\/wp-content\/uploads\/2021\/11\/LIKEN_SKI_TEST_03-scaled.jpg 2560w\" data-sizes=\"auto\" data-orig-sizes=\"(max-width: 1024px) 100vw, (max-width: 640px) 100vw, 600px\" \/><\/span><\/div><\/div><\/div><div class=\"fusion-layout-column fusion_builder_column fusion-builder-column-2 fusion_builder_column_1_1 1_1 fusion-flex-column\" style=\"--awb-bg-size:cover;--awb-width-large:100%;--awb-margin-top-large:0px;--awb-spacing-right-large:1.92%;--awb-margin-bottom-large:0px;--awb-spacing-left-large:1.92%;--awb-width-medium:100%;--awb-spacing-right-medium:1.92%;--awb-spacing-left-medium:1.92%;--awb-width-small:100%;--awb-spacing-right-small:1.92%;--awb-spacing-left-small:1.92%;\"><div class=\"fusion-column-wrapper fusion-flex-justify-content-flex-start fusion-content-layout-column\"><div class=\"fusion-title title fusion-title-2 fusion-title-center fusion-title-text fusion-title-size-two\" style=\"--awb-margin-top:50px;--awb-margin-top-small:0px;--awb-margin-right-small:0px;--awb-margin-bottom-small:20px;--awb-margin-left-small:0px;\"><div class=\"title-sep-container title-sep-container-left\"><div class=\"title-sep sep-double sep-solid\" style=\"border-color:#e0dede;\"><\/div><\/div><span class=\"awb-title-spacer\"><\/span><h2 class=\"fusion-title-heading title-heading-center\" style=\"margin:0;\"><h2>Option 1 : test public programm\u00e9<\/h2><\/h2><span class=\"awb-title-spacer\"><\/span><div class=\"title-sep-container title-sep-container-right\"><div class=\"title-sep sep-double sep-solid\" style=\"border-color:#e0dede;\"><\/div><\/div><\/div><div class=\"fusion-text fusion-text-2\" style=\"--awb-text-transform:none;\"><h3>Comment \u00e7a fonctionne?<\/h3>\n<p>Durant la saison nous vous proposerons des tests dans les stations de ski des Pyr\u00e9n\u00e9es o\u00f9 vous trouverez la tente Liken au pied des pistes pour essayer <strong>les diff\u00e9rents mod\u00e8les de skis<\/strong>. Les personnes int\u00e9ress\u00e9es auront une heure pour tester un mod\u00e8le de ski. S&#8217;il y a plus de skis disponibles que de personnes int\u00e9ress\u00e9es, plusieurs mod\u00e8les peuvent \u00eatre test\u00e9s.<\/p>\n<h3>\nComment puis-je savoir quand ces jours de test sont termin\u00e9s\u00a0?<\/h3>\n<p>Nous publierons ces informations sur les r\u00e9seaux sociaux (instagram \/ twitter \/ facebook) ainsi que dans la section actualit\u00e9s de notre site Web.<\/p>\n<h3><strong>Est-ce que \u00e7a co\u00fbte quelque chose ?<\/strong><\/h3>\n<p>Ce type de test est enti\u00e8rement <strong>gratuit<\/strong>.<\/p>\n<h3>Comment puis-je m&#8217;inscrire?<\/h3>\n<p>Durant la semaine pr\u00e9c\u00e9dant l&#8217;\u00e9preuve nous ferons une grille avec toutes les personnes int\u00e9ress\u00e9es et serons inform\u00e9s par whatsapp ou mail du temps imparti.<\/p>\n<p>Vous devez <strong>remplir ce formulaire<\/strong> d&#8217;inscription :<\/p>\n<\/div><div style=\"text-align:center;\"><a class=\"fusion-button button-flat fusion-button-default-size button-default fusion-button-default button-1 fusion-button-default-span fusion-button-default-type\" target=\"_self\" href=\"https:\/\/docs.google.com\/forms\/d\/e\/1FAIpQLSes9EQjlI4p7M5iRGzWso88EN8lWuQEzVUi02B5VZf3JPycVw\/viewform\"><span class=\"fusion-button-text awb-button__text awb-button__text--default\">INSCRIVEZ-VOUS \u00c0 UN TEST PUBLIC PROGRAMM\u00c9<\/span><\/a><\/div><div class=\"fusion-title title fusion-title-3 fusion-title-center fusion-title-text fusion-title-size-two\" style=\"--awb-margin-top:50px;--awb-margin-top-small:0px;--awb-margin-right-small:0px;--awb-margin-bottom-small:20px;--awb-margin-left-small:0px;\"><div class=\"title-sep-container title-sep-container-left\"><div class=\"title-sep sep-double sep-solid\" style=\"border-color:#e0dede;\"><\/div><\/div><span class=\"awb-title-spacer\"><\/span><h2 class=\"fusion-title-heading title-heading-center\" style=\"margin:0;\"><h2><strong>Opci\u00f3 2: test privat individual<\/strong><\/h2><\/h2><span class=\"awb-title-spacer\"><\/span><div class=\"title-sep-container title-sep-container-right\"><div class=\"title-sep sep-double sep-solid\" style=\"border-color:#e0dede;\"><\/div><\/div><\/div><div class=\"fusion-text fusion-text-3\" style=\"--awb-text-transform:none;\"><h3>Comment \u00e7a fonctionne?<\/h3>\n<p>A tout moment de la saison il y a la possibilit\u00e9 de passer un test en priv\u00e9 par une ou plusieurs personnes d&#8217;un m\u00eame <strong>groupe d&#8217;amis<\/strong>. Dans ce test, vous aurez toute la journ\u00e9e de ski pour tester un ou plusieurs mod\u00e8les de ski Liken.<\/p>\n<h3>A quelles stations peut-on faire le test ?<\/h3>\n<p>Le test peut \u00eatre effectu\u00e9 dans n&#8217;importe quelle station de ski de votre choix<\/p>\n<h3>O\u00f9 sont r\u00e9cup\u00e9r\u00e9s\/restitu\u00e9s les skis ?<\/h3>\n<p>Les skis peuvent \u00eatre r\u00e9cup\u00e9r\u00e9s et rendus \u00e0 notre atelier (La Pobla de Lillet) ou en organisant la collecte et le retour \u00e0 un moment convenu par les deux parties.<\/p>\n<h3>Est-ce que \u00e7a co\u00fbte quelque chose ?<\/h3>\n<p>Oui. Ce type de test a un co\u00fbt et d\u00e9pendra du nombre de personnes voulant essayer les skis :<\/p>\n<p>\u00c9preuve individuelle : 40 \u20ac.<\/p>\n<p>Groupe de 2 int\u00e9ress\u00e9s : 30 \u20ac \/ personne.<\/p>\n<p>Groupe \u00e0 partir de 3 personnes : 20 \u20ac \/ personne.<\/p>\n<p>Dans le cas o\u00f9, apr\u00e8s avoir pass\u00e9 le test, l&#8217;int\u00e9ress\u00e9 ach\u00e8te une paire de skis, le montant pay\u00e9 lors du test sera d\u00e9duit du montant des skis.<\/p>\n<h3>Comment puis-je m&#8217;inscrire?<\/h3>\n<p>Vous pouvez vous inscrire dans le formulaire ci-dessous et nous vous informerons de la disponibilit\u00e9 des skis afin que vous puissiez les essayer.<\/p>\n<\/div><div style=\"text-align:center;\"><a class=\"fusion-button button-flat fusion-button-default-size button-default fusion-button-default button-2 fusion-button-default-span fusion-button-default-type\" target=\"_self\" href=\"https:\/\/docs.google.com\/forms\/d\/1KIWI8EBQy_PTMc3mRtphQvnXT7gc73hb8YmXfD_AdGc\/edit#response=ACYDBNgN1CsjtqFq4DXa0b5Ity7-fNapTch-eo7kq_7J0jL7PGNy1KXdOSa5-gCtX_sVupU\"><span class=\"fusion-button-text awb-button__text awb-button__text--default\">INSCRIVEZ-VOUS AU TEST PRIV\u00c9 INDIVIDUEL<\/span><\/a><\/div><\/div><\/div><\/div><\/div>\n","protected":false},"excerpt":{"rendered":"","protected":false},"author":1,"featured_media":0,"parent":1613,"menu_order":0,"comment_status":"closed","ping_status":"closed","template":"","meta":{"_joinchat":[],"footnotes":""},"class_list":["post-11726","page","type-page","status-publish","hentry"],"yoast_head":"<!-- This site is optimized with the Yoast SEO plugin v27.3 - https:\/\/yoast.com\/product\/yoast-seo-wordpress\/ -->\n<title>Ski test<\/title>\n<meta name=\"description\" content=\"\u25b7 Liken Skis Skis All-Mountain haute performance. Des skis exclusifs et personnalis\u00e9s pour les amoureux de la neige\" \/>\n<meta name=\"robots\" content=\"index, follow, max-snippet:-1, max-image-preview:large, max-video-preview:-1\" \/>\n<link rel=\"canonical\" href=\"http:\/\/www.likenskis.com\/fr\/actus\/esquis-de-test\/\" \/>\n<meta property=\"og:locale\" content=\"fr_FR\" \/>\n<meta property=\"og:type\" content=\"article\" \/>\n<meta property=\"og:title\" content=\"Ski test\" \/>\n<meta property=\"og:description\" content=\"\u25b7 Liken Skis Skis All-Mountain haute performance. Des skis exclusifs et personnalis\u00e9s pour les amoureux de la neige\" \/>\n<meta property=\"og:url\" content=\"http:\/\/www.likenskis.com\/fr\/actus\/esquis-de-test\/\" \/>\n<meta property=\"og:site_name\" content=\"Liken Skis\" \/>\n<meta property=\"article:modified_time\" content=\"2022-06-05T11:59:00+00:00\" \/>\n<meta name=\"twitter:card\" content=\"summary_large_image\" \/>\n<meta name=\"twitter:site\" content=\"@LikenSkis\" \/>\n<meta name=\"twitter:label1\" content=\"Dur\u00e9e de lecture estim\u00e9e\" \/>\n\t<meta name=\"twitter:data1\" content=\"11 minutes\" \/>\n<script type=\"application\/ld+json\" class=\"yoast-schema-graph\">{\"@context\":\"https:\\\/\\\/schema.org\",\"@graph\":[{\"@type\":\"WebPage\",\"@id\":\"http:\\\/\\\/www.likenskis.com\\\/fr\\\/actus\\\/esquis-de-test\\\/\",\"url\":\"http:\\\/\\\/www.likenskis.com\\\/fr\\\/actus\\\/esquis-de-test\\\/\",\"name\":\"Ski test\",\"isPartOf\":{\"@id\":\"https:\\\/\\\/www.likenskis.com\\\/fr\\\/#website\"},\"datePublished\":\"2022-06-05T11:06:26+00:00\",\"dateModified\":\"2022-06-05T11:59:00+00:00\",\"description\":\"\u25b7 Liken Skis Skis All-Mountain haute performance. Des skis exclusifs et personnalis\u00e9s pour les amoureux de la neige\",\"breadcrumb\":{\"@id\":\"http:\\\/\\\/www.likenskis.com\\\/fr\\\/actus\\\/esquis-de-test\\\/#breadcrumb\"},\"inLanguage\":\"fr-FR\",\"potentialAction\":[{\"@type\":\"ReadAction\",\"target\":[\"http:\\\/\\\/www.likenskis.com\\\/fr\\\/actus\\\/esquis-de-test\\\/\"]}]},{\"@type\":\"BreadcrumbList\",\"@id\":\"http:\\\/\\\/www.likenskis.com\\\/fr\\\/actus\\\/esquis-de-test\\\/#breadcrumb\",\"itemListElement\":[{\"@type\":\"ListItem\",\"position\":1,\"name\":\"Inici\",\"item\":\"http:\\\/\\\/www.likenskis.com\\\/fr\\\/\"},{\"@type\":\"ListItem\",\"position\":2,\"name\":\"Actualit\u00e9s\",\"item\":\"https:\\\/\\\/www.likenskis.com\\\/fr\\\/actus\\\/\"},{\"@type\":\"ListItem\",\"position\":3,\"name\":\"Ski test\"}]},{\"@type\":\"WebSite\",\"@id\":\"https:\\\/\\\/www.likenskis.com\\\/fr\\\/#website\",\"url\":\"https:\\\/\\\/www.likenskis.com\\\/fr\\\/\",\"name\":\"Liken Skis\",\"description\":\"Skis en bois faits \u00e0 la main\",\"publisher\":{\"@id\":\"https:\\\/\\\/www.likenskis.com\\\/fr\\\/#organization\"},\"potentialAction\":[{\"@type\":\"SearchAction\",\"target\":{\"@type\":\"EntryPoint\",\"urlTemplate\":\"https:\\\/\\\/www.likenskis.com\\\/fr\\\/?s={search_term_string}\"},\"query-input\":{\"@type\":\"PropertyValueSpecification\",\"valueRequired\":true,\"valueName\":\"search_term_string\"}}],\"inLanguage\":\"fr-FR\"},{\"@type\":\"Organization\",\"@id\":\"https:\\\/\\\/www.likenskis.com\\\/fr\\\/#organization\",\"name\":\"Liken Skis\",\"url\":\"https:\\\/\\\/www.likenskis.com\\\/fr\\\/\",\"logo\":{\"@type\":\"ImageObject\",\"inLanguage\":\"fr-FR\",\"@id\":\"https:\\\/\\\/www.likenskis.com\\\/fr\\\/#\\\/schema\\\/logo\\\/image\\\/\",\"url\":\"https:\\\/\\\/www.likenskis.com\\\/wp-content\\\/uploads\\\/2019\\\/06\\\/Logo-LikenSkis-Retina.jpg\",\"contentUrl\":\"https:\\\/\\\/www.likenskis.com\\\/wp-content\\\/uploads\\\/2019\\\/06\\\/Logo-LikenSkis-Retina.jpg\",\"width\":288,\"height\":80,\"caption\":\"Liken Skis\"},\"image\":{\"@id\":\"https:\\\/\\\/www.likenskis.com\\\/fr\\\/#\\\/schema\\\/logo\\\/image\\\/\"},\"sameAs\":[\"https:\\\/\\\/x.com\\\/LikenSkis\"]}]}<\/script>\n<!-- \/ Yoast SEO plugin. -->","yoast_head_json":{"title":"Ski test","description":"\u25b7 Liken Skis Skis All-Mountain haute performance. Des skis exclusifs et personnalis\u00e9s pour les amoureux de la neige","robots":{"index":"index","follow":"follow","max-snippet":"max-snippet:-1","max-image-preview":"max-image-preview:large","max-video-preview":"max-video-preview:-1"},"canonical":"http:\/\/www.likenskis.com\/fr\/actus\/esquis-de-test\/","og_locale":"fr_FR","og_type":"article","og_title":"Ski test","og_description":"\u25b7 Liken Skis Skis All-Mountain haute performance. Des skis exclusifs et personnalis\u00e9s pour les amoureux de la neige","og_url":"http:\/\/www.likenskis.com\/fr\/actus\/esquis-de-test\/","og_site_name":"Liken Skis","article_modified_time":"2022-06-05T11:59:00+00:00","twitter_card":"summary_large_image","twitter_site":"@LikenSkis","twitter_misc":{"Dur\u00e9e de lecture estim\u00e9e":"11 minutes"},"schema":{"@context":"https:\/\/schema.org","@graph":[{"@type":"WebPage","@id":"http:\/\/www.likenskis.com\/fr\/actus\/esquis-de-test\/","url":"http:\/\/www.likenskis.com\/fr\/actus\/esquis-de-test\/","name":"Ski test","isPartOf":{"@id":"https:\/\/www.likenskis.com\/fr\/#website"},"datePublished":"2022-06-05T11:06:26+00:00","dateModified":"2022-06-05T11:59:00+00:00","description":"\u25b7 Liken Skis Skis All-Mountain haute performance. Des skis exclusifs et personnalis\u00e9s pour les amoureux de la neige","breadcrumb":{"@id":"http:\/\/www.likenskis.com\/fr\/actus\/esquis-de-test\/#breadcrumb"},"inLanguage":"fr-FR","potentialAction":[{"@type":"ReadAction","target":["http:\/\/www.likenskis.com\/fr\/actus\/esquis-de-test\/"]}]},{"@type":"BreadcrumbList","@id":"http:\/\/www.likenskis.com\/fr\/actus\/esquis-de-test\/#breadcrumb","itemListElement":[{"@type":"ListItem","position":1,"name":"Inici","item":"http:\/\/www.likenskis.com\/fr\/"},{"@type":"ListItem","position":2,"name":"Actualit\u00e9s","item":"https:\/\/www.likenskis.com\/fr\/actus\/"},{"@type":"ListItem","position":3,"name":"Ski test"}]},{"@type":"WebSite","@id":"https:\/\/www.likenskis.com\/fr\/#website","url":"https:\/\/www.likenskis.com\/fr\/","name":"Liken Skis","description":"Skis en bois faits \u00e0 la main","publisher":{"@id":"https:\/\/www.likenskis.com\/fr\/#organization"},"potentialAction":[{"@type":"SearchAction","target":{"@type":"EntryPoint","urlTemplate":"https:\/\/www.likenskis.com\/fr\/?s={search_term_string}"},"query-input":{"@type":"PropertyValueSpecification","valueRequired":true,"valueName":"search_term_string"}}],"inLanguage":"fr-FR"},{"@type":"Organization","@id":"https:\/\/www.likenskis.com\/fr\/#organization","name":"Liken Skis","url":"https:\/\/www.likenskis.com\/fr\/","logo":{"@type":"ImageObject","inLanguage":"fr-FR","@id":"https:\/\/www.likenskis.com\/fr\/#\/schema\/logo\/image\/","url":"https:\/\/www.likenskis.com\/wp-content\/uploads\/2019\/06\/Logo-LikenSkis-Retina.jpg","contentUrl":"https:\/\/www.likenskis.com\/wp-content\/uploads\/2019\/06\/Logo-LikenSkis-Retina.jpg","width":288,"height":80,"caption":"Liken Skis"},"image":{"@id":"https:\/\/www.likenskis.com\/fr\/#\/schema\/logo\/image\/"},"sameAs":["https:\/\/x.com\/LikenSkis"]}]}},"_links":{"self":[{"href":"http:\/\/www.likenskis.com\/fr\/wp-json\/wp\/v2\/pages\/11726","targetHints":{"allow":["GET"]}}],"collection":[{"href":"http:\/\/www.likenskis.com\/fr\/wp-json\/wp\/v2\/pages"}],"about":[{"href":"http:\/\/www.likenskis.com\/fr\/wp-json\/wp\/v2\/types\/page"}],"author":[{"embeddable":true,"href":"http:\/\/www.likenskis.com\/fr\/wp-json\/wp\/v2\/users\/1"}],"replies":[{"embeddable":true,"href":"http:\/\/www.likenskis.com\/fr\/wp-json\/wp\/v2\/comments?post=11726"}],"version-history":[{"count":4,"href":"http:\/\/www.likenskis.com\/fr\/wp-json\/wp\/v2\/pages\/11726\/revisions"}],"predecessor-version":[{"id":11764,"href":"http:\/\/www.likenskis.com\/fr\/wp-json\/wp\/v2\/pages\/11726\/revisions\/11764"}],"up":[{"embeddable":true,"href":"http:\/\/www.likenskis.com\/fr\/wp-json\/wp\/v2\/pages\/1613"}],"wp:attachment":[{"href":"http:\/\/www.likenskis.com\/fr\/wp-json\/wp\/v2\/media?parent=11726"}],"curies":[{"name":"wp","href":"https:\/\/api.w.org\/{rel}","templated":true}]}}