{"id":1669,"date":"2019-09-20T05:14:23","date_gmt":"2019-09-20T03:14:23","guid":{"rendered":"https:\/\/www.likenskis.com\/politica-de-privacidad\/"},"modified":"2019-09-20T05:26:19","modified_gmt":"2019-09-20T03:26:19","slug":"politica-de-privacidad","status":"publish","type":"page","link":"http:\/\/www.likenskis.com\/fr\/aviso-legal\/politica-de-privacidad\/","title":{"rendered":"Pol\u00edtica de privacidad"},"content":{"rendered":"\r\n<h2 class=\"wp-block-heading\">Pol\u00edtica de privacidad<\/h2>\r\n<h3>1.\u00a0 Tratamiento de datos<\/h3>\r\n<p><strong>\u00bfQui\u00e9n es el responsable del tratamiento de sus datos?<\/strong><\/p>\r\n<ul>\r\n<li>Identificaci\u00f3n del Responsable: ORIOL BARO FAJULA \u2013 LIKEN SKIS (en adelante \u201cLIKEN SKIS\u201d)<\/li>\r\n<li>CIF: 39380287-D.<\/li>\r\n<li>Direcci\u00f3n: Carrer Carrilet, n\u00fam. 19, La Pobla de Lillet, 08696, (Barcelona).<\/li>\r\n<li>Tel\u00e9fono: +34 607 155 224<\/li>\r\n<li>Email: oriolbaro@gmail.com<\/li>\r\n<\/ul>\r\n<p>&nbsp;<\/p>\r\n<p><strong>\u00bfQu\u00e9 datos se recogen y tratan?<\/strong><\/p>\r\n<p>LIKEN SKIS recoge y trata datos personales como los nombres, las direcciones personales (de trabajo o electr\u00f3nicas), los n\u00fameros de tel\u00e9fono o cualquier otro dato de car\u00e1cter personal de los usuarios web, que sea necesaria para la realizaci\u00f3n de los tr\u00e1mites espec\u00edficos que lo requieran, facilitadas mediante la web www.likenskis.com . La solicitud de un tr\u00e1mite mediante el portal implica la aceptaci\u00f3n expresa y sin reservas de la pol\u00edtica de privacidad de datos de car\u00e1cter personal que mantiene LIKEN SKIS, expuesta en el aviso legal que se indique en el mismo formulario de recogida de datos.<\/p>\r\n<p>Asimismo, se pueden recoger datos personales a trav\u00e9s del env\u00edo de mensajes de correos electr\u00f3nicos que figuran en la web para obtener informaci\u00f3n de los servicios o actividades de LIKEN SKIS.<\/p>\r\n<p>La introducci\u00f3n y el registro de los datos de car\u00e1cter personal por parte del Usuario implica la aceptaci\u00f3n y autorizaci\u00f3n expresa a LIKEN SKIS para su recogida, para la incorporaci\u00f3n a los ficheros adecuados y el tratamiento necesario de los datos personales.<\/p>\r\n<p>Los datos se tratan con la confidencialidad necesaria en cada caso, y se adoptan las medidas t\u00e9cnicas y organizativas que se requieren para garantizar la seguridad y evitar cualquier tratamiento o uso no autorizado o que no est\u00e9 de acuerdo con la normativa vigente.<\/p>\r\n<p>La persona que utiliza los servicios ofrecidos por www.likenskis.com debe facilitar los datos solicitados seg\u00fan el principio de buena fe. Por tanto, no se pueden dar datos inexactos o inexistentes.<\/p>\r\n<p>&nbsp;<\/p>\r\n<p><strong>\u00bfCon qu\u00e9 fines se tratan sus datos personales?<\/strong><\/p>\r\n<p>Los tratamientos de los datos personales pueden tener como finalidad el dar tr\u00e1mite a las solicitudes que se realicen, gestionar el env\u00edo de informaci\u00f3n de su inter\u00e9s, facilitar el acceso a servicios prestados, solicitud de informaci\u00f3n, etc.<\/p>\r\n<p>En las comunicaciones a las solicitudes de servicios o de informaci\u00f3n, LIKEN SKIS informar\u00e1, si no lo ha hecho antes, sobre las caracter\u00edsticas concretas de los tratamientos de datos, en cumplimiento de la legislaci\u00f3n vigente en materia de protecci\u00f3n de datos de car\u00e1cter personal.<\/p>\r\n<p>&nbsp;<\/p>\r\n<p><strong>\u00bfCu\u00e1nto tiempo conservaremos sus datos?<\/strong><\/p>\r\n<p>Los datos personales proporcionados se conservar\u00e1n al menos mientras se mantenga la relaci\u00f3n como usuario del servicio, y en todo caso durante el plazo que legalmente sea obligatoria su conservaci\u00f3n. De forma concreta, para cada actividad de tratamiento de datos se informar\u00e1 del plazo o los criterios de conservaci\u00f3n de los datos. De todos modos, se adjunta el Registro de Actividades del Tratamiento con toda la informaci\u00f3n que corresponde:<\/p>\r\n<p><img decoding=\"async\" class=\"lazyload alignnone size-full wp-image-1663\" src=\"https:\/\/www.likenskis.com\/wp-content\/uploads\/2019\/09\/RGPD.png\" data-orig-src=\"https:\/\/www.likenskis.com\/wp-content\/uploads\/2019\/09\/RGPD.png\" alt=\"\" width=\"791\" height=\"776\" srcset=\"data:image\/svg+xml,%3Csvg%20xmlns%3D%27http%3A%2F%2Fwww.w3.org%2F2000%2Fsvg%27%20width%3D%27791%27%20height%3D%27776%27%20viewBox%3D%270%200%20791%20776%27%3E%3Crect%20width%3D%27791%27%20height%3D%27776%27%20fill-opacity%3D%220%22%2F%3E%3C%2Fsvg%3E\" data-srcset=\"http:\/\/www.likenskis.com\/wp-content\/uploads\/2019\/09\/RGPD-66x66.png 66w, http:\/\/www.likenskis.com\/wp-content\/uploads\/2019\/09\/RGPD-200x196.png 200w, http:\/\/www.likenskis.com\/wp-content\/uploads\/2019\/09\/RGPD-300x294.png 300w, http:\/\/www.likenskis.com\/wp-content\/uploads\/2019\/09\/RGPD-400x392.png 400w, http:\/\/www.likenskis.com\/wp-content\/uploads\/2019\/09\/RGPD-500x491.png 500w, http:\/\/www.likenskis.com\/wp-content\/uploads\/2019\/09\/RGPD-600x589.png 600w, http:\/\/www.likenskis.com\/wp-content\/uploads\/2019\/09\/RGPD-700x687.png 700w, http:\/\/www.likenskis.com\/wp-content\/uploads\/2019\/09\/RGPD-768x753.png 768w, http:\/\/www.likenskis.com\/wp-content\/uploads\/2019\/09\/RGPD.png 791w\" data-sizes=\"auto\" data-orig-sizes=\"(max-width: 791px) 100vw, 791px\" \/><\/p>\r\n<p>El interesado podr\u00e1 solicitar la supresi\u00f3n, en los casos tambi\u00e9n previstos legalmente.<\/p>\r\n<p>&nbsp;<\/p>\r\n<p><strong>\u00bfCu\u00e1l es la legitimaci\u00f3n para el tratamiento de sus datos?<\/strong><\/p>\r\n<p>La base legal para el tratamiento de sus datos debe estar fundamentada, salvo algunas excepciones, en alguna de las siguientes previsiones:<\/p>\r\n<ul>\r\n<li>Consentimiento: Si ha marcado la casilla correspondiente en un Formulario u hoja de inscripci\u00f3n \/ solicitud \/&#8230;, la base legal para enviar informaci\u00f3n sobre otros servicios es su propio consentimiento. Puede retirarlo en cualquier momento, en ejercicio de los derechos correspondientes.<\/li>\r\n<li>El tratamiento es necesario para ejecutar un contrato, o acuerdo y condiciones de acceso a un Servicio contratado.<\/li>\r\n<li>Es necesario para cumplir una obligaci\u00f3n legal.<\/li>\r\n<\/ul>\r\n<p>&nbsp;<\/p>\r\n<p><strong>\u00bfA qu\u00e9 destinatarios se comunicar\u00e1n sus datos?<\/strong><\/p>\r\n<p>Los datos se podr\u00e1n comunicar o ceder a terceros, cuando as\u00ed est\u00e9 expresamente informado y exista el consentimiento del interesado.<\/p>\r\n<p>Tambi\u00e9n se podr\u00e1n comunicar, si corresponde legalmente, a<\/p>\r\n<ul>\r\n<li>Una obligaci\u00f3n legal.<\/li>\r\n<li>Cuando los datos se tratan en los sistemas de\u00a0 una\u00a0 tercera\u00a0 empresa,\u00a0 contratada como encargada del tratamiento, se podr\u00e1 informar sobre la existencia y, en su caso, la identidad de los encargados del tratamiento, con informaci\u00f3n de la direcci\u00f3n web correspondiente.<\/li>\r\n<\/ul>\r\n<p>&nbsp;<\/p>\r\n<p><strong>\u00bfCu\u00e1les son sus derechos?<\/strong><\/p>\r\n<ul>\r\n<li>Cualquier persona tiene derecho a obtener confirmaci\u00f3n sobre si LIKEN SKIS est\u00e1 tratando datos personales que le conciernen, o no.<\/li>\r\n<li>Derecho a acceder a sus datos personales, as\u00ed como a solicitar la rectificaci\u00f3n de los datos inexactos o, en su caso, solicitar la supresi\u00f3n, entre otros motivos, cuando los datos ya no sean necesarios para los fines para a las que se recogieron.<\/li>\r\n<li>Limitar el tratamiento de datos: En determinadas circunstancias previstas en el art\u00edculo 18 RGPD, los interesados pueden solicitar la limitaci\u00f3n del tratamiento de sus datos. En este caso, \u00fanicamente los conservaremos para ejercer o defender reclamaciones.<\/li>\r\n<li>Oponerse al tratamiento de sus datos, salvo motivos leg\u00edtimos imperiosos o para ejercer o defender posibles reclamaciones.<\/li>\r\n<li>Derecho a la portabilidad, obtener sus datos personales en un formato estructurado de uso com\u00fan y lectura mec\u00e1nica y transmitirlos a otro responsable.<\/li>\r\n<\/ul>\r\n<p>&nbsp;<\/p>\r\n<p><strong>\u00bfC\u00f3mo puede ejercer los derechos?<\/strong><\/p>\r\n<ul>\r\n<li>Mediante escrito dirigido LIKEN SKIS a la direcci\u00f3n Carrer Carrilet, n\u00fam. 19, La Pobla de Lillet, 08696, (Barcelona).<\/li>\r\n<li>Mediante correo electr\u00f3nico a la direcci\u00f3n oriolbaro@gmail.com , debidamente firmado mediante certificado digital e indicado el objeto de su petici\u00f3n y justificaci\u00f3n.<\/li>\r\n<\/ul>\r\n<p>&nbsp;<\/p>\r\n<p><strong>\u00bfQu\u00e9 v\u00edas de reclamaci\u00f3n hay?<\/strong><\/p>\r\n<p>Si considera que sus derechos no se han atendido adecuadamente, tiene derecho a presentar una reclamaci\u00f3n ante la Autoridad de Protecci\u00f3n de Datos competente, esto es, la Agencia Espa\u00f1ola de Protecci\u00f3n de Datos, https:\/\/www.aepd.es\/.<\/p>\r\n<p>&nbsp;<\/p>\r\n<h3>2.\u00a0 Transacciones seguras<\/h3>\r\n<p>Las comunicaciones de datos de car\u00e1cter personal por LIKEN SKIS mediante el portal <a href=\"http:\/\/www.likenskis.com\/\"><u>www.likenskis.com<\/u> <\/a>se producen siempre dentro de un entorno seguro.<\/p>\r\n<p>Toda informaci\u00f3n de car\u00e1cter confidencial, incluyendo los datos personales, se mantiene confidencial gracias al uso del software de servidor seguro (SSL), lo que significa que los datos s\u00f3lo pueden ser intercambiados entre el usuario y LIKEN SKIS y que a estos datos no pueden acceder terceras personas.<\/p>\r\n<p>&nbsp;<\/p>\r\n<h3>3.\u00a0 Pol\u00edtica de cookies<\/h3>\r\n<p>Utilizamos cookies para mejorar el acceso a nuestro sitio. Adem\u00e1s, nuestras cookies mejoran la experiencia del usuario mediante el seguimiento y la orientaci\u00f3n de los intereses del usuario. La informaci\u00f3n recopilada es informaci\u00f3n de datos digitales como ubicaci\u00f3n geogr\u00e1fica, direcci\u00f3n IP. Puede elegir si desea aceptar cookies. La mayor\u00eda de los navegadores web permiten el control de las cookies enumeradas anteriormente a trav\u00e9s de la configuraci\u00f3n del navegador. Al ajustar su navegador web, puede evitar recibir cookies. Sin embargo, esto podr\u00eda hacer que los servicios en el sitio web no funcionen de manera \u00f3ptima. El m\u00e9todo utilizado para bloquear las cookies depender\u00e1 del navegador web utilizado. Consulte la &#8220;Ayuda&#8221; o el men\u00fa correspondiente en su navegador web para obtener instrucciones. Tambi\u00e9n puede cambiar la configuraci\u00f3n en relaci\u00f3n con un tipo espec\u00edfico de cookie. Nuestro uso de cookies generalmente no est\u00e1 vinculado a informaci\u00f3n de identificaci\u00f3n personal en nuestro sitio. Para obtener m\u00e1s informaci\u00f3n sobre c\u00f3mo utilizamos las cookies, consulte nuestra pol\u00edtica de cookies, disponible en esta p\u00e1gina a continuaci\u00f3n.<\/p>\r\n<p>&nbsp;<\/p>\r\n<h3>4.\u00a0 Legislaci\u00f3n aplicable<\/h3>\r\n<p>La privacidad de toda la informaci\u00f3n facilitada, tanto la facilitada por el usuario a trav\u00e9s de los diferentes formularios de solicitud de datos personales, como la accesible a trav\u00e9s de <a href=\"http:\/\/www.likenskis.com\/\"><u>www.likenskis.com<\/u> <\/a>, est\u00e1 regulada por el Reglamento (UE) 2016\/679 del Parlamento Europeo\u00a0\u00a0 y del Consejo, de 27 de abril de 2016, relativo a la protecci\u00f3n de las personas f\u00edsicas en lo que respecta al tratamiento de datos personales y a la libre circulaci\u00f3n de estos datos (RGPD); y tambi\u00e9n por otra legislaci\u00f3n vigente en esta materia como la Ley Org\u00e1nica 3\/2018, de 5 de diciembre, de protecci\u00f3n de datos personales y garant\u00eda de los derechos digitales.<\/p>\r\n<p>&nbsp;<\/p>\r\n<h3>5.\u00a0 Cambios en la Pol\u00edtica de Privacidad.<\/h3>\r\n<p>Podemos modificar nuestra Pol\u00edtica de privacidad de vez en cuando por motivos legales u otros.<\/p>\r\n<p>&nbsp;<\/p>\r\n<p>&#8212;<\/p>\r\n<p><em>Esta Pol\u00edtica de Privacidad se revis\u00f3 por \u00faltima vez el 5 de Julio de 2019.<\/em><\/p>\r\n","protected":false},"excerpt":{"rendered":"<p>Pol\u00edtica de privacidad 1.\u00a0 Tratamiento de datos \u00bfQui\u00e9n es el  [&#8230;]<\/p>\n","protected":false},"author":1,"featured_media":0,"parent":1677,"menu_order":95,"comment_status":"closed","ping_status":"closed","template":"","meta":{"_joinchat":[],"footnotes":""},"class_list":["post-1669","page","type-page","status-publish","hentry"],"yoast_head":"<!-- This site is optimized with the Yoast SEO plugin v27.3 - https:\/\/yoast.com\/product\/yoast-seo-wordpress\/ -->\n<title>Pol\u00edtica de privacidad - Liken Skis<\/title>\n<meta name=\"robots\" content=\"noindex, nofollow\" \/>\n<meta property=\"og:locale\" content=\"fr_FR\" \/>\n<meta property=\"og:type\" content=\"article\" \/>\n<meta property=\"og:title\" content=\"Pol\u00edtica de privacidad - Liken Skis\" \/>\n<meta property=\"og:description\" content=\"Pol\u00edtica de privacidad 1.\u00a0 Tratamiento de datos \u00bfQui\u00e9n es el [...]\" \/>\n<meta property=\"og:url\" content=\"http:\/\/www.likenskis.com\/fr\/aviso-legal\/politica-de-privacidad\/\" \/>\n<meta property=\"og:site_name\" content=\"Liken Skis\" \/>\n<meta property=\"article:modified_time\" content=\"2019-09-20T03:26:19+00:00\" \/>\n<meta property=\"og:image\" content=\"https:\/\/www.likenskis.com\/wp-content\/uploads\/2019\/09\/RGPD.png\" \/>\n<meta name=\"twitter:card\" content=\"summary_large_image\" \/>\n<meta name=\"twitter:site\" content=\"@LikenSkis\" \/>\n<meta name=\"twitter:label1\" content=\"Dur\u00e9e de lecture estim\u00e9e\" \/>\n\t<meta name=\"twitter:data1\" content=\"7 minutes\" \/>\n<script type=\"application\/ld+json\" class=\"yoast-schema-graph\">{\"@context\":\"https:\\\/\\\/schema.org\",\"@graph\":[{\"@type\":\"WebPage\",\"@id\":\"http:\\\/\\\/www.likenskis.com\\\/fr\\\/aviso-legal\\\/politica-de-privacidad\\\/\",\"url\":\"http:\\\/\\\/www.likenskis.com\\\/fr\\\/aviso-legal\\\/politica-de-privacidad\\\/\",\"name\":\"Pol\u00edtica de privacidad - Liken Skis\",\"isPartOf\":{\"@id\":\"https:\\\/\\\/www.likenskis.com\\\/fr\\\/#website\"},\"primaryImageOfPage\":{\"@id\":\"http:\\\/\\\/www.likenskis.com\\\/fr\\\/aviso-legal\\\/politica-de-privacidad\\\/#primaryimage\"},\"image\":{\"@id\":\"http:\\\/\\\/www.likenskis.com\\\/fr\\\/aviso-legal\\\/politica-de-privacidad\\\/#primaryimage\"},\"thumbnailUrl\":\"https:\\\/\\\/www.likenskis.com\\\/wp-content\\\/uploads\\\/2019\\\/09\\\/RGPD.png\",\"datePublished\":\"2019-09-20T03:14:23+00:00\",\"dateModified\":\"2019-09-20T03:26:19+00:00\",\"breadcrumb\":{\"@id\":\"http:\\\/\\\/www.likenskis.com\\\/fr\\\/aviso-legal\\\/politica-de-privacidad\\\/#breadcrumb\"},\"inLanguage\":\"fr-FR\",\"potentialAction\":[{\"@type\":\"ReadAction\",\"target\":[\"http:\\\/\\\/www.likenskis.com\\\/fr\\\/aviso-legal\\\/politica-de-privacidad\\\/\"]}]},{\"@type\":\"ImageObject\",\"inLanguage\":\"fr-FR\",\"@id\":\"http:\\\/\\\/www.likenskis.com\\\/fr\\\/aviso-legal\\\/politica-de-privacidad\\\/#primaryimage\",\"url\":\"https:\\\/\\\/www.likenskis.com\\\/wp-content\\\/uploads\\\/2019\\\/09\\\/RGPD.png\",\"contentUrl\":\"https:\\\/\\\/www.likenskis.com\\\/wp-content\\\/uploads\\\/2019\\\/09\\\/RGPD.png\"},{\"@type\":\"BreadcrumbList\",\"@id\":\"http:\\\/\\\/www.likenskis.com\\\/fr\\\/aviso-legal\\\/politica-de-privacidad\\\/#breadcrumb\",\"itemListElement\":[{\"@type\":\"ListItem\",\"position\":1,\"name\":\"Inici\",\"item\":\"http:\\\/\\\/www.likenskis.com\\\/fr\\\/\"},{\"@type\":\"ListItem\",\"position\":2,\"name\":\"Aviso legal\",\"item\":\"https:\\\/\\\/www.likenskis.com\\\/fr\\\/aviso-legal\\\/\"},{\"@type\":\"ListItem\",\"position\":3,\"name\":\"Pol\u00edtica de privacidad\"}]},{\"@type\":\"WebSite\",\"@id\":\"https:\\\/\\\/www.likenskis.com\\\/fr\\\/#website\",\"url\":\"https:\\\/\\\/www.likenskis.com\\\/fr\\\/\",\"name\":\"Liken Skis\",\"description\":\"Skis en bois faits \u00e0 la main\",\"publisher\":{\"@id\":\"https:\\\/\\\/www.likenskis.com\\\/fr\\\/#organization\"},\"potentialAction\":[{\"@type\":\"SearchAction\",\"target\":{\"@type\":\"EntryPoint\",\"urlTemplate\":\"https:\\\/\\\/www.likenskis.com\\\/fr\\\/?s={search_term_string}\"},\"query-input\":{\"@type\":\"PropertyValueSpecification\",\"valueRequired\":true,\"valueName\":\"search_term_string\"}}],\"inLanguage\":\"fr-FR\"},{\"@type\":\"Organization\",\"@id\":\"https:\\\/\\\/www.likenskis.com\\\/fr\\\/#organization\",\"name\":\"Liken Skis\",\"url\":\"https:\\\/\\\/www.likenskis.com\\\/fr\\\/\",\"logo\":{\"@type\":\"ImageObject\",\"inLanguage\":\"fr-FR\",\"@id\":\"https:\\\/\\\/www.likenskis.com\\\/fr\\\/#\\\/schema\\\/logo\\\/image\\\/\",\"url\":\"https:\\\/\\\/www.likenskis.com\\\/wp-content\\\/uploads\\\/2019\\\/06\\\/Logo-LikenSkis-Retina.jpg\",\"contentUrl\":\"https:\\\/\\\/www.likenskis.com\\\/wp-content\\\/uploads\\\/2019\\\/06\\\/Logo-LikenSkis-Retina.jpg\",\"width\":288,\"height\":80,\"caption\":\"Liken Skis\"},\"image\":{\"@id\":\"https:\\\/\\\/www.likenskis.com\\\/fr\\\/#\\\/schema\\\/logo\\\/image\\\/\"},\"sameAs\":[\"https:\\\/\\\/x.com\\\/LikenSkis\"]}]}<\/script>\n<!-- \/ Yoast SEO plugin. -->","yoast_head_json":{"title":"Pol\u00edtica de privacidad - Liken Skis","robots":{"index":"noindex","follow":"nofollow"},"og_locale":"fr_FR","og_type":"article","og_title":"Pol\u00edtica de privacidad - Liken Skis","og_description":"Pol\u00edtica de privacidad 1.\u00a0 Tratamiento de datos \u00bfQui\u00e9n es el [...]","og_url":"http:\/\/www.likenskis.com\/fr\/aviso-legal\/politica-de-privacidad\/","og_site_name":"Liken Skis","article_modified_time":"2019-09-20T03:26:19+00:00","og_image":[{"url":"https:\/\/www.likenskis.com\/wp-content\/uploads\/2019\/09\/RGPD.png","type":"","width":"","height":""}],"twitter_card":"summary_large_image","twitter_site":"@LikenSkis","twitter_misc":{"Dur\u00e9e de lecture estim\u00e9e":"7 minutes"},"schema":{"@context":"https:\/\/schema.org","@graph":[{"@type":"WebPage","@id":"http:\/\/www.likenskis.com\/fr\/aviso-legal\/politica-de-privacidad\/","url":"http:\/\/www.likenskis.com\/fr\/aviso-legal\/politica-de-privacidad\/","name":"Pol\u00edtica de privacidad - Liken Skis","isPartOf":{"@id":"https:\/\/www.likenskis.com\/fr\/#website"},"primaryImageOfPage":{"@id":"http:\/\/www.likenskis.com\/fr\/aviso-legal\/politica-de-privacidad\/#primaryimage"},"image":{"@id":"http:\/\/www.likenskis.com\/fr\/aviso-legal\/politica-de-privacidad\/#primaryimage"},"thumbnailUrl":"https:\/\/www.likenskis.com\/wp-content\/uploads\/2019\/09\/RGPD.png","datePublished":"2019-09-20T03:14:23+00:00","dateModified":"2019-09-20T03:26:19+00:00","breadcrumb":{"@id":"http:\/\/www.likenskis.com\/fr\/aviso-legal\/politica-de-privacidad\/#breadcrumb"},"inLanguage":"fr-FR","potentialAction":[{"@type":"ReadAction","target":["http:\/\/www.likenskis.com\/fr\/aviso-legal\/politica-de-privacidad\/"]}]},{"@type":"ImageObject","inLanguage":"fr-FR","@id":"http:\/\/www.likenskis.com\/fr\/aviso-legal\/politica-de-privacidad\/#primaryimage","url":"https:\/\/www.likenskis.com\/wp-content\/uploads\/2019\/09\/RGPD.png","contentUrl":"https:\/\/www.likenskis.com\/wp-content\/uploads\/2019\/09\/RGPD.png"},{"@type":"BreadcrumbList","@id":"http:\/\/www.likenskis.com\/fr\/aviso-legal\/politica-de-privacidad\/#breadcrumb","itemListElement":[{"@type":"ListItem","position":1,"name":"Inici","item":"http:\/\/www.likenskis.com\/fr\/"},{"@type":"ListItem","position":2,"name":"Aviso legal","item":"https:\/\/www.likenskis.com\/fr\/aviso-legal\/"},{"@type":"ListItem","position":3,"name":"Pol\u00edtica de privacidad"}]},{"@type":"WebSite","@id":"https:\/\/www.likenskis.com\/fr\/#website","url":"https:\/\/www.likenskis.com\/fr\/","name":"Liken Skis","description":"Skis en bois faits \u00e0 la main","publisher":{"@id":"https:\/\/www.likenskis.com\/fr\/#organization"},"potentialAction":[{"@type":"SearchAction","target":{"@type":"EntryPoint","urlTemplate":"https:\/\/www.likenskis.com\/fr\/?s={search_term_string}"},"query-input":{"@type":"PropertyValueSpecification","valueRequired":true,"valueName":"search_term_string"}}],"inLanguage":"fr-FR"},{"@type":"Organization","@id":"https:\/\/www.likenskis.com\/fr\/#organization","name":"Liken Skis","url":"https:\/\/www.likenskis.com\/fr\/","logo":{"@type":"ImageObject","inLanguage":"fr-FR","@id":"https:\/\/www.likenskis.com\/fr\/#\/schema\/logo\/image\/","url":"https:\/\/www.likenskis.com\/wp-content\/uploads\/2019\/06\/Logo-LikenSkis-Retina.jpg","contentUrl":"https:\/\/www.likenskis.com\/wp-content\/uploads\/2019\/06\/Logo-LikenSkis-Retina.jpg","width":288,"height":80,"caption":"Liken Skis"},"image":{"@id":"https:\/\/www.likenskis.com\/fr\/#\/schema\/logo\/image\/"},"sameAs":["https:\/\/x.com\/LikenSkis"]}]}},"_links":{"self":[{"href":"http:\/\/www.likenskis.com\/fr\/wp-json\/wp\/v2\/pages\/1669","targetHints":{"allow":["GET"]}}],"collection":[{"href":"http:\/\/www.likenskis.com\/fr\/wp-json\/wp\/v2\/pages"}],"about":[{"href":"http:\/\/www.likenskis.com\/fr\/wp-json\/wp\/v2\/types\/page"}],"author":[{"embeddable":true,"href":"http:\/\/www.likenskis.com\/fr\/wp-json\/wp\/v2\/users\/1"}],"replies":[{"embeddable":true,"href":"http:\/\/www.likenskis.com\/fr\/wp-json\/wp\/v2\/comments?post=1669"}],"version-history":[{"count":0,"href":"http:\/\/www.likenskis.com\/fr\/wp-json\/wp\/v2\/pages\/1669\/revisions"}],"up":[{"embeddable":true,"href":"http:\/\/www.likenskis.com\/fr\/wp-json\/wp\/v2\/pages\/1677"}],"wp:attachment":[{"href":"http:\/\/www.likenskis.com\/fr\/wp-json\/wp\/v2\/media?parent=1669"}],"curies":[{"name":"wp","href":"https:\/\/api.w.org\/{rel}","templated":true}]}}