{"id":6641,"date":"2020-05-01T18:10:47","date_gmt":"2020-05-01T16:10:47","guid":{"rendered":"https:\/\/www.likenskis.com\/producte\/pedraforca\/"},"modified":"2021-04-16T17:21:11","modified_gmt":"2021-04-16T15:21:11","slug":"pedraforca","status":"publish","type":"product","link":"http:\/\/www.likenskis.com\/fr\/producte\/pedraforca\/","title":{"rendered":"Pedraforca 78"},"content":{"rendered":"<p><span style=\"display: inline !important; float: none; background-color: transparent; color: #333333; cursor: text; font-family: Georgia,'Times New Roman','Bitstream Charter',Times,serif; font-size: 16px; font-style: normal; font-variant: normal; font-weight: 400; letter-spacing: normal; orphans: 2; text-align: left; text-decoration: none; text-indent: 0px; text-transform: none; -webkit-text-stroke-width: 0px; white-space: normal; word-spacing: 0px;\"><div class=\"fusion-fa-align-left\"><i class=\"fb-icon-element-1 fb-icon-element fontawesome-icon fa-ruler-vertical fas circle-yes\" style=\"--awb-circlebordercolor:300000;--awb-circlebordercolor-hover:300000;--awb-circlebordersize:1px;--awb-font-size:12.32px;--awb-width:24.64px;--awb-height:24.64px;--awb-line-height:22.64px;--awb-margin-right:7px;\"><\/i><\/div><div class=\"fusion-text fusion-text-1\"><\/div> <span lang=\"FR\">C\u00f4tes<\/span>: 111 | 78 | 101 mm<\/span><\/p>\n<p><strong><div class=\"fusion-sep-clear\"><\/div><div class=\"fusion-separator fusion-full-width-sep\" style=\"margin-left: auto;margin-right: auto;margin-top:10px;margin-bottom:10px;width:100%;\"><\/div><div class=\"fusion-sep-clear\"><\/div><span lang=\"FR\">Tailles disponibles<\/span>:<\/strong><\/p>\n<table width=\"80%\">\n<tbody>\n<tr>\n<td align=\"left\"><div class=\"fusion-fa-align-center\"><i class=\"fb-icon-element-2 fb-icon-element fontawesome-icon fa-ruler fas circle-yes\" style=\"--awb-circlebordercolor:300000;--awb-circlebordercolor-hover:300000;--awb-circlebordersize:1px;--awb-font-size:12.32px;--awb-width:24.64px;--awb-height:24.64px;--awb-line-height:22.64px;\"><\/i><\/div><\/td>\n<td align=\"left\"><div class=\"fusion-fa-align-center\"><i class=\"fb-icon-element-3 fb-icon-element fontawesome-icon fa-redo fas circle-yes\" style=\"--awb-circlebordercolor:300000;--awb-circlebordercolor-hover:300000;--awb-circlebordersize:1px;--awb-font-size:12.32px;--awb-width:24.64px;--awb-height:24.64px;--awb-line-height:22.64px;\"><\/i><\/div><\/td>\n<td align=\"left\"><div class=\"fusion-fa-align-center\"><i class=\"fb-icon-element-4 fb-icon-element fontawesome-icon fa-weight-hanging fas circle-yes\" style=\"--awb-circlebordercolor:300000;--awb-circlebordercolor-hover:300000;--awb-circlebordersize:1px;--awb-font-size:12.32px;--awb-width:24.64px;--awb-height:24.64px;--awb-line-height:22.64px;\"><\/i><\/div><\/td>\n<\/tr>\n<tr>\n<td style=\"text-align: center;\" align=\"left\"><span lang=\"FR\">Longeur<\/span><\/td>\n<td style=\"text-align: center;\" align=\"left\"><span lang=\"FR\">Rayon de braquage<\/span><\/td>\n<td style=\"text-align: center;\" align=\"left\"><span lang=\"FR\">Poids unitaire<\/span><\/td>\n<\/tr>\n<tr>\n<td style=\"text-align: center;\">158cm<\/td>\n<td style=\"text-align: center;\">16m<\/td>\n<td style=\"text-align: center;\">1300g<\/td>\n<\/tr>\n<tr>\n<td style=\"text-align: center;\">165cm<\/td>\n<td style=\"text-align: center;\">17m<\/td>\n<td style=\"text-align: center;\">1400g<\/td>\n<\/tr>\n<tr>\n<td style=\"text-align: center;\">172cm<\/td>\n<td style=\"text-align: center;\">19m<\/td>\n<td style=\"text-align: center;\">1500g<\/td>\n<\/tr>\n<tr>\n<td style=\"text-align: center;\">179cm<\/td>\n<td style=\"text-align: center;\">20m<\/td>\n<td style=\"text-align: center;\">1600g<\/td>\n<\/tr>\n<\/tbody>\n<\/table>\n<p>&nbsp;<\/p>\n<div class=\"fusion-button-wrapper\"><a class=\"fusion-button button-flat fusion-button-default-size button-default fusion-button-default button-1 fusion-button-default-span fusion-button-default-type\" target=\"_self\" href=\"https:\/\/www.likenskis.com\/fr\/esquis\/cataleg\/pedraforca78\/\"><span class=\"fusion-button-text awb-button__text awb-button__text--default\">voir fiche produit<\/span><\/a><\/div>\n","protected":false},"excerpt":{"rendered":"<p class=\"fusion-responsive-typography-calculated\" style=\"--fontsize: 20; line-height: 1.6; --minfontsize: 20;\" data-fontsize=\"20\" data-lineheight=\"32px\">(TVA incl.)<\/p>\n<h2 class=\"fusion-responsive-typography-calculated\" style=\"--fontsize: 20; line-height: 1.6; --minfontsize: 20;\" data-fontsize=\"20\" data-lineheight=\"32px\"><span lang=\"FR\">POLYVALENT- FIABLE- ENERGIQUE<\/span><\/h2>\n<p>All-mountain<\/p>\n<p><span lang=\"FR\">Pour les skieurs qui veulent se d\u00e9placer avec facilit\u00e9 sur neige changeante sans renoncer \u00e0 la s\u00e9curit\u00e9 sur terrain expos\u00e9.<\/span><\/p>\n","protected":false},"featured_media":4793,"comment_status":"closed","ping_status":"closed","template":"","meta":{"_joinchat":[]},"product_brand":[],"product_cat":[234,169],"product_tag":[216,171],"class_list":{"0":"post-6641","1":"product","2":"type-product","3":"status-publish","4":"has-post-thumbnail","6":"product_cat-all-mountain-fr","7":"product_cat-skis-fr","8":"product_tag-all-mountain-fr","9":"product_tag-ski-fr","10":"product_shipping_class-voluminos-fr","12":"first","13":"instock","14":"taxable","15":"shipping-taxable","16":"purchasable","17":"product-type-variable","18":"has-default-attributes"},"yoast_head":"<!-- This site is optimized with the Yoast SEO plugin v27.3 - https:\/\/yoast.com\/product\/yoast-seo-wordpress\/ -->\n<title>Pedraforca 78 - Liken Skis<\/title>\n<meta name=\"robots\" content=\"index, follow, max-snippet:-1, max-image-preview:large, max-video-preview:-1\" \/>\n<link rel=\"canonical\" href=\"http:\/\/www.likenskis.com\/fr\/producte\/pedraforca\/\" \/>\n<meta property=\"og:locale\" content=\"fr_FR\" \/>\n<meta property=\"og:type\" content=\"article\" \/>\n<meta property=\"og:title\" content=\"Pedraforca 78 - Liken Skis\" \/>\n<meta property=\"og:description\" content=\"(TVA incl.)  POLYVALENT- FIABLE- ENERGIQUE All-mountain  Pour les skieurs qui veulent se d\u00e9placer avec facilit\u00e9 sur neige changeante sans renoncer \u00e0 la s\u00e9curit\u00e9 sur terrain expos\u00e9.\" \/>\n<meta property=\"og:url\" content=\"http:\/\/www.likenskis.com\/fr\/producte\/pedraforca\/\" \/>\n<meta property=\"og:site_name\" content=\"Liken Skis\" \/>\n<meta property=\"article:modified_time\" content=\"2021-04-16T15:21:11+00:00\" \/>\n<meta property=\"og:image\" content=\"http:\/\/www.likenskis.com\/wp-content\/uploads\/2020\/05\/PEDRAFORCA_78_MONGOI-scaled.jpg\" \/>\n\t<meta property=\"og:image:width\" content=\"1707\" \/>\n\t<meta property=\"og:image:height\" content=\"2560\" \/>\n\t<meta property=\"og:image:type\" content=\"image\/jpeg\" \/>\n<meta name=\"twitter:card\" content=\"summary_large_image\" \/>\n<meta name=\"twitter:site\" content=\"@LikenSkis\" \/>\n<meta name=\"twitter:label1\" content=\"Dur\u00e9e de lecture estim\u00e9e\" \/>\n\t<meta name=\"twitter:data1\" content=\"2 minutes\" \/>\n<script type=\"application\/ld+json\" class=\"yoast-schema-graph\">{\"@context\":\"https:\\\/\\\/schema.org\",\"@graph\":[{\"@type\":\"WebPage\",\"@id\":\"http:\\\/\\\/www.likenskis.com\\\/fr\\\/producte\\\/pedraforca\\\/\",\"url\":\"http:\\\/\\\/www.likenskis.com\\\/fr\\\/producte\\\/pedraforca\\\/\",\"name\":\"Pedraforca 78 - Liken Skis\",\"isPartOf\":{\"@id\":\"https:\\\/\\\/www.likenskis.com\\\/fr\\\/#website\"},\"primaryImageOfPage\":{\"@id\":\"http:\\\/\\\/www.likenskis.com\\\/fr\\\/producte\\\/pedraforca\\\/#primaryimage\"},\"image\":{\"@id\":\"http:\\\/\\\/www.likenskis.com\\\/fr\\\/producte\\\/pedraforca\\\/#primaryimage\"},\"thumbnailUrl\":\"http:\\\/\\\/www.likenskis.com\\\/wp-content\\\/uploads\\\/2020\\\/05\\\/PEDRAFORCA_78_MONGOI-scaled.jpg\",\"datePublished\":\"2020-05-01T16:10:47+00:00\",\"dateModified\":\"2021-04-16T15:21:11+00:00\",\"breadcrumb\":{\"@id\":\"http:\\\/\\\/www.likenskis.com\\\/fr\\\/producte\\\/pedraforca\\\/#breadcrumb\"},\"inLanguage\":\"fr-FR\",\"potentialAction\":[{\"@type\":\"ReadAction\",\"target\":[\"http:\\\/\\\/www.likenskis.com\\\/fr\\\/producte\\\/pedraforca\\\/\"]}]},{\"@type\":\"ImageObject\",\"inLanguage\":\"fr-FR\",\"@id\":\"http:\\\/\\\/www.likenskis.com\\\/fr\\\/producte\\\/pedraforca\\\/#primaryimage\",\"url\":\"http:\\\/\\\/www.likenskis.com\\\/wp-content\\\/uploads\\\/2020\\\/05\\\/PEDRAFORCA_78_MONGOI-scaled.jpg\",\"contentUrl\":\"http:\\\/\\\/www.likenskis.com\\\/wp-content\\\/uploads\\\/2020\\\/05\\\/PEDRAFORCA_78_MONGOI-scaled.jpg\",\"width\":1707,\"height\":2560},{\"@type\":\"BreadcrumbList\",\"@id\":\"http:\\\/\\\/www.likenskis.com\\\/fr\\\/producte\\\/pedraforca\\\/#breadcrumb\",\"itemListElement\":[{\"@type\":\"ListItem\",\"position\":1,\"name\":\"Inici\",\"item\":\"http:\\\/\\\/www.likenskis.com\\\/fr\\\/\"},{\"@type\":\"ListItem\",\"position\":2,\"name\":\"Botiga\",\"item\":\"https:\\\/\\\/www.likenskis.com\\\/botiga\\\/\"},{\"@type\":\"ListItem\",\"position\":3,\"name\":\"Pedraforca 78\"}]},{\"@type\":\"WebSite\",\"@id\":\"https:\\\/\\\/www.likenskis.com\\\/fr\\\/#website\",\"url\":\"https:\\\/\\\/www.likenskis.com\\\/fr\\\/\",\"name\":\"Liken Skis\",\"description\":\"Skis en bois faits \u00e0 la main\",\"publisher\":{\"@id\":\"https:\\\/\\\/www.likenskis.com\\\/fr\\\/#organization\"},\"potentialAction\":[{\"@type\":\"SearchAction\",\"target\":{\"@type\":\"EntryPoint\",\"urlTemplate\":\"https:\\\/\\\/www.likenskis.com\\\/fr\\\/?s={search_term_string}\"},\"query-input\":{\"@type\":\"PropertyValueSpecification\",\"valueRequired\":true,\"valueName\":\"search_term_string\"}}],\"inLanguage\":\"fr-FR\"},{\"@type\":\"Organization\",\"@id\":\"https:\\\/\\\/www.likenskis.com\\\/fr\\\/#organization\",\"name\":\"Liken Skis\",\"url\":\"https:\\\/\\\/www.likenskis.com\\\/fr\\\/\",\"logo\":{\"@type\":\"ImageObject\",\"inLanguage\":\"fr-FR\",\"@id\":\"https:\\\/\\\/www.likenskis.com\\\/fr\\\/#\\\/schema\\\/logo\\\/image\\\/\",\"url\":\"https:\\\/\\\/www.likenskis.com\\\/wp-content\\\/uploads\\\/2019\\\/06\\\/Logo-LikenSkis-Retina.jpg\",\"contentUrl\":\"https:\\\/\\\/www.likenskis.com\\\/wp-content\\\/uploads\\\/2019\\\/06\\\/Logo-LikenSkis-Retina.jpg\",\"width\":288,\"height\":80,\"caption\":\"Liken Skis\"},\"image\":{\"@id\":\"https:\\\/\\\/www.likenskis.com\\\/fr\\\/#\\\/schema\\\/logo\\\/image\\\/\"},\"sameAs\":[\"https:\\\/\\\/x.com\\\/LikenSkis\"]}]}<\/script>\n<!-- \/ Yoast SEO plugin. -->","yoast_head_json":{"title":"Pedraforca 78 - Liken Skis","robots":{"index":"index","follow":"follow","max-snippet":"max-snippet:-1","max-image-preview":"max-image-preview:large","max-video-preview":"max-video-preview:-1"},"canonical":"http:\/\/www.likenskis.com\/fr\/producte\/pedraforca\/","og_locale":"fr_FR","og_type":"article","og_title":"Pedraforca 78 - Liken Skis","og_description":"(TVA incl.)  POLYVALENT- FIABLE- ENERGIQUE All-mountain  Pour les skieurs qui veulent se d\u00e9placer avec facilit\u00e9 sur neige changeante sans renoncer \u00e0 la s\u00e9curit\u00e9 sur terrain expos\u00e9.","og_url":"http:\/\/www.likenskis.com\/fr\/producte\/pedraforca\/","og_site_name":"Liken Skis","article_modified_time":"2021-04-16T15:21:11+00:00","og_image":[{"width":1707,"height":2560,"url":"http:\/\/www.likenskis.com\/wp-content\/uploads\/2020\/05\/PEDRAFORCA_78_MONGOI-scaled.jpg","type":"image\/jpeg"}],"twitter_card":"summary_large_image","twitter_site":"@LikenSkis","twitter_misc":{"Dur\u00e9e de lecture estim\u00e9e":"2 minutes"},"schema":{"@context":"https:\/\/schema.org","@graph":[{"@type":"WebPage","@id":"http:\/\/www.likenskis.com\/fr\/producte\/pedraforca\/","url":"http:\/\/www.likenskis.com\/fr\/producte\/pedraforca\/","name":"Pedraforca 78 - Liken Skis","isPartOf":{"@id":"https:\/\/www.likenskis.com\/fr\/#website"},"primaryImageOfPage":{"@id":"http:\/\/www.likenskis.com\/fr\/producte\/pedraforca\/#primaryimage"},"image":{"@id":"http:\/\/www.likenskis.com\/fr\/producte\/pedraforca\/#primaryimage"},"thumbnailUrl":"http:\/\/www.likenskis.com\/wp-content\/uploads\/2020\/05\/PEDRAFORCA_78_MONGOI-scaled.jpg","datePublished":"2020-05-01T16:10:47+00:00","dateModified":"2021-04-16T15:21:11+00:00","breadcrumb":{"@id":"http:\/\/www.likenskis.com\/fr\/producte\/pedraforca\/#breadcrumb"},"inLanguage":"fr-FR","potentialAction":[{"@type":"ReadAction","target":["http:\/\/www.likenskis.com\/fr\/producte\/pedraforca\/"]}]},{"@type":"ImageObject","inLanguage":"fr-FR","@id":"http:\/\/www.likenskis.com\/fr\/producte\/pedraforca\/#primaryimage","url":"http:\/\/www.likenskis.com\/wp-content\/uploads\/2020\/05\/PEDRAFORCA_78_MONGOI-scaled.jpg","contentUrl":"http:\/\/www.likenskis.com\/wp-content\/uploads\/2020\/05\/PEDRAFORCA_78_MONGOI-scaled.jpg","width":1707,"height":2560},{"@type":"BreadcrumbList","@id":"http:\/\/www.likenskis.com\/fr\/producte\/pedraforca\/#breadcrumb","itemListElement":[{"@type":"ListItem","position":1,"name":"Inici","item":"http:\/\/www.likenskis.com\/fr\/"},{"@type":"ListItem","position":2,"name":"Botiga","item":"https:\/\/www.likenskis.com\/botiga\/"},{"@type":"ListItem","position":3,"name":"Pedraforca 78"}]},{"@type":"WebSite","@id":"https:\/\/www.likenskis.com\/fr\/#website","url":"https:\/\/www.likenskis.com\/fr\/","name":"Liken Skis","description":"Skis en bois faits \u00e0 la main","publisher":{"@id":"https:\/\/www.likenskis.com\/fr\/#organization"},"potentialAction":[{"@type":"SearchAction","target":{"@type":"EntryPoint","urlTemplate":"https:\/\/www.likenskis.com\/fr\/?s={search_term_string}"},"query-input":{"@type":"PropertyValueSpecification","valueRequired":true,"valueName":"search_term_string"}}],"inLanguage":"fr-FR"},{"@type":"Organization","@id":"https:\/\/www.likenskis.com\/fr\/#organization","name":"Liken Skis","url":"https:\/\/www.likenskis.com\/fr\/","logo":{"@type":"ImageObject","inLanguage":"fr-FR","@id":"https:\/\/www.likenskis.com\/fr\/#\/schema\/logo\/image\/","url":"https:\/\/www.likenskis.com\/wp-content\/uploads\/2019\/06\/Logo-LikenSkis-Retina.jpg","contentUrl":"https:\/\/www.likenskis.com\/wp-content\/uploads\/2019\/06\/Logo-LikenSkis-Retina.jpg","width":288,"height":80,"caption":"Liken Skis"},"image":{"@id":"https:\/\/www.likenskis.com\/fr\/#\/schema\/logo\/image\/"},"sameAs":["https:\/\/x.com\/LikenSkis"]}]}},"_links":{"self":[{"href":"http:\/\/www.likenskis.com\/fr\/wp-json\/wp\/v2\/product\/6641","targetHints":{"allow":["GET"]}}],"collection":[{"href":"http:\/\/www.likenskis.com\/fr\/wp-json\/wp\/v2\/product"}],"about":[{"href":"http:\/\/www.likenskis.com\/fr\/wp-json\/wp\/v2\/types\/product"}],"replies":[{"embeddable":true,"href":"http:\/\/www.likenskis.com\/fr\/wp-json\/wp\/v2\/comments?post=6641"}],"wp:featuredmedia":[{"embeddable":true,"href":"http:\/\/www.likenskis.com\/fr\/wp-json\/wp\/v2\/media\/4793"}],"wp:attachment":[{"href":"http:\/\/www.likenskis.com\/fr\/wp-json\/wp\/v2\/media?parent=6641"}],"wp:term":[{"taxonomy":"product_brand","embeddable":true,"href":"http:\/\/www.likenskis.com\/fr\/wp-json\/wp\/v2\/product_brand?post=6641"},{"taxonomy":"product_cat","embeddable":true,"href":"http:\/\/www.likenskis.com\/fr\/wp-json\/wp\/v2\/product_cat?post=6641"},{"taxonomy":"product_tag","embeddable":true,"href":"http:\/\/www.likenskis.com\/fr\/wp-json\/wp\/v2\/product_tag?post=6641"}],"curies":[{"name":"wp","href":"https:\/\/api.w.org\/{rel}","templated":true}]}}