{"id":10466,"date":"2022-05-29T17:37:18","date_gmt":"2022-05-29T15:37:18","guid":{"rendered":"https:\/\/www.likenskis.com\/?page_id=10466"},"modified":"2022-06-05T13:59:03","modified_gmt":"2022-06-05T11:59:03","slug":"__trashed","status":"publish","type":"page","link":"https:\/\/www.likenskis.com\/es\/actualidad\/__trashed\/","title":{"rendered":"Esquis de test"},"content":{"rendered":"<div class=\"fusion-fullwidth fullwidth-box fusion-builder-row-1 fusion-flex-container nonhundred-percent-fullwidth non-hundred-percent-height-scrolling\" style=\"--awb-border-radius-top-left:0px;--awb-border-radius-top-right:0px;--awb-border-radius-bottom-right:0px;--awb-border-radius-bottom-left:0px;--awb-flex-wrap:wrap;\" ><div class=\"fusion-builder-row fusion-row fusion-flex-align-items-flex-start fusion-flex-content-wrap\" style=\"max-width:977.6px;margin-left: calc(-4% \/ 2 );margin-right: calc(-4% \/ 2 );\"><div class=\"fusion-layout-column fusion_builder_column fusion-builder-column-0 fusion_builder_column_1_2 1_2 fusion-flex-column\" style=\"--awb-bg-size:cover;--awb-width-large:50%;--awb-margin-top-large:0px;--awb-spacing-right-large:3.84%;--awb-margin-bottom-large:0px;--awb-spacing-left-large:3.84%;--awb-width-medium:100%;--awb-spacing-right-medium:1.92%;--awb-spacing-left-medium:1.92%;--awb-width-small:100%;--awb-spacing-right-small:1.92%;--awb-spacing-left-small:1.92%;\"><div class=\"fusion-column-wrapper fusion-flex-justify-content-flex-start fusion-content-layout-column\"><div class=\"fusion-title title fusion-title-1 fusion-title-center fusion-title-text fusion-title-size-two\" style=\"--awb-margin-top-small:0px;--awb-margin-right-small:0px;--awb-margin-bottom-small:20px;--awb-margin-left-small:0px;\"><div class=\"title-sep-container title-sep-container-left\"><div class=\"title-sep sep-double sep-solid\" style=\"border-color:#e0dede;\"><\/div><\/div><span class=\"awb-title-spacer\"><\/span><h2 class=\"fusion-title-heading title-heading-center\" style=\"margin:0;\"><h2>Quieres probar unos esqu\u00eds Liken?<\/h2><\/h2><span class=\"awb-title-spacer\"><\/span><div class=\"title-sep-container title-sep-container-right\"><div class=\"title-sep sep-double sep-solid\" style=\"border-color:#e0dede;\"><\/div><\/div><\/div><div class=\"fusion-text fusion-text-1\" style=\"--awb-text-transform:none;\"><p>\u00bfTienes ganas de comprar unos esquis Liken pero primero quieres experimentar sus sensaciones? \u00bfO quiz\u00e1s ya lo tienes claro y s\u00f3lo dudas de qu\u00e9 modelo se ajusta m\u00e1s a tus necesidades? Sabemos que la mejor forma de resolver estas dudas es haciendo un <strong>TEST DE ESQUIS<\/strong>.<\/p>\n<p>Ofrecemos dos modalidades: tests p\u00fablicos y tests privados.<\/p>\n<\/div><\/div><\/div><div class=\"fusion-layout-column fusion_builder_column fusion-builder-column-1 fusion_builder_column_1_2 1_2 fusion-flex-column\" style=\"--awb-bg-size:cover;--awb-width-large:50%;--awb-margin-top-large:0px;--awb-spacing-right-large:3.84%;--awb-margin-bottom-large:0px;--awb-spacing-left-large:3.84%;--awb-width-medium:100%;--awb-spacing-right-medium:1.92%;--awb-spacing-left-medium:1.92%;--awb-width-small:100%;--awb-spacing-right-small:1.92%;--awb-spacing-left-small:1.92%;\"><div class=\"fusion-column-wrapper fusion-flex-justify-content-flex-start fusion-content-layout-column\"><div class=\"fusion-image-element \" style=\"--awb-caption-title-font-family:var(--h2_typography-font-family);--awb-caption-title-font-weight:var(--h2_typography-font-weight);--awb-caption-title-font-style:var(--h2_typography-font-style);--awb-caption-title-size:var(--h2_typography-font-size);--awb-caption-title-transform:var(--h2_typography-text-transform);--awb-caption-title-line-height:var(--h2_typography-line-height);--awb-caption-title-letter-spacing:var(--h2_typography-letter-spacing);\"><span class=\" fusion-imageframe imageframe-none imageframe-1 hover-type-none\"><img decoding=\"async\" width=\"500\" height=\"333\" alt=\"SKI TEST\" title=\"LIKEN_SKI_TEST_03\" src=\"https:\/\/www.likenskis.com\/wp-content\/uploads\/2021\/11\/LIKEN_SKI_TEST_03-scaled.jpg\" data-orig-src=\"https:\/\/www.likenskis.com\/wp-content\/uploads\/2021\/11\/LIKEN_SKI_TEST_03-500x333.jpg\" class=\"lazyload img-responsive wp-image-10479\" srcset=\"data:image\/svg+xml,%3Csvg%20xmlns%3D%27http%3A%2F%2Fwww.w3.org%2F2000%2Fsvg%27%20width%3D%272560%27%20height%3D%271707%27%20viewBox%3D%270%200%202560%201707%27%3E%3Crect%20width%3D%272560%27%20height%3D%271707%27%20fill-opacity%3D%220%22%2F%3E%3C%2Fsvg%3E\" data-srcset=\"https:\/\/www.likenskis.com\/wp-content\/uploads\/2021\/11\/LIKEN_SKI_TEST_03-200x133.jpg 200w, https:\/\/www.likenskis.com\/wp-content\/uploads\/2021\/11\/LIKEN_SKI_TEST_03-400x267.jpg 400w, https:\/\/www.likenskis.com\/wp-content\/uploads\/2021\/11\/LIKEN_SKI_TEST_03-600x400.jpg 600w, https:\/\/www.likenskis.com\/wp-content\/uploads\/2021\/11\/LIKEN_SKI_TEST_03-800x533.jpg 800w, https:\/\/www.likenskis.com\/wp-content\/uploads\/2021\/11\/LIKEN_SKI_TEST_03-1200x800.jpg 1200w\" data-sizes=\"auto\" data-orig-sizes=\"(max-width: 1024px) 100vw, (max-width: 640px) 100vw, 600px\" \/><\/span><\/div><\/div><\/div><div class=\"fusion-layout-column fusion_builder_column fusion-builder-column-2 fusion_builder_column_1_1 1_1 fusion-flex-column\" style=\"--awb-bg-size:cover;--awb-width-large:100%;--awb-margin-top-large:0px;--awb-spacing-right-large:1.92%;--awb-margin-bottom-large:0px;--awb-spacing-left-large:1.92%;--awb-width-medium:100%;--awb-spacing-right-medium:1.92%;--awb-spacing-left-medium:1.92%;--awb-width-small:100%;--awb-spacing-right-small:1.92%;--awb-spacing-left-small:1.92%;\"><div class=\"fusion-column-wrapper fusion-flex-justify-content-flex-start fusion-content-layout-column\"><div class=\"fusion-title title fusion-title-2 fusion-title-center fusion-title-text fusion-title-size-two\" style=\"--awb-margin-top:50px;--awb-margin-top-small:0px;--awb-margin-right-small:0px;--awb-margin-bottom-small:20px;--awb-margin-left-small:0px;\"><div class=\"title-sep-container title-sep-container-left\"><div class=\"title-sep sep-double sep-solid\" style=\"border-color:#e0dede;\"><\/div><\/div><span class=\"awb-title-spacer\"><\/span><h2 class=\"fusion-title-heading title-heading-center\" style=\"margin:0;\"><h2><strong>Opci\u00f3n 1: test p\u00fablico programado<\/strong><\/h2><\/h2><span class=\"awb-title-spacer\"><\/span><div class=\"title-sep-container title-sep-container-right\"><div class=\"title-sep sep-double sep-solid\" style=\"border-color:#e0dede;\"><\/div><\/div><\/div><div class=\"fusion-text fusion-text-2\" style=\"--awb-text-transform:none;\"><h3>\u00bfC\u00f3mo funciona?<\/h3>\n<p>Durante la temporada ofreceremos tests en las estaciones de esqu\u00ed del Pirineo donde encontrar\u00e1 la carpa de Liken a pie de pistas para probar <strong>los diferentes modelos de esqu\u00eds<\/strong>. Las personas interesadas dispondr\u00e1n de una hora para probar un modelo de esqu\u00ed. En caso de tener m\u00e1s disponibilidad de esqu\u00eds que personas interesadas, entonces se podr\u00e1 probar m\u00e1s de un modelo.<\/p>\n<h3>\n\u00bfC\u00f3mo puedo saber cu\u00e1ndo se realizan estas jornadas de test?<\/h3>\n<p>Publicaremos esta informaci\u00f3n en las redes sociales (instagram\/twitter\/facebook) y tambi\u00e9n en la secci\u00f3n de actualidad de nuestra p\u00e1gina web.<\/p>\n<h3>\u00bfTiene alg\u00fan coste?<\/h3>\n<p>Este tipo de test es totalmente <strong>gratuito<\/strong>.<\/p>\n<h3>\u00bfC\u00f3mo puedo inscribirme?<\/h3>\n<p>Durante la semana previa al test realizaremos una parrilla con todos los interesados y se informar\u00e1 por whatsapp o mail de la hora asignada.<\/p>\n<p>Nos debe <strong>rellenar este formulario<\/strong> de inscripci\u00f3n:<\/p>\n<\/div><div style=\"text-align:center;\"><a class=\"fusion-button button-flat fusion-button-default-size button-default fusion-button-default button-1 fusion-button-default-span fusion-button-default-type\" target=\"_self\" href=\"https:\/\/docs.google.com\/forms\/d\/e\/1FAIpQLSes9EQjlI4p7M5iRGzWso88EN8lWuQEzVUi02B5VZf3JPycVw\/viewform\"><span class=\"fusion-button-text awb-button__text awb-button__text--default\">APUNTATE A UN TEST P\u00daBLICO PROGRAMADO<\/span><\/a><\/div><div class=\"fusion-title title fusion-title-3 fusion-title-center fusion-title-text fusion-title-size-two\" style=\"--awb-margin-top:50px;--awb-margin-top-small:0px;--awb-margin-right-small:0px;--awb-margin-bottom-small:20px;--awb-margin-left-small:0px;\"><div class=\"title-sep-container title-sep-container-left\"><div class=\"title-sep sep-double sep-solid\" style=\"border-color:#e0dede;\"><\/div><\/div><span class=\"awb-title-spacer\"><\/span><h2 class=\"fusion-title-heading title-heading-center\" style=\"margin:0;\"><h2><strong>Opci\u00f3n 2: test privado individual<\/strong><\/h2><\/h2><span class=\"awb-title-spacer\"><\/span><div class=\"title-sep-container title-sep-container-right\"><div class=\"title-sep sep-double sep-solid\" style=\"border-color:#e0dede;\"><\/div><\/div><\/div><div class=\"fusion-text fusion-text-3\" style=\"--awb-text-transform:none;\"><h3><strong>\u00bfC\u00f3mo funciona?<\/strong><\/h3>\n<p>En cualquier momento de la temporada existe la posibilidad de realizar un test de forma privada por una o varias personas de un mismo <strong>grupo de amigos<\/strong>. En este test, se dispondr\u00e1 de toda la jornada de esqu\u00ed para probar uno o varios modelos de esqu\u00ed Liken.<\/p>\n<h3>\u00bfEn qu\u00e9 estaciones se puede realizar el test?<\/h3>\n<p>El test se podr\u00e1 realizar en cualquier estaci\u00f3n de esqu\u00ed que quiera el interesado<\/p>\n<h3>\u00bfD\u00f3nde se recogen\/devuelven los esqu\u00eds?<\/h3>\n<p>Los esqu\u00eds se pueden recoger y devolver a nuestro taller (La Pobla de Lillet) u organizando la recogida y retorno en alg\u00fan punto que acordemos ambas partes.<\/p>\n<h3>\u00bfTiene alg\u00fan coste?<\/h3>\n<p>S\u00ed. Este tipo de test tiene un coste y depender\u00e1 del n\u00famero de personas que quieran probar esqu\u00eds:<\/p>\n<p>Test individual: 40 \u20ac.<\/p>\n<p>Grupo de 2 interesados: 30\u20ac\/persona.<\/p>\n<p>Grupo a partir de 3 personas: 20\u20ac\/persona.<\/p>\n<p>En caso de que, despu\u00e9s de realizar el test, el interesado realice la compra de un par de esqu\u00eds, el importe que se ha pagado en el test ser\u00e1 descontado del importe de los esqu\u00eds.<\/p>\n<h3>\u00bfC\u00f3mo puedo inscribirme?<\/h3>\n<p>Puedes apuntarte en el siguiente formulario y te informaremos cuando tengamos disponibilidad de esqu\u00eds para que puedas probarlos.<\/p>\n<\/div><div style=\"text-align:center;\"><a class=\"fusion-button button-flat fusion-button-default-size button-default fusion-button-default button-2 fusion-button-default-span fusion-button-default-type\" target=\"_self\" href=\"https:\/\/docs.google.com\/forms\/d\/1KIWI8EBQy_PTMc3mRtphQvnXT7gc73hb8YmXfD_AdGc\/edit#response=ACYDBNgN1CsjtqFq4DXa0b5Ity7-fNapTch-eo7kq_7J0jL7PGNy1KXdOSa5-gCtX_sVupU\"><span class=\"fusion-button-text awb-button__text awb-button__text--default\">AP\u00daNTATE AL TEST PRIVADO INDIVIDUAL<\/span><\/a><\/div><\/div><\/div><\/div><\/div>\n","protected":false},"excerpt":{"rendered":"","protected":false},"author":1,"featured_media":0,"parent":1612,"menu_order":0,"comment_status":"closed","ping_status":"closed","template":"","meta":{"_joinchat":[],"footnotes":""},"class_list":["post-10466","page","type-page","status-publish","hentry"],"yoast_head":"<!-- This site is optimized with the Yoast SEO plugin v27.3 - https:\/\/yoast.com\/product\/yoast-seo-wordpress\/ -->\n<title>Esqu\u00eds de test<\/title>\n<meta name=\"description\" content=\"\u25b7 Esqu\u00eds All-Mountain d&#039;Altes Prestacions Liken Skis. Esqu\u00eds Exclusius i Personalitzats per Amants de la Neu\" \/>\n<meta name=\"robots\" content=\"index, follow, max-snippet:-1, max-image-preview:large, max-video-preview:-1\" \/>\n<link rel=\"canonical\" href=\"https:\/\/www.likenskis.com\/es\/actualidad\/__trashed\/\" \/>\n<meta property=\"og:locale\" content=\"es_ES\" \/>\n<meta property=\"og:type\" content=\"article\" \/>\n<meta property=\"og:title\" content=\"Esqu\u00eds de test\" \/>\n<meta property=\"og:description\" content=\"\u25b7 Esqu\u00eds All-Mountain d&#039;Altes Prestacions Liken Skis. Esqu\u00eds Exclusius i Personalitzats per Amants de la Neu\" \/>\n<meta property=\"og:url\" content=\"https:\/\/www.likenskis.com\/es\/actualidad\/__trashed\/\" \/>\n<meta property=\"og:site_name\" content=\"Liken Skis\" \/>\n<meta property=\"article:modified_time\" content=\"2022-06-05T11:59:03+00:00\" \/>\n<meta name=\"twitter:card\" content=\"summary_large_image\" \/>\n<meta name=\"twitter:site\" content=\"@LikenSkis\" \/>\n<meta name=\"twitter:label1\" content=\"Tiempo de lectura\" \/>\n\t<meta name=\"twitter:data1\" content=\"11 minutos\" \/>\n<script type=\"application\/ld+json\" class=\"yoast-schema-graph\">{\"@context\":\"https:\\\/\\\/schema.org\",\"@graph\":[{\"@type\":\"WebPage\",\"@id\":\"https:\\\/\\\/www.likenskis.com\\\/es\\\/actualidad\\\/__trashed\\\/\",\"url\":\"https:\\\/\\\/www.likenskis.com\\\/es\\\/actualidad\\\/__trashed\\\/\",\"name\":\"Esqu\u00eds de test\",\"isPartOf\":{\"@id\":\"https:\\\/\\\/www.likenskis.com\\\/es\\\/#website\"},\"datePublished\":\"2022-05-29T15:37:18+00:00\",\"dateModified\":\"2022-06-05T11:59:03+00:00\",\"description\":\"\u25b7 Esqu\u00eds All-Mountain d'Altes Prestacions Liken Skis. Esqu\u00eds Exclusius i Personalitzats per Amants de la Neu\",\"breadcrumb\":{\"@id\":\"https:\\\/\\\/www.likenskis.com\\\/es\\\/actualidad\\\/__trashed\\\/#breadcrumb\"},\"inLanguage\":\"es\",\"potentialAction\":[{\"@type\":\"ReadAction\",\"target\":[\"https:\\\/\\\/www.likenskis.com\\\/es\\\/actualidad\\\/__trashed\\\/\"]}]},{\"@type\":\"BreadcrumbList\",\"@id\":\"https:\\\/\\\/www.likenskis.com\\\/es\\\/actualidad\\\/__trashed\\\/#breadcrumb\",\"itemListElement\":[{\"@type\":\"ListItem\",\"position\":1,\"name\":\"Inici\",\"item\":\"https:\\\/\\\/www.likenskis.com\\\/es\\\/\"},{\"@type\":\"ListItem\",\"position\":2,\"name\":\"Actualidad\",\"item\":\"https:\\\/\\\/www.likenskis.com\\\/es\\\/actualidad\\\/\"},{\"@type\":\"ListItem\",\"position\":3,\"name\":\"Esquis de test\"}]},{\"@type\":\"WebSite\",\"@id\":\"https:\\\/\\\/www.likenskis.com\\\/es\\\/#website\",\"url\":\"https:\\\/\\\/www.likenskis.com\\\/es\\\/\",\"name\":\"Liken Skis\",\"description\":\"Esqu\u00eds artesanales de madera\",\"publisher\":{\"@id\":\"https:\\\/\\\/www.likenskis.com\\\/es\\\/#organization\"},\"potentialAction\":[{\"@type\":\"SearchAction\",\"target\":{\"@type\":\"EntryPoint\",\"urlTemplate\":\"https:\\\/\\\/www.likenskis.com\\\/es\\\/?s={search_term_string}\"},\"query-input\":{\"@type\":\"PropertyValueSpecification\",\"valueRequired\":true,\"valueName\":\"search_term_string\"}}],\"inLanguage\":\"es\"},{\"@type\":\"Organization\",\"@id\":\"https:\\\/\\\/www.likenskis.com\\\/es\\\/#organization\",\"name\":\"Liken Skis\",\"url\":\"https:\\\/\\\/www.likenskis.com\\\/es\\\/\",\"logo\":{\"@type\":\"ImageObject\",\"inLanguage\":\"es\",\"@id\":\"https:\\\/\\\/www.likenskis.com\\\/es\\\/#\\\/schema\\\/logo\\\/image\\\/\",\"url\":\"https:\\\/\\\/www.likenskis.com\\\/wp-content\\\/uploads\\\/2019\\\/06\\\/Logo-LikenSkis-Retina.jpg\",\"contentUrl\":\"https:\\\/\\\/www.likenskis.com\\\/wp-content\\\/uploads\\\/2019\\\/06\\\/Logo-LikenSkis-Retina.jpg\",\"width\":288,\"height\":80,\"caption\":\"Liken Skis\"},\"image\":{\"@id\":\"https:\\\/\\\/www.likenskis.com\\\/es\\\/#\\\/schema\\\/logo\\\/image\\\/\"},\"sameAs\":[\"https:\\\/\\\/x.com\\\/LikenSkis\"]}]}<\/script>\n<!-- \/ Yoast SEO plugin. -->","yoast_head_json":{"title":"Esqu\u00eds de test","description":"\u25b7 Esqu\u00eds All-Mountain d'Altes Prestacions Liken Skis. Esqu\u00eds Exclusius i Personalitzats per Amants de la Neu","robots":{"index":"index","follow":"follow","max-snippet":"max-snippet:-1","max-image-preview":"max-image-preview:large","max-video-preview":"max-video-preview:-1"},"canonical":"https:\/\/www.likenskis.com\/es\/actualidad\/__trashed\/","og_locale":"es_ES","og_type":"article","og_title":"Esqu\u00eds de test","og_description":"\u25b7 Esqu\u00eds All-Mountain d'Altes Prestacions Liken Skis. Esqu\u00eds Exclusius i Personalitzats per Amants de la Neu","og_url":"https:\/\/www.likenskis.com\/es\/actualidad\/__trashed\/","og_site_name":"Liken Skis","article_modified_time":"2022-06-05T11:59:03+00:00","twitter_card":"summary_large_image","twitter_site":"@LikenSkis","twitter_misc":{"Tiempo de lectura":"11 minutos"},"schema":{"@context":"https:\/\/schema.org","@graph":[{"@type":"WebPage","@id":"https:\/\/www.likenskis.com\/es\/actualidad\/__trashed\/","url":"https:\/\/www.likenskis.com\/es\/actualidad\/__trashed\/","name":"Esqu\u00eds de test","isPartOf":{"@id":"https:\/\/www.likenskis.com\/es\/#website"},"datePublished":"2022-05-29T15:37:18+00:00","dateModified":"2022-06-05T11:59:03+00:00","description":"\u25b7 Esqu\u00eds All-Mountain d'Altes Prestacions Liken Skis. Esqu\u00eds Exclusius i Personalitzats per Amants de la Neu","breadcrumb":{"@id":"https:\/\/www.likenskis.com\/es\/actualidad\/__trashed\/#breadcrumb"},"inLanguage":"es","potentialAction":[{"@type":"ReadAction","target":["https:\/\/www.likenskis.com\/es\/actualidad\/__trashed\/"]}]},{"@type":"BreadcrumbList","@id":"https:\/\/www.likenskis.com\/es\/actualidad\/__trashed\/#breadcrumb","itemListElement":[{"@type":"ListItem","position":1,"name":"Inici","item":"https:\/\/www.likenskis.com\/es\/"},{"@type":"ListItem","position":2,"name":"Actualidad","item":"https:\/\/www.likenskis.com\/es\/actualidad\/"},{"@type":"ListItem","position":3,"name":"Esquis de test"}]},{"@type":"WebSite","@id":"https:\/\/www.likenskis.com\/es\/#website","url":"https:\/\/www.likenskis.com\/es\/","name":"Liken Skis","description":"Esqu\u00eds artesanales de madera","publisher":{"@id":"https:\/\/www.likenskis.com\/es\/#organization"},"potentialAction":[{"@type":"SearchAction","target":{"@type":"EntryPoint","urlTemplate":"https:\/\/www.likenskis.com\/es\/?s={search_term_string}"},"query-input":{"@type":"PropertyValueSpecification","valueRequired":true,"valueName":"search_term_string"}}],"inLanguage":"es"},{"@type":"Organization","@id":"https:\/\/www.likenskis.com\/es\/#organization","name":"Liken Skis","url":"https:\/\/www.likenskis.com\/es\/","logo":{"@type":"ImageObject","inLanguage":"es","@id":"https:\/\/www.likenskis.com\/es\/#\/schema\/logo\/image\/","url":"https:\/\/www.likenskis.com\/wp-content\/uploads\/2019\/06\/Logo-LikenSkis-Retina.jpg","contentUrl":"https:\/\/www.likenskis.com\/wp-content\/uploads\/2019\/06\/Logo-LikenSkis-Retina.jpg","width":288,"height":80,"caption":"Liken Skis"},"image":{"@id":"https:\/\/www.likenskis.com\/es\/#\/schema\/logo\/image\/"},"sameAs":["https:\/\/x.com\/LikenSkis"]}]}},"_links":{"self":[{"href":"https:\/\/www.likenskis.com\/es\/wp-json\/wp\/v2\/pages\/10466","targetHints":{"allow":["GET"]}}],"collection":[{"href":"https:\/\/www.likenskis.com\/es\/wp-json\/wp\/v2\/pages"}],"about":[{"href":"https:\/\/www.likenskis.com\/es\/wp-json\/wp\/v2\/types\/page"}],"author":[{"embeddable":true,"href":"https:\/\/www.likenskis.com\/es\/wp-json\/wp\/v2\/users\/1"}],"replies":[{"embeddable":true,"href":"https:\/\/www.likenskis.com\/es\/wp-json\/wp\/v2\/comments?post=10466"}],"version-history":[{"count":8,"href":"https:\/\/www.likenskis.com\/es\/wp-json\/wp\/v2\/pages\/10466\/revisions"}],"predecessor-version":[{"id":11766,"href":"https:\/\/www.likenskis.com\/es\/wp-json\/wp\/v2\/pages\/10466\/revisions\/11766"}],"up":[{"embeddable":true,"href":"https:\/\/www.likenskis.com\/es\/wp-json\/wp\/v2\/pages\/1612"}],"wp:attachment":[{"href":"https:\/\/www.likenskis.com\/es\/wp-json\/wp\/v2\/media?parent=10466"}],"curies":[{"name":"wp","href":"https:\/\/api.w.org\/{rel}","templated":true}]}}