{"id":1645,"date":"2019-09-20T03:56:06","date_gmt":"2019-09-20T01:56:06","guid":{"rendered":"https:\/\/www.likenskis.com\/esquis\/construccion\/"},"modified":"2022-05-29T17:33:42","modified_gmt":"2022-05-29T15:33:42","slug":"construccion","status":"publish","type":"page","link":"https:\/\/www.likenskis.com\/es\/esquis\/construccion\/","title":{"rendered":"Construcci\u00f3n"},"content":{"rendered":"<p><div class=\"fusion-fullwidth fullwidth-box fusion-builder-row-1 nonhundred-percent-fullwidth non-hundred-percent-height-scrolling fusion-no-small-visibility fusion-no-medium-visibility\" style=\"--awb-background-position:center top;--awb-border-radius-top-left:0px;--awb-border-radius-top-right:0px;--awb-border-radius-bottom-right:0px;--awb-border-radius-bottom-left:0px;--awb-margin-top:-10px;--awb-margin-bottom:-170px;--awb-flex-wrap:wrap;\" ><div class=\"fusion-builder-row fusion-row\"><div class=\"fusion-layout-column fusion_builder_column fusion-builder-column-0 fusion_builder_column_1_1 1_1 fusion-one-full fusion-column-first fusion-column-last\" style=\"--awb-bg-size:cover;\"><div class=\"fusion-column-wrapper fusion-column-has-shadow fusion-flex-column-wrapper-legacy\"><div class=\"fusion-text fusion-text-1\"><h1>Construcci\u00f3n<\/h1>\n<\/div><div class=\"fusion-sep-clear\"><\/div><div class=\"fusion-separator fusion-full-width-sep\" style=\"margin-left: auto;margin-right: auto;margin-top:20px;width:100%;\"><\/div><div class=\"fusion-sep-clear\"><\/div><div class=\"fusion-text fusion-text-2\"><p>Todos los esqu\u00eds Liken est\u00e1n elaborados con una estructura constructiva en s\u00e1ndwich, con n\u00facleo de fresno reforzado con fibras de vidrio para garantizar un buen comportamiento y unas buenas propiedades mec\u00e1nicas.<\/p>\n<\/div>[rev_slider alias=&#8221;esnewseccioesqui&#8221; \/]<div class=\"fusion-clearfix\"><\/div><\/div><\/div><\/div><\/div><div class=\"fusion-fullwidth fullwidth-box fusion-builder-row-2 nonhundred-percent-fullwidth non-hundred-percent-height-scrolling fusion-no-large-visibility\" style=\"--awb-background-position:center top;--awb-border-radius-top-left:0px;--awb-border-radius-top-right:0px;--awb-border-radius-bottom-right:0px;--awb-border-radius-bottom-left:0px;--awb-margin-top:-10px;--awb-margin-bottom:20px;--awb-flex-wrap:wrap;\" ><div class=\"fusion-builder-row fusion-row\"><div class=\"fusion-layout-column fusion_builder_column fusion-builder-column-1 fusion_builder_column_1_1 1_1 fusion-one-full fusion-column-first fusion-column-last\" style=\"--awb-bg-size:cover;\"><div class=\"fusion-column-wrapper fusion-column-has-shadow fusion-flex-column-wrapper-legacy\"><div class=\"fusion-text fusion-text-3\"><h1>Construcci\u00f3n<\/h1>\n<\/div><div class=\"fusion-sep-clear\"><\/div><div class=\"fusion-separator fusion-full-width-sep\" style=\"margin-left: auto;margin-right: auto;margin-top:20px;width:100%;\"><\/div><div class=\"fusion-sep-clear\"><\/div><div class=\"fusion-text fusion-text-4\"><p>Todos los esqu\u00eds Liken est\u00e1n elaborados con una estructura constructiva en s\u00e1ndwich, con n\u00facleo de fresno reforzado con fibras de vidrio para garantizar un buen comportamiento y unas buenas propiedades mec\u00e1nicas.<\/p>\n<\/div><div class=\"fusion-image-element in-legacy-container\" style=\"--awb-caption-title-font-family:var(--h2_typography-font-family);--awb-caption-title-font-weight:var(--h2_typography-font-weight);--awb-caption-title-font-style:var(--h2_typography-font-style);--awb-caption-title-size:var(--h2_typography-font-size);--awb-caption-title-transform:var(--h2_typography-text-transform);--awb-caption-title-line-height:var(--h2_typography-line-height);--awb-caption-title-letter-spacing:var(--h2_typography-letter-spacing);\"><span class=\" fusion-imageframe imageframe-none imageframe-1 hover-type-none\"><img decoding=\"async\" width=\"1024\" height=\"600\" title=\"EstructuraEsqui\" src=\"https:\/\/www.likenskis.com\/wp-content\/uploads\/2019\/09\/EstructuraEsqui.jpg\" data-orig-src=\"https:\/\/www.likenskis.com\/wp-content\/uploads\/2019\/09\/EstructuraEsqui.jpg\" alt class=\"lazyload img-responsive wp-image-1828\" srcset=\"data:image\/svg+xml,%3Csvg%20xmlns%3D%27http%3A%2F%2Fwww.w3.org%2F2000%2Fsvg%27%20width%3D%271024%27%20height%3D%27600%27%20viewBox%3D%270%200%201024%20600%27%3E%3Crect%20width%3D%271024%27%20height%3D%27600%27%20fill-opacity%3D%220%22%2F%3E%3C%2Fsvg%3E\" data-srcset=\"https:\/\/www.likenskis.com\/wp-content\/uploads\/2019\/09\/EstructuraEsqui-200x117.jpg 200w, https:\/\/www.likenskis.com\/wp-content\/uploads\/2019\/09\/EstructuraEsqui-400x234.jpg 400w, https:\/\/www.likenskis.com\/wp-content\/uploads\/2019\/09\/EstructuraEsqui-600x352.jpg 600w, https:\/\/www.likenskis.com\/wp-content\/uploads\/2019\/09\/EstructuraEsqui-800x469.jpg 800w, https:\/\/www.likenskis.com\/wp-content\/uploads\/2019\/09\/EstructuraEsqui.jpg 1024w\" data-sizes=\"auto\" data-orig-sizes=\"(max-width: 800px) 100vw, 1024px\" \/><\/span><\/div><div class=\"fusion-clearfix\"><\/div><\/div><\/div><\/div><\/div><div class=\"fusion-fullwidth fullwidth-box fusion-builder-row-3 nonhundred-percent-fullwidth non-hundred-percent-height-scrolling fusion-no-large-visibility\" style=\"--awb-background-position:center top;--awb-border-radius-top-left:0px;--awb-border-radius-top-right:0px;--awb-border-radius-bottom-right:0px;--awb-border-radius-bottom-left:0px;--awb-flex-wrap:wrap;\" ><div class=\"fusion-builder-row fusion-row\"><div class=\"fusion-layout-column fusion_builder_column fusion-builder-column-2 fusion_builder_column_1_2 1_2 fusion-one-half fusion-column-first\" style=\"--awb-bg-size:cover;width:50%;width:calc(50% - ( ( 4% ) * 0.5 ) );margin-right: 4%;\"><div class=\"fusion-column-wrapper fusion-column-has-shadow fusion-flex-column-wrapper-legacy\"><div class=\"fusion-text fusion-text-5\"><h3>N\u00daCLEO DE MADERA (6)<\/h3>\n<p>Construido 100% de madera de alta calidad, formada de listones encolados de fresno en disposici\u00f3n longitudinal. El fresno se caracteriza por altas propiedades el\u00e1sticas, de dureza y durabilidad.<\/p>\n<h3>SUELA (1)<\/h3>\n<p>Base de esqu\u00ed sinterizado Isosport 7518. Poliuretano de peso molecular ultra ligero (UHMW-PE) con alta cristalinidad y alto contenido de carbono (18%) para mejorar las propiedades de laminado, deslizamiento y durabilidad.<\/p>\n<h3>ESTRUCTURA DE LA SUELA<\/h3>\n<p>La suela cuenta con una estructura cruzada de serie, personalizable bajo pedido y sin coste adicional.<\/p>\n<h3>CANTOS (2)<\/h3>\n<p>Cantos de acero de 2mm de espesor con pretratamiento superficial para minimizar la oxidaci\u00f3n.<\/p>\n<h3>ANGULACI\u00d3N DE LOS CANTOS<\/h3>\n<p>Angulaci\u00f3n est\u00e1ndar: tunning en 1\u00ba y lateral 88\u00ba (personalizables bajo pedido y sin coste adicional).<\/p>\n<\/div><div class=\"fusion-clearfix\"><\/div><\/div><\/div><div class=\"fusion-layout-column fusion_builder_column fusion-builder-column-3 fusion_builder_column_1_2 1_2 fusion-one-half fusion-column-last\" style=\"--awb-bg-size:cover;width:50%;width:calc(50% - ( ( 4% ) * 0.5 ) );\"><div class=\"fusion-column-wrapper fusion-column-has-shadow fusion-flex-column-wrapper-legacy\"><div class=\"fusion-text fusion-text-6\"><h3>CHAPA DE MADERA SUPERFICIAL (9)<\/h3>\n<p>Acabado superficial del esqu\u00ed en chapa de madera natural. El tipo de madera y el acabado final se puede escoger entre las maderas de serie siguientes: bamb\u00fa, roble, teka, boj-olivo y weng\u00e9.<\/p>\n<h3>ILUSTRACIONES (9)<\/h3>\n<p>Posibilidad de incorporar grafismos o ilustraciones, en superficie. Trabajamos con marqueter\u00eda digital combinando diferentes tipos de maderas manteniendo la calidad y elegancia del esqu\u00ed.<\/p>\n<h3>FIBRA DE VIDRIO (4, 5, 7 y 8)<\/h3>\n<p>Fibra de vidrio triaxial para el refuerzo estructural del esqu\u00ed, con el fin de alargar los l\u00edmites el\u00e1sticos.<\/p>\n<h3>VDS (3)<\/h3>\n<p>Cinta de recubrimiento de cantos para reducir vibraciones y evitar la transmisi\u00f3n de dilataciones entre el canto y el esqu\u00ed.<\/p>\n<h3>RESINAS (9)<\/h3>\n<p>Resina epoxy de dos componentes SUPER SAP\u00ae CLR con una formulaci\u00f3n que contiene materiales renovables bio-basados procedentes de rechazo en otros procesos industriales, como la producci\u00f3n de bio-fuels y pulpa de la madera. Es un epoxy estabilizado por agua, transparente y con resistencia a las radiaciones UV.<\/p>\n<\/div><div class=\"fusion-clearfix\"><\/div><\/div><\/div><\/div><\/div><\/p>\n","protected":false},"excerpt":{"rendered":"","protected":false},"author":1,"featured_media":1480,"parent":3937,"menu_order":4,"comment_status":"closed","ping_status":"closed","template":"100-width.php","meta":{"_joinchat":[],"footnotes":""},"class_list":["post-1645","page","type-page","status-publish","has-post-thumbnail","hentry"],"yoast_head":"<!-- This site is optimized with the Yoast SEO plugin v27.1.1 - https:\/\/yoast.com\/product\/yoast-seo-wordpress\/ -->\n<title>Construcci\u00f3n - Liken Skis<\/title>\n<meta name=\"description\" content=\"Los esqu\u00eds Likens est\u00e1n elaborados con una estructura constructiva en sandwich, con n\u00facleo de fresno reforzado con fibras de vidrio para garantizar un buen comportamiento y unas buenas propiedades mec\u00e1nicas.\" \/>\n<meta name=\"robots\" content=\"index, follow, max-snippet:-1, max-image-preview:large, max-video-preview:-1\" \/>\n<link rel=\"canonical\" href=\"https:\/\/www.likenskis.com\/es\/esquis\/construccion\/\" \/>\n<meta property=\"og:locale\" content=\"es_ES\" \/>\n<meta property=\"og:type\" content=\"article\" \/>\n<meta property=\"og:title\" content=\"Construcci\u00f3n - Liken Skis\" \/>\n<meta property=\"og:description\" content=\"Los esqu\u00eds Likens est\u00e1n elaborados con una estructura constructiva en sandwich, con n\u00facleo de fresno reforzado con fibras de vidrio para garantizar un buen comportamiento y unas buenas propiedades mec\u00e1nicas.\" \/>\n<meta property=\"og:url\" content=\"https:\/\/www.likenskis.com\/es\/esquis\/construccion\/\" \/>\n<meta property=\"og:site_name\" content=\"Liken Skis\" \/>\n<meta property=\"article:modified_time\" content=\"2022-05-29T15:33:42+00:00\" \/>\n<meta property=\"og:image\" content=\"https:\/\/www.likenskis.com\/wp-content\/uploads\/2019\/06\/SeccioEsqui.jpg\" \/>\n\t<meta property=\"og:image:width\" content=\"1920\" \/>\n\t<meta property=\"og:image:height\" content=\"1080\" \/>\n\t<meta property=\"og:image:type\" content=\"image\/jpeg\" \/>\n<meta name=\"twitter:card\" content=\"summary_large_image\" \/>\n<meta name=\"twitter:site\" content=\"@LikenSkis\" \/>\n<meta name=\"twitter:label1\" content=\"Tiempo de lectura\" \/>\n\t<meta name=\"twitter:data1\" content=\"5 minutos\" \/>\n<script type=\"application\/ld+json\" class=\"yoast-schema-graph\">{\"@context\":\"https:\/\/schema.org\",\"@graph\":[{\"@type\":\"WebPage\",\"@id\":\"https:\/\/www.likenskis.com\/es\/esquis\/construccion\/\",\"url\":\"https:\/\/www.likenskis.com\/es\/esquis\/construccion\/\",\"name\":\"Construcci\u00f3n - Liken Skis\",\"isPartOf\":{\"@id\":\"http:\/\/www.likenskis.com\/es\/#website\"},\"primaryImageOfPage\":{\"@id\":\"https:\/\/www.likenskis.com\/es\/esquis\/construccion\/#primaryimage\"},\"image\":{\"@id\":\"https:\/\/www.likenskis.com\/es\/esquis\/construccion\/#primaryimage\"},\"thumbnailUrl\":\"https:\/\/www.likenskis.com\/wp-content\/uploads\/2019\/06\/SeccioEsqui.jpg\",\"datePublished\":\"2019-09-20T01:56:06+00:00\",\"dateModified\":\"2022-05-29T15:33:42+00:00\",\"description\":\"Los esqu\u00eds Likens est\u00e1n elaborados con una estructura constructiva en sandwich, con n\u00facleo de fresno reforzado con fibras de vidrio para garantizar un buen comportamiento y unas buenas propiedades mec\u00e1nicas.\",\"breadcrumb\":{\"@id\":\"https:\/\/www.likenskis.com\/es\/esquis\/construccion\/#breadcrumb\"},\"inLanguage\":\"es\",\"potentialAction\":[{\"@type\":\"ReadAction\",\"target\":[\"https:\/\/www.likenskis.com\/es\/esquis\/construccion\/\"]}]},{\"@type\":\"ImageObject\",\"inLanguage\":\"es\",\"@id\":\"https:\/\/www.likenskis.com\/es\/esquis\/construccion\/#primaryimage\",\"url\":\"https:\/\/www.likenskis.com\/wp-content\/uploads\/2019\/06\/SeccioEsqui.jpg\",\"contentUrl\":\"https:\/\/www.likenskis.com\/wp-content\/uploads\/2019\/06\/SeccioEsqui.jpg\",\"width\":1920,\"height\":1080,\"caption\":\"Liken Skis - Construcci\u00f3 a mida\"},{\"@type\":\"BreadcrumbList\",\"@id\":\"https:\/\/www.likenskis.com\/es\/esquis\/construccion\/#breadcrumb\",\"itemListElement\":[{\"@type\":\"ListItem\",\"position\":1,\"name\":\"Inici\",\"item\":\"http:\/\/www.likenskis.com\/es\/\"},{\"@type\":\"ListItem\",\"position\":2,\"name\":\"Esquis\",\"item\":\"http:\/\/www.likenskis.com\/es\/esquis\/\"},{\"@type\":\"ListItem\",\"position\":3,\"name\":\"Construcci\u00f3n\"}]},{\"@type\":\"WebSite\",\"@id\":\"http:\/\/www.likenskis.com\/es\/#website\",\"url\":\"http:\/\/www.likenskis.com\/es\/\",\"name\":\"Liken Skis\",\"description\":\"Esqu\u00eds artesanales de madera\",\"publisher\":{\"@id\":\"http:\/\/www.likenskis.com\/es\/#organization\"},\"potentialAction\":[{\"@type\":\"SearchAction\",\"target\":{\"@type\":\"EntryPoint\",\"urlTemplate\":\"http:\/\/www.likenskis.com\/es\/?s={search_term_string}\"},\"query-input\":{\"@type\":\"PropertyValueSpecification\",\"valueRequired\":true,\"valueName\":\"search_term_string\"}}],\"inLanguage\":\"es\"},{\"@type\":\"Organization\",\"@id\":\"http:\/\/www.likenskis.com\/es\/#organization\",\"name\":\"Liken Skis\",\"url\":\"http:\/\/www.likenskis.com\/es\/\",\"logo\":{\"@type\":\"ImageObject\",\"inLanguage\":\"es\",\"@id\":\"http:\/\/www.likenskis.com\/es\/#\/schema\/logo\/image\/\",\"url\":\"https:\/\/www.likenskis.com\/wp-content\/uploads\/2019\/06\/Logo-LikenSkis-Retina.jpg\",\"contentUrl\":\"https:\/\/www.likenskis.com\/wp-content\/uploads\/2019\/06\/Logo-LikenSkis-Retina.jpg\",\"width\":288,\"height\":80,\"caption\":\"Liken Skis\"},\"image\":{\"@id\":\"http:\/\/www.likenskis.com\/es\/#\/schema\/logo\/image\/\"},\"sameAs\":[\"https:\/\/x.com\/LikenSkis\"]}]}<\/script>\n<!-- \/ Yoast SEO plugin. -->","yoast_head_json":{"title":"Construcci\u00f3n - Liken Skis","description":"Los esqu\u00eds Likens est\u00e1n elaborados con una estructura constructiva en sandwich, con n\u00facleo de fresno reforzado con fibras de vidrio para garantizar un buen comportamiento y unas buenas propiedades mec\u00e1nicas.","robots":{"index":"index","follow":"follow","max-snippet":"max-snippet:-1","max-image-preview":"max-image-preview:large","max-video-preview":"max-video-preview:-1"},"canonical":"https:\/\/www.likenskis.com\/es\/esquis\/construccion\/","og_locale":"es_ES","og_type":"article","og_title":"Construcci\u00f3n - Liken Skis","og_description":"Los esqu\u00eds Likens est\u00e1n elaborados con una estructura constructiva en sandwich, con n\u00facleo de fresno reforzado con fibras de vidrio para garantizar un buen comportamiento y unas buenas propiedades mec\u00e1nicas.","og_url":"https:\/\/www.likenskis.com\/es\/esquis\/construccion\/","og_site_name":"Liken Skis","article_modified_time":"2022-05-29T15:33:42+00:00","og_image":[{"width":1920,"height":1080,"url":"https:\/\/www.likenskis.com\/wp-content\/uploads\/2019\/06\/SeccioEsqui.jpg","type":"image\/jpeg"}],"twitter_card":"summary_large_image","twitter_site":"@LikenSkis","twitter_misc":{"Tiempo de lectura":"5 minutos"},"schema":{"@context":"https:\/\/schema.org","@graph":[{"@type":"WebPage","@id":"https:\/\/www.likenskis.com\/es\/esquis\/construccion\/","url":"https:\/\/www.likenskis.com\/es\/esquis\/construccion\/","name":"Construcci\u00f3n - Liken Skis","isPartOf":{"@id":"http:\/\/www.likenskis.com\/es\/#website"},"primaryImageOfPage":{"@id":"https:\/\/www.likenskis.com\/es\/esquis\/construccion\/#primaryimage"},"image":{"@id":"https:\/\/www.likenskis.com\/es\/esquis\/construccion\/#primaryimage"},"thumbnailUrl":"https:\/\/www.likenskis.com\/wp-content\/uploads\/2019\/06\/SeccioEsqui.jpg","datePublished":"2019-09-20T01:56:06+00:00","dateModified":"2022-05-29T15:33:42+00:00","description":"Los esqu\u00eds Likens est\u00e1n elaborados con una estructura constructiva en sandwich, con n\u00facleo de fresno reforzado con fibras de vidrio para garantizar un buen comportamiento y unas buenas propiedades mec\u00e1nicas.","breadcrumb":{"@id":"https:\/\/www.likenskis.com\/es\/esquis\/construccion\/#breadcrumb"},"inLanguage":"es","potentialAction":[{"@type":"ReadAction","target":["https:\/\/www.likenskis.com\/es\/esquis\/construccion\/"]}]},{"@type":"ImageObject","inLanguage":"es","@id":"https:\/\/www.likenskis.com\/es\/esquis\/construccion\/#primaryimage","url":"https:\/\/www.likenskis.com\/wp-content\/uploads\/2019\/06\/SeccioEsqui.jpg","contentUrl":"https:\/\/www.likenskis.com\/wp-content\/uploads\/2019\/06\/SeccioEsqui.jpg","width":1920,"height":1080,"caption":"Liken Skis - Construcci\u00f3 a mida"},{"@type":"BreadcrumbList","@id":"https:\/\/www.likenskis.com\/es\/esquis\/construccion\/#breadcrumb","itemListElement":[{"@type":"ListItem","position":1,"name":"Inici","item":"http:\/\/www.likenskis.com\/es\/"},{"@type":"ListItem","position":2,"name":"Esquis","item":"http:\/\/www.likenskis.com\/es\/esquis\/"},{"@type":"ListItem","position":3,"name":"Construcci\u00f3n"}]},{"@type":"WebSite","@id":"http:\/\/www.likenskis.com\/es\/#website","url":"http:\/\/www.likenskis.com\/es\/","name":"Liken Skis","description":"Esqu\u00eds artesanales de madera","publisher":{"@id":"http:\/\/www.likenskis.com\/es\/#organization"},"potentialAction":[{"@type":"SearchAction","target":{"@type":"EntryPoint","urlTemplate":"http:\/\/www.likenskis.com\/es\/?s={search_term_string}"},"query-input":{"@type":"PropertyValueSpecification","valueRequired":true,"valueName":"search_term_string"}}],"inLanguage":"es"},{"@type":"Organization","@id":"http:\/\/www.likenskis.com\/es\/#organization","name":"Liken Skis","url":"http:\/\/www.likenskis.com\/es\/","logo":{"@type":"ImageObject","inLanguage":"es","@id":"http:\/\/www.likenskis.com\/es\/#\/schema\/logo\/image\/","url":"https:\/\/www.likenskis.com\/wp-content\/uploads\/2019\/06\/Logo-LikenSkis-Retina.jpg","contentUrl":"https:\/\/www.likenskis.com\/wp-content\/uploads\/2019\/06\/Logo-LikenSkis-Retina.jpg","width":288,"height":80,"caption":"Liken Skis"},"image":{"@id":"http:\/\/www.likenskis.com\/es\/#\/schema\/logo\/image\/"},"sameAs":["https:\/\/x.com\/LikenSkis"]}]}},"_links":{"self":[{"href":"https:\/\/www.likenskis.com\/es\/wp-json\/wp\/v2\/pages\/1645","targetHints":{"allow":["GET"]}}],"collection":[{"href":"https:\/\/www.likenskis.com\/es\/wp-json\/wp\/v2\/pages"}],"about":[{"href":"https:\/\/www.likenskis.com\/es\/wp-json\/wp\/v2\/types\/page"}],"author":[{"embeddable":true,"href":"https:\/\/www.likenskis.com\/es\/wp-json\/wp\/v2\/users\/1"}],"replies":[{"embeddable":true,"href":"https:\/\/www.likenskis.com\/es\/wp-json\/wp\/v2\/comments?post=1645"}],"version-history":[{"count":2,"href":"https:\/\/www.likenskis.com\/es\/wp-json\/wp\/v2\/pages\/1645\/revisions"}],"predecessor-version":[{"id":11603,"href":"https:\/\/www.likenskis.com\/es\/wp-json\/wp\/v2\/pages\/1645\/revisions\/11603"}],"up":[{"embeddable":true,"href":"https:\/\/www.likenskis.com\/es\/wp-json\/wp\/v2\/pages\/3937"}],"wp:featuredmedia":[{"embeddable":true,"href":"https:\/\/www.likenskis.com\/es\/wp-json\/wp\/v2\/media\/1480"}],"wp:attachment":[{"href":"https:\/\/www.likenskis.com\/es\/wp-json\/wp\/v2\/media?parent=1645"}],"curies":[{"name":"wp","href":"https:\/\/api.w.org\/{rel}","templated":true}]}}