{"id":1648,"date":"2019-09-20T04:16:58","date_gmt":"2019-09-20T02:16:58","guid":{"rendered":"https:\/\/www.likenskis.com\/contacto\/"},"modified":"2021-04-18T20:34:48","modified_gmt":"2021-04-18T18:34:48","slug":"contacto","status":"publish","type":"page","link":"https:\/\/www.likenskis.com\/es\/contacto\/","title":{"rendered":"Contacto"},"content":{"rendered":"<p><div class=\"fusion-fullwidth fullwidth-box fusion-builder-row-1 nonhundred-percent-fullwidth non-hundred-percent-height-scrolling\" style=\"--awb-border-radius-top-left:0px;--awb-border-radius-top-right:0px;--awb-border-radius-bottom-right:0px;--awb-border-radius-bottom-left:0px;--awb-flex-wrap:wrap;\" ><div class=\"fusion-builder-row fusion-row\"><div class=\"fusion-layout-column fusion_builder_column fusion-builder-column-0 fusion_builder_column_2_5 2_5 fusion-two-fifth fusion-column-first\" style=\"--awb-bg-size:cover;width:40%;width:calc(40% - ( ( 4% ) * 0.4 ) );margin-right: 4%;\"><div class=\"fusion-column-wrapper fusion-column-has-shadow fusion-flex-column-wrapper-legacy\"><div class=\"fusion-text fusion-text-1\"><h1>Taller &#8211; Showroom<\/h1>\n<div class=\"fusion-sep-clear\"><\/div><div class=\"fusion-separator fusion-full-width-sep\" style=\"margin-left: auto;margin-right: auto;margin-bottom:20px;width:100%;\"><\/div><div class=\"fusion-sep-clear\"><\/div>\n<p>El taller de Liken se encuentra situado en la Pobla de Lillet, en el Alt Bergued\u00e0, en el Pirineo catal\u00e1n y comparte espacio con el showroom de material de exposici\u00f3n y test.<\/p>\n<p>Te abrimos las puertas a conocer el proyecto y experimentar las sensaciones \u00fanicas de unos esqu\u00eds nobles de madera.<\/p>\n<p>Ven a conocer la colecci\u00f3n de esqu\u00eds de test y reserva unos para probarlos y sentir unas emociones que hasta ahora no habr\u00e1s experimentado. D\u00e9jate sorprender!<\/p>\n<\/div><div class=\"fusion-clearfix\"><\/div><\/div><\/div><div class=\"fusion-layout-column fusion_builder_column fusion-builder-column-1 fusion_builder_column_3_5 3_5 fusion-three-fifth fusion-column-last\" style=\"--awb-bg-size:cover;width:60%;width:calc(60% - ( ( 4% ) * 0.6 ) );\"><div class=\"fusion-column-wrapper fusion-column-has-shadow fusion-flex-column-wrapper-legacy\"><div class=\"fusion-image-element in-legacy-container\" style=\"--awb-caption-title-font-family:var(--h2_typography-font-family);--awb-caption-title-font-weight:var(--h2_typography-font-weight);--awb-caption-title-font-style:var(--h2_typography-font-style);--awb-caption-title-size:var(--h2_typography-font-size);--awb-caption-title-transform:var(--h2_typography-text-transform);--awb-caption-title-line-height:var(--h2_typography-line-height);--awb-caption-title-letter-spacing:var(--h2_typography-letter-spacing);\"><span class=\" fusion-imageframe imageframe-none imageframe-1 hover-type-none\"><img decoding=\"async\" width=\"2560\" height=\"1707\" title=\"2021_03 Showroom LOW 007\" src=\"https:\/\/www.likenskis.com\/wp-content\/uploads\/2021\/04\/2021_03-Showroom-LOW-007-1-scaled.jpg\" data-orig-src=\"https:\/\/www.likenskis.com\/wp-content\/uploads\/2021\/04\/2021_03-Showroom-LOW-007-1-scaled.jpg\" alt class=\"lazyload img-responsive wp-image-9451\" srcset=\"data:image\/svg+xml,%3Csvg%20xmlns%3D%27http%3A%2F%2Fwww.w3.org%2F2000%2Fsvg%27%20width%3D%272560%27%20height%3D%271707%27%20viewBox%3D%270%200%202560%201707%27%3E%3Crect%20width%3D%272560%27%20height%3D%271707%27%20fill-opacity%3D%220%22%2F%3E%3C%2Fsvg%3E\" data-srcset=\"https:\/\/www.likenskis.com\/wp-content\/uploads\/2021\/04\/2021_03-Showroom-LOW-007-1-200x133.jpg 200w, https:\/\/www.likenskis.com\/wp-content\/uploads\/2021\/04\/2021_03-Showroom-LOW-007-1-400x267.jpg 400w, https:\/\/www.likenskis.com\/wp-content\/uploads\/2021\/04\/2021_03-Showroom-LOW-007-1-600x400.jpg 600w, https:\/\/www.likenskis.com\/wp-content\/uploads\/2021\/04\/2021_03-Showroom-LOW-007-1-800x533.jpg 800w, https:\/\/www.likenskis.com\/wp-content\/uploads\/2021\/04\/2021_03-Showroom-LOW-007-1-1200x800.jpg 1200w, https:\/\/www.likenskis.com\/wp-content\/uploads\/2021\/04\/2021_03-Showroom-LOW-007-1-scaled.jpg 2560w\" data-sizes=\"auto\" data-orig-sizes=\"(max-width: 800px) 100vw, 600px\" \/><\/span><\/div><div class=\"fusion-clearfix\"><\/div><\/div><\/div><\/div><\/div><div class=\"fusion-fullwidth fullwidth-box fusion-builder-row-2 nonhundred-percent-fullwidth non-hundred-percent-height-scrolling\" style=\"--awb-border-radius-top-left:0px;--awb-border-radius-top-right:0px;--awb-border-radius-bottom-right:0px;--awb-border-radius-bottom-left:0px;--awb-flex-wrap:wrap;\" ><div class=\"fusion-builder-row fusion-row\"><div class=\"fusion-layout-column fusion_builder_column fusion-builder-column-2 fusion_builder_column_1_1 1_1 fusion-one-full fusion-column-first fusion-column-last\" style=\"--awb-bg-size:cover;\"><div class=\"fusion-column-wrapper fusion-column-has-shadow fusion-flex-column-wrapper-legacy\"><div class=\"fusion-text fusion-text-2\"><h1>Formulario de contacto<\/h1>\n<\/div><div class=\"fusion-text fusion-text-3\">\n<div class=\"wpcf7 no-js\" id=\"wpcf7-f9200-o1\" lang=\"es-ES\" dir=\"ltr\" data-wpcf7-id=\"9200\">\n<div class=\"screen-reader-response\"><p role=\"status\" aria-live=\"polite\" aria-atomic=\"true\"><\/p> <ul><\/ul><\/div>\n<form action=\"\/es\/wp-json\/wp\/v2\/pages\/1648#wpcf7-f9200-o1\" method=\"post\" class=\"wpcf7-form init\" aria-label=\"Formulario de contacto\" novalidate=\"novalidate\" data-status=\"init\">\n<fieldset class=\"hidden-fields-container\"><input type=\"hidden\" name=\"_wpcf7\" value=\"9200\" \/><input type=\"hidden\" name=\"_wpcf7_version\" value=\"6.1.5\" \/><input type=\"hidden\" name=\"_wpcf7_locale\" value=\"es_ES\" \/><input type=\"hidden\" name=\"_wpcf7_unit_tag\" value=\"wpcf7-f9200-o1\" \/><input type=\"hidden\" name=\"_wpcf7_container_post\" value=\"0\" \/><input type=\"hidden\" name=\"_wpcf7_posted_data_hash\" value=\"\" \/><input type=\"hidden\" name=\"_wpcf7_recaptcha_response\" value=\"\" \/>\n<\/fieldset>\n<p><label> Nombre<br \/>\n<span class=\"wpcf7-form-control-wrap\" data-name=\"your-name\"><input size=\"40\" maxlength=\"400\" class=\"wpcf7-form-control wpcf7-text wpcf7-validates-as-required\" aria-required=\"true\" aria-invalid=\"false\" value=\"\" type=\"text\" name=\"your-name\" \/><\/span> <\/label>\n<\/p>\n<p><label> Mail<br \/>\n<span class=\"wpcf7-form-control-wrap\" data-name=\"your-email\"><input size=\"40\" maxlength=\"400\" class=\"wpcf7-form-control wpcf7-email wpcf7-validates-as-required wpcf7-text wpcf7-validates-as-email\" aria-required=\"true\" aria-invalid=\"false\" value=\"\" type=\"email\" name=\"your-email\" \/><\/span> <\/label>\n<\/p>\n<p><label> Asunto<br \/>\n<span class=\"wpcf7-form-control-wrap\" data-name=\"your-subject\"><input size=\"40\" maxlength=\"400\" class=\"wpcf7-form-control wpcf7-text wpcf7-validates-as-required\" aria-required=\"true\" aria-invalid=\"false\" value=\"\" type=\"text\" name=\"your-subject\" \/><\/span> <\/label>\n<\/p>\n<p><label> Mensaje (opcional)<br \/>\n<span class=\"wpcf7-form-control-wrap\" data-name=\"your-message\"><textarea cols=\"40\" rows=\"10\" maxlength=\"2000\" class=\"wpcf7-form-control wpcf7-textarea\" aria-invalid=\"false\" name=\"your-message\"><\/textarea><\/span> <\/label>\n<\/p>\n<p><input class=\"wpcf7-form-control wpcf7-submit has-spinner\" type=\"submit\" value=\"Enviar\" \/>\n<\/p><div class=\"wpcf7-response-output\" aria-hidden=\"true\"><\/div>\n<\/form>\n<\/div>\n\n<\/div><div class=\"fusion-sep-clear\"><\/div><div class=\"fusion-separator fusion-full-width-sep\" style=\"margin-left: auto;margin-right: auto;margin-top:10px;margin-bottom:10px;width:100%;\"><\/div><div class=\"fusion-sep-clear\"><\/div><div class=\"fusion-image-element in-legacy-container\" style=\"--awb-caption-title-font-family:var(--h2_typography-font-family);--awb-caption-title-font-weight:var(--h2_typography-font-weight);--awb-caption-title-font-style:var(--h2_typography-font-style);--awb-caption-title-size:var(--h2_typography-font-size);--awb-caption-title-transform:var(--h2_typography-text-transform);--awb-caption-title-line-height:var(--h2_typography-line-height);--awb-caption-title-letter-spacing:var(--h2_typography-letter-spacing);\"><span class=\" fusion-imageframe imageframe-none imageframe-2 hover-type-none\"><img decoding=\"async\" width=\"2560\" height=\"1707\" title=\"2021_03 Showroom LOW 004\" src=\"https:\/\/www.likenskis.com\/wp-content\/uploads\/2021\/04\/2021_03-Showroom-LOW-004-scaled.jpg\" data-orig-src=\"https:\/\/www.likenskis.com\/wp-content\/uploads\/2021\/04\/2021_03-Showroom-LOW-004-scaled.jpg\" alt class=\"lazyload img-responsive wp-image-9231\" srcset=\"data:image\/svg+xml,%3Csvg%20xmlns%3D%27http%3A%2F%2Fwww.w3.org%2F2000%2Fsvg%27%20width%3D%272560%27%20height%3D%271707%27%20viewBox%3D%270%200%202560%201707%27%3E%3Crect%20width%3D%272560%27%20height%3D%271707%27%20fill-opacity%3D%220%22%2F%3E%3C%2Fsvg%3E\" data-srcset=\"https:\/\/www.likenskis.com\/wp-content\/uploads\/2021\/04\/2021_03-Showroom-LOW-004-200x133.jpg 200w, https:\/\/www.likenskis.com\/wp-content\/uploads\/2021\/04\/2021_03-Showroom-LOW-004-400x267.jpg 400w, https:\/\/www.likenskis.com\/wp-content\/uploads\/2021\/04\/2021_03-Showroom-LOW-004-600x400.jpg 600w, https:\/\/www.likenskis.com\/wp-content\/uploads\/2021\/04\/2021_03-Showroom-LOW-004-800x533.jpg 800w, https:\/\/www.likenskis.com\/wp-content\/uploads\/2021\/04\/2021_03-Showroom-LOW-004-1200x800.jpg 1200w, https:\/\/www.likenskis.com\/wp-content\/uploads\/2021\/04\/2021_03-Showroom-LOW-004-scaled.jpg 2560w\" data-sizes=\"auto\" data-orig-sizes=\"(max-width: 800px) 100vw, 1200px\" \/><\/span><\/div><div class=\"fusion-sep-clear\"><\/div><div class=\"fusion-separator fusion-full-width-sep\" style=\"margin-left: auto;margin-right: auto;margin-top:10px;margin-bottom:10px;width:100%;\"><\/div><div class=\"fusion-sep-clear\"><\/div>\n<div class=\"table-1\">\n<table width=\"100%\">\n<tbody>\n<tr>\n<th colspan=\"2\" align=\"left\">INFORMACI\u00d3N B\u00c1SICA SOBRE LA PROTECCI\u00d3N DE DATOS (Art. 12, 13 y 14 del RGPD 2016\/679 UE)<\/th>\n<\/tr>\n<tr>\n<td align=\"left\">Tratamiento<\/td>\n<td align=\"left\">Usuarios de web y contacto<\/td>\n<\/tr>\n<tr>\n<td align=\"left\">Responsable<\/td>\n<td align=\"left\">ORIOL BARO FAJULA \u2013 LIKEN SKIS<\/td>\n<\/tr>\n<tr>\n<td align=\"left\">Finalidad<\/td>\n<td align=\"left\">Se usar\u00e1 la informaci\u00f3n enviada por este formulario solo para contactarlo y enviarle la informaci\u00f3n solicitada.<\/td>\n<\/tr>\n<tr>\n<td align=\"left\">Legitimitaci\u00f3n<\/td>\n<td align=\"left\">Consentimiento, obligaci\u00f3n contractual e inter\u00e9s leg\u00edtimo.<\/td>\n<\/tr>\n<tr>\n<td align=\"left\">Cesi\u00f3n a terceros<\/td>\n<td align=\"left\">Los datos se tratar\u00e1n de forma confidencial y no se transferir\u00e1n a terceros, excepto por imperativo legal y\/o si esto es necesario para la ejecuci\u00f3n por parte de un colaborador.<\/td>\n<\/tr>\n<tr>\n<td align=\"left\">Derechos<\/td>\n<td align=\"left\">Derecho a Oponerse, de Acceso y Rectificaci\u00f3n, de Supresi\u00f3n, de Portabilidad de Datos, de Limitaci\u00f3n en el Tratamiento, de Retirar su consentimiento.<\/td>\n<\/tr>\n<tr>\n<td align=\"left\">Informaci\u00f3n adicional<\/td>\n<td align=\"left\">Lea informaci\u00f3n m\u00e1s detallada en nuestra Pol\u00edtica de privacidad <a href=\"https:\/\/www.likenskis.com\/es\/aviso-legal\/politica-de-privacidad\/\"><u>+ INFO<\/u><\/a><\/td>\n<\/tr>\n<\/tbody>\n<\/table>\n<p>&nbsp;<\/p>\n<\/div>\n<div class=\"fusion-clearfix\"><\/div><\/div><\/div><\/div><\/div><\/p>\n","protected":false},"excerpt":{"rendered":"","protected":false},"author":1,"featured_media":9580,"parent":0,"menu_order":5,"comment_status":"closed","ping_status":"closed","template":"","meta":{"_joinchat":[],"footnotes":""},"class_list":["post-1648","page","type-page","status-publish","has-post-thumbnail","hentry"],"yoast_head":"<!-- This site is optimized with the Yoast SEO plugin v27.3 - https:\/\/yoast.com\/product\/yoast-seo-wordpress\/ -->\n<title>Contacto - Liken Skis - Esquis artesanales fabricados al Pirineo<\/title>\n<meta name=\"description\" content=\"Env\u00eda tu consulta y nos pondremos en contacto contigo en la mayor brevedad posible.\" \/>\n<meta name=\"robots\" content=\"noindex, nofollow\" \/>\n<meta property=\"og:locale\" content=\"es_ES\" \/>\n<meta property=\"og:type\" content=\"article\" \/>\n<meta property=\"og:title\" content=\"Contacto - Liken Skis - Esquis artesanales fabricados al Pirineo\" \/>\n<meta property=\"og:description\" content=\"Env\u00eda tu consulta y nos pondremos en contacto contigo en la mayor brevedad posible.\" \/>\n<meta property=\"og:url\" content=\"https:\/\/www.likenskis.com\/es\/contacto\/\" \/>\n<meta property=\"og:site_name\" content=\"Liken Skis\" \/>\n<meta property=\"article:modified_time\" content=\"2021-04-18T18:34:48+00:00\" \/>\n<meta property=\"og:image\" content=\"https:\/\/www.likenskis.com\/wp-content\/uploads\/2021\/05\/Imagen-1.png\" \/>\n\t<meta property=\"og:image:width\" content=\"1183\" \/>\n\t<meta property=\"og:image:height\" content=\"1181\" \/>\n\t<meta property=\"og:image:type\" content=\"image\/png\" \/>\n<meta name=\"twitter:card\" content=\"summary_large_image\" \/>\n<meta name=\"twitter:site\" content=\"@LikenSkis\" \/>\n<meta name=\"twitter:label1\" content=\"Tiempo de lectura\" \/>\n\t<meta name=\"twitter:data1\" content=\"7 minutos\" \/>\n<script type=\"application\/ld+json\" class=\"yoast-schema-graph\">{\"@context\":\"https:\\\/\\\/schema.org\",\"@graph\":[{\"@type\":\"WebPage\",\"@id\":\"https:\\\/\\\/www.likenskis.com\\\/es\\\/contacto\\\/\",\"url\":\"https:\\\/\\\/www.likenskis.com\\\/es\\\/contacto\\\/\",\"name\":\"Contacto - Liken Skis - Esquis artesanales fabricados al Pirineo\",\"isPartOf\":{\"@id\":\"https:\\\/\\\/www.likenskis.com\\\/es\\\/#website\"},\"primaryImageOfPage\":{\"@id\":\"https:\\\/\\\/www.likenskis.com\\\/es\\\/contacto\\\/#primaryimage\"},\"image\":{\"@id\":\"https:\\\/\\\/www.likenskis.com\\\/es\\\/contacto\\\/#primaryimage\"},\"thumbnailUrl\":\"https:\\\/\\\/www.likenskis.com\\\/wp-content\\\/uploads\\\/2021\\\/05\\\/Imagen-1.png\",\"datePublished\":\"2019-09-20T02:16:58+00:00\",\"dateModified\":\"2021-04-18T18:34:48+00:00\",\"description\":\"Env\u00eda tu consulta y nos pondremos en contacto contigo en la mayor brevedad posible.\",\"breadcrumb\":{\"@id\":\"https:\\\/\\\/www.likenskis.com\\\/es\\\/contacto\\\/#breadcrumb\"},\"inLanguage\":\"es\",\"potentialAction\":[{\"@type\":\"ReadAction\",\"target\":[\"https:\\\/\\\/www.likenskis.com\\\/es\\\/contacto\\\/\"]}]},{\"@type\":\"ImageObject\",\"inLanguage\":\"es\",\"@id\":\"https:\\\/\\\/www.likenskis.com\\\/es\\\/contacto\\\/#primaryimage\",\"url\":\"https:\\\/\\\/www.likenskis.com\\\/wp-content\\\/uploads\\\/2021\\\/05\\\/Imagen-1.png\",\"contentUrl\":\"https:\\\/\\\/www.likenskis.com\\\/wp-content\\\/uploads\\\/2021\\\/05\\\/Imagen-1.png\",\"width\":1183,\"height\":1181,\"caption\":\"Liken Skis - Esqu\u00eds artesanals\"},{\"@type\":\"BreadcrumbList\",\"@id\":\"https:\\\/\\\/www.likenskis.com\\\/es\\\/contacto\\\/#breadcrumb\",\"itemListElement\":[{\"@type\":\"ListItem\",\"position\":1,\"name\":\"Inici\",\"item\":\"https:\\\/\\\/www.likenskis.com\\\/es\\\/\"},{\"@type\":\"ListItem\",\"position\":2,\"name\":\"Contacto\"}]},{\"@type\":\"WebSite\",\"@id\":\"https:\\\/\\\/www.likenskis.com\\\/es\\\/#website\",\"url\":\"https:\\\/\\\/www.likenskis.com\\\/es\\\/\",\"name\":\"Liken Skis\",\"description\":\"Esqu\u00eds artesanales de madera\",\"publisher\":{\"@id\":\"https:\\\/\\\/www.likenskis.com\\\/es\\\/#organization\"},\"potentialAction\":[{\"@type\":\"SearchAction\",\"target\":{\"@type\":\"EntryPoint\",\"urlTemplate\":\"https:\\\/\\\/www.likenskis.com\\\/es\\\/?s={search_term_string}\"},\"query-input\":{\"@type\":\"PropertyValueSpecification\",\"valueRequired\":true,\"valueName\":\"search_term_string\"}}],\"inLanguage\":\"es\"},{\"@type\":\"Organization\",\"@id\":\"https:\\\/\\\/www.likenskis.com\\\/es\\\/#organization\",\"name\":\"Liken Skis\",\"url\":\"https:\\\/\\\/www.likenskis.com\\\/es\\\/\",\"logo\":{\"@type\":\"ImageObject\",\"inLanguage\":\"es\",\"@id\":\"https:\\\/\\\/www.likenskis.com\\\/es\\\/#\\\/schema\\\/logo\\\/image\\\/\",\"url\":\"https:\\\/\\\/www.likenskis.com\\\/wp-content\\\/uploads\\\/2019\\\/06\\\/Logo-LikenSkis-Retina.jpg\",\"contentUrl\":\"https:\\\/\\\/www.likenskis.com\\\/wp-content\\\/uploads\\\/2019\\\/06\\\/Logo-LikenSkis-Retina.jpg\",\"width\":288,\"height\":80,\"caption\":\"Liken Skis\"},\"image\":{\"@id\":\"https:\\\/\\\/www.likenskis.com\\\/es\\\/#\\\/schema\\\/logo\\\/image\\\/\"},\"sameAs\":[\"https:\\\/\\\/x.com\\\/LikenSkis\"]}]}<\/script>\n<!-- \/ Yoast SEO plugin. -->","yoast_head_json":{"title":"Contacto - Liken Skis - Esquis artesanales fabricados al Pirineo","description":"Env\u00eda tu consulta y nos pondremos en contacto contigo en la mayor brevedad posible.","robots":{"index":"noindex","follow":"nofollow"},"og_locale":"es_ES","og_type":"article","og_title":"Contacto - Liken Skis - Esquis artesanales fabricados al Pirineo","og_description":"Env\u00eda tu consulta y nos pondremos en contacto contigo en la mayor brevedad posible.","og_url":"https:\/\/www.likenskis.com\/es\/contacto\/","og_site_name":"Liken Skis","article_modified_time":"2021-04-18T18:34:48+00:00","og_image":[{"width":1183,"height":1181,"url":"https:\/\/www.likenskis.com\/wp-content\/uploads\/2021\/05\/Imagen-1.png","type":"image\/png"}],"twitter_card":"summary_large_image","twitter_site":"@LikenSkis","twitter_misc":{"Tiempo de lectura":"7 minutos"},"schema":{"@context":"https:\/\/schema.org","@graph":[{"@type":"WebPage","@id":"https:\/\/www.likenskis.com\/es\/contacto\/","url":"https:\/\/www.likenskis.com\/es\/contacto\/","name":"Contacto - Liken Skis - Esquis artesanales fabricados al Pirineo","isPartOf":{"@id":"https:\/\/www.likenskis.com\/es\/#website"},"primaryImageOfPage":{"@id":"https:\/\/www.likenskis.com\/es\/contacto\/#primaryimage"},"image":{"@id":"https:\/\/www.likenskis.com\/es\/contacto\/#primaryimage"},"thumbnailUrl":"https:\/\/www.likenskis.com\/wp-content\/uploads\/2021\/05\/Imagen-1.png","datePublished":"2019-09-20T02:16:58+00:00","dateModified":"2021-04-18T18:34:48+00:00","description":"Env\u00eda tu consulta y nos pondremos en contacto contigo en la mayor brevedad posible.","breadcrumb":{"@id":"https:\/\/www.likenskis.com\/es\/contacto\/#breadcrumb"},"inLanguage":"es","potentialAction":[{"@type":"ReadAction","target":["https:\/\/www.likenskis.com\/es\/contacto\/"]}]},{"@type":"ImageObject","inLanguage":"es","@id":"https:\/\/www.likenskis.com\/es\/contacto\/#primaryimage","url":"https:\/\/www.likenskis.com\/wp-content\/uploads\/2021\/05\/Imagen-1.png","contentUrl":"https:\/\/www.likenskis.com\/wp-content\/uploads\/2021\/05\/Imagen-1.png","width":1183,"height":1181,"caption":"Liken Skis - Esqu\u00eds artesanals"},{"@type":"BreadcrumbList","@id":"https:\/\/www.likenskis.com\/es\/contacto\/#breadcrumb","itemListElement":[{"@type":"ListItem","position":1,"name":"Inici","item":"https:\/\/www.likenskis.com\/es\/"},{"@type":"ListItem","position":2,"name":"Contacto"}]},{"@type":"WebSite","@id":"https:\/\/www.likenskis.com\/es\/#website","url":"https:\/\/www.likenskis.com\/es\/","name":"Liken Skis","description":"Esqu\u00eds artesanales de madera","publisher":{"@id":"https:\/\/www.likenskis.com\/es\/#organization"},"potentialAction":[{"@type":"SearchAction","target":{"@type":"EntryPoint","urlTemplate":"https:\/\/www.likenskis.com\/es\/?s={search_term_string}"},"query-input":{"@type":"PropertyValueSpecification","valueRequired":true,"valueName":"search_term_string"}}],"inLanguage":"es"},{"@type":"Organization","@id":"https:\/\/www.likenskis.com\/es\/#organization","name":"Liken Skis","url":"https:\/\/www.likenskis.com\/es\/","logo":{"@type":"ImageObject","inLanguage":"es","@id":"https:\/\/www.likenskis.com\/es\/#\/schema\/logo\/image\/","url":"https:\/\/www.likenskis.com\/wp-content\/uploads\/2019\/06\/Logo-LikenSkis-Retina.jpg","contentUrl":"https:\/\/www.likenskis.com\/wp-content\/uploads\/2019\/06\/Logo-LikenSkis-Retina.jpg","width":288,"height":80,"caption":"Liken Skis"},"image":{"@id":"https:\/\/www.likenskis.com\/es\/#\/schema\/logo\/image\/"},"sameAs":["https:\/\/x.com\/LikenSkis"]}]}},"_links":{"self":[{"href":"https:\/\/www.likenskis.com\/es\/wp-json\/wp\/v2\/pages\/1648","targetHints":{"allow":["GET"]}}],"collection":[{"href":"https:\/\/www.likenskis.com\/es\/wp-json\/wp\/v2\/pages"}],"about":[{"href":"https:\/\/www.likenskis.com\/es\/wp-json\/wp\/v2\/types\/page"}],"author":[{"embeddable":true,"href":"https:\/\/www.likenskis.com\/es\/wp-json\/wp\/v2\/users\/1"}],"replies":[{"embeddable":true,"href":"https:\/\/www.likenskis.com\/es\/wp-json\/wp\/v2\/comments?post=1648"}],"version-history":[{"count":7,"href":"https:\/\/www.likenskis.com\/es\/wp-json\/wp\/v2\/pages\/1648\/revisions"}],"predecessor-version":[{"id":9454,"href":"https:\/\/www.likenskis.com\/es\/wp-json\/wp\/v2\/pages\/1648\/revisions\/9454"}],"wp:featuredmedia":[{"embeddable":true,"href":"https:\/\/www.likenskis.com\/es\/wp-json\/wp\/v2\/media\/9580"}],"wp:attachment":[{"href":"https:\/\/www.likenskis.com\/es\/wp-json\/wp\/v2\/media?parent=1648"}],"curies":[{"name":"wp","href":"https:\/\/api.w.org\/{rel}","templated":true}]}}