{"id":1678,"date":"2019-09-20T05:35:43","date_gmt":"2019-09-20T03:35:43","guid":{"rendered":"https:\/\/www.likenskis.com\/politica-de-cookies\/"},"modified":"2019-10-01T17:28:26","modified_gmt":"2019-10-01T15:28:26","slug":"politica-de-cookies","status":"publish","type":"page","link":"https:\/\/www.likenskis.com\/es\/aviso-legal\/politica-de-cookies\/","title":{"rendered":"Pol\u00edtica de cookies"},"content":{"rendered":"<h2>Pol\u00edtica de cookies<\/h2>\n<h3>0. Aviso general<\/h3>\n<p>Este Aviso de cookies (&#8220;Aviso&#8221;) se aplica a ORIOL BARO FAJULA \u2013 LIKEN SKIS, \u201cLIKEN SKIS\u201d, \u201cLIKENSKIS.COM\u201d, \u201cNosotros\u201d, \u201cNuestro\u201d), y explica nuestros principios cuando se trata de la recopilaci\u00f3n, el procesamiento y el almacenamiento de su informaci\u00f3n. Esta pol\u00edtica explica espec\u00edficamente c\u00f3mo nosotros, nuestros socios y los usuarios de nuestros servicios implementamos cookies, as\u00ed como las opciones que tiene para controlarlas.<\/p>\n<p>&nbsp;<\/p>\n<h3 style=\"padding-left: 40px;\">Informaci\u00f3n del responsable<\/h3>\n<ul>\n<li style=\"list-style-type: none;\">\n<ul>\n<li>Identificaci\u00f3n del Responsable: ORIOL BARO FAJULA \u2013 LIKEN SKIS (en adelante \u201cLIKEN SKIS\u201d)<\/li>\n<li>CIF: 39380287-D.<\/li>\n<li>Direcci\u00f3n: Carrer Carrilet, n\u00fam. 19, La Pobla de Lillet, 08696, (Barcelona).<\/li>\n<li>Tel\u00e9fono: +34 607 155 224<\/li>\n<li>Email: oriolbaro@gmail.com<\/li>\n<\/ul>\n<\/li>\n<\/ul>\n<h3>1. Resumen<\/h3>\n<p>Utilizamos las llamadas cookies y tecnolog\u00eda similar en nuestro sitio web para que el sitio funcione correctamente y para obtener informaci\u00f3n sobre las visitas al sitio web.<\/p>\n<p>Una cookie es un peque\u00f1o archivo de texto que se almacena en su computadora y que contiene informaci\u00f3n.\u00a0Hay dos tipos de cookies.\u00a0Un tipo de cookie es una llamada cookie permanente, que guarda un archivo permanentemente en su computadora hasta que se elimina el archivo.\u00a0El otro tipo de cookie se denomina cookie de sesi\u00f3n, que desaparece al cerrar el navegador web.<\/p>\n<p>Estamos utilizando cookies de sesi\u00f3n y permanentes para personalizar su experiencia de usuario en nuestro sitio web, para poder brindarle mejores servicios cuando se comunica con nosotros y para poder enviarle anuncios publicitarios.\u00a0Consulte a continuaci\u00f3n para obtener m\u00e1s informaci\u00f3n sobre qu\u00e9 cookies y tecnolog\u00edas similares utilizamos.<\/p>\n<p>Si tiene alguna pregunta sobre nuestro uso de cookies y tecnolog\u00edas similares, siempre puede ponerse en contacto con nosotros: oriolbaro@gmail.com.<\/p>\n<p>&nbsp;<\/p>\n<h3>2. \u00bfPara qu\u00e9 utilizamos las cookies?<\/h3>\n<p>Usamos las siguientes cookies para los siguientes fines:<\/p>\n<p>Las cookies estrictamente necesarias\u00a0son necesarias para que nuestro sitio web funcione correctamente.\u00a0Estas cookies no recogen ninguna informaci\u00f3n personal.\u00a0Si elige rechazar o desactivar las cookies estrictamente necesarias, no podr\u00e1 utilizar todas las funciones del sitio web.<\/p>\n<p>Las cookies de rendimiento \/ an\u00e1lisis\u00a0se utilizan para hacer que la experiencia sea m\u00e1s f\u00e1cil de usar en nuestro sitio web para los visitantes, y se utilizan con fines de seguridad.\u00a0La informaci\u00f3n de estas cookies tambi\u00e9n se usa con fines estad\u00edsticos, como mantener estad\u00edsticas sobre el uso del sitio web, realizar encuestas para mejorar nuestros servicios en l\u00ednea y el sitio web, determinar qu\u00e9 partes de nuestro sitio web son las m\u00e1s populares y optimizar el uso del sitio web.<\/p>\n<p>Las cookies publicitarias\u00a0se utilizan para recopilar informaci\u00f3n sobre c\u00f3mo los visitantes utilizan el sitio web para poder proporcionar publicidad en otros sitios web sobre nuestros servicios.<\/p>\n<p style=\"padding-left: 40px;\">FUNCIONALES<br \/>\nCookies\u00a0son necesarias para las funciones b\u00e1sicas del sitio y, por lo tanto, siempre est\u00e1n habilitadas.\u00a0Entre otras cosas, las cookies se encuentran en el sitio que ha visitado durante una sesi\u00f3n.\u00a0Si lo solicitas, pueden recordarlo entre sesiones.<\/p>\n<p style=\"padding-left: 40px;\">ESTAD\u00cdSTICAS<br \/>\nLas cookies de estad\u00edsticas nos ayudan a entender c\u00f3mo usar nuestro sitio y a mejorarlo mediante la recopilaci\u00f3n de datos de forma an\u00f3nima.<\/p>\n<p style=\"padding-left: 40px;\">TERCEROS \/ CONTENIDO INCRUSTADO<\/p>\n<p style=\"padding-left: 40px;\">Hacemos uso de diferentes aplicaciones y servicios de terceros para mejorar la experiencia de los visitantes del sitio web. Estas incluyen plataformas de redes sociales como LinkedIn, Twitter, Instagram\u00a0 por ejemplo (mediante el uso de botones de compartir), o contenido incrustado de YouTube. Como resultado, estas cookies pueden ser establecidas por estos terceros y utilizadas por ellos para rastrear su actividad en l\u00ednea. No tenemos control directo sobre la informaci\u00f3n que se recopila con estas cookies.<\/p>\n<p style=\"padding-left: 40px;\">GOOGLE ANALYTICS<\/p>\n<p style=\"padding-left: 40px;\">Utilizamos Google Analytics para ver c\u00f3mo nuestros visitantes usan nuestro sitio.\u00a0Los datos que guardamos no se pueden usar para identificarlo, pero usted es completamente an\u00f3nimo.\u00a0La informaci\u00f3n es recogida y guardada por Google.<\/p>\n<p>LO QUE PUEDE HACER PARA ADMINISTRAR EL USO DE LAS COOKIES<br \/>\nEn su navegador, puede ajustar la configuraci\u00f3n de las cookies.\u00a0La mayor\u00eda de las veces tambi\u00e9n puede leer m\u00e1s sobre diferentes tipos de cookies all\u00ed.\u00a0El aspecto de la configuraci\u00f3n var\u00eda de un navegador a otro.\u00a0Pero b\u00e1sicamente todos tienen configuraciones que, entre otras cosas, bloquean todas las cookies, limitan el uso a las cookies de primera mano o lo ayudan a borrar todas las cookies almacenadas en su computadora.\u00a0Es posible que algunos de nuestros servicios no funcionen si bloquea o elimina las cookies.<\/p>\n<p>&nbsp;<\/p>\n<h3>3.\u00a0\u00bfPueden los usuarios evitar las cookies?<\/h3>\n<p>Puede elegir si desea aceptar cookies.\u00a0Al ajustar el navegador web, evitar\u00e1 recibir cookies y tambi\u00e9n podr\u00e1 utilizar su navegador para eliminar las cookies.\u00a0El m\u00e9todo utilizado para bloquear o eliminar las cookies depender\u00e1 del navegador web utilizado.\u00a0Cuando elija permitir nuestro uso de cookies, tenga en cuenta que recopilaremos la informaci\u00f3n como se indica anteriormente hasta que deje de utilizar nuestro uso de cookies.<\/p>\n<p>Si tiene alguna pregunta con respecto a sus opciones con respecto a las cookies, comun\u00edquese con nosotros a la informaci\u00f3n de contacto que se detalla arriba.<\/p>\n<p>Para obtener m\u00e1s informaci\u00f3n sobre c\u00f3mo administrar y eliminar las cookies, visite www.aboutcookies.org. Para obtener m\u00e1s detalles sobre las cookies de publicidad y c\u00f3mo administrarlas, visite www.youronlinechoices.eu (basado en la UE), o www.aboutads.info (basado en los EE. UU.).<\/p>\n<p>Algunos programas espec\u00edficos de exclusi\u00f3n est\u00e1n disponibles aqu\u00ed:<\/p>\n<p>Google Analytics: https:\/\/tools.google.com\/dlpage\/gaoptout<\/p>\n<p>Es importante tener en cuenta que restringir o deshabilitar el uso de cookies puede limitar la funcionalidad de los sitios, o evitar que funcionen correctamente.<\/p>\n<h3>4. Actualizaciones a este aviso.<\/h3>\n<p>Para garantizar que cumplimos con la ley de protecci\u00f3n de datos, podemos modificar este Aviso en cualquier momento.\u00a0Publicaremos cualquier cambio realizado.<\/p>\n<p>&nbsp;<\/p>\n<h3>5. Listado de Cookies<\/h3>\n<p>Una lista completa, actualizada por \u00faltima vez el 5\/07\/2019, de las cookies utilizadas por LIKEN SKIS en el sitio web se puede encontrar en la tabla de cookies seguida:<\/p>\n<ul>\n<li style=\"list-style-type: none;\">\n<ul>\n<li style=\"list-style-type: none;\"><\/li>\n<\/ul>\n<\/li>\n<\/ul>\n<p><img decoding=\"async\" class=\"lazyload size-full wp-image-1857 alignnone\" src=\"data:image\/svg+xml,%3Csvg%20xmlns%3D%27http%3A%2F%2Fwww.w3.org%2F2000%2Fsvg%27%20width%3D%271776%27%20height%3D%273252%27%20viewBox%3D%270%200%201776%203252%27%3E%3Crect%20width%3D%271776%27%20height%3D%273252%27%20fill-opacity%3D%220%22%2F%3E%3C%2Fsvg%3E\" data-orig-src=\"https:\/\/www.likenskis.com\/wp-content\/uploads\/2019\/10\/Cookies.gif\" alt=\"\" width=\"1776\" height=\"3252\" \/><\/p>\n<p>&#8212;<\/p>\n<p><em>Esta Pol\u00edtica de Cookies ha sido actualizada por \u00faltima vez el 5 de Julio de 2019.<\/em><\/p>\n","protected":false},"excerpt":{"rendered":"<p>Pol\u00edtica de cookies 0. Aviso general Este Aviso de cookies  [&#8230;]<\/p>\n","protected":false},"author":1,"featured_media":0,"parent":1673,"menu_order":99,"comment_status":"closed","ping_status":"closed","template":"","meta":{"_joinchat":[],"footnotes":""},"class_list":["post-1678","page","type-page","status-publish","hentry"],"yoast_head":"<!-- This site is optimized with the Yoast SEO plugin v27.3 - https:\/\/yoast.com\/product\/yoast-seo-wordpress\/ -->\n<title>Pol\u00edtica de cookies - Liken Skis<\/title>\n<meta name=\"robots\" content=\"noindex, nofollow\" \/>\n<meta property=\"og:locale\" content=\"es_ES\" \/>\n<meta property=\"og:type\" content=\"article\" \/>\n<meta property=\"og:title\" content=\"Pol\u00edtica de cookies - Liken Skis\" \/>\n<meta property=\"og:description\" content=\"Pol\u00edtica de cookies 0. Aviso general Este Aviso de cookies [...]\" \/>\n<meta property=\"og:url\" content=\"https:\/\/www.likenskis.com\/es\/aviso-legal\/politica-de-cookies\/\" \/>\n<meta property=\"og:site_name\" content=\"Liken Skis\" \/>\n<meta property=\"article:modified_time\" content=\"2019-10-01T15:28:26+00:00\" \/>\n<meta property=\"og:image\" content=\"https:\/\/www.likenskis.com\/wp-content\/uploads\/2019\/10\/Cookies.gif\" \/>\n<meta name=\"twitter:card\" content=\"summary_large_image\" \/>\n<meta name=\"twitter:site\" content=\"@LikenSkis\" \/>\n<meta name=\"twitter:label1\" content=\"Tiempo de lectura\" \/>\n\t<meta name=\"twitter:data1\" content=\"5 minutos\" \/>\n<script type=\"application\/ld+json\" class=\"yoast-schema-graph\">{\"@context\":\"https:\\\/\\\/schema.org\",\"@graph\":[{\"@type\":\"WebPage\",\"@id\":\"https:\\\/\\\/www.likenskis.com\\\/es\\\/aviso-legal\\\/politica-de-cookies\\\/\",\"url\":\"https:\\\/\\\/www.likenskis.com\\\/es\\\/aviso-legal\\\/politica-de-cookies\\\/\",\"name\":\"Pol\u00edtica de cookies - Liken Skis\",\"isPartOf\":{\"@id\":\"https:\\\/\\\/www.likenskis.com\\\/es\\\/#website\"},\"primaryImageOfPage\":{\"@id\":\"https:\\\/\\\/www.likenskis.com\\\/es\\\/aviso-legal\\\/politica-de-cookies\\\/#primaryimage\"},\"image\":{\"@id\":\"https:\\\/\\\/www.likenskis.com\\\/es\\\/aviso-legal\\\/politica-de-cookies\\\/#primaryimage\"},\"thumbnailUrl\":\"https:\\\/\\\/www.likenskis.com\\\/wp-content\\\/uploads\\\/2019\\\/10\\\/Cookies.gif\",\"datePublished\":\"2019-09-20T03:35:43+00:00\",\"dateModified\":\"2019-10-01T15:28:26+00:00\",\"breadcrumb\":{\"@id\":\"https:\\\/\\\/www.likenskis.com\\\/es\\\/aviso-legal\\\/politica-de-cookies\\\/#breadcrumb\"},\"inLanguage\":\"es\",\"potentialAction\":[{\"@type\":\"ReadAction\",\"target\":[\"https:\\\/\\\/www.likenskis.com\\\/es\\\/aviso-legal\\\/politica-de-cookies\\\/\"]}]},{\"@type\":\"ImageObject\",\"inLanguage\":\"es\",\"@id\":\"https:\\\/\\\/www.likenskis.com\\\/es\\\/aviso-legal\\\/politica-de-cookies\\\/#primaryimage\",\"url\":\"https:\\\/\\\/www.likenskis.com\\\/wp-content\\\/uploads\\\/2019\\\/10\\\/Cookies.gif\",\"contentUrl\":\"https:\\\/\\\/www.likenskis.com\\\/wp-content\\\/uploads\\\/2019\\\/10\\\/Cookies.gif\"},{\"@type\":\"BreadcrumbList\",\"@id\":\"https:\\\/\\\/www.likenskis.com\\\/es\\\/aviso-legal\\\/politica-de-cookies\\\/#breadcrumb\",\"itemListElement\":[{\"@type\":\"ListItem\",\"position\":1,\"name\":\"Inici\",\"item\":\"https:\\\/\\\/www.likenskis.com\\\/es\\\/\"},{\"@type\":\"ListItem\",\"position\":2,\"name\":\"Aviso legal\",\"item\":\"https:\\\/\\\/www.likenskis.com\\\/es\\\/aviso-legal\\\/\"},{\"@type\":\"ListItem\",\"position\":3,\"name\":\"Pol\u00edtica de cookies\"}]},{\"@type\":\"WebSite\",\"@id\":\"https:\\\/\\\/www.likenskis.com\\\/es\\\/#website\",\"url\":\"https:\\\/\\\/www.likenskis.com\\\/es\\\/\",\"name\":\"Liken Skis\",\"description\":\"Esqu\u00eds artesanales de madera\",\"publisher\":{\"@id\":\"https:\\\/\\\/www.likenskis.com\\\/es\\\/#organization\"},\"potentialAction\":[{\"@type\":\"SearchAction\",\"target\":{\"@type\":\"EntryPoint\",\"urlTemplate\":\"https:\\\/\\\/www.likenskis.com\\\/es\\\/?s={search_term_string}\"},\"query-input\":{\"@type\":\"PropertyValueSpecification\",\"valueRequired\":true,\"valueName\":\"search_term_string\"}}],\"inLanguage\":\"es\"},{\"@type\":\"Organization\",\"@id\":\"https:\\\/\\\/www.likenskis.com\\\/es\\\/#organization\",\"name\":\"Liken Skis\",\"url\":\"https:\\\/\\\/www.likenskis.com\\\/es\\\/\",\"logo\":{\"@type\":\"ImageObject\",\"inLanguage\":\"es\",\"@id\":\"https:\\\/\\\/www.likenskis.com\\\/es\\\/#\\\/schema\\\/logo\\\/image\\\/\",\"url\":\"https:\\\/\\\/www.likenskis.com\\\/wp-content\\\/uploads\\\/2019\\\/06\\\/Logo-LikenSkis-Retina.jpg\",\"contentUrl\":\"https:\\\/\\\/www.likenskis.com\\\/wp-content\\\/uploads\\\/2019\\\/06\\\/Logo-LikenSkis-Retina.jpg\",\"width\":288,\"height\":80,\"caption\":\"Liken Skis\"},\"image\":{\"@id\":\"https:\\\/\\\/www.likenskis.com\\\/es\\\/#\\\/schema\\\/logo\\\/image\\\/\"},\"sameAs\":[\"https:\\\/\\\/x.com\\\/LikenSkis\"]}]}<\/script>\n<!-- \/ Yoast SEO plugin. -->","yoast_head_json":{"title":"Pol\u00edtica de cookies - Liken Skis","robots":{"index":"noindex","follow":"nofollow"},"og_locale":"es_ES","og_type":"article","og_title":"Pol\u00edtica de cookies - Liken Skis","og_description":"Pol\u00edtica de cookies 0. Aviso general Este Aviso de cookies [...]","og_url":"https:\/\/www.likenskis.com\/es\/aviso-legal\/politica-de-cookies\/","og_site_name":"Liken Skis","article_modified_time":"2019-10-01T15:28:26+00:00","og_image":[{"url":"https:\/\/www.likenskis.com\/wp-content\/uploads\/2019\/10\/Cookies.gif","type":"","width":"","height":""}],"twitter_card":"summary_large_image","twitter_site":"@LikenSkis","twitter_misc":{"Tiempo de lectura":"5 minutos"},"schema":{"@context":"https:\/\/schema.org","@graph":[{"@type":"WebPage","@id":"https:\/\/www.likenskis.com\/es\/aviso-legal\/politica-de-cookies\/","url":"https:\/\/www.likenskis.com\/es\/aviso-legal\/politica-de-cookies\/","name":"Pol\u00edtica de cookies - Liken Skis","isPartOf":{"@id":"https:\/\/www.likenskis.com\/es\/#website"},"primaryImageOfPage":{"@id":"https:\/\/www.likenskis.com\/es\/aviso-legal\/politica-de-cookies\/#primaryimage"},"image":{"@id":"https:\/\/www.likenskis.com\/es\/aviso-legal\/politica-de-cookies\/#primaryimage"},"thumbnailUrl":"https:\/\/www.likenskis.com\/wp-content\/uploads\/2019\/10\/Cookies.gif","datePublished":"2019-09-20T03:35:43+00:00","dateModified":"2019-10-01T15:28:26+00:00","breadcrumb":{"@id":"https:\/\/www.likenskis.com\/es\/aviso-legal\/politica-de-cookies\/#breadcrumb"},"inLanguage":"es","potentialAction":[{"@type":"ReadAction","target":["https:\/\/www.likenskis.com\/es\/aviso-legal\/politica-de-cookies\/"]}]},{"@type":"ImageObject","inLanguage":"es","@id":"https:\/\/www.likenskis.com\/es\/aviso-legal\/politica-de-cookies\/#primaryimage","url":"https:\/\/www.likenskis.com\/wp-content\/uploads\/2019\/10\/Cookies.gif","contentUrl":"https:\/\/www.likenskis.com\/wp-content\/uploads\/2019\/10\/Cookies.gif"},{"@type":"BreadcrumbList","@id":"https:\/\/www.likenskis.com\/es\/aviso-legal\/politica-de-cookies\/#breadcrumb","itemListElement":[{"@type":"ListItem","position":1,"name":"Inici","item":"https:\/\/www.likenskis.com\/es\/"},{"@type":"ListItem","position":2,"name":"Aviso legal","item":"https:\/\/www.likenskis.com\/es\/aviso-legal\/"},{"@type":"ListItem","position":3,"name":"Pol\u00edtica de cookies"}]},{"@type":"WebSite","@id":"https:\/\/www.likenskis.com\/es\/#website","url":"https:\/\/www.likenskis.com\/es\/","name":"Liken Skis","description":"Esqu\u00eds artesanales de madera","publisher":{"@id":"https:\/\/www.likenskis.com\/es\/#organization"},"potentialAction":[{"@type":"SearchAction","target":{"@type":"EntryPoint","urlTemplate":"https:\/\/www.likenskis.com\/es\/?s={search_term_string}"},"query-input":{"@type":"PropertyValueSpecification","valueRequired":true,"valueName":"search_term_string"}}],"inLanguage":"es"},{"@type":"Organization","@id":"https:\/\/www.likenskis.com\/es\/#organization","name":"Liken Skis","url":"https:\/\/www.likenskis.com\/es\/","logo":{"@type":"ImageObject","inLanguage":"es","@id":"https:\/\/www.likenskis.com\/es\/#\/schema\/logo\/image\/","url":"https:\/\/www.likenskis.com\/wp-content\/uploads\/2019\/06\/Logo-LikenSkis-Retina.jpg","contentUrl":"https:\/\/www.likenskis.com\/wp-content\/uploads\/2019\/06\/Logo-LikenSkis-Retina.jpg","width":288,"height":80,"caption":"Liken Skis"},"image":{"@id":"https:\/\/www.likenskis.com\/es\/#\/schema\/logo\/image\/"},"sameAs":["https:\/\/x.com\/LikenSkis"]}]}},"_links":{"self":[{"href":"https:\/\/www.likenskis.com\/es\/wp-json\/wp\/v2\/pages\/1678","targetHints":{"allow":["GET"]}}],"collection":[{"href":"https:\/\/www.likenskis.com\/es\/wp-json\/wp\/v2\/pages"}],"about":[{"href":"https:\/\/www.likenskis.com\/es\/wp-json\/wp\/v2\/types\/page"}],"author":[{"embeddable":true,"href":"https:\/\/www.likenskis.com\/es\/wp-json\/wp\/v2\/users\/1"}],"replies":[{"embeddable":true,"href":"https:\/\/www.likenskis.com\/es\/wp-json\/wp\/v2\/comments?post=1678"}],"version-history":[{"count":0,"href":"https:\/\/www.likenskis.com\/es\/wp-json\/wp\/v2\/pages\/1678\/revisions"}],"up":[{"embeddable":true,"href":"https:\/\/www.likenskis.com\/es\/wp-json\/wp\/v2\/pages\/1673"}],"wp:attachment":[{"href":"https:\/\/www.likenskis.com\/es\/wp-json\/wp\/v2\/media?parent=1678"}],"curies":[{"name":"wp","href":"https:\/\/api.w.org\/{rel}","templated":true}]}}