{"id":1683,"date":"2019-09-20T05:42:48","date_gmt":"2019-09-20T03:42:48","guid":{"rendered":"https:\/\/www.likenskis.com\/la-marca\/"},"modified":"2023-03-14T17:52:57","modified_gmt":"2023-03-14T15:52:57","slug":"la-marca","status":"publish","type":"page","link":"https:\/\/www.likenskis.com\/es\/la-marca\/","title":{"rendered":"La Marca"},"content":{"rendered":"<p><div class=\"fusion-fullwidth fullwidth-box fusion-builder-row-1 nonhundred-percent-fullwidth non-hundred-percent-height-scrolling\" style=\"--awb-border-radius-top-left:0px;--awb-border-radius-top-right:0px;--awb-border-radius-bottom-right:0px;--awb-border-radius-bottom-left:0px;--awb-margin-top:30px;--awb-flex-wrap:wrap;\" ><div class=\"fusion-builder-row fusion-row\"><div class=\"fusion-layout-column fusion_builder_column fusion-builder-column-0 fusion_builder_column_1_1 1_1 fusion-one-full fusion-column-first fusion-column-last\" style=\"--awb-bg-size:cover;\"><div class=\"fusion-column-wrapper fusion-column-has-shadow fusion-flex-column-wrapper-legacy\"><div class=\"fusion-text fusion-text-1\"><h1>Conecta con tus emociones<\/h1>\n<\/div><div class=\"fusion-clearfix\"><\/div><\/div><\/div><\/div><\/div><div class=\"fusion-fullwidth fullwidth-box fusion-builder-row-2 nonhundred-percent-fullwidth non-hundred-percent-height-scrolling\" style=\"--awb-border-radius-top-left:0px;--awb-border-radius-top-right:0px;--awb-border-radius-bottom-right:0px;--awb-border-radius-bottom-left:0px;--awb-margin-top:20px;--awb-flex-wrap:wrap;\" ><div class=\"fusion-builder-row fusion-row\"><div class=\"fusion-layout-column fusion_builder_column fusion-builder-column-1 fusion_builder_column_1_2 1_2 fusion-one-half fusion-column-first\" style=\"--awb-padding-right:20px;--awb-bg-size:cover;width:50%;width:calc(50% - ( ( 4% ) * 0.5 ) );margin-right: 4%;\"><div class=\"fusion-column-wrapper fusion-column-has-shadow fusion-flex-column-wrapper-legacy\"><div class=\"fusion-text fusion-text-2\"><p>Liken es una marca de esqu\u00eds de <strong>madera<\/strong> de fabricaci\u00f3n <strong>artesanal<\/strong> nacida en el Pirineo que quiere llegar a aquellas personas que aman la monta\u00f1a invernal y buscan una <strong>conexi\u00f3n<\/strong> especial con la naturaleza.<\/p>\n<p>Oriol, como amante de la <strong>monta\u00f1a<\/strong> en estado puro, el territorio y la <strong>naturaleza<\/strong>, transmite esa pasi\u00f3n a la marca y al esqu\u00ed, ya que para \u00e9l su producto va m\u00e1s all\u00e1 de un simple objeto para la pr\u00e1ctica deportiva.<\/p>\n<p>As\u00ed es como convierte los <strong>esqu\u00eds Liken<\/strong> en unos elementos con los que los clientes pueden experimentar unas sensaciones \u00fanicas sobre la nieve y conectar intensamente con las <strong>emociones<\/strong> de cada bajada y de cada giro.<\/p>\n<\/div><div class=\"fusion-sep-clear\"><\/div><div class=\"fusion-separator fusion-full-width-sep\" style=\"margin-left: auto;margin-right: auto;margin-bottom:30px;width:100%;\"><\/div><div class=\"fusion-sep-clear\"><\/div><div class=\"fusion-clearfix\"><\/div><\/div><\/div><div class=\"fusion-layout-column fusion_builder_column fusion-builder-column-2 fusion_builder_column_1_2 1_2 fusion-one-half fusion-column-last\" style=\"--awb-overflow:hidden;--awb-bg-size:cover;--awb-border-radius:15px 15px 15px 15px;width:50%;width:calc(50% - ( ( 4% ) * 0.5 ) );\"><div class=\"fusion-column-wrapper fusion-column-has-shadow fusion-flex-column-wrapper-legacy\"><div class=\"fusion-video fusion-youtube fusion-alignright\" style=\"--awb-max-width:600px;--awb-max-height:360px;--awb-width:100%;\"><div class=\"video-shortcode\"><div class=\"fluid-width-video-wrapper\" style=\"padding-top:60%;\" ><iframe class=\"fusion-hidden\" data-privacy-type=\"youtube\" src=\"\" title=\"YouTube video player 1\" data-privacy-src=\"https:\/\/www.youtube.com\/embed\/8D6dZS5mYaA?wmode=transparent&autoplay=0\" width=\"600\" height=\"360\" allowfullscreen allow=\"autoplay; clipboard-write; encrypted-media; gyroscope; picture-in-picture;\"><\/iframe><div class=\"fusion-privacy-placeholder\" style=\"width:600px; height:360px;\" data-privacy-type=\"youtube\"><div class=\"fusion-privacy-placeholder-content\"><div class=\"fusion-privacy-label\">For privacy reasons YouTube needs your permission to be loaded. For more details, please see our <a class=\"privacy-policy-link\" href=\"https:\/\/www.likenskis.com\/avis-legal\/politica-de-privadesa\/\" rel=\"privacy-policy\">Pol\u00edtica de privacitat<\/a>.<\/div><button data-privacy-type=\"youtube\" class=\"fusion-button button-default fusion-button-default-size button fusion-privacy-consent\">I Accept<\/button><\/div><\/div><\/div><\/div><\/div><div class=\"fusion-clearfix\"><\/div><\/div><\/div><\/div><\/div><div class=\"fusion-fullwidth fullwidth-box fusion-builder-row-3 nonhundred-percent-fullwidth non-hundred-percent-height-scrolling\" style=\"--awb-border-radius-top-left:0px;--awb-border-radius-top-right:0px;--awb-border-radius-bottom-right:0px;--awb-border-radius-bottom-left:0px;--awb-flex-wrap:wrap;\" ><div class=\"fusion-builder-row fusion-row\"><div class=\"fusion-layout-column fusion_builder_column fusion-builder-column-3 fusion_builder_column_1_3 1_3 fusion-one-third fusion-column-first\" style=\"--awb-bg-size:cover;width:33.333333333333%;width:calc(33.333333333333% - ( ( 4% + 4% ) * 0.33333333333333 ) );margin-right: 4%;\"><div class=\"fusion-column-wrapper fusion-column-has-shadow fusion-flex-column-wrapper-legacy\"><div class=\"fusion-text fusion-text-3\"><h2 class=\"fusion-responsive-typography-calculated\" style=\"--fontsize: 20; line-height: 1.57; --minfontsize: 20;\" data-fontsize=\"20\" data-lineheight=\"31.30434799194336px\">Singularidad<\/h2>\n<\/div><div class=\"fusion-sep-clear\"><\/div><div class=\"fusion-separator fusion-full-width-sep\" style=\"margin-left: auto;margin-right: auto;margin-bottom:20px;width:100%;\"><\/div><div class=\"fusion-sep-clear\"><\/div><div class=\"fusion-image-element in-legacy-container\" style=\"--awb-caption-title-font-family:var(--h2_typography-font-family);--awb-caption-title-font-weight:var(--h2_typography-font-weight);--awb-caption-title-font-style:var(--h2_typography-font-style);--awb-caption-title-size:var(--h2_typography-font-size);--awb-caption-title-transform:var(--h2_typography-text-transform);--awb-caption-title-line-height:var(--h2_typography-line-height);--awb-caption-title-letter-spacing:var(--h2_typography-letter-spacing);\"><span class=\" fusion-imageframe imageframe-none imageframe-1 hover-type-none\"><img decoding=\"async\" width=\"800\" height=\"600\" title=\"SINGULARITAT_800x600\" src=\"https:\/\/www.likenskis.com\/wp-content\/uploads\/2020\/03\/SINGULARITAT_800x600.jpg\" data-orig-src=\"https:\/\/www.likenskis.com\/wp-content\/uploads\/2020\/03\/SINGULARITAT_800x600.jpg\" alt class=\"lazyload img-responsive wp-image-2246\" srcset=\"data:image\/svg+xml,%3Csvg%20xmlns%3D%27http%3A%2F%2Fwww.w3.org%2F2000%2Fsvg%27%20width%3D%27800%27%20height%3D%27600%27%20viewBox%3D%270%200%20800%20600%27%3E%3Crect%20width%3D%27800%27%20height%3D%27600%27%20fill-opacity%3D%220%22%2F%3E%3C%2Fsvg%3E\" data-srcset=\"https:\/\/www.likenskis.com\/wp-content\/uploads\/2020\/03\/SINGULARITAT_800x600-200x150.jpg 200w, https:\/\/www.likenskis.com\/wp-content\/uploads\/2020\/03\/SINGULARITAT_800x600-400x300.jpg 400w, https:\/\/www.likenskis.com\/wp-content\/uploads\/2020\/03\/SINGULARITAT_800x600-600x450.jpg 600w, https:\/\/www.likenskis.com\/wp-content\/uploads\/2020\/03\/SINGULARITAT_800x600.jpg 800w\" data-sizes=\"auto\" data-orig-sizes=\"(max-width: 800px) 100vw, 400px\" \/><\/span><\/div><div class=\"fusion-sep-clear\"><\/div><div class=\"fusion-separator fusion-full-width-sep\" style=\"margin-left: auto;margin-right: auto;margin-bottom:20px;width:100%;\"><\/div><div class=\"fusion-sep-clear\"><\/div><div class=\"fusion-text fusion-text-4\"><p>Con el deseo de elaborar el mejor producto para cada usuario, <strong>Liken<\/strong> trabaja para conseguir un esqu\u00ed \u00fanico pensado para cada cliente, <strong>personalizado<\/strong>, dise\u00f1ado y elaborado bajo pedido.<\/p>\n<p>Se adecuan las diversas caracter\u00edsticas del esqu\u00ed a las necesidades del esquiador o esquiadora con un producto nacido en el Pirineo, exclusivo, singular y atractivo.<\/p>\n<\/div><div class=\"fusion-clearfix\"><\/div><\/div><\/div><div class=\"fusion-layout-column fusion_builder_column fusion-builder-column-4 fusion_builder_column_1_3 1_3 fusion-one-third\" style=\"--awb-bg-size:cover;width:33.333333333333%;width:calc(33.333333333333% - ( ( 4% + 4% ) * 0.33333333333333 ) );margin-right: 4%;\"><div class=\"fusion-column-wrapper fusion-column-has-shadow fusion-flex-column-wrapper-legacy\"><div class=\"fusion-text fusion-text-5\"><h2 class=\"fusion-responsive-typography-calculated\" style=\"--fontsize: 20; line-height: 1.57; --minfontsize: 20;\" data-fontsize=\"20\" data-lineheight=\"31.30434799194336px\">Car\u00e1cter<\/h2>\n<\/div><div class=\"fusion-sep-clear\"><\/div><div class=\"fusion-separator fusion-full-width-sep\" style=\"margin-left: auto;margin-right: auto;margin-bottom:20px;width:100%;\"><\/div><div class=\"fusion-sep-clear\"><\/div><div class=\"fusion-image-element in-legacy-container\" style=\"--awb-caption-title-font-family:var(--h2_typography-font-family);--awb-caption-title-font-weight:var(--h2_typography-font-weight);--awb-caption-title-font-style:var(--h2_typography-font-style);--awb-caption-title-size:var(--h2_typography-font-size);--awb-caption-title-transform:var(--h2_typography-text-transform);--awb-caption-title-line-height:var(--h2_typography-line-height);--awb-caption-title-letter-spacing:var(--h2_typography-letter-spacing);\"><span class=\" fusion-imageframe imageframe-none imageframe-2 hover-type-none\"><img decoding=\"async\" width=\"800\" height=\"600\" title=\"CARACTER_800x600\" src=\"https:\/\/www.likenskis.com\/wp-content\/uploads\/2020\/03\/CARACTER_800x600.jpg\" data-orig-src=\"https:\/\/www.likenskis.com\/wp-content\/uploads\/2020\/03\/CARACTER_800x600.jpg\" alt class=\"lazyload img-responsive wp-image-2238\" srcset=\"data:image\/svg+xml,%3Csvg%20xmlns%3D%27http%3A%2F%2Fwww.w3.org%2F2000%2Fsvg%27%20width%3D%27800%27%20height%3D%27600%27%20viewBox%3D%270%200%20800%20600%27%3E%3Crect%20width%3D%27800%27%20height%3D%27600%27%20fill-opacity%3D%220%22%2F%3E%3C%2Fsvg%3E\" data-srcset=\"https:\/\/www.likenskis.com\/wp-content\/uploads\/2020\/03\/CARACTER_800x600-200x150.jpg 200w, https:\/\/www.likenskis.com\/wp-content\/uploads\/2020\/03\/CARACTER_800x600-400x300.jpg 400w, https:\/\/www.likenskis.com\/wp-content\/uploads\/2020\/03\/CARACTER_800x600-600x450.jpg 600w, https:\/\/www.likenskis.com\/wp-content\/uploads\/2020\/03\/CARACTER_800x600.jpg 800w\" data-sizes=\"auto\" data-orig-sizes=\"(max-width: 800px) 100vw, 400px\" \/><\/span><\/div><div class=\"fusion-sep-clear\"><\/div><div class=\"fusion-separator fusion-full-width-sep\" style=\"margin-left: auto;margin-right: auto;margin-bottom:20px;width:100%;\"><\/div><div class=\"fusion-sep-clear\"><\/div><div class=\"fusion-text fusion-text-6\"><p>La personalidad de cualquier pieza de esqu\u00ed viene marcada por su alma: el c\u00f3mo se ha elaborado y con que est\u00e1 fabricado. Si este &#8220;qu\u00e9&#8221; es un coraz\u00f3n de madera entonces su <strong>car\u00e1cter<\/strong> ya queda determinado de forma pr\u00e1cticamente involuntaria por la nobleza de este material, y si el &#8220;como&#8221; es un proceso artesanal, elaborado a fuego lento e incorporando la <strong>tecnolog\u00eda<\/strong> m\u00e1s avanzada e innovadora con conocimiento y dedicaci\u00f3n, entonces el resultado es un producto preciso y de <strong>alta calidad<\/strong>.<\/p>\n<\/div><div class=\"fusion-clearfix\"><\/div><\/div><\/div><div class=\"fusion-layout-column fusion_builder_column fusion-builder-column-5 fusion_builder_column_1_3 1_3 fusion-one-third fusion-column-last\" style=\"--awb-bg-size:cover;width:33.333333333333%;width:calc(33.333333333333% - ( ( 4% + 4% ) * 0.33333333333333 ) );\"><div class=\"fusion-column-wrapper fusion-column-has-shadow fusion-flex-column-wrapper-legacy\"><div class=\"fusion-text fusion-text-7\"><h2 class=\"fusion-responsive-typography-calculated\" style=\"--fontsize: 20; line-height: 1.57; --minfontsize: 20;\" data-fontsize=\"20\" data-lineheight=\"31.30434799194336px\">Prestaciones<\/h2>\n<\/div><div class=\"fusion-sep-clear\"><\/div><div class=\"fusion-separator fusion-full-width-sep\" style=\"margin-left: auto;margin-right: auto;margin-bottom:20px;width:100%;\"><\/div><div class=\"fusion-sep-clear\"><\/div><div class=\"fusion-image-element in-legacy-container\" style=\"--awb-caption-title-font-family:var(--h2_typography-font-family);--awb-caption-title-font-weight:var(--h2_typography-font-weight);--awb-caption-title-font-style:var(--h2_typography-font-style);--awb-caption-title-size:var(--h2_typography-font-size);--awb-caption-title-transform:var(--h2_typography-text-transform);--awb-caption-title-line-height:var(--h2_typography-line-height);--awb-caption-title-letter-spacing:var(--h2_typography-letter-spacing);\"><span class=\" fusion-imageframe imageframe-none imageframe-3 hover-type-none\"><img decoding=\"async\" width=\"800\" height=\"600\" title=\"PRESTACIONS_800x600\" src=\"https:\/\/www.likenskis.com\/wp-content\/uploads\/2020\/03\/PRESTACIONS_800x600.jpg\" data-orig-src=\"https:\/\/www.likenskis.com\/wp-content\/uploads\/2020\/03\/PRESTACIONS_800x600.jpg\" alt class=\"lazyload img-responsive wp-image-2242\" srcset=\"data:image\/svg+xml,%3Csvg%20xmlns%3D%27http%3A%2F%2Fwww.w3.org%2F2000%2Fsvg%27%20width%3D%27800%27%20height%3D%27600%27%20viewBox%3D%270%200%20800%20600%27%3E%3Crect%20width%3D%27800%27%20height%3D%27600%27%20fill-opacity%3D%220%22%2F%3E%3C%2Fsvg%3E\" data-srcset=\"https:\/\/www.likenskis.com\/wp-content\/uploads\/2020\/03\/PRESTACIONS_800x600-200x150.jpg 200w, https:\/\/www.likenskis.com\/wp-content\/uploads\/2020\/03\/PRESTACIONS_800x600-400x300.jpg 400w, https:\/\/www.likenskis.com\/wp-content\/uploads\/2020\/03\/PRESTACIONS_800x600-600x450.jpg 600w, https:\/\/www.likenskis.com\/wp-content\/uploads\/2020\/03\/PRESTACIONS_800x600.jpg 800w\" data-sizes=\"auto\" data-orig-sizes=\"(max-width: 800px) 100vw, 400px\" \/><\/span><\/div><div class=\"fusion-sep-clear\"><\/div><div class=\"fusion-separator fusion-full-width-sep\" style=\"margin-left: auto;margin-right: auto;margin-bottom:20px;width:100%;\"><\/div><div class=\"fusion-sep-clear\"><\/div><div class=\"fusion-text fusion-text-8\"><p>Cada par de esqu\u00eds es fruto de la combinaci\u00f3n de un dise\u00f1o personalizado y fabricado a medida para cada usuario y el proceso de elaboraci\u00f3n totalmente artesanal, a partir de unos materiales de primera calidad y\u00a0<b>proximidad<\/b>,<\/p>\n<p>Liken se convierte en un producto con unas excelentes caracter\u00edsticas, un comportamiento <b>noble<\/b> y unas altas <b>prestaciones<\/b> para los esquiadores y esquiadoras m\u00e1s exigentes.<\/p>\n<\/div><div class=\"fusion-clearfix\"><\/div><\/div><\/div><\/div><\/div><\/p>\n","protected":false},"excerpt":{"rendered":"","protected":false},"author":1,"featured_media":9580,"parent":0,"menu_order":1,"comment_status":"closed","ping_status":"closed","template":"","meta":{"_joinchat":[],"footnotes":""},"class_list":["post-1683","page","type-page","status-publish","has-post-thumbnail","hentry"],"yoast_head":"<!-- This site is optimized with the Yoast SEO plugin v27.3 - https:\/\/yoast.com\/product\/yoast-seo-wordpress\/ -->\n<title>La Marca - Liken Skis - Esquis artesanales fabricados al Pirineo<\/title>\n<meta name=\"description\" content=\"Likens Skis es una empresa de fabricaci\u00f3n de esqu\u00eds artesanales nacida en el Alt Bergued\u00e0, a las puertas del Pirineo.\" \/>\n<meta name=\"robots\" content=\"index, follow, max-snippet:-1, max-image-preview:large, max-video-preview:-1\" \/>\n<link rel=\"canonical\" href=\"https:\/\/www.likenskis.com\/es\/la-marca\/\" \/>\n<meta property=\"og:locale\" content=\"es_ES\" \/>\n<meta property=\"og:type\" content=\"article\" \/>\n<meta property=\"og:title\" content=\"La Marca - Liken Skis - Esquis artesanales fabricados al Pirineo\" \/>\n<meta property=\"og:description\" content=\"Likens Skis es una empresa de fabricaci\u00f3n de esqu\u00eds artesanales nacida en el Alt Bergued\u00e0, a las puertas del Pirineo.\" \/>\n<meta property=\"og:url\" content=\"https:\/\/www.likenskis.com\/es\/la-marca\/\" \/>\n<meta property=\"og:site_name\" content=\"Liken Skis\" \/>\n<meta property=\"article:modified_time\" content=\"2023-03-14T15:52:57+00:00\" \/>\n<meta property=\"og:image\" content=\"http:\/\/www.likenskis.com\/wp-content\/uploads\/2021\/05\/Imagen-1.png\" \/>\n\t<meta property=\"og:image:width\" content=\"1183\" \/>\n\t<meta property=\"og:image:height\" content=\"1181\" \/>\n\t<meta property=\"og:image:type\" content=\"image\/png\" \/>\n<meta name=\"twitter:card\" content=\"summary_large_image\" \/>\n<meta name=\"twitter:site\" content=\"@LikenSkis\" \/>\n<meta name=\"twitter:label1\" content=\"Tiempo de lectura\" \/>\n\t<meta name=\"twitter:data1\" content=\"10 minutos\" \/>\n<script type=\"application\/ld+json\" class=\"yoast-schema-graph\">{\"@context\":\"https:\\\/\\\/schema.org\",\"@graph\":[{\"@type\":\"WebPage\",\"@id\":\"https:\\\/\\\/www.likenskis.com\\\/es\\\/la-marca\\\/\",\"url\":\"https:\\\/\\\/www.likenskis.com\\\/es\\\/la-marca\\\/\",\"name\":\"La Marca - Liken Skis - Esquis artesanales fabricados al Pirineo\",\"isPartOf\":{\"@id\":\"https:\\\/\\\/www.likenskis.com\\\/es\\\/#website\"},\"primaryImageOfPage\":{\"@id\":\"https:\\\/\\\/www.likenskis.com\\\/es\\\/la-marca\\\/#primaryimage\"},\"image\":{\"@id\":\"https:\\\/\\\/www.likenskis.com\\\/es\\\/la-marca\\\/#primaryimage\"},\"thumbnailUrl\":\"https:\\\/\\\/www.likenskis.com\\\/wp-content\\\/uploads\\\/2021\\\/05\\\/Imagen-1.png\",\"datePublished\":\"2019-09-20T03:42:48+00:00\",\"dateModified\":\"2023-03-14T15:52:57+00:00\",\"description\":\"Likens Skis es una empresa de fabricaci\u00f3n de esqu\u00eds artesanales nacida en el Alt Bergued\u00e0, a las puertas del Pirineo.\",\"breadcrumb\":{\"@id\":\"https:\\\/\\\/www.likenskis.com\\\/es\\\/la-marca\\\/#breadcrumb\"},\"inLanguage\":\"es\",\"potentialAction\":[{\"@type\":\"ReadAction\",\"target\":[\"https:\\\/\\\/www.likenskis.com\\\/es\\\/la-marca\\\/\"]}]},{\"@type\":\"ImageObject\",\"inLanguage\":\"es\",\"@id\":\"https:\\\/\\\/www.likenskis.com\\\/es\\\/la-marca\\\/#primaryimage\",\"url\":\"https:\\\/\\\/www.likenskis.com\\\/wp-content\\\/uploads\\\/2021\\\/05\\\/Imagen-1.png\",\"contentUrl\":\"https:\\\/\\\/www.likenskis.com\\\/wp-content\\\/uploads\\\/2021\\\/05\\\/Imagen-1.png\",\"width\":1183,\"height\":1181,\"caption\":\"Liken Skis - Esqu\u00eds artesanals\"},{\"@type\":\"BreadcrumbList\",\"@id\":\"https:\\\/\\\/www.likenskis.com\\\/es\\\/la-marca\\\/#breadcrumb\",\"itemListElement\":[{\"@type\":\"ListItem\",\"position\":1,\"name\":\"Inici\",\"item\":\"http:\\\/\\\/www.likenskis.com\\\/es\\\/\"},{\"@type\":\"ListItem\",\"position\":2,\"name\":\"La Marca\"}]},{\"@type\":\"WebSite\",\"@id\":\"https:\\\/\\\/www.likenskis.com\\\/es\\\/#website\",\"url\":\"https:\\\/\\\/www.likenskis.com\\\/es\\\/\",\"name\":\"Liken Skis\",\"description\":\"Esqu\u00eds artesanales de madera\",\"publisher\":{\"@id\":\"https:\\\/\\\/www.likenskis.com\\\/es\\\/#organization\"},\"potentialAction\":[{\"@type\":\"SearchAction\",\"target\":{\"@type\":\"EntryPoint\",\"urlTemplate\":\"https:\\\/\\\/www.likenskis.com\\\/es\\\/?s={search_term_string}\"},\"query-input\":{\"@type\":\"PropertyValueSpecification\",\"valueRequired\":true,\"valueName\":\"search_term_string\"}}],\"inLanguage\":\"es\"},{\"@type\":\"Organization\",\"@id\":\"https:\\\/\\\/www.likenskis.com\\\/es\\\/#organization\",\"name\":\"Liken Skis\",\"url\":\"https:\\\/\\\/www.likenskis.com\\\/es\\\/\",\"logo\":{\"@type\":\"ImageObject\",\"inLanguage\":\"es\",\"@id\":\"https:\\\/\\\/www.likenskis.com\\\/es\\\/#\\\/schema\\\/logo\\\/image\\\/\",\"url\":\"https:\\\/\\\/www.likenskis.com\\\/wp-content\\\/uploads\\\/2019\\\/06\\\/Logo-LikenSkis-Retina.jpg\",\"contentUrl\":\"https:\\\/\\\/www.likenskis.com\\\/wp-content\\\/uploads\\\/2019\\\/06\\\/Logo-LikenSkis-Retina.jpg\",\"width\":288,\"height\":80,\"caption\":\"Liken Skis\"},\"image\":{\"@id\":\"https:\\\/\\\/www.likenskis.com\\\/es\\\/#\\\/schema\\\/logo\\\/image\\\/\"},\"sameAs\":[\"https:\\\/\\\/x.com\\\/LikenSkis\"]}]}<\/script>\n<!-- \/ Yoast SEO plugin. -->","yoast_head_json":{"title":"La Marca - Liken Skis - Esquis artesanales fabricados al Pirineo","description":"Likens Skis es una empresa de fabricaci\u00f3n de esqu\u00eds artesanales nacida en el Alt Bergued\u00e0, a las puertas del Pirineo.","robots":{"index":"index","follow":"follow","max-snippet":"max-snippet:-1","max-image-preview":"max-image-preview:large","max-video-preview":"max-video-preview:-1"},"canonical":"https:\/\/www.likenskis.com\/es\/la-marca\/","og_locale":"es_ES","og_type":"article","og_title":"La Marca - Liken Skis - Esquis artesanales fabricados al Pirineo","og_description":"Likens Skis es una empresa de fabricaci\u00f3n de esqu\u00eds artesanales nacida en el Alt Bergued\u00e0, a las puertas del Pirineo.","og_url":"https:\/\/www.likenskis.com\/es\/la-marca\/","og_site_name":"Liken Skis","article_modified_time":"2023-03-14T15:52:57+00:00","og_image":[{"width":1183,"height":1181,"url":"http:\/\/www.likenskis.com\/wp-content\/uploads\/2021\/05\/Imagen-1.png","type":"image\/png"}],"twitter_card":"summary_large_image","twitter_site":"@LikenSkis","twitter_misc":{"Tiempo de lectura":"10 minutos"},"schema":{"@context":"https:\/\/schema.org","@graph":[{"@type":"WebPage","@id":"https:\/\/www.likenskis.com\/es\/la-marca\/","url":"https:\/\/www.likenskis.com\/es\/la-marca\/","name":"La Marca - Liken Skis - Esquis artesanales fabricados al Pirineo","isPartOf":{"@id":"https:\/\/www.likenskis.com\/es\/#website"},"primaryImageOfPage":{"@id":"https:\/\/www.likenskis.com\/es\/la-marca\/#primaryimage"},"image":{"@id":"https:\/\/www.likenskis.com\/es\/la-marca\/#primaryimage"},"thumbnailUrl":"https:\/\/www.likenskis.com\/wp-content\/uploads\/2021\/05\/Imagen-1.png","datePublished":"2019-09-20T03:42:48+00:00","dateModified":"2023-03-14T15:52:57+00:00","description":"Likens Skis es una empresa de fabricaci\u00f3n de esqu\u00eds artesanales nacida en el Alt Bergued\u00e0, a las puertas del Pirineo.","breadcrumb":{"@id":"https:\/\/www.likenskis.com\/es\/la-marca\/#breadcrumb"},"inLanguage":"es","potentialAction":[{"@type":"ReadAction","target":["https:\/\/www.likenskis.com\/es\/la-marca\/"]}]},{"@type":"ImageObject","inLanguage":"es","@id":"https:\/\/www.likenskis.com\/es\/la-marca\/#primaryimage","url":"https:\/\/www.likenskis.com\/wp-content\/uploads\/2021\/05\/Imagen-1.png","contentUrl":"https:\/\/www.likenskis.com\/wp-content\/uploads\/2021\/05\/Imagen-1.png","width":1183,"height":1181,"caption":"Liken Skis - Esqu\u00eds artesanals"},{"@type":"BreadcrumbList","@id":"https:\/\/www.likenskis.com\/es\/la-marca\/#breadcrumb","itemListElement":[{"@type":"ListItem","position":1,"name":"Inici","item":"http:\/\/www.likenskis.com\/es\/"},{"@type":"ListItem","position":2,"name":"La Marca"}]},{"@type":"WebSite","@id":"https:\/\/www.likenskis.com\/es\/#website","url":"https:\/\/www.likenskis.com\/es\/","name":"Liken Skis","description":"Esqu\u00eds artesanales de madera","publisher":{"@id":"https:\/\/www.likenskis.com\/es\/#organization"},"potentialAction":[{"@type":"SearchAction","target":{"@type":"EntryPoint","urlTemplate":"https:\/\/www.likenskis.com\/es\/?s={search_term_string}"},"query-input":{"@type":"PropertyValueSpecification","valueRequired":true,"valueName":"search_term_string"}}],"inLanguage":"es"},{"@type":"Organization","@id":"https:\/\/www.likenskis.com\/es\/#organization","name":"Liken Skis","url":"https:\/\/www.likenskis.com\/es\/","logo":{"@type":"ImageObject","inLanguage":"es","@id":"https:\/\/www.likenskis.com\/es\/#\/schema\/logo\/image\/","url":"https:\/\/www.likenskis.com\/wp-content\/uploads\/2019\/06\/Logo-LikenSkis-Retina.jpg","contentUrl":"https:\/\/www.likenskis.com\/wp-content\/uploads\/2019\/06\/Logo-LikenSkis-Retina.jpg","width":288,"height":80,"caption":"Liken Skis"},"image":{"@id":"https:\/\/www.likenskis.com\/es\/#\/schema\/logo\/image\/"},"sameAs":["https:\/\/x.com\/LikenSkis"]}]}},"_links":{"self":[{"href":"https:\/\/www.likenskis.com\/es\/wp-json\/wp\/v2\/pages\/1683","targetHints":{"allow":["GET"]}}],"collection":[{"href":"https:\/\/www.likenskis.com\/es\/wp-json\/wp\/v2\/pages"}],"about":[{"href":"https:\/\/www.likenskis.com\/es\/wp-json\/wp\/v2\/types\/page"}],"author":[{"embeddable":true,"href":"https:\/\/www.likenskis.com\/es\/wp-json\/wp\/v2\/users\/1"}],"replies":[{"embeddable":true,"href":"https:\/\/www.likenskis.com\/es\/wp-json\/wp\/v2\/comments?post=1683"}],"version-history":[{"count":8,"href":"https:\/\/www.likenskis.com\/es\/wp-json\/wp\/v2\/pages\/1683\/revisions"}],"predecessor-version":[{"id":13589,"href":"https:\/\/www.likenskis.com\/es\/wp-json\/wp\/v2\/pages\/1683\/revisions\/13589"}],"wp:featuredmedia":[{"embeddable":true,"href":"https:\/\/www.likenskis.com\/es\/wp-json\/wp\/v2\/media\/9580"}],"wp:attachment":[{"href":"https:\/\/www.likenskis.com\/es\/wp-json\/wp\/v2\/media?parent=1683"}],"curies":[{"name":"wp","href":"https:\/\/api.w.org\/{rel}","templated":true}]}}