{"id":9812,"date":"2021-01-12T11:23:06","date_gmt":"2021-07-02T09:23:10","guid":{"rendered":"https:\/\/www.likenskis.com\/?post_type=product&#038;p=9812"},"modified":"2022-06-05T10:05:32","modified_gmt":"2022-06-05T08:05:32","slug":"bocnroll","status":"publish","type":"product","link":"https:\/\/www.likenskis.com\/es\/producte\/bocnroll\/","title":{"rendered":"Boc&#8217;n&#8217;Roll"},"content":{"rendered":"","protected":false},"excerpt":{"rendered":"<p class=\"fusion-responsive-typography-calculated\" data-fontsize=\"25.5\" data-lineheight=\"25px\">El portabocadillos reutilizable, ajustable, plegable y lavable<\/p>\n<p id=\"portabocatastext\">Adi\u00f3s a los envoltorios desechables. Este es tu portabocadillos ecol\u00f3gico para comer fuera de casa. Su cierre f\u00e1cil lo ajusta a cualquier alimento (sandwich, fruta\u2026). Es muy pr\u00e1ctico, ligero, lavable y sirve de mantel. Para que puedas reutilizar y redisfrutar tu porta bocatas favorito.<\/p>\n","protected":false},"featured_media":9837,"comment_status":"closed","ping_status":"closed","template":"","meta":{"_joinchat":[]},"product_brand":[],"product_cat":[230],"product_tag":[589],"class_list":{"0":"post-9812","1":"product","2":"type-product","3":"status-publish","4":"has-post-thumbnail","6":"product_cat-complementos","7":"product_tag-bocnroll-es","8":"product_shipping_class-normal-fr","9":"product_shipping_class-normal-es","11":"first","12":"instock","13":"taxable","14":"shipping-taxable","15":"purchasable","16":"product-type-simple"},"yoast_head":"<!-- This site is optimized with the Yoast SEO plugin v27.3 - https:\/\/yoast.com\/product\/yoast-seo-wordpress\/ -->\n<title>Boc&#039;n&#039;Roll - Liken Skis<\/title>\n<meta name=\"robots\" content=\"index, follow, max-snippet:-1, max-image-preview:large, max-video-preview:-1\" \/>\n<link rel=\"canonical\" href=\"https:\/\/www.likenskis.com\/es\/producte\/bocnroll\/\" \/>\n<meta property=\"og:locale\" content=\"es_ES\" \/>\n<meta property=\"og:type\" content=\"article\" \/>\n<meta property=\"og:title\" content=\"Boc&#039;n&#039;Roll - Liken Skis\" \/>\n<meta property=\"og:description\" content=\"El portabocadillos reutilizable, ajustable, plegable y lavable Adi\u00f3s a los envoltorios desechables. Este es tu portabocadillos ecol\u00f3gico para comer fuera de casa. Su cierre f\u00e1cil lo ajusta a cualquier alimento (sandwich, fruta\u2026). Es muy pr\u00e1ctico, ligero, lavable y sirve de mantel. Para que puedas reutilizar y redisfrutar tu porta bocatas favorito.\" \/>\n<meta property=\"og:url\" content=\"https:\/\/www.likenskis.com\/es\/producte\/bocnroll\/\" \/>\n<meta property=\"og:site_name\" content=\"Liken Skis\" \/>\n<meta property=\"article:modified_time\" content=\"2022-06-05T08:05:32+00:00\" \/>\n<meta property=\"og:image\" content=\"http:\/\/www.likenskis.com\/wp-content\/uploads\/2021\/07\/BOCNROLL_04_LOW-scaled.jpg\" \/>\n\t<meta property=\"og:image:width\" content=\"2560\" \/>\n\t<meta property=\"og:image:height\" content=\"2560\" \/>\n\t<meta property=\"og:image:type\" content=\"image\/jpeg\" \/>\n<meta name=\"twitter:card\" content=\"summary_large_image\" \/>\n<meta name=\"twitter:site\" content=\"@LikenSkis\" \/>\n<script type=\"application\/ld+json\" class=\"yoast-schema-graph\">{\"@context\":\"https:\\\/\\\/schema.org\",\"@graph\":[{\"@type\":\"WebPage\",\"@id\":\"https:\\\/\\\/www.likenskis.com\\\/es\\\/producte\\\/bocnroll\\\/\",\"url\":\"https:\\\/\\\/www.likenskis.com\\\/es\\\/producte\\\/bocnroll\\\/\",\"name\":\"Boc'n'Roll - Liken Skis\",\"isPartOf\":{\"@id\":\"https:\\\/\\\/www.likenskis.com\\\/es\\\/#website\"},\"primaryImageOfPage\":{\"@id\":\"https:\\\/\\\/www.likenskis.com\\\/es\\\/producte\\\/bocnroll\\\/#primaryimage\"},\"image\":{\"@id\":\"https:\\\/\\\/www.likenskis.com\\\/es\\\/producte\\\/bocnroll\\\/#primaryimage\"},\"thumbnailUrl\":\"https:\\\/\\\/www.likenskis.com\\\/wp-content\\\/uploads\\\/2021\\\/07\\\/BOCNROLL_04_LOW-scaled.jpg\",\"datePublished\":\"2021-07-02T09:23:10+00:00\",\"dateModified\":\"2022-06-05T08:05:32+00:00\",\"breadcrumb\":{\"@id\":\"https:\\\/\\\/www.likenskis.com\\\/es\\\/producte\\\/bocnroll\\\/#breadcrumb\"},\"inLanguage\":\"es\",\"potentialAction\":[{\"@type\":\"ReadAction\",\"target\":[\"https:\\\/\\\/www.likenskis.com\\\/es\\\/producte\\\/bocnroll\\\/\"]}]},{\"@type\":\"ImageObject\",\"inLanguage\":\"es\",\"@id\":\"https:\\\/\\\/www.likenskis.com\\\/es\\\/producte\\\/bocnroll\\\/#primaryimage\",\"url\":\"https:\\\/\\\/www.likenskis.com\\\/wp-content\\\/uploads\\\/2021\\\/07\\\/BOCNROLL_04_LOW-scaled.jpg\",\"contentUrl\":\"https:\\\/\\\/www.likenskis.com\\\/wp-content\\\/uploads\\\/2021\\\/07\\\/BOCNROLL_04_LOW-scaled.jpg\",\"width\":2560,\"height\":2560,\"caption\":\"Boc'n'Roll de Liken Skis amb un entrep\u00e0\"},{\"@type\":\"BreadcrumbList\",\"@id\":\"https:\\\/\\\/www.likenskis.com\\\/es\\\/producte\\\/bocnroll\\\/#breadcrumb\",\"itemListElement\":[{\"@type\":\"ListItem\",\"position\":1,\"name\":\"Inici\",\"item\":\"https:\\\/\\\/www.likenskis.com\\\/es\\\/\"},{\"@type\":\"ListItem\",\"position\":2,\"name\":\"Botiga\",\"item\":\"https:\\\/\\\/www.likenskis.com\\\/botiga\\\/\"},{\"@type\":\"ListItem\",\"position\":3,\"name\":\"Boc&#8217;n&#8217;Roll\"}]},{\"@type\":\"WebSite\",\"@id\":\"https:\\\/\\\/www.likenskis.com\\\/es\\\/#website\",\"url\":\"https:\\\/\\\/www.likenskis.com\\\/es\\\/\",\"name\":\"Liken Skis\",\"description\":\"Esqu\u00eds artesanales de madera\",\"publisher\":{\"@id\":\"https:\\\/\\\/www.likenskis.com\\\/es\\\/#organization\"},\"potentialAction\":[{\"@type\":\"SearchAction\",\"target\":{\"@type\":\"EntryPoint\",\"urlTemplate\":\"https:\\\/\\\/www.likenskis.com\\\/es\\\/?s={search_term_string}\"},\"query-input\":{\"@type\":\"PropertyValueSpecification\",\"valueRequired\":true,\"valueName\":\"search_term_string\"}}],\"inLanguage\":\"es\"},{\"@type\":\"Organization\",\"@id\":\"https:\\\/\\\/www.likenskis.com\\\/es\\\/#organization\",\"name\":\"Liken Skis\",\"url\":\"https:\\\/\\\/www.likenskis.com\\\/es\\\/\",\"logo\":{\"@type\":\"ImageObject\",\"inLanguage\":\"es\",\"@id\":\"https:\\\/\\\/www.likenskis.com\\\/es\\\/#\\\/schema\\\/logo\\\/image\\\/\",\"url\":\"https:\\\/\\\/www.likenskis.com\\\/wp-content\\\/uploads\\\/2019\\\/06\\\/Logo-LikenSkis-Retina.jpg\",\"contentUrl\":\"https:\\\/\\\/www.likenskis.com\\\/wp-content\\\/uploads\\\/2019\\\/06\\\/Logo-LikenSkis-Retina.jpg\",\"width\":288,\"height\":80,\"caption\":\"Liken Skis\"},\"image\":{\"@id\":\"https:\\\/\\\/www.likenskis.com\\\/es\\\/#\\\/schema\\\/logo\\\/image\\\/\"},\"sameAs\":[\"https:\\\/\\\/x.com\\\/LikenSkis\"]}]}<\/script>\n<!-- \/ Yoast SEO plugin. -->","yoast_head_json":{"title":"Boc'n'Roll - Liken Skis","robots":{"index":"index","follow":"follow","max-snippet":"max-snippet:-1","max-image-preview":"max-image-preview:large","max-video-preview":"max-video-preview:-1"},"canonical":"https:\/\/www.likenskis.com\/es\/producte\/bocnroll\/","og_locale":"es_ES","og_type":"article","og_title":"Boc'n'Roll - Liken Skis","og_description":"El portabocadillos reutilizable, ajustable, plegable y lavable Adi\u00f3s a los envoltorios desechables. Este es tu portabocadillos ecol\u00f3gico para comer fuera de casa. Su cierre f\u00e1cil lo ajusta a cualquier alimento (sandwich, fruta\u2026). Es muy pr\u00e1ctico, ligero, lavable y sirve de mantel. Para que puedas reutilizar y redisfrutar tu porta bocatas favorito.","og_url":"https:\/\/www.likenskis.com\/es\/producte\/bocnroll\/","og_site_name":"Liken Skis","article_modified_time":"2022-06-05T08:05:32+00:00","og_image":[{"width":2560,"height":2560,"url":"http:\/\/www.likenskis.com\/wp-content\/uploads\/2021\/07\/BOCNROLL_04_LOW-scaled.jpg","type":"image\/jpeg"}],"twitter_card":"summary_large_image","twitter_site":"@LikenSkis","schema":{"@context":"https:\/\/schema.org","@graph":[{"@type":"WebPage","@id":"https:\/\/www.likenskis.com\/es\/producte\/bocnroll\/","url":"https:\/\/www.likenskis.com\/es\/producte\/bocnroll\/","name":"Boc'n'Roll - Liken Skis","isPartOf":{"@id":"https:\/\/www.likenskis.com\/es\/#website"},"primaryImageOfPage":{"@id":"https:\/\/www.likenskis.com\/es\/producte\/bocnroll\/#primaryimage"},"image":{"@id":"https:\/\/www.likenskis.com\/es\/producte\/bocnroll\/#primaryimage"},"thumbnailUrl":"https:\/\/www.likenskis.com\/wp-content\/uploads\/2021\/07\/BOCNROLL_04_LOW-scaled.jpg","datePublished":"2021-07-02T09:23:10+00:00","dateModified":"2022-06-05T08:05:32+00:00","breadcrumb":{"@id":"https:\/\/www.likenskis.com\/es\/producte\/bocnroll\/#breadcrumb"},"inLanguage":"es","potentialAction":[{"@type":"ReadAction","target":["https:\/\/www.likenskis.com\/es\/producte\/bocnroll\/"]}]},{"@type":"ImageObject","inLanguage":"es","@id":"https:\/\/www.likenskis.com\/es\/producte\/bocnroll\/#primaryimage","url":"https:\/\/www.likenskis.com\/wp-content\/uploads\/2021\/07\/BOCNROLL_04_LOW-scaled.jpg","contentUrl":"https:\/\/www.likenskis.com\/wp-content\/uploads\/2021\/07\/BOCNROLL_04_LOW-scaled.jpg","width":2560,"height":2560,"caption":"Boc'n'Roll de Liken Skis amb un entrep\u00e0"},{"@type":"BreadcrumbList","@id":"https:\/\/www.likenskis.com\/es\/producte\/bocnroll\/#breadcrumb","itemListElement":[{"@type":"ListItem","position":1,"name":"Inici","item":"https:\/\/www.likenskis.com\/es\/"},{"@type":"ListItem","position":2,"name":"Botiga","item":"https:\/\/www.likenskis.com\/botiga\/"},{"@type":"ListItem","position":3,"name":"Boc&#8217;n&#8217;Roll"}]},{"@type":"WebSite","@id":"https:\/\/www.likenskis.com\/es\/#website","url":"https:\/\/www.likenskis.com\/es\/","name":"Liken Skis","description":"Esqu\u00eds artesanales de madera","publisher":{"@id":"https:\/\/www.likenskis.com\/es\/#organization"},"potentialAction":[{"@type":"SearchAction","target":{"@type":"EntryPoint","urlTemplate":"https:\/\/www.likenskis.com\/es\/?s={search_term_string}"},"query-input":{"@type":"PropertyValueSpecification","valueRequired":true,"valueName":"search_term_string"}}],"inLanguage":"es"},{"@type":"Organization","@id":"https:\/\/www.likenskis.com\/es\/#organization","name":"Liken Skis","url":"https:\/\/www.likenskis.com\/es\/","logo":{"@type":"ImageObject","inLanguage":"es","@id":"https:\/\/www.likenskis.com\/es\/#\/schema\/logo\/image\/","url":"https:\/\/www.likenskis.com\/wp-content\/uploads\/2019\/06\/Logo-LikenSkis-Retina.jpg","contentUrl":"https:\/\/www.likenskis.com\/wp-content\/uploads\/2019\/06\/Logo-LikenSkis-Retina.jpg","width":288,"height":80,"caption":"Liken Skis"},"image":{"@id":"https:\/\/www.likenskis.com\/es\/#\/schema\/logo\/image\/"},"sameAs":["https:\/\/x.com\/LikenSkis"]}]}},"_links":{"self":[{"href":"https:\/\/www.likenskis.com\/es\/wp-json\/wp\/v2\/product\/9812","targetHints":{"allow":["GET"]}}],"collection":[{"href":"https:\/\/www.likenskis.com\/es\/wp-json\/wp\/v2\/product"}],"about":[{"href":"https:\/\/www.likenskis.com\/es\/wp-json\/wp\/v2\/types\/product"}],"replies":[{"embeddable":true,"href":"https:\/\/www.likenskis.com\/es\/wp-json\/wp\/v2\/comments?post=9812"}],"wp:featuredmedia":[{"embeddable":true,"href":"https:\/\/www.likenskis.com\/es\/wp-json\/wp\/v2\/media\/9837"}],"wp:attachment":[{"href":"https:\/\/www.likenskis.com\/es\/wp-json\/wp\/v2\/media?parent=9812"}],"wp:term":[{"taxonomy":"product_brand","embeddable":true,"href":"https:\/\/www.likenskis.com\/es\/wp-json\/wp\/v2\/product_brand?post=9812"},{"taxonomy":"product_cat","embeddable":true,"href":"https:\/\/www.likenskis.com\/es\/wp-json\/wp\/v2\/product_cat?post=9812"},{"taxonomy":"product_tag","embeddable":true,"href":"https:\/\/www.likenskis.com\/es\/wp-json\/wp\/v2\/product_tag?post=9812"}],"curies":[{"name":"wp","href":"https:\/\/api.w.org\/{rel}","templated":true}]}}