{"id":1656,"date":"2019-09-20T05:09:42","date_gmt":"2019-09-20T03:09:42","guid":{"rendered":"https:\/\/www.likenskis.com\/contact\/"},"modified":"2021-04-18T20:35:08","modified_gmt":"2021-04-18T18:35:08","slug":"contact","status":"publish","type":"page","link":"https:\/\/www.likenskis.com\/fr\/contact\/","title":{"rendered":"Contact"},"content":{"rendered":"<p><div class=\"fusion-fullwidth fullwidth-box fusion-builder-row-1 nonhundred-percent-fullwidth non-hundred-percent-height-scrolling\" style=\"--awb-border-radius-top-left:0px;--awb-border-radius-top-right:0px;--awb-border-radius-bottom-right:0px;--awb-border-radius-bottom-left:0px;--awb-flex-wrap:wrap;\" ><div class=\"fusion-builder-row fusion-row\"><div class=\"fusion-layout-column fusion_builder_column fusion-builder-column-0 fusion_builder_column_2_5 2_5 fusion-two-fifth fusion-column-first\" style=\"--awb-bg-size:cover;width:40%;width:calc(40% - ( ( 4% ) * 0.4 ) );margin-right: 4%;\"><div class=\"fusion-column-wrapper fusion-column-has-shadow fusion-flex-column-wrapper-legacy\"><div class=\"fusion-text fusion-text-1\"><h1>Atelier &#8211; Showroom<\/h1>\n<div class=\"fusion-sep-clear\"><\/div><div class=\"fusion-separator fusion-full-width-sep\" style=\"margin-left: auto;margin-right: auto;margin-bottom:20px;width:100%;\"><\/div><div class=\"fusion-sep-clear\"><\/div>\n<p>L&#8217;atelier Liken est situ\u00e9 \u00e0 La Pobla de Lillet, dans l&#8217;Alt Bergued\u00e0, dans les Pyr\u00e9n\u00e9es catalanes. Il partage l&#8217;espace avec le showroom de mat\u00e9riel d&#8217;exposition et de test.<\/p>\n<p>Nous vous ouvrons les portes pour vous faire conna\u00eetre le projet et exp\u00e9rimenter les sensations uniques de certains skis en bois nobles.<\/p>\n<p>Venez d\u00e9couvrir la collection de skis de test et r\u00e9servez-les pour pouvoir ressentir des \u00e9motions que vous n\u2019avez pas connues jusqu\u2019\u00e0 pr\u00e9sent. Laissez-vous surprendre !<\/p>\n<\/div><div class=\"fusion-clearfix\"><\/div><\/div><\/div><div class=\"fusion-layout-column fusion_builder_column fusion-builder-column-1 fusion_builder_column_3_5 3_5 fusion-three-fifth fusion-column-last\" style=\"--awb-bg-size:cover;width:60%;width:calc(60% - ( ( 4% ) * 0.6 ) );\"><div class=\"fusion-column-wrapper fusion-column-has-shadow fusion-flex-column-wrapper-legacy\"><div class=\"fusion-image-element in-legacy-container\" style=\"--awb-caption-title-font-family:var(--h2_typography-font-family);--awb-caption-title-font-weight:var(--h2_typography-font-weight);--awb-caption-title-font-style:var(--h2_typography-font-style);--awb-caption-title-size:var(--h2_typography-font-size);--awb-caption-title-transform:var(--h2_typography-text-transform);--awb-caption-title-line-height:var(--h2_typography-line-height);--awb-caption-title-letter-spacing:var(--h2_typography-letter-spacing);\"><span class=\" fusion-imageframe imageframe-none imageframe-1 hover-type-none\"><img decoding=\"async\" width=\"2560\" height=\"1707\" title=\"2021_03 Showroom LOW 007\" src=\"https:\/\/www.likenskis.com\/wp-content\/uploads\/2021\/04\/2021_03-Showroom-LOW-007-1-scaled.jpg\" data-orig-src=\"https:\/\/www.likenskis.com\/wp-content\/uploads\/2021\/04\/2021_03-Showroom-LOW-007-1-scaled.jpg\" alt class=\"lazyload img-responsive wp-image-9450\" srcset=\"data:image\/svg+xml,%3Csvg%20xmlns%3D%27http%3A%2F%2Fwww.w3.org%2F2000%2Fsvg%27%20width%3D%272560%27%20height%3D%271707%27%20viewBox%3D%270%200%202560%201707%27%3E%3Crect%20width%3D%272560%27%20height%3D%271707%27%20fill-opacity%3D%220%22%2F%3E%3C%2Fsvg%3E\" data-srcset=\"https:\/\/www.likenskis.com\/wp-content\/uploads\/2021\/04\/2021_03-Showroom-LOW-007-1-200x133.jpg 200w, https:\/\/www.likenskis.com\/wp-content\/uploads\/2021\/04\/2021_03-Showroom-LOW-007-1-400x267.jpg 400w, https:\/\/www.likenskis.com\/wp-content\/uploads\/2021\/04\/2021_03-Showroom-LOW-007-1-600x400.jpg 600w, https:\/\/www.likenskis.com\/wp-content\/uploads\/2021\/04\/2021_03-Showroom-LOW-007-1-800x533.jpg 800w, https:\/\/www.likenskis.com\/wp-content\/uploads\/2021\/04\/2021_03-Showroom-LOW-007-1-1200x800.jpg 1200w, https:\/\/www.likenskis.com\/wp-content\/uploads\/2021\/04\/2021_03-Showroom-LOW-007-1-scaled.jpg 2560w\" data-sizes=\"auto\" data-orig-sizes=\"(max-width: 800px) 100vw, 600px\" \/><\/span><\/div><div class=\"fusion-clearfix\"><\/div><\/div><\/div><\/div><\/div><div class=\"fusion-fullwidth fullwidth-box fusion-builder-row-2 nonhundred-percent-fullwidth non-hundred-percent-height-scrolling\" style=\"--awb-border-radius-top-left:0px;--awb-border-radius-top-right:0px;--awb-border-radius-bottom-right:0px;--awb-border-radius-bottom-left:0px;--awb-flex-wrap:wrap;\" ><div class=\"fusion-builder-row fusion-row\"><div class=\"fusion-layout-column fusion_builder_column fusion-builder-column-2 fusion_builder_column_1_1 1_1 fusion-one-full fusion-column-first fusion-column-last\" style=\"--awb-bg-size:cover;\"><div class=\"fusion-column-wrapper fusion-column-has-shadow fusion-flex-column-wrapper-legacy\"><div class=\"fusion-text fusion-text-2\"><h1>Formulaire de contact<\/h1>\n<\/div><div class=\"fusion-text fusion-text-3\">\n<div class=\"wpcf7 no-js\" id=\"wpcf7-f9202-o1\" lang=\"fr-FR\" dir=\"ltr\" data-wpcf7-id=\"9202\">\n<div class=\"screen-reader-response\"><p role=\"status\" aria-live=\"polite\" aria-atomic=\"true\"><\/p> <ul><\/ul><\/div>\n<form action=\"\/fr\/wp-json\/wp\/v2\/pages\/1656#wpcf7-f9202-o1\" method=\"post\" class=\"wpcf7-form init\" aria-label=\"Formulaire de contact\" novalidate=\"novalidate\" data-status=\"init\">\n<fieldset class=\"hidden-fields-container\"><input type=\"hidden\" name=\"_wpcf7\" value=\"9202\" \/><input type=\"hidden\" name=\"_wpcf7_version\" value=\"6.1.5\" \/><input type=\"hidden\" name=\"_wpcf7_locale\" value=\"fr_FR\" \/><input type=\"hidden\" name=\"_wpcf7_unit_tag\" value=\"wpcf7-f9202-o1\" \/><input type=\"hidden\" name=\"_wpcf7_container_post\" value=\"0\" \/><input type=\"hidden\" name=\"_wpcf7_posted_data_hash\" value=\"\" \/><input type=\"hidden\" name=\"_wpcf7_recaptcha_response\" value=\"\" \/>\n<\/fieldset>\n<p><label> Pr\u00e9nom<br \/>\n<span class=\"wpcf7-form-control-wrap\" data-name=\"your-name\"><input size=\"40\" maxlength=\"400\" class=\"wpcf7-form-control wpcf7-text wpcf7-validates-as-required\" aria-required=\"true\" aria-invalid=\"false\" value=\"\" type=\"text\" name=\"your-name\" \/><\/span> <\/label>\n<\/p>\n<p><label> Courrier<br \/>\n<span class=\"wpcf7-form-control-wrap\" data-name=\"your-email\"><input size=\"40\" maxlength=\"400\" class=\"wpcf7-form-control wpcf7-email wpcf7-validates-as-required wpcf7-text wpcf7-validates-as-email\" aria-required=\"true\" aria-invalid=\"false\" value=\"\" type=\"email\" name=\"your-email\" \/><\/span> <\/label>\n<\/p>\n<p><label> Sujet<br \/>\n<span class=\"wpcf7-form-control-wrap\" data-name=\"your-subject\"><input size=\"40\" maxlength=\"400\" class=\"wpcf7-form-control wpcf7-text wpcf7-validates-as-required\" aria-required=\"true\" aria-invalid=\"false\" value=\"\" type=\"text\" name=\"your-subject\" \/><\/span> <\/label>\n<\/p>\n<p><label> Message (opcional)<br \/>\n<span class=\"wpcf7-form-control-wrap\" data-name=\"your-message\"><textarea cols=\"40\" rows=\"10\" maxlength=\"2000\" class=\"wpcf7-form-control wpcf7-textarea\" aria-invalid=\"false\" name=\"your-message\"><\/textarea><\/span> <\/label>\n<\/p>\n<p><input class=\"wpcf7-form-control wpcf7-submit has-spinner\" type=\"submit\" value=\"Envoyer\" \/>\n<\/p><div class=\"wpcf7-response-output\" aria-hidden=\"true\"><\/div>\n<\/form>\n<\/div>\n\n<\/div><div class=\"fusion-sep-clear\"><\/div><div class=\"fusion-separator fusion-full-width-sep\" style=\"margin-left: auto;margin-right: auto;margin-top:10px;margin-bottom:10px;width:100%;\"><\/div><div class=\"fusion-sep-clear\"><\/div><div class=\"fusion-image-element in-legacy-container\" style=\"--awb-caption-title-font-family:var(--h2_typography-font-family);--awb-caption-title-font-weight:var(--h2_typography-font-weight);--awb-caption-title-font-style:var(--h2_typography-font-style);--awb-caption-title-size:var(--h2_typography-font-size);--awb-caption-title-transform:var(--h2_typography-text-transform);--awb-caption-title-line-height:var(--h2_typography-line-height);--awb-caption-title-letter-spacing:var(--h2_typography-letter-spacing);\"><span class=\" fusion-imageframe imageframe-none imageframe-2 hover-type-none\"><img decoding=\"async\" width=\"2560\" height=\"1707\" title=\"2021_03 Showroom LOW 004\" src=\"https:\/\/www.likenskis.com\/wp-content\/uploads\/2021\/04\/2021_03-Showroom-LOW-004-scaled.jpg\" data-orig-src=\"https:\/\/www.likenskis.com\/wp-content\/uploads\/2021\/04\/2021_03-Showroom-LOW-004-scaled.jpg\" alt class=\"lazyload img-responsive wp-image-9230\" srcset=\"data:image\/svg+xml,%3Csvg%20xmlns%3D%27http%3A%2F%2Fwww.w3.org%2F2000%2Fsvg%27%20width%3D%272560%27%20height%3D%271707%27%20viewBox%3D%270%200%202560%201707%27%3E%3Crect%20width%3D%272560%27%20height%3D%271707%27%20fill-opacity%3D%220%22%2F%3E%3C%2Fsvg%3E\" data-srcset=\"https:\/\/www.likenskis.com\/wp-content\/uploads\/2021\/04\/2021_03-Showroom-LOW-004-200x133.jpg 200w, https:\/\/www.likenskis.com\/wp-content\/uploads\/2021\/04\/2021_03-Showroom-LOW-004-400x267.jpg 400w, https:\/\/www.likenskis.com\/wp-content\/uploads\/2021\/04\/2021_03-Showroom-LOW-004-600x400.jpg 600w, https:\/\/www.likenskis.com\/wp-content\/uploads\/2021\/04\/2021_03-Showroom-LOW-004-800x533.jpg 800w, https:\/\/www.likenskis.com\/wp-content\/uploads\/2021\/04\/2021_03-Showroom-LOW-004-1200x800.jpg 1200w, https:\/\/www.likenskis.com\/wp-content\/uploads\/2021\/04\/2021_03-Showroom-LOW-004-scaled.jpg 2560w\" data-sizes=\"auto\" data-orig-sizes=\"(max-width: 800px) 100vw, 1200px\" \/><\/span><\/div><div class=\"fusion-sep-clear\"><\/div><div class=\"fusion-separator fusion-full-width-sep\" style=\"margin-left: auto;margin-right: auto;margin-top:10px;margin-bottom:10px;width:100%;\"><\/div><div class=\"fusion-sep-clear\"><\/div>\n<div class=\"table-1\">\n<table width=\"100%\">\n<tbody>\n<tr>\n<th colspan=\"2\" align=\"left\">Information basique sur la protection des donn\u00e9es personnelles (Art. 12, 13 et 14 du RGPD 2016\/679 UE)<\/th>\n<\/tr>\n<tr>\n<td align=\"left\">Traitement<\/td>\n<td align=\"left\">Utilisateurs de la page web et contact.<\/td>\n<\/tr>\n<tr>\n<td align=\"left\">Responsable<\/td>\n<td align=\"left\">ORIOL BARO FAJULA \u2013 LIKEN SKIS<\/td>\n<\/tr>\n<tr>\n<td align=\"left\">Finalit\u00e9<\/td>\n<td align=\"left\">On utilisera l&#8217;information envoy\u00e9e dans ce formulaire seulement pour vous contacter et vous envoyer l&#8217;information demand\u00e9e.<\/td>\n<\/tr>\n<tr>\n<td align=\"left\">L\u00e9gitimation<\/td>\n<td align=\"left\">Consentement, obligation contractuelle et int\u00e9r\u00eat l\u00e9gitime.<\/td>\n<\/tr>\n<tr>\n<td align=\"left\">Cession \u00e0 un tiers<\/td>\n<td align=\"left\">Les donn\u00e9es personnelles se traiteront de fa\u00e7on confidentielle et ne seront pas transmises \u00e0 un tiers, sauf pour des raisons l\u00e9gales. De plus, si cela est n\u00e9cessaire pour l\u2019ex\u00e9cution, nous pourrons les c\u00e9der \u00e0 un collaborateur.<\/td>\n<\/tr>\n<tr>\n<td align=\"left\">Droits<\/td>\n<td align=\"left\">Droit d&#8217;opposition, d&#8217;acc\u00e8s, de rectification, \u00e0 l&#8217;effacement, \u00e0 la portabilit\u00e9 des donn\u00e9es, \u00e0 la limitation du traitement et le droit de retirer son consentement.<\/td>\n<\/tr>\n<tr>\n<td align=\"left\">Compl\u00e9ment d&#8217;informations<\/td>\n<td align=\"left\">Pour plus d&#8217;informations, nous vous invitons \u00e0 lire notre politique de privacit\u00e9 <a href=\"https:\/\/www.likenskis.com\/fr\/aviso-legal\/politica-de-privacidad\/\"><u>+ INFO<\/u><\/a><\/td>\n<\/tr>\n<\/tbody>\n<\/table>\n<\/div>\n<div class=\"fusion-clearfix\"><\/div><\/div><\/div><\/div><\/div><\/p>\n","protected":false},"excerpt":{"rendered":"","protected":false},"author":1,"featured_media":9579,"parent":0,"menu_order":5,"comment_status":"closed","ping_status":"closed","template":"","meta":{"_joinchat":[],"footnotes":""},"class_list":["post-1656","page","type-page","status-publish","has-post-thumbnail","hentry"],"yoast_head":"<!-- This site is optimized with the Yoast SEO plugin v27.3 - https:\/\/yoast.com\/product\/yoast-seo-wordpress\/ -->\n<title>Contact - Liken Skis - Handmade skis from the Pyrenees<\/title>\n<meta name=\"description\" content=\"Envoyez votre question et nous vous contacterons d\u00e8s que possible.\" \/>\n<meta name=\"robots\" content=\"noindex, nofollow\" \/>\n<meta property=\"og:locale\" content=\"fr_FR\" \/>\n<meta property=\"og:type\" content=\"article\" \/>\n<meta property=\"og:title\" content=\"Contact - Liken Skis - Handmade skis from the Pyrenees\" \/>\n<meta property=\"og:description\" content=\"Envoyez votre question et nous vous contacterons d\u00e8s que possible.\" \/>\n<meta property=\"og:url\" content=\"https:\/\/www.likenskis.com\/fr\/contact\/\" \/>\n<meta property=\"og:site_name\" content=\"Liken Skis\" \/>\n<meta property=\"article:modified_time\" content=\"2021-04-18T18:35:08+00:00\" \/>\n<meta property=\"og:image\" content=\"http:\/\/www.likenskis.com\/wp-content\/uploads\/2021\/05\/Imagen-1.png\" \/>\n\t<meta property=\"og:image:width\" content=\"1183\" \/>\n\t<meta property=\"og:image:height\" content=\"1181\" \/>\n\t<meta property=\"og:image:type\" content=\"image\/png\" \/>\n<meta name=\"twitter:card\" content=\"summary_large_image\" \/>\n<meta name=\"twitter:site\" content=\"@LikenSkis\" \/>\n<meta name=\"twitter:label1\" content=\"Dur\u00e9e de lecture estim\u00e9e\" \/>\n\t<meta name=\"twitter:data1\" content=\"7 minutes\" \/>\n<script type=\"application\/ld+json\" class=\"yoast-schema-graph\">{\"@context\":\"https:\\\/\\\/schema.org\",\"@graph\":[{\"@type\":\"WebPage\",\"@id\":\"https:\\\/\\\/www.likenskis.com\\\/fr\\\/contact\\\/\",\"url\":\"https:\\\/\\\/www.likenskis.com\\\/fr\\\/contact\\\/\",\"name\":\"Contact - Liken Skis - Handmade skis from the Pyrenees\",\"isPartOf\":{\"@id\":\"https:\\\/\\\/www.likenskis.com\\\/fr\\\/#website\"},\"primaryImageOfPage\":{\"@id\":\"https:\\\/\\\/www.likenskis.com\\\/fr\\\/contact\\\/#primaryimage\"},\"image\":{\"@id\":\"https:\\\/\\\/www.likenskis.com\\\/fr\\\/contact\\\/#primaryimage\"},\"thumbnailUrl\":\"https:\\\/\\\/www.likenskis.com\\\/wp-content\\\/uploads\\\/2021\\\/05\\\/Imagen-1.png\",\"datePublished\":\"2019-09-20T03:09:42+00:00\",\"dateModified\":\"2021-04-18T18:35:08+00:00\",\"description\":\"Envoyez votre question et nous vous contacterons d\u00e8s que possible.\",\"breadcrumb\":{\"@id\":\"https:\\\/\\\/www.likenskis.com\\\/fr\\\/contact\\\/#breadcrumb\"},\"inLanguage\":\"fr-FR\",\"potentialAction\":[{\"@type\":\"ReadAction\",\"target\":[\"https:\\\/\\\/www.likenskis.com\\\/fr\\\/contact\\\/\"]}]},{\"@type\":\"ImageObject\",\"inLanguage\":\"fr-FR\",\"@id\":\"https:\\\/\\\/www.likenskis.com\\\/fr\\\/contact\\\/#primaryimage\",\"url\":\"https:\\\/\\\/www.likenskis.com\\\/wp-content\\\/uploads\\\/2021\\\/05\\\/Imagen-1.png\",\"contentUrl\":\"https:\\\/\\\/www.likenskis.com\\\/wp-content\\\/uploads\\\/2021\\\/05\\\/Imagen-1.png\",\"width\":1183,\"height\":1181,\"caption\":\"Liken Skis - Esqu\u00eds artesanals\"},{\"@type\":\"BreadcrumbList\",\"@id\":\"https:\\\/\\\/www.likenskis.com\\\/fr\\\/contact\\\/#breadcrumb\",\"itemListElement\":[{\"@type\":\"ListItem\",\"position\":1,\"name\":\"Inici\",\"item\":\"http:\\\/\\\/www.likenskis.com\\\/fr\\\/\"},{\"@type\":\"ListItem\",\"position\":2,\"name\":\"Contact\"}]},{\"@type\":\"WebSite\",\"@id\":\"https:\\\/\\\/www.likenskis.com\\\/fr\\\/#website\",\"url\":\"https:\\\/\\\/www.likenskis.com\\\/fr\\\/\",\"name\":\"Liken Skis\",\"description\":\"Skis en bois faits \u00e0 la main\",\"publisher\":{\"@id\":\"https:\\\/\\\/www.likenskis.com\\\/fr\\\/#organization\"},\"potentialAction\":[{\"@type\":\"SearchAction\",\"target\":{\"@type\":\"EntryPoint\",\"urlTemplate\":\"https:\\\/\\\/www.likenskis.com\\\/fr\\\/?s={search_term_string}\"},\"query-input\":{\"@type\":\"PropertyValueSpecification\",\"valueRequired\":true,\"valueName\":\"search_term_string\"}}],\"inLanguage\":\"fr-FR\"},{\"@type\":\"Organization\",\"@id\":\"https:\\\/\\\/www.likenskis.com\\\/fr\\\/#organization\",\"name\":\"Liken Skis\",\"url\":\"https:\\\/\\\/www.likenskis.com\\\/fr\\\/\",\"logo\":{\"@type\":\"ImageObject\",\"inLanguage\":\"fr-FR\",\"@id\":\"https:\\\/\\\/www.likenskis.com\\\/fr\\\/#\\\/schema\\\/logo\\\/image\\\/\",\"url\":\"https:\\\/\\\/www.likenskis.com\\\/wp-content\\\/uploads\\\/2019\\\/06\\\/Logo-LikenSkis-Retina.jpg\",\"contentUrl\":\"https:\\\/\\\/www.likenskis.com\\\/wp-content\\\/uploads\\\/2019\\\/06\\\/Logo-LikenSkis-Retina.jpg\",\"width\":288,\"height\":80,\"caption\":\"Liken Skis\"},\"image\":{\"@id\":\"https:\\\/\\\/www.likenskis.com\\\/fr\\\/#\\\/schema\\\/logo\\\/image\\\/\"},\"sameAs\":[\"https:\\\/\\\/x.com\\\/LikenSkis\"]}]}<\/script>\n<!-- \/ Yoast SEO plugin. -->","yoast_head_json":{"title":"Contact - Liken Skis - Handmade skis from the Pyrenees","description":"Envoyez votre question et nous vous contacterons d\u00e8s que possible.","robots":{"index":"noindex","follow":"nofollow"},"og_locale":"fr_FR","og_type":"article","og_title":"Contact - Liken Skis - Handmade skis from the Pyrenees","og_description":"Envoyez votre question et nous vous contacterons d\u00e8s que possible.","og_url":"https:\/\/www.likenskis.com\/fr\/contact\/","og_site_name":"Liken Skis","article_modified_time":"2021-04-18T18:35:08+00:00","og_image":[{"width":1183,"height":1181,"url":"http:\/\/www.likenskis.com\/wp-content\/uploads\/2021\/05\/Imagen-1.png","type":"image\/png"}],"twitter_card":"summary_large_image","twitter_site":"@LikenSkis","twitter_misc":{"Dur\u00e9e de lecture estim\u00e9e":"7 minutes"},"schema":{"@context":"https:\/\/schema.org","@graph":[{"@type":"WebPage","@id":"https:\/\/www.likenskis.com\/fr\/contact\/","url":"https:\/\/www.likenskis.com\/fr\/contact\/","name":"Contact - Liken Skis - Handmade skis from the Pyrenees","isPartOf":{"@id":"https:\/\/www.likenskis.com\/fr\/#website"},"primaryImageOfPage":{"@id":"https:\/\/www.likenskis.com\/fr\/contact\/#primaryimage"},"image":{"@id":"https:\/\/www.likenskis.com\/fr\/contact\/#primaryimage"},"thumbnailUrl":"https:\/\/www.likenskis.com\/wp-content\/uploads\/2021\/05\/Imagen-1.png","datePublished":"2019-09-20T03:09:42+00:00","dateModified":"2021-04-18T18:35:08+00:00","description":"Envoyez votre question et nous vous contacterons d\u00e8s que possible.","breadcrumb":{"@id":"https:\/\/www.likenskis.com\/fr\/contact\/#breadcrumb"},"inLanguage":"fr-FR","potentialAction":[{"@type":"ReadAction","target":["https:\/\/www.likenskis.com\/fr\/contact\/"]}]},{"@type":"ImageObject","inLanguage":"fr-FR","@id":"https:\/\/www.likenskis.com\/fr\/contact\/#primaryimage","url":"https:\/\/www.likenskis.com\/wp-content\/uploads\/2021\/05\/Imagen-1.png","contentUrl":"https:\/\/www.likenskis.com\/wp-content\/uploads\/2021\/05\/Imagen-1.png","width":1183,"height":1181,"caption":"Liken Skis - Esqu\u00eds artesanals"},{"@type":"BreadcrumbList","@id":"https:\/\/www.likenskis.com\/fr\/contact\/#breadcrumb","itemListElement":[{"@type":"ListItem","position":1,"name":"Inici","item":"http:\/\/www.likenskis.com\/fr\/"},{"@type":"ListItem","position":2,"name":"Contact"}]},{"@type":"WebSite","@id":"https:\/\/www.likenskis.com\/fr\/#website","url":"https:\/\/www.likenskis.com\/fr\/","name":"Liken Skis","description":"Skis en bois faits \u00e0 la main","publisher":{"@id":"https:\/\/www.likenskis.com\/fr\/#organization"},"potentialAction":[{"@type":"SearchAction","target":{"@type":"EntryPoint","urlTemplate":"https:\/\/www.likenskis.com\/fr\/?s={search_term_string}"},"query-input":{"@type":"PropertyValueSpecification","valueRequired":true,"valueName":"search_term_string"}}],"inLanguage":"fr-FR"},{"@type":"Organization","@id":"https:\/\/www.likenskis.com\/fr\/#organization","name":"Liken Skis","url":"https:\/\/www.likenskis.com\/fr\/","logo":{"@type":"ImageObject","inLanguage":"fr-FR","@id":"https:\/\/www.likenskis.com\/fr\/#\/schema\/logo\/image\/","url":"https:\/\/www.likenskis.com\/wp-content\/uploads\/2019\/06\/Logo-LikenSkis-Retina.jpg","contentUrl":"https:\/\/www.likenskis.com\/wp-content\/uploads\/2019\/06\/Logo-LikenSkis-Retina.jpg","width":288,"height":80,"caption":"Liken Skis"},"image":{"@id":"https:\/\/www.likenskis.com\/fr\/#\/schema\/logo\/image\/"},"sameAs":["https:\/\/x.com\/LikenSkis"]}]}},"_links":{"self":[{"href":"https:\/\/www.likenskis.com\/fr\/wp-json\/wp\/v2\/pages\/1656","targetHints":{"allow":["GET"]}}],"collection":[{"href":"https:\/\/www.likenskis.com\/fr\/wp-json\/wp\/v2\/pages"}],"about":[{"href":"https:\/\/www.likenskis.com\/fr\/wp-json\/wp\/v2\/types\/page"}],"author":[{"embeddable":true,"href":"https:\/\/www.likenskis.com\/fr\/wp-json\/wp\/v2\/users\/1"}],"replies":[{"embeddable":true,"href":"https:\/\/www.likenskis.com\/fr\/wp-json\/wp\/v2\/comments?post=1656"}],"version-history":[{"count":7,"href":"https:\/\/www.likenskis.com\/fr\/wp-json\/wp\/v2\/pages\/1656\/revisions"}],"predecessor-version":[{"id":9456,"href":"https:\/\/www.likenskis.com\/fr\/wp-json\/wp\/v2\/pages\/1656\/revisions\/9456"}],"wp:featuredmedia":[{"embeddable":true,"href":"https:\/\/www.likenskis.com\/fr\/wp-json\/wp\/v2\/media\/9579"}],"wp:attachment":[{"href":"https:\/\/www.likenskis.com\/fr\/wp-json\/wp\/v2\/media?parent=1656"}],"curies":[{"name":"wp","href":"https:\/\/api.w.org\/{rel}","templated":true}]}}