{"id":1677,"date":"2019-09-20T05:28:42","date_gmt":"2019-09-20T03:28:42","guid":{"rendered":"https:\/\/www.likenskis.com\/aviso-legal\/"},"modified":"2019-09-20T05:28:42","modified_gmt":"2019-09-20T03:28:42","slug":"aviso-legal","status":"publish","type":"page","link":"https:\/\/www.likenskis.com\/fr\/aviso-legal\/","title":{"rendered":"Aviso legal"},"content":{"rendered":"<h1>Aviso legal<\/h1>\n<p>&nbsp;<\/p>\n<h3>0.\u00a0 Datos del Responsable<\/h3>\n<ul>\n<li>Identificaci\u00f3n del Responsable: ORIOL BARO FAJULA \u2013 LIKEN SKIS (en adelante \u201cLIKEN SKIS\u201d)<\/li>\n<li>CIF: 39380287-D.<\/li>\n<li>Direcci\u00f3n: Carrer Carrilet, n\u00fam. 19, La Pobla de Lillet, 08696, (Barcelona).<\/li>\n<li>Tel\u00e9fono: +34 607 155 224<\/li>\n<li>Email: oriolbaro@gmail.com<\/li>\n<\/ul>\n<p>&nbsp;<\/p>\n<h3>1.\u00a0 Resumen<\/h3>\n<p>LIKEN SKIS, responsable del sitio web, en adelante RESPONSABLE, pone a disposici\u00f3n de los usuarios este documento, con el que pretende cumplir con las obligaciones establecidas en la Ley 34\/2002, de 11 de julio, de Servicios de la Sociedad de la Informaci\u00f3n y de Comercio Electr\u00f3nico ( LSSICE), BOE N\u00ba 166, as\u00ed como informar a todos los usuarios del sitio web sobre las condiciones de uso.<\/p>\n<p>Cualquier persona que acceda a este sitio web asume el rol de usuario, comprometi\u00e9ndose a respetar y cumplir estrictamente con las disposiciones aqu\u00ed establecidas, as\u00ed como a cualquier otra disposici\u00f3n legal que sea aplicable.<\/p>\n<p>En este espacio, el usuario podr\u00e1 encontrar toda la informaci\u00f3n relativa a los t\u00e9rminos y condiciones legales que definen las relaciones entre los usuarios y LIKEN SKIS como responsable de esta web. Como usuario, es importante que conozca estos t\u00e9rminos antes de continuar su navegaci\u00f3n.<\/p>\n<p>LIKEN SKIS como responsable de esta web, asume el compromiso de procesar la informaci\u00f3n de sus usuarios y clientes con plenas garant\u00edas y cumplir con los requisitos nacionales y europeos que regulan la recopilaci\u00f3n y uso de los datos personales de estos.<\/p>\n<p>&nbsp;<\/p>\n<h3>2.\u00a0 Condiciones generales de uso<\/h3>\n<p>Las presentes Condiciones Generales regulan el uso (incluyendo el mero acceso) de las p\u00e1ginas de web, integrantes del sitio web de LIKEN SKIS incluidos los contenidos y servicios puestos\u00a0 a\u00a0 disposici\u00f3n\u00a0 en\u00a0 ellas.\u00a0 Toda\u00a0 persona\u00a0\u00a0 que\u00a0\u00a0 acceda\u00a0\u00a0 a\u00a0\u00a0 la web, www.likenskis.com (\u201cusuario\u201d) acepta someterse a las Condiciones Generales vigentes en cada momento del portal de referencia.<\/p>\n<p>&nbsp;<\/p>\n<h3>3.\u00a0 Datos personales que recabamos y usamos<\/h3>\n<p>Leer Pol\u00edtica de Privacidad en esta p\u00e1gina.<\/p>\n<p>&nbsp;<\/p>\n<h3>4.\u00a0 Compromisos y obligaciones de los usuarios<\/h3>\n<p>El usuario queda informado, y acepta, que el acceso a la presente web no supone, en modo alguno, el inicio de una relaci\u00f3n comercial con LIKEN SKIS. De esta forma, el usuario se compromete a utilizar el sitio web, sus servicios y contenidos sin contravenir la legislaci\u00f3n vigente, la buena fe y el orden p\u00fablico.<\/p>\n<p>Queda prohibido el uso de la web, con fines il\u00edcitos o lesivos, o que, de cualquier forma, puedan causar perjuicio o impedir el normal funcionamiento del sitio web. Respecto de los contenidos de esta web, se proh\u00edbe:<\/p>\n<ul>\n<li>Su reproducci\u00f3n, distribuci\u00f3n o modificaci\u00f3n, total o parcial, a menos que se cuente con nuestra autorizaci\u00f3n como leg\u00edtimo titular;<\/li>\n<li>Cualquier vulneraci\u00f3n de los derechos del prestador o de nosotros como leg\u00edtimo titular;<\/li>\n<li>Su utilizaci\u00f3n para fines comerciales o publicitarios.<\/li>\n<\/ul>\n<p>En la utilizaci\u00f3n de la web, www.likenskis.com\u00a0 el usuario se compromete a no llevar\u00a0 a cabo ninguna conducta que pudiera da\u00f1ar la imagen, los intereses y los derechos de LIKEN SKIS o de terceros o que pudiera da\u00f1ar, inutilizar o sobrecargar el portal o que impidiera, de cualquier forma, la normal utilizaci\u00f3n de la web.<\/p>\n<p>No obstante, el usuario debe ser consciente de que las medidas de seguridad de los sistemas inform\u00e1ticos en Internet no son enteramente fiables y que, por tanto, LIKEN SKIS no puede garantizar la inexistencia de malware u otros elementos que puedan producir alteraciones en los sistemas inform\u00e1ticos (software y hardware) del usuario o en sus documentos electr\u00f3nicos y ficheros contenidos en los mismos aunque ponemos todos los medios necesarios y las medidas de seguridad oportunas para evitar la presencia de estos elementos da\u00f1inos.<\/p>\n<p>&nbsp;<\/p>\n<h3>5.\u00a0 Medidas de seguridad<\/h3>\n<p>Los datos personales comunicados por el usuario a LIKEN SKIS pueden ser almacenados en bases de datos automatizadas o no, cuya titularidad corresponde en exclusiva a LIKEN SKIS, asumiendo \u00e9ste todas las medidas de \u00edndole t\u00e9cnica, organizativa y de seguridad que garantizan la confidencialidad, integridad y calidad de la informaci\u00f3n contenida en las mismas de acuerdo con lo establecido en la normativa vigente\u00a0\u00a0\u00a0 en\u00a0\u00a0\u00a0 protecci\u00f3n\u00a0\u00a0\u00a0\u00a0 de\u00a0\u00a0\u00a0 datos.\u00a0\u00a0\u00a0\u00a0 La\u00a0\u00a0\u00a0 comunicaci\u00f3n\u00a0\u00a0\u00a0\u00a0 entre\u00a0\u00a0\u00a0 los\u00a0\u00a0\u00a0\u00a0 usuarios y www.likenskis.com utiliza un canal seguro, y los datos transmitidos son cifrados gracias a protocolos a https, por tanto, se garantizan las mejores condiciones de seguridad para que la confidencialidad de los usuarios est\u00e9 garantizada.<\/p>\n<p>&nbsp;<\/p>\n<h3>6.\u00a0 Plataforma de resoluci\u00f3n de conflictos<\/h3>\n<p>Ponemos tambi\u00e9n a disposici\u00f3n de los usuarios la plataforma de resoluci\u00f3n de litigios que facilita la Comisi\u00f3n Europea y que se encuentra disponible\u00a0 en\u00a0 el\u00a0 siguiente\u00a0 enlace: https:\/\/ec.europa.eu\/consumers\/odr\/<\/p>\n<p>&nbsp;<\/p>\n<h3>7.\u00a0 Derechos de propiedad intelectual e industrial<\/h3>\n<p>Quedan expresamente prohibidas la reproducci\u00f3n, la distribuci\u00f3n y la comunicaci\u00f3n p\u00fablica, incluida la modalidad de puesta a disposici\u00f3n, de la totalidad o parte de los contenidos de esta p\u00e1gina web, con fines comerciales, en cualquier soporte y por cualquier medio t\u00e9cnico, sin la autorizaci\u00f3n de LIKEN SKIS. El usuario se compromete a respetar los derechos de Propiedad Intelectual e Industrial titularidad de LIKEN SKIS.<\/p>\n<p>El usuario conoce y acepta que la totalidad del sitio web, conteniendo sin car\u00e1cter exhaustivo el texto, software, contenidos (incluyendo estructura, selecci\u00f3n, ordenaci\u00f3n y presentaci\u00f3n de los mismos) podcast, fotograf\u00edas, material audiovisual y gr\u00e1ficos, est\u00e1 protegida por marcas, derechos de autor y otros derechos leg\u00edtimos, de acuerdo con los tratados internacionales en los que Espa\u00f1a es parte y otros derechos de propiedad y leyes de Espa\u00f1a.<\/p>\n<p>En el caso de que un usuario o un tercero consideren que se ha producido una violaci\u00f3n de sus leg\u00edtimos derechos de propiedad intelectual por la introducci\u00f3n de un determinado contenido en la web, deber\u00e1 notificar dicha circunstancia a LIKEN SKIS indicando:<\/p>\n<ul>\n<li>datos personales del interesado titular de los derechos presuntamente\u00a0 infringidos, o indicar la representaci\u00f3n con la que act\u00faa en caso de que la reclamaci\u00f3n la presente un tercero distinto del interesado;<\/li>\n<li>se\u00f1alar los contenidos protegidos por los derechos de propiedad intelectual y su ubicaci\u00f3n en la web, la acreditaci\u00f3n de los derechos de propiedad intelectual se\u00f1alados y declaraci\u00f3n expresa en la que el interesado se responsabiliza de la veracidad de las informaciones facilitadas en la notificaci\u00f3n.<\/li>\n<\/ul>\n<p>&nbsp;<\/p>\n<h3>8.\u00a0 Enlaces externos<\/h3>\n<p>El sitio web www.likenskis.com proporciona enlaces a otros sitios web y contenidos que son propiedad de terceros. LIKEN SKIS no siempre podr\u00e1 controlar los contenidos introducidos por terceros en sus respectivos sitios web, y por ende, no asumimos ning\u00fan tipo de responsabilidad con respecto a estos contenidos. En cualquier caso, procederemos al retiro inmediato de cualquier contenido que pueda violar la legislaci\u00f3n nacional o internacional, la moral o el orden p\u00fablico, y proceder\u00e1 al retiro inmediato de la redirecci\u00f3n a dicho sitio web, informando a las autoridades competentes el contenido en cuesti\u00f3n.<\/p>\n<p>LIKEN SKIS no es responsable de la informaci\u00f3n y los contenidos almacenados, pero no se limita a ellos, en foros, chats, bloggers, comentarios, redes sociales o cualquier otro medio que permita a terceros publicar contenido de forma independiente en la p\u00e1gina web de LIKEN SKIS. Sin embargo, de acuerdo con las disposiciones de los art\u00edculos 11 y 16 de la LSSICE, se pone a disposici\u00f3n de todos los usuarios, autoridades y fuerzas de seguridad, colaborando activamente en la retirada o, seg\u00fan corresponda,\u00a0\u00a0 el bloqueo de todos aquellos contenidos que puedan afectar o contravenir el contenido, legislaci\u00f3n nacional o internacional, los derechos de terceros o la moral y el orden p\u00fablico. En el caso de que el usuario considere que el contenido que puede estar sujeto a esta clasificaci\u00f3n existe en el sitio web, informe al administrador del sitio web de inmediato.<\/p>\n<p>Este sitio web ha sido revisado y probado para que funcione correctamente. En principio, se puede garantizar el correcto funcionamiento los 365 d\u00edas del a\u00f1o, las 24 horas del d\u00eda. Sin embargo, LIKEN SKIS no descarta la posibilidad de que existan ciertos errores de programaci\u00f3n, o que se conviertan en causas de fuerza mayor, desastres naturales, huelgas o circunstancias similares que hagan imposible el acceso a la p\u00e1gina web.<\/p>\n<p>&nbsp;<\/p>\n<h3>9.\u00a0 Exclusi\u00f3n de garant\u00edas y responsable<\/h3>\n<p>LIKEN SKIS no otorga ninguna garant\u00eda ni se hace responsable, en ning\u00fan caso, de los da\u00f1os y perjuicios de cualquier naturaleza que pudieran traer causa de:<\/p>\n<ul>\n<li>la falta de disponibilidad, mantenimiento y efectivo funcionamiento de la web,\u00a0 o\u00a0 de sus servicios y contenidos;<\/li>\n<li>la existencia de malware, programas maliciosos o lesivos en los contenidos;<\/li>\n<li>el uso il\u00edcito, negligente, fraudulento o contrario a este Aviso Legal;<\/li>\n<li>la falta de licitud, calidad, fiabilidad, utilidad y disponibilidad de los servicios prestados por terceros y puestos a disposici\u00f3n de los usuarios en el sitio web.<\/li>\n<\/ul>\n<p>El prestador no se hace responsable bajo ning\u00fan concepto de los da\u00f1os que pudieran dimanar del uso ilegal o indebido de la presente p\u00e1gina web.<\/p>\n<p>&nbsp;<\/p>\n<h3>10.\u00a0 Cookies<\/h3>\n<p>Utilizamos cookies para mejorar el acceso a nuestro sitio. Adem\u00e1s, nuestras cookies mejoran la experiencia del usuario mediante el seguimiento y la orientaci\u00f3n de los intereses del usuario. La informaci\u00f3n recopilada es informaci\u00f3n de datos digitales como ubicaci\u00f3n geogr\u00e1fica, direcci\u00f3n IP. Puede elegir si desea aceptar cookies. La mayor\u00eda de los navegadores web permiten el control de las cookies enumeradas anteriormente\u00a0\u00a0 a trav\u00e9s de la configuraci\u00f3n del navegador. Al ajustar su navegador web, puede evitar recibir cookies. Sin embargo, esto podr\u00eda hacer que los servicios en el sitio web no funcionen de manera \u00f3ptima. El m\u00e9todo utilizado para bloquear las cookies depender\u00e1 del navegador web utilizado. Consulte la &#8220;Ayuda&#8221; o el men\u00fa correspondiente en su navegador web para obtener instrucciones. Tambi\u00e9n puede cambiar la configuraci\u00f3n en relaci\u00f3n con un tipo espec\u00edfico de cookie. Nuestro uso de cookies generalmente no est\u00e1 vinculado a informaci\u00f3n de identificaci\u00f3n personal en nuestro sitio. Para obtener m\u00e1s informaci\u00f3n sobre c\u00f3mo utilizamos las cookies, consulte nuestra pol\u00edtica de cookies, disponible en esta p\u00e1gina a continuaci\u00f3n.<\/p>\n<p>&nbsp;<\/p>\n<h3>11.\u00a0 Ley aplicable y jurisdicci\u00f3n<\/h3>\n<p>Con car\u00e1cter general las relaciones entre LIKEN SKIS con los usuarios de sus servicios telem\u00e1ticos, presentes en esta web se encuentran sometidas a la legislaci\u00f3n y jurisdicci\u00f3n espa\u00f1olas y a los tribunales de Barcelona.<\/p>\n<p>&nbsp;<\/p>\n<h3>12.\u00a0 Contacto<\/h3>\n<p>En caso de que cualquier usuario tuviese alguna duda acerca de estas Condiciones legales o cualquier comentario sobre el portal www.likenskis.com , por favor dir\u00edjase a oriolbaro@gmail.com<\/p>\n<p>&nbsp;<\/p>\n<h3>13.\u00a0 Actualizaciones a estos T\u00e9rminos<\/h3>\n<p>LIKEN SKIS se reserva el derecho de modificar cualquier tipo de informaci\u00f3n que pueda aparecer en el sitio web, sin tener que priorizar o informar a los usuarios de estas obligaciones, entendiendo que es suficiente con la publicaci\u00f3n en el sitio web de LIKEN SKIS.<\/p>\n<p>&nbsp;<\/p>\n<p>&#8212;-<\/p>\n<p><em>Este Aviso Legal se revis\u00f3 por \u00faltima vez el 5 de Julio de 2019.<\/em><\/p>\n","protected":false},"excerpt":{"rendered":"<p>Aviso legal &nbsp; 0.\u00a0 Datos del Responsable Identificaci\u00f3n del Responsable:  [&#8230;]<\/p>\n","protected":false},"author":1,"featured_media":0,"parent":0,"menu_order":97,"comment_status":"closed","ping_status":"closed","template":"","meta":{"_joinchat":[],"footnotes":""},"class_list":["post-1677","page","type-page","status-publish","hentry"],"yoast_head":"<!-- This site is optimized with the Yoast SEO plugin v27.3 - https:\/\/yoast.com\/product\/yoast-seo-wordpress\/ -->\n<title>Aviso legal - Liken Skis<\/title>\n<meta name=\"robots\" content=\"noindex, nofollow\" \/>\n<meta property=\"og:locale\" content=\"fr_FR\" \/>\n<meta property=\"og:type\" content=\"article\" \/>\n<meta property=\"og:title\" content=\"Aviso legal - Liken Skis\" \/>\n<meta property=\"og:description\" content=\"Aviso legal &nbsp; 0.\u00a0 Datos del Responsable Identificaci\u00f3n del Responsable: [...]\" \/>\n<meta property=\"og:url\" content=\"https:\/\/www.likenskis.com\/fr\/aviso-legal\/\" \/>\n<meta property=\"og:site_name\" content=\"Liken Skis\" \/>\n<meta name=\"twitter:card\" content=\"summary_large_image\" \/>\n<meta name=\"twitter:site\" content=\"@LikenSkis\" \/>\n<meta name=\"twitter:label1\" content=\"Dur\u00e9e de lecture estim\u00e9e\" \/>\n\t<meta name=\"twitter:data1\" content=\"9 minutes\" \/>\n<script type=\"application\/ld+json\" class=\"yoast-schema-graph\">{\"@context\":\"https:\\\/\\\/schema.org\",\"@graph\":[{\"@type\":\"WebPage\",\"@id\":\"https:\\\/\\\/www.likenskis.com\\\/fr\\\/aviso-legal\\\/\",\"url\":\"https:\\\/\\\/www.likenskis.com\\\/fr\\\/aviso-legal\\\/\",\"name\":\"Aviso legal - Liken Skis\",\"isPartOf\":{\"@id\":\"https:\\\/\\\/www.likenskis.com\\\/fr\\\/#website\"},\"datePublished\":\"2019-09-20T03:28:42+00:00\",\"breadcrumb\":{\"@id\":\"https:\\\/\\\/www.likenskis.com\\\/fr\\\/aviso-legal\\\/#breadcrumb\"},\"inLanguage\":\"fr-FR\",\"potentialAction\":[{\"@type\":\"ReadAction\",\"target\":[\"https:\\\/\\\/www.likenskis.com\\\/fr\\\/aviso-legal\\\/\"]}]},{\"@type\":\"BreadcrumbList\",\"@id\":\"https:\\\/\\\/www.likenskis.com\\\/fr\\\/aviso-legal\\\/#breadcrumb\",\"itemListElement\":[{\"@type\":\"ListItem\",\"position\":1,\"name\":\"Inici\",\"item\":\"http:\\\/\\\/www.likenskis.com\\\/fr\\\/\"},{\"@type\":\"ListItem\",\"position\":2,\"name\":\"Aviso legal\"}]},{\"@type\":\"WebSite\",\"@id\":\"https:\\\/\\\/www.likenskis.com\\\/fr\\\/#website\",\"url\":\"https:\\\/\\\/www.likenskis.com\\\/fr\\\/\",\"name\":\"Liken Skis\",\"description\":\"Skis en bois faits \u00e0 la main\",\"publisher\":{\"@id\":\"https:\\\/\\\/www.likenskis.com\\\/fr\\\/#organization\"},\"potentialAction\":[{\"@type\":\"SearchAction\",\"target\":{\"@type\":\"EntryPoint\",\"urlTemplate\":\"https:\\\/\\\/www.likenskis.com\\\/fr\\\/?s={search_term_string}\"},\"query-input\":{\"@type\":\"PropertyValueSpecification\",\"valueRequired\":true,\"valueName\":\"search_term_string\"}}],\"inLanguage\":\"fr-FR\"},{\"@type\":\"Organization\",\"@id\":\"https:\\\/\\\/www.likenskis.com\\\/fr\\\/#organization\",\"name\":\"Liken Skis\",\"url\":\"https:\\\/\\\/www.likenskis.com\\\/fr\\\/\",\"logo\":{\"@type\":\"ImageObject\",\"inLanguage\":\"fr-FR\",\"@id\":\"https:\\\/\\\/www.likenskis.com\\\/fr\\\/#\\\/schema\\\/logo\\\/image\\\/\",\"url\":\"https:\\\/\\\/www.likenskis.com\\\/wp-content\\\/uploads\\\/2019\\\/06\\\/Logo-LikenSkis-Retina.jpg\",\"contentUrl\":\"https:\\\/\\\/www.likenskis.com\\\/wp-content\\\/uploads\\\/2019\\\/06\\\/Logo-LikenSkis-Retina.jpg\",\"width\":288,\"height\":80,\"caption\":\"Liken Skis\"},\"image\":{\"@id\":\"https:\\\/\\\/www.likenskis.com\\\/fr\\\/#\\\/schema\\\/logo\\\/image\\\/\"},\"sameAs\":[\"https:\\\/\\\/x.com\\\/LikenSkis\"]}]}<\/script>\n<!-- \/ Yoast SEO plugin. -->","yoast_head_json":{"title":"Aviso legal - Liken Skis","robots":{"index":"noindex","follow":"nofollow"},"og_locale":"fr_FR","og_type":"article","og_title":"Aviso legal - Liken Skis","og_description":"Aviso legal &nbsp; 0.\u00a0 Datos del Responsable Identificaci\u00f3n del Responsable: [...]","og_url":"https:\/\/www.likenskis.com\/fr\/aviso-legal\/","og_site_name":"Liken Skis","twitter_card":"summary_large_image","twitter_site":"@LikenSkis","twitter_misc":{"Dur\u00e9e de lecture estim\u00e9e":"9 minutes"},"schema":{"@context":"https:\/\/schema.org","@graph":[{"@type":"WebPage","@id":"https:\/\/www.likenskis.com\/fr\/aviso-legal\/","url":"https:\/\/www.likenskis.com\/fr\/aviso-legal\/","name":"Aviso legal - Liken Skis","isPartOf":{"@id":"https:\/\/www.likenskis.com\/fr\/#website"},"datePublished":"2019-09-20T03:28:42+00:00","breadcrumb":{"@id":"https:\/\/www.likenskis.com\/fr\/aviso-legal\/#breadcrumb"},"inLanguage":"fr-FR","potentialAction":[{"@type":"ReadAction","target":["https:\/\/www.likenskis.com\/fr\/aviso-legal\/"]}]},{"@type":"BreadcrumbList","@id":"https:\/\/www.likenskis.com\/fr\/aviso-legal\/#breadcrumb","itemListElement":[{"@type":"ListItem","position":1,"name":"Inici","item":"http:\/\/www.likenskis.com\/fr\/"},{"@type":"ListItem","position":2,"name":"Aviso legal"}]},{"@type":"WebSite","@id":"https:\/\/www.likenskis.com\/fr\/#website","url":"https:\/\/www.likenskis.com\/fr\/","name":"Liken Skis","description":"Skis en bois faits \u00e0 la main","publisher":{"@id":"https:\/\/www.likenskis.com\/fr\/#organization"},"potentialAction":[{"@type":"SearchAction","target":{"@type":"EntryPoint","urlTemplate":"https:\/\/www.likenskis.com\/fr\/?s={search_term_string}"},"query-input":{"@type":"PropertyValueSpecification","valueRequired":true,"valueName":"search_term_string"}}],"inLanguage":"fr-FR"},{"@type":"Organization","@id":"https:\/\/www.likenskis.com\/fr\/#organization","name":"Liken Skis","url":"https:\/\/www.likenskis.com\/fr\/","logo":{"@type":"ImageObject","inLanguage":"fr-FR","@id":"https:\/\/www.likenskis.com\/fr\/#\/schema\/logo\/image\/","url":"https:\/\/www.likenskis.com\/wp-content\/uploads\/2019\/06\/Logo-LikenSkis-Retina.jpg","contentUrl":"https:\/\/www.likenskis.com\/wp-content\/uploads\/2019\/06\/Logo-LikenSkis-Retina.jpg","width":288,"height":80,"caption":"Liken Skis"},"image":{"@id":"https:\/\/www.likenskis.com\/fr\/#\/schema\/logo\/image\/"},"sameAs":["https:\/\/x.com\/LikenSkis"]}]}},"_links":{"self":[{"href":"https:\/\/www.likenskis.com\/fr\/wp-json\/wp\/v2\/pages\/1677","targetHints":{"allow":["GET"]}}],"collection":[{"href":"https:\/\/www.likenskis.com\/fr\/wp-json\/wp\/v2\/pages"}],"about":[{"href":"https:\/\/www.likenskis.com\/fr\/wp-json\/wp\/v2\/types\/page"}],"author":[{"embeddable":true,"href":"https:\/\/www.likenskis.com\/fr\/wp-json\/wp\/v2\/users\/1"}],"replies":[{"embeddable":true,"href":"https:\/\/www.likenskis.com\/fr\/wp-json\/wp\/v2\/comments?post=1677"}],"version-history":[{"count":0,"href":"https:\/\/www.likenskis.com\/fr\/wp-json\/wp\/v2\/pages\/1677\/revisions"}],"wp:attachment":[{"href":"https:\/\/www.likenskis.com\/fr\/wp-json\/wp\/v2\/media?parent=1677"}],"curies":[{"name":"wp","href":"https:\/\/api.w.org\/{rel}","templated":true}]}}