{"id":1691,"date":"2019-09-20T05:56:24","date_gmt":"2019-09-20T03:56:24","guid":{"rendered":"https:\/\/www.likenskis.com\/lartisan\/"},"modified":"2022-05-29T17:32:20","modified_gmt":"2022-05-29T15:32:20","slug":"lartisan","status":"publish","type":"page","link":"https:\/\/www.likenskis.com\/fr\/lartisan\/","title":{"rendered":"L\u2019artisan"},"content":{"rendered":"<p><div class=\"fusion-fullwidth fullwidth-box fusion-builder-row-1 nonhundred-percent-fullwidth non-hundred-percent-height-scrolling\" style=\"--awb-border-radius-top-left:0px;--awb-border-radius-top-right:0px;--awb-border-radius-bottom-right:0px;--awb-border-radius-bottom-left:0px;--awb-margin-top:-20px;--awb-flex-wrap:wrap;\" ><div class=\"fusion-builder-row fusion-row\"><div class=\"fusion-layout-column fusion_builder_column fusion-builder-column-0 fusion_builder_column_1_1 1_1 fusion-one-full fusion-column-first fusion-column-last\" style=\"--awb-bg-size:cover;\"><div class=\"fusion-column-wrapper fusion-column-has-shadow fusion-flex-column-wrapper-legacy\"><div class=\"fusion-text fusion-text-1\"><h1>Bureau et passion<\/h1>\n<\/div><div class=\"fusion-clearfix\"><\/div><\/div><\/div><\/div><\/div><div class=\"fusion-fullwidth fullwidth-box fusion-builder-row-2 nonhundred-percent-fullwidth non-hundred-percent-height-scrolling\" style=\"--awb-border-radius-top-left:0px;--awb-border-radius-top-right:0px;--awb-border-radius-bottom-right:0px;--awb-border-radius-bottom-left:0px;--awb-margin-bottom:30px;--awb-flex-wrap:wrap;\" ><div class=\"fusion-builder-row fusion-row\"><div class=\"fusion-layout-column fusion_builder_column fusion-builder-column-1 fusion_builder_column_1_1 1_1 fusion-one-full fusion-column-first fusion-column-last\" style=\"--awb-bg-size:cover;\"><div class=\"fusion-column-wrapper fusion-column-has-shadow fusion-flex-column-wrapper-legacy\"><div class=\"fusion-video fusion-youtube fusion-aligncenter\" style=\"--awb-max-width:1024px;--awb-max-height:600px;--awb-width:100%;\"><div class=\"video-shortcode\"><div class=\"fluid-width-video-wrapper\" style=\"padding-top:58.59%;\" ><iframe class=\"fusion-hidden\" data-privacy-type=\"youtube\" src=\"\" title=\"YouTube video player 1\" data-privacy-src=\"https:\/\/www.youtube.com\/embed\/sBgeWcYGiiw?wmode=transparent&autoplay=0\" width=\"1024\" height=\"600\" allowfullscreen allow=\"autoplay; clipboard-write; encrypted-media; gyroscope; picture-in-picture;\"><\/iframe><div class=\"fusion-privacy-placeholder\" style=\"width:1024px; height:600px;\" data-privacy-type=\"youtube\"><div class=\"fusion-privacy-placeholder-content\"><div class=\"fusion-privacy-label\">For privacy reasons YouTube needs your permission to be loaded. For more details, please see our <a class=\"privacy-policy-link\" href=\"https:\/\/www.likenskis.com\/avis-legal\/politica-de-privadesa\/\" rel=\"privacy-policy\">Pol\u00edtica de privacitat<\/a>.<\/div><button data-privacy-type=\"youtube\" class=\"fusion-button button-default fusion-button-default-size button fusion-privacy-consent\">I Accept<\/button><\/div><\/div><\/div><\/div><\/div><div class=\"fusion-clearfix\"><\/div><\/div><\/div><\/div><\/div><div class=\"fusion-fullwidth fullwidth-box fusion-builder-row-3 nonhundred-percent-fullwidth non-hundred-percent-height-scrolling\" style=\"--awb-border-radius-top-left:0px;--awb-border-radius-top-right:0px;--awb-border-radius-bottom-right:0px;--awb-border-radius-bottom-left:0px;--awb-padding-bottom:0px;--awb-margin-bottom:0px;--awb-flex-wrap:wrap;\" ><div class=\"fusion-builder-row fusion-row\"><div class=\"fusion-layout-column fusion_builder_column fusion-builder-column-2 fusion_builder_column_3_5 3_5 fusion-three-fifth fusion-column-first\" style=\"--awb-bg-size:cover;width:60%;width:calc(60% - ( ( 4% ) * 0.6 ) );margin-right: 4%;\"><div class=\"fusion-column-wrapper fusion-column-has-shadow fusion-flex-column-wrapper-legacy\"><div class=\"fusion-text fusion-text-2\"><h2 class=\"fusion-responsive-typography-calculated\" style=\"--fontsize: 20; line-height: 1.57; --minfontsize: 20;\" data-fontsize=\"20\" data-lineheight=\"31.30434799194336px\">Origine<\/h2>\n<p>Oriol Bar\u00f3, cr\u00e9ateur de Liken, est n\u00e9 \u00e0 La Pobla de Lillet, un petit village du Bergued\u00e0 entour\u00e9 de montagnes qui ont forg\u00e9 son caract\u00e8re et lui ont appris les<strong>valeurs pyr\u00e9n\u00e9ennes<\/strong>. Honn\u00eate et aventurier, gr\u00e2ce \u00e0 sa <strong>passion<\/strong> pour le ski, tout jeune d\u00e9j\u00e0 il commence \u00e0 go\u00fbter aux sensations et aux \u00e9motions que lui procure la montagne. Ce gar\u00e7on inquiet, curieux et int\u00e9ress\u00e9 para la technologie d\u00e9cide de devenir ing\u00e9nieur technique, un voyage qui l\u2019emm\u00e8nera, litt\u00e9ralement, vers son terrain de pr\u00e9dilection\u00a0: la neige et la montagne.<\/p>\n<\/div><div class=\"fusion-text fusion-text-3\"><h2 class=\"fusion-responsive-typography-calculated\" style=\"--fontsize: 20; line-height: 1.57; --minfontsize: 20;\" data-fontsize=\"20\" data-lineheight=\"31.30434799194336px\">Histoire<\/h2>\n<p>Apr\u00e8s plusieurs ann\u00e9es \u00e0 chercher l\u2019id\u00e9e qui lui permettrait vivre au maximum l\u2019exp\u00e9rience de la montagne hivernale, et gr\u00e2ce \u00e0 son bagage professionnel, Oriol commence \u00e0 d\u00e9velopper son propre projet d\u2019entreprise\u00a0: Liken Skis. Il se consacre tour d\u2019abord sur l\u2019\u00e9tude des techniques de production du moment, sur l\u2019analyse des tendances des skis sur le march\u00e9, et la visite de sites de production afin de mieux apprendre les processus. Gr\u00e2ce \u00e0 l\u2019acquisition de ces connaissances, il ach\u00e8te et fabrique les machines n\u00e9cessaires pour les adapter \u00e0 sa propre m\u00e9thode de production, et c\u2019est \u00e0 ce moment-l\u00e0 que se produit un changement irr\u00e9vocable dans sa t\u00eate\u00a0: gr\u00e2ce \u00e0 Liken la synergie parfaite entre <strong>l\u2019artisanat et l\u2019ing\u00e9nierie<\/strong> se met en place, et Oriol commence \u00e0 d\u00e9velopper ses propres skis en bois.<\/p>\n<\/div><div class=\"fusion-text fusion-text-4\"><h2 class=\"fusion-responsive-typography-calculated\" style=\"--fontsize: 20; line-height: 1.57; --minfontsize: 20;\" data-fontsize=\"20\" data-lineheight=\"31.30434799194336px\">Vision<\/h2>\n<p><span lang=\"FR\">Deux amis d\u2019Oriol, Toni et Adri\u00e0, lui donnent alors le coup de pouce initial pour l\u2019aider \u00e0 se lancer dans le monde passionnant de l\u2019entrepreneur, et \u00e0 vivre plus intens\u00e9ment en synergie avec le terroir en cr\u00e9ant un produit nouveau. Gr\u00e2ce \u00e0 ce \u00ab\u00a0petit grand pas\u00a0\u00bb Oriol a trouv\u00e9 un style de vie qui lui permet de se sentir <b>r\u00e9alis\u00e9<\/b> \u00e0 chaque instant, d\u2019exprimer sa <b>cr\u00e9ativit\u00e9<\/b> gr\u00e2ce au produit qu\u2019il fabrique en accord avec ses propres valeurs. Par l\u2019interm\u00e9diaire de Liken, Oriol cherche \u00e0 r\u00e9pondre aux inqui\u00e9tudes et aux besoins d\u2019autres passionn\u00e9s du ski, en proposant des skis en bois de qualit\u00e9, tr\u00e8s pouss\u00e9s d\u2019un point de vue technologique, artisanaux, personnalis\u00e9s et <b>en synergie avec la nature.<\/b><\/span><\/p>\n<\/div><div class=\"fusion-clearfix\"><\/div><\/div><\/div><div class=\"fusion-layout-column fusion_builder_column fusion-builder-column-3 fusion_builder_column_2_5 2_5 fusion-two-fifth fusion-column-last\" style=\"--awb-bg-size:cover;width:40%;width:calc(40% - ( ( 4% ) * 0.4 ) );\"><div class=\"fusion-column-wrapper fusion-column-has-shadow fusion-flex-column-wrapper-legacy\"><div class=\"fusion-image-element fusion-image-align-center in-legacy-container\" style=\"text-align:center;--awb-caption-title-font-family:var(--h2_typography-font-family);--awb-caption-title-font-weight:var(--h2_typography-font-weight);--awb-caption-title-font-style:var(--h2_typography-font-style);--awb-caption-title-size:var(--h2_typography-font-size);--awb-caption-title-transform:var(--h2_typography-text-transform);--awb-caption-title-line-height:var(--h2_typography-line-height);--awb-caption-title-letter-spacing:var(--h2_typography-letter-spacing);\"><div class=\"imageframe-align-center\"><span class=\" fusion-imageframe imageframe-none imageframe-1 hover-type-zoomin fusion-animated\" style=\"border-radius:15px;\" data-animationType=\"fadeIn\" data-animationDuration=\"0.8\" data-animationOffset=\"top-into-view\"><a href=\"https:\/\/www.likenskis.com\/wp-content\/uploads\/2020\/03\/ORIOL-ESQU\u00cdS-LIKEN-007-scaled.jpg\" class=\"fusion-lightbox\" data-rel=\"iLightbox[b5f23196541309c791b]\" data-title=\"ORIOL ESQU\u00cdS LIKEN 007\" title=\"ORIOL ESQU\u00cdS LIKEN 007\"><img decoding=\"async\" width=\"1707\" height=\"2560\" src=\"https:\/\/www.likenskis.com\/wp-content\/uploads\/2020\/03\/ORIOL-ESQU\u00cdS-LIKEN-007-scaled.jpg\" data-orig-src=\"https:\/\/www.likenskis.com\/wp-content\/uploads\/2020\/03\/ORIOL-ESQU\u00cdS-LIKEN-007-scaled.jpg\" alt class=\"lazyload img-responsive wp-image-2288\" srcset=\"data:image\/svg+xml,%3Csvg%20xmlns%3D%27http%3A%2F%2Fwww.w3.org%2F2000%2Fsvg%27%20width%3D%271707%27%20height%3D%272560%27%20viewBox%3D%270%200%201707%202560%27%3E%3Crect%20width%3D%271707%27%20height%3D%272560%27%20fill-opacity%3D%220%22%2F%3E%3C%2Fsvg%3E\" data-srcset=\"https:\/\/www.likenskis.com\/wp-content\/uploads\/2020\/03\/ORIOL-ESQU\u00cdS-LIKEN-007-200x300.jpg 200w, https:\/\/www.likenskis.com\/wp-content\/uploads\/2020\/03\/ORIOL-ESQU\u00cdS-LIKEN-007-400x600.jpg 400w, https:\/\/www.likenskis.com\/wp-content\/uploads\/2020\/03\/ORIOL-ESQU\u00cdS-LIKEN-007-600x900.jpg 600w, https:\/\/www.likenskis.com\/wp-content\/uploads\/2020\/03\/ORIOL-ESQU\u00cdS-LIKEN-007-800x1200.jpg 800w, https:\/\/www.likenskis.com\/wp-content\/uploads\/2020\/03\/ORIOL-ESQU\u00cdS-LIKEN-007-1200x1800.jpg 1200w, https:\/\/www.likenskis.com\/wp-content\/uploads\/2020\/03\/ORIOL-ESQU\u00cdS-LIKEN-007-scaled.jpg 1707w\" data-sizes=\"auto\" data-orig-sizes=\"(max-width: 800px) 100vw, 400px\" \/><\/a><\/span><\/div><\/div><div class=\"fusion-clearfix\"><\/div><\/div><\/div><\/div><\/div><\/p>\n","protected":false},"excerpt":{"rendered":"","protected":false},"author":1,"featured_media":7400,"parent":0,"menu_order":2,"comment_status":"closed","ping_status":"closed","template":"","meta":{"_joinchat":[],"footnotes":""},"class_list":["post-1691","page","type-page","status-publish","has-post-thumbnail","hentry"],"yoast_head":"<!-- This site is optimized with the Yoast SEO plugin v27.3 - https:\/\/yoast.com\/product\/yoast-seo-wordpress\/ -->\n<title>L\u2019artisan - Liken Skis<\/title>\n<meta name=\"description\" content=\"C&#039;est comme \u00e7a que Liken Skis est n\u00e9. Oriol est le fondateur de la marque. N\u00e9 dans un petit village des Pyr\u00e9n\u00e9es catalanes entour\u00e9 de montagnes, il d\u00e9couvre la passion du ski.\" \/>\n<meta name=\"robots\" content=\"index, follow, max-snippet:-1, max-image-preview:large, max-video-preview:-1\" \/>\n<link rel=\"canonical\" href=\"https:\/\/www.likenskis.com\/fr\/lartisan\/\" \/>\n<meta property=\"og:locale\" content=\"fr_FR\" \/>\n<meta property=\"og:type\" content=\"article\" \/>\n<meta property=\"og:title\" content=\"L\u2019artisan - Liken Skis\" \/>\n<meta property=\"og:description\" content=\"C&#039;est comme \u00e7a que Liken Skis est n\u00e9. Oriol est le fondateur de la marque. N\u00e9 dans un petit village des Pyr\u00e9n\u00e9es catalanes entour\u00e9 de montagnes, il d\u00e9couvre la passion du ski.\" \/>\n<meta property=\"og:url\" content=\"https:\/\/www.likenskis.com\/fr\/lartisan\/\" \/>\n<meta property=\"og:site_name\" content=\"Liken Skis\" \/>\n<meta property=\"article:modified_time\" content=\"2022-05-29T15:32:20+00:00\" \/>\n<meta property=\"og:image\" content=\"https:\/\/www.likenskis.com\/wp-content\/uploads\/2020\/05\/ORIOL-ESQU\u00cdS-LIKEN-001-1400x933.jpg\" \/>\n\t<meta property=\"og:image:width\" content=\"1400\" \/>\n\t<meta property=\"og:image:height\" content=\"933\" \/>\n\t<meta property=\"og:image:type\" content=\"image\/jpeg\" \/>\n<meta name=\"twitter:card\" content=\"summary_large_image\" \/>\n<meta name=\"twitter:site\" content=\"@LikenSkis\" \/>\n<meta name=\"twitter:label1\" content=\"Dur\u00e9e de lecture estim\u00e9e\" \/>\n\t<meta name=\"twitter:data1\" content=\"4 minutes\" \/>\n<script type=\"application\/ld+json\" class=\"yoast-schema-graph\">{\"@context\":\"https:\\\/\\\/schema.org\",\"@graph\":[{\"@type\":\"WebPage\",\"@id\":\"https:\\\/\\\/www.likenskis.com\\\/fr\\\/lartisan\\\/\",\"url\":\"https:\\\/\\\/www.likenskis.com\\\/fr\\\/lartisan\\\/\",\"name\":\"L\u2019artisan - Liken Skis\",\"isPartOf\":{\"@id\":\"https:\\\/\\\/www.likenskis.com\\\/fr\\\/#website\"},\"primaryImageOfPage\":{\"@id\":\"https:\\\/\\\/www.likenskis.com\\\/fr\\\/lartisan\\\/#primaryimage\"},\"image\":{\"@id\":\"https:\\\/\\\/www.likenskis.com\\\/fr\\\/lartisan\\\/#primaryimage\"},\"thumbnailUrl\":\"https:\\\/\\\/www.likenskis.com\\\/wp-content\\\/uploads\\\/2020\\\/05\\\/ORIOL-ESQU\u00cdS-LIKEN-001.jpg\",\"datePublished\":\"2019-09-20T03:56:24+00:00\",\"dateModified\":\"2022-05-29T15:32:20+00:00\",\"description\":\"C'est comme \u00e7a que Liken Skis est n\u00e9. Oriol est le fondateur de la marque. N\u00e9 dans un petit village des Pyr\u00e9n\u00e9es catalanes entour\u00e9 de montagnes, il d\u00e9couvre la passion du ski.\",\"breadcrumb\":{\"@id\":\"https:\\\/\\\/www.likenskis.com\\\/fr\\\/lartisan\\\/#breadcrumb\"},\"inLanguage\":\"fr-FR\",\"potentialAction\":[{\"@type\":\"ReadAction\",\"target\":[\"https:\\\/\\\/www.likenskis.com\\\/fr\\\/lartisan\\\/\"]}]},{\"@type\":\"ImageObject\",\"inLanguage\":\"fr-FR\",\"@id\":\"https:\\\/\\\/www.likenskis.com\\\/fr\\\/lartisan\\\/#primaryimage\",\"url\":\"https:\\\/\\\/www.likenskis.com\\\/wp-content\\\/uploads\\\/2020\\\/05\\\/ORIOL-ESQU\u00cdS-LIKEN-001.jpg\",\"contentUrl\":\"https:\\\/\\\/www.likenskis.com\\\/wp-content\\\/uploads\\\/2020\\\/05\\\/ORIOL-ESQU\u00cdS-LIKEN-001.jpg\",\"width\":2560,\"height\":1707,\"caption\":\"Liken Skis - L'artes\u00e0\"},{\"@type\":\"BreadcrumbList\",\"@id\":\"https:\\\/\\\/www.likenskis.com\\\/fr\\\/lartisan\\\/#breadcrumb\",\"itemListElement\":[{\"@type\":\"ListItem\",\"position\":1,\"name\":\"Inici\",\"item\":\"http:\\\/\\\/www.likenskis.com\\\/fr\\\/\"},{\"@type\":\"ListItem\",\"position\":2,\"name\":\"L\u2019artisan\"}]},{\"@type\":\"WebSite\",\"@id\":\"https:\\\/\\\/www.likenskis.com\\\/fr\\\/#website\",\"url\":\"https:\\\/\\\/www.likenskis.com\\\/fr\\\/\",\"name\":\"Liken Skis\",\"description\":\"Skis en bois faits \u00e0 la main\",\"publisher\":{\"@id\":\"https:\\\/\\\/www.likenskis.com\\\/fr\\\/#organization\"},\"potentialAction\":[{\"@type\":\"SearchAction\",\"target\":{\"@type\":\"EntryPoint\",\"urlTemplate\":\"https:\\\/\\\/www.likenskis.com\\\/fr\\\/?s={search_term_string}\"},\"query-input\":{\"@type\":\"PropertyValueSpecification\",\"valueRequired\":true,\"valueName\":\"search_term_string\"}}],\"inLanguage\":\"fr-FR\"},{\"@type\":\"Organization\",\"@id\":\"https:\\\/\\\/www.likenskis.com\\\/fr\\\/#organization\",\"name\":\"Liken Skis\",\"url\":\"https:\\\/\\\/www.likenskis.com\\\/fr\\\/\",\"logo\":{\"@type\":\"ImageObject\",\"inLanguage\":\"fr-FR\",\"@id\":\"https:\\\/\\\/www.likenskis.com\\\/fr\\\/#\\\/schema\\\/logo\\\/image\\\/\",\"url\":\"https:\\\/\\\/www.likenskis.com\\\/wp-content\\\/uploads\\\/2019\\\/06\\\/Logo-LikenSkis-Retina.jpg\",\"contentUrl\":\"https:\\\/\\\/www.likenskis.com\\\/wp-content\\\/uploads\\\/2019\\\/06\\\/Logo-LikenSkis-Retina.jpg\",\"width\":288,\"height\":80,\"caption\":\"Liken Skis\"},\"image\":{\"@id\":\"https:\\\/\\\/www.likenskis.com\\\/fr\\\/#\\\/schema\\\/logo\\\/image\\\/\"},\"sameAs\":[\"https:\\\/\\\/x.com\\\/LikenSkis\"]}]}<\/script>\n<!-- \/ Yoast SEO plugin. -->","yoast_head_json":{"title":"L\u2019artisan - Liken Skis","description":"C'est comme \u00e7a que Liken Skis est n\u00e9. Oriol est le fondateur de la marque. N\u00e9 dans un petit village des Pyr\u00e9n\u00e9es catalanes entour\u00e9 de montagnes, il d\u00e9couvre la passion du ski.","robots":{"index":"index","follow":"follow","max-snippet":"max-snippet:-1","max-image-preview":"max-image-preview:large","max-video-preview":"max-video-preview:-1"},"canonical":"https:\/\/www.likenskis.com\/fr\/lartisan\/","og_locale":"fr_FR","og_type":"article","og_title":"L\u2019artisan - Liken Skis","og_description":"C'est comme \u00e7a que Liken Skis est n\u00e9. Oriol est le fondateur de la marque. N\u00e9 dans un petit village des Pyr\u00e9n\u00e9es catalanes entour\u00e9 de montagnes, il d\u00e9couvre la passion du ski.","og_url":"https:\/\/www.likenskis.com\/fr\/lartisan\/","og_site_name":"Liken Skis","article_modified_time":"2022-05-29T15:32:20+00:00","og_image":[{"width":1400,"height":933,"url":"https:\/\/www.likenskis.com\/wp-content\/uploads\/2020\/05\/ORIOL-ESQU\u00cdS-LIKEN-001-1400x933.jpg","type":"image\/jpeg"}],"twitter_card":"summary_large_image","twitter_site":"@LikenSkis","twitter_misc":{"Dur\u00e9e de lecture estim\u00e9e":"4 minutes"},"schema":{"@context":"https:\/\/schema.org","@graph":[{"@type":"WebPage","@id":"https:\/\/www.likenskis.com\/fr\/lartisan\/","url":"https:\/\/www.likenskis.com\/fr\/lartisan\/","name":"L\u2019artisan - Liken Skis","isPartOf":{"@id":"https:\/\/www.likenskis.com\/fr\/#website"},"primaryImageOfPage":{"@id":"https:\/\/www.likenskis.com\/fr\/lartisan\/#primaryimage"},"image":{"@id":"https:\/\/www.likenskis.com\/fr\/lartisan\/#primaryimage"},"thumbnailUrl":"https:\/\/www.likenskis.com\/wp-content\/uploads\/2020\/05\/ORIOL-ESQU\u00cdS-LIKEN-001.jpg","datePublished":"2019-09-20T03:56:24+00:00","dateModified":"2022-05-29T15:32:20+00:00","description":"C'est comme \u00e7a que Liken Skis est n\u00e9. Oriol est le fondateur de la marque. N\u00e9 dans un petit village des Pyr\u00e9n\u00e9es catalanes entour\u00e9 de montagnes, il d\u00e9couvre la passion du ski.","breadcrumb":{"@id":"https:\/\/www.likenskis.com\/fr\/lartisan\/#breadcrumb"},"inLanguage":"fr-FR","potentialAction":[{"@type":"ReadAction","target":["https:\/\/www.likenskis.com\/fr\/lartisan\/"]}]},{"@type":"ImageObject","inLanguage":"fr-FR","@id":"https:\/\/www.likenskis.com\/fr\/lartisan\/#primaryimage","url":"https:\/\/www.likenskis.com\/wp-content\/uploads\/2020\/05\/ORIOL-ESQU\u00cdS-LIKEN-001.jpg","contentUrl":"https:\/\/www.likenskis.com\/wp-content\/uploads\/2020\/05\/ORIOL-ESQU\u00cdS-LIKEN-001.jpg","width":2560,"height":1707,"caption":"Liken Skis - L'artes\u00e0"},{"@type":"BreadcrumbList","@id":"https:\/\/www.likenskis.com\/fr\/lartisan\/#breadcrumb","itemListElement":[{"@type":"ListItem","position":1,"name":"Inici","item":"http:\/\/www.likenskis.com\/fr\/"},{"@type":"ListItem","position":2,"name":"L\u2019artisan"}]},{"@type":"WebSite","@id":"https:\/\/www.likenskis.com\/fr\/#website","url":"https:\/\/www.likenskis.com\/fr\/","name":"Liken Skis","description":"Skis en bois faits \u00e0 la main","publisher":{"@id":"https:\/\/www.likenskis.com\/fr\/#organization"},"potentialAction":[{"@type":"SearchAction","target":{"@type":"EntryPoint","urlTemplate":"https:\/\/www.likenskis.com\/fr\/?s={search_term_string}"},"query-input":{"@type":"PropertyValueSpecification","valueRequired":true,"valueName":"search_term_string"}}],"inLanguage":"fr-FR"},{"@type":"Organization","@id":"https:\/\/www.likenskis.com\/fr\/#organization","name":"Liken Skis","url":"https:\/\/www.likenskis.com\/fr\/","logo":{"@type":"ImageObject","inLanguage":"fr-FR","@id":"https:\/\/www.likenskis.com\/fr\/#\/schema\/logo\/image\/","url":"https:\/\/www.likenskis.com\/wp-content\/uploads\/2019\/06\/Logo-LikenSkis-Retina.jpg","contentUrl":"https:\/\/www.likenskis.com\/wp-content\/uploads\/2019\/06\/Logo-LikenSkis-Retina.jpg","width":288,"height":80,"caption":"Liken Skis"},"image":{"@id":"https:\/\/www.likenskis.com\/fr\/#\/schema\/logo\/image\/"},"sameAs":["https:\/\/x.com\/LikenSkis"]}]}},"_links":{"self":[{"href":"https:\/\/www.likenskis.com\/fr\/wp-json\/wp\/v2\/pages\/1691","targetHints":{"allow":["GET"]}}],"collection":[{"href":"https:\/\/www.likenskis.com\/fr\/wp-json\/wp\/v2\/pages"}],"about":[{"href":"https:\/\/www.likenskis.com\/fr\/wp-json\/wp\/v2\/types\/page"}],"author":[{"embeddable":true,"href":"https:\/\/www.likenskis.com\/fr\/wp-json\/wp\/v2\/users\/1"}],"replies":[{"embeddable":true,"href":"https:\/\/www.likenskis.com\/fr\/wp-json\/wp\/v2\/comments?post=1691"}],"version-history":[{"count":5,"href":"https:\/\/www.likenskis.com\/fr\/wp-json\/wp\/v2\/pages\/1691\/revisions"}],"predecessor-version":[{"id":10667,"href":"https:\/\/www.likenskis.com\/fr\/wp-json\/wp\/v2\/pages\/1691\/revisions\/10667"}],"wp:featuredmedia":[{"embeddable":true,"href":"https:\/\/www.likenskis.com\/fr\/wp-json\/wp\/v2\/media\/7400"}],"wp:attachment":[{"href":"https:\/\/www.likenskis.com\/fr\/wp-json\/wp\/v2\/media?parent=1691"}],"curies":[{"name":"wp","href":"https:\/\/api.w.org\/{rel}","templated":true}]}}