{"id":1701,"date":"2019-09-20T06:44:49","date_gmt":"2019-09-20T04:44:49","guid":{"rendered":"https:\/\/www.likenskis.com\/skis\/construction\/"},"modified":"2022-05-29T17:35:07","modified_gmt":"2022-05-29T15:35:07","slug":"construction","status":"publish","type":"page","link":"https:\/\/www.likenskis.com\/fr\/esquis\/construction\/","title":{"rendered":"Construction"},"content":{"rendered":"<p><div class=\"fusion-fullwidth fullwidth-box fusion-builder-row-1 nonhundred-percent-fullwidth non-hundred-percent-height-scrolling fusion-no-small-visibility fusion-no-medium-visibility\" style=\"--awb-background-position:center top;--awb-border-radius-top-left:0px;--awb-border-radius-top-right:0px;--awb-border-radius-bottom-right:0px;--awb-border-radius-bottom-left:0px;--awb-margin-top:-10px;--awb-margin-bottom:-170px;--awb-flex-wrap:wrap;\" ><div class=\"fusion-builder-row fusion-row\"><div class=\"fusion-layout-column fusion_builder_column fusion-builder-column-0 fusion_builder_column_1_1 1_1 fusion-one-full fusion-column-first fusion-column-last\" style=\"--awb-bg-size:cover;\"><div class=\"fusion-column-wrapper fusion-column-has-shadow fusion-flex-column-wrapper-legacy\"><div class=\"fusion-text fusion-text-1\"><h1>Construction<\/h1>\n<\/div><div class=\"fusion-sep-clear\"><\/div><div class=\"fusion-separator fusion-full-width-sep\" style=\"margin-left: auto;margin-right: auto;margin-top:20px;width:100%;\"><\/div><div class=\"fusion-sep-clear\"><\/div><div class=\"fusion-text fusion-text-2\"><p>Tous les skis Liken sont con\u00e7us avec une structure en sandwich, avec un noyau en fr\u00eane renforc\u00e9s de fibres de verre pour assurer un bon comportement et de bonnes propri\u00e9t\u00e9s m\u00e9caniques.<\/p>\n<\/div>[rev_slider alias=&#8221;newseccioesqui&#8221; \/]<div class=\"fusion-clearfix\"><\/div><\/div><\/div><\/div><\/div><div class=\"fusion-fullwidth fullwidth-box fusion-builder-row-2 nonhundred-percent-fullwidth non-hundred-percent-height-scrolling fusion-no-large-visibility\" style=\"--awb-background-position:center top;--awb-border-radius-top-left:0px;--awb-border-radius-top-right:0px;--awb-border-radius-bottom-right:0px;--awb-border-radius-bottom-left:0px;--awb-margin-top:-10px;--awb-margin-bottom:20px;--awb-flex-wrap:wrap;\" ><div class=\"fusion-builder-row fusion-row\"><div class=\"fusion-layout-column fusion_builder_column fusion-builder-column-1 fusion_builder_column_1_1 1_1 fusion-one-full fusion-column-first fusion-column-last\" style=\"--awb-bg-size:cover;\"><div class=\"fusion-column-wrapper fusion-column-has-shadow fusion-flex-column-wrapper-legacy\"><div class=\"fusion-text fusion-text-3\"><h1>Construction<\/h1>\n<\/div><div class=\"fusion-sep-clear\"><\/div><div class=\"fusion-separator fusion-full-width-sep\" style=\"margin-left: auto;margin-right: auto;margin-top:20px;width:100%;\"><\/div><div class=\"fusion-sep-clear\"><\/div><div class=\"fusion-text fusion-text-4\"><p>Tous les skis Liken sont con\u00e7us avec une structure en sandwich, avec un noyau en fr\u00eane renforc\u00e9s de fibres de verre pour assurer un bon comportement et de bonnes propri\u00e9t\u00e9s m\u00e9caniques.<\/p>\n<\/div><div class=\"fusion-image-element in-legacy-container\" style=\"--awb-caption-title-font-family:var(--h2_typography-font-family);--awb-caption-title-font-weight:var(--h2_typography-font-weight);--awb-caption-title-font-style:var(--h2_typography-font-style);--awb-caption-title-size:var(--h2_typography-font-size);--awb-caption-title-transform:var(--h2_typography-text-transform);--awb-caption-title-line-height:var(--h2_typography-line-height);--awb-caption-title-letter-spacing:var(--h2_typography-letter-spacing);\"><span class=\" fusion-imageframe imageframe-none imageframe-1 hover-type-none\"><img decoding=\"async\" width=\"1022\" height=\"600\" title=\"Estructura Esqu\u00ed Liken\" src=\"https:\/\/www.likenskis.com\/wp-content\/uploads\/2019\/06\/EstructuraEsqu\u00ed.jpg\" data-orig-src=\"https:\/\/www.likenskis.com\/wp-content\/uploads\/2019\/06\/EstructuraEsqu\u00ed.jpg\" alt class=\"lazyload img-responsive wp-image-1407\" srcset=\"data:image\/svg+xml,%3Csvg%20xmlns%3D%27http%3A%2F%2Fwww.w3.org%2F2000%2Fsvg%27%20width%3D%271022%27%20height%3D%27600%27%20viewBox%3D%270%200%201022%20600%27%3E%3Crect%20width%3D%271022%27%20height%3D%27600%27%20fill-opacity%3D%220%22%2F%3E%3C%2Fsvg%3E\" data-srcset=\"https:\/\/www.likenskis.com\/wp-content\/uploads\/2019\/06\/EstructuraEsqu\u00ed-200x117.jpg 200w, https:\/\/www.likenskis.com\/wp-content\/uploads\/2019\/06\/EstructuraEsqu\u00ed-400x235.jpg 400w, https:\/\/www.likenskis.com\/wp-content\/uploads\/2019\/06\/EstructuraEsqu\u00ed-600x352.jpg 600w, https:\/\/www.likenskis.com\/wp-content\/uploads\/2019\/06\/EstructuraEsqu\u00ed-800x470.jpg 800w, https:\/\/www.likenskis.com\/wp-content\/uploads\/2019\/06\/EstructuraEsqu\u00ed.jpg 1022w\" data-sizes=\"auto\" data-orig-sizes=\"(max-width: 800px) 100vw, 1022px\" \/><\/span><\/div><div class=\"fusion-clearfix\"><\/div><\/div><\/div><\/div><\/div><div class=\"fusion-fullwidth fullwidth-box fusion-builder-row-3 nonhundred-percent-fullwidth non-hundred-percent-height-scrolling fusion-no-large-visibility\" style=\"--awb-background-position:center top;--awb-border-radius-top-left:0px;--awb-border-radius-top-right:0px;--awb-border-radius-bottom-right:0px;--awb-border-radius-bottom-left:0px;--awb-flex-wrap:wrap;\" ><div class=\"fusion-builder-row fusion-row\"><div class=\"fusion-layout-column fusion_builder_column fusion-builder-column-2 fusion_builder_column_1_2 1_2 fusion-one-half fusion-column-first\" style=\"--awb-bg-size:cover;width:50%;width:calc(50% - ( ( 4% ) * 0.5 ) );margin-right: 4%;\"><div class=\"fusion-column-wrapper fusion-column-has-shadow fusion-flex-column-wrapper-legacy\"><div class=\"fusion-text fusion-text-5\"><h3>NOYAU EN BOIS<\/h3>\n<p>Construit \u00e0 100% en bois de grande qualit\u00e9, compos\u00e9 de lattes incurv\u00e9es dans le sens de la longueur. Les fr\u00eanes se caract\u00e9risent par des propri\u00e9t\u00e9s \u00e9lastiques, une duret\u00e9 et une durabilit\u00e9 exceptionnelles.<\/p>\n<h3>SEMELLE<\/h3>\n<p>Base de ski fritt\u00e9e Isosport 7518. Polyur\u00e9thane ultra l\u00e9ger (UHMW-PE) de poids mol\u00e9culaire ultra l\u00e9ger, pr\u00e9sentant une haute cristallinit\u00e9 et une teneur \u00e9lev\u00e9e en carbone (18%), afin d&#8217;am\u00e9liorer les propri\u00e9t\u00e9s de stratification, de glissement et de durabilit\u00e9.<\/p>\n<p>La semelle a une structure transversale, personnalisable sur demande et sans frais suppl\u00e9mentaires.<\/p>\n<h3>CARRES<\/h3>\n<p>Morceaux d&#8217;acier de 2 mm d&#8217;\u00e9paisseur avec traitement de surface pour minimiser l&#8217;oxydation.<\/p>\n<p>Angle standard : syntonisation \u00e0 1\u00ba et lat\u00e9ral \u00e0 88\u00ba (personnalisable sur demande et sans frais suppl\u00e9mentaires).<\/p>\n<\/div><div class=\"fusion-clearfix\"><\/div><\/div><\/div><div class=\"fusion-layout-column fusion_builder_column fusion-builder-column-3 fusion_builder_column_1_2 1_2 fusion-one-half fusion-column-last\" style=\"--awb-bg-size:cover;width:50%;width:calc(50% - ( ( 4% ) * 0.5 ) );\"><div class=\"fusion-column-wrapper fusion-column-has-shadow fusion-flex-column-wrapper-legacy\"><div class=\"fusion-text fusion-text-6\"><h3>FEUILLE DE BOIS DE SURFACE<\/h3>\n<p>Finition de la surface des skis en placage de bois naturel. Le type de bois et la finition peuvent \u00eatre choisis parmi les bois de la s\u00e9rie suivante : bambou, ch\u00eane, teck, buis-olivier et weng\u00e9.<\/p>\n<h3>ILLUSTRATIONS<\/h3>\n<p>Possibilit\u00e9 d&#8217;incorporer des graphismes ou des illustrations, en surface. Nous travaillons avec une marqueterie num\u00e9rique qui combine diff\u00e9rents types de bois afin de pr\u00e9server la qualit\u00e9 et l&#8217;\u00e9l\u00e9gance du ski.<\/p>\n<h3>FIBRE DE VERRE<\/h3>\n<p>Fibre de verre triaxiale pour le renforcement structurel du ski, afin d\u2019augmenter ses limites \u00e9lastiques.Dans certains mod\u00e8les, et selon les besoins du client, elle est compl\u00e9t\u00e9e par une deuxi\u00e8me couche de fibre de verre uni axiale de faible densit\u00e9.<\/p>\n<h3>VDS<\/h3>\n<p>Ruban de couverture de la carre pour r\u00e9duire les vibrations et emp\u00eacher la transmission de dilatations entre la carre et le ski.<\/p>\n<h3>R\u00c9SINES<\/h3>\n<p>R\u00e9sine \u00e9poxy de deux composites SUPER SAP\u00ae CLR avec une formulation contenant des mat\u00e9riaux bio sources renouvelables provenant de rejets d\u2019autres processus industriels, tels que la production de biocarburants et la p\u00e2te de bois. C&#8217;est un \u00e9poxy stabilis\u00e9 \u00e0 l&#8217;eau, transparent et r\u00e9sistant aux rayons UV.<\/p>\n<\/div><div class=\"fusion-clearfix\"><\/div><\/div><\/div><\/div><\/div><\/p>\n","protected":false},"excerpt":{"rendered":"","protected":false},"author":1,"featured_media":1479,"parent":3945,"menu_order":4,"comment_status":"closed","ping_status":"closed","template":"100-width.php","meta":{"_joinchat":[],"footnotes":""},"class_list":["post-1701","page","type-page","status-publish","has-post-thumbnail","hentry"],"yoast_head":"<!-- This site is optimized with the Yoast SEO plugin v27.1.1 - https:\/\/yoast.com\/product\/yoast-seo-wordpress\/ -->\n<title>Construction - Liken Skis<\/title>\n<meta name=\"description\" content=\"Les skis Liken sont construits avec une structure de construction en sandwich, avec un noyau de cendre renforc\u00e9 avec des fibres de verre pour assurer un bon comportement et de bonnes propri\u00e9t\u00e9s m\u00e9caniques.\" \/>\n<meta name=\"robots\" content=\"index, follow, max-snippet:-1, max-image-preview:large, max-video-preview:-1\" \/>\n<link rel=\"canonical\" href=\"https:\/\/www.likenskis.com\/fr\/esquis\/construction\/\" \/>\n<meta property=\"og:locale\" content=\"fr_FR\" \/>\n<meta property=\"og:type\" content=\"article\" \/>\n<meta property=\"og:title\" content=\"Construction - Liken Skis\" \/>\n<meta property=\"og:description\" content=\"Les skis Liken sont construits avec une structure de construction en sandwich, avec un noyau de cendre renforc\u00e9 avec des fibres de verre pour assurer un bon comportement et de bonnes propri\u00e9t\u00e9s m\u00e9caniques.\" \/>\n<meta property=\"og:url\" content=\"https:\/\/www.likenskis.com\/fr\/esquis\/construction\/\" \/>\n<meta property=\"og:site_name\" content=\"Liken Skis\" \/>\n<meta property=\"article:modified_time\" content=\"2022-05-29T15:35:07+00:00\" \/>\n<meta property=\"og:image\" content=\"https:\/\/www.likenskis.com\/wp-content\/uploads\/2019\/06\/SeccioEsqui.jpg\" \/>\n\t<meta property=\"og:image:width\" content=\"1920\" \/>\n\t<meta property=\"og:image:height\" content=\"1080\" \/>\n\t<meta property=\"og:image:type\" content=\"image\/jpeg\" \/>\n<meta name=\"twitter:card\" content=\"summary_large_image\" \/>\n<meta name=\"twitter:site\" content=\"@LikenSkis\" \/>\n<meta name=\"twitter:label1\" content=\"Dur\u00e9e de lecture estim\u00e9e\" \/>\n\t<meta name=\"twitter:data1\" content=\"5 minutes\" \/>\n<script type=\"application\/ld+json\" class=\"yoast-schema-graph\">{\"@context\":\"https:\/\/schema.org\",\"@graph\":[{\"@type\":\"WebPage\",\"@id\":\"https:\/\/www.likenskis.com\/fr\/esquis\/construction\/\",\"url\":\"https:\/\/www.likenskis.com\/fr\/esquis\/construction\/\",\"name\":\"Construction - Liken Skis\",\"isPartOf\":{\"@id\":\"http:\/\/www.likenskis.com\/fr\/#website\"},\"primaryImageOfPage\":{\"@id\":\"https:\/\/www.likenskis.com\/fr\/esquis\/construction\/#primaryimage\"},\"image\":{\"@id\":\"https:\/\/www.likenskis.com\/fr\/esquis\/construction\/#primaryimage\"},\"thumbnailUrl\":\"https:\/\/www.likenskis.com\/wp-content\/uploads\/2019\/06\/SeccioEsqui.jpg\",\"datePublished\":\"2019-09-20T04:44:49+00:00\",\"dateModified\":\"2022-05-29T15:35:07+00:00\",\"description\":\"Les skis Liken sont construits avec une structure de construction en sandwich, avec un noyau de cendre renforc\u00e9 avec des fibres de verre pour assurer un bon comportement et de bonnes propri\u00e9t\u00e9s m\u00e9caniques.\",\"breadcrumb\":{\"@id\":\"https:\/\/www.likenskis.com\/fr\/esquis\/construction\/#breadcrumb\"},\"inLanguage\":\"fr-FR\",\"potentialAction\":[{\"@type\":\"ReadAction\",\"target\":[\"https:\/\/www.likenskis.com\/fr\/esquis\/construction\/\"]}]},{\"@type\":\"ImageObject\",\"inLanguage\":\"fr-FR\",\"@id\":\"https:\/\/www.likenskis.com\/fr\/esquis\/construction\/#primaryimage\",\"url\":\"https:\/\/www.likenskis.com\/wp-content\/uploads\/2019\/06\/SeccioEsqui.jpg\",\"contentUrl\":\"https:\/\/www.likenskis.com\/wp-content\/uploads\/2019\/06\/SeccioEsqui.jpg\",\"width\":1920,\"height\":1080,\"caption\":\"Liken Skis - Construcci\u00f3 a mida\"},{\"@type\":\"BreadcrumbList\",\"@id\":\"https:\/\/www.likenskis.com\/fr\/esquis\/construction\/#breadcrumb\",\"itemListElement\":[{\"@type\":\"ListItem\",\"position\":1,\"name\":\"Inici\",\"item\":\"https:\/\/www.likenskis.com\/fr\/\"},{\"@type\":\"ListItem\",\"position\":2,\"name\":\"Esquis\",\"item\":\"http:\/\/www.likenskis.com\/fr\/esquis\/\"},{\"@type\":\"ListItem\",\"position\":3,\"name\":\"Construction\"}]},{\"@type\":\"WebSite\",\"@id\":\"http:\/\/www.likenskis.com\/fr\/#website\",\"url\":\"http:\/\/www.likenskis.com\/fr\/\",\"name\":\"Liken Skis\",\"description\":\"Skis en bois faits \u00e0 la main\",\"publisher\":{\"@id\":\"http:\/\/www.likenskis.com\/fr\/#organization\"},\"potentialAction\":[{\"@type\":\"SearchAction\",\"target\":{\"@type\":\"EntryPoint\",\"urlTemplate\":\"http:\/\/www.likenskis.com\/fr\/?s={search_term_string}\"},\"query-input\":{\"@type\":\"PropertyValueSpecification\",\"valueRequired\":true,\"valueName\":\"search_term_string\"}}],\"inLanguage\":\"fr-FR\"},{\"@type\":\"Organization\",\"@id\":\"http:\/\/www.likenskis.com\/fr\/#organization\",\"name\":\"Liken Skis\",\"url\":\"http:\/\/www.likenskis.com\/fr\/\",\"logo\":{\"@type\":\"ImageObject\",\"inLanguage\":\"fr-FR\",\"@id\":\"http:\/\/www.likenskis.com\/fr\/#\/schema\/logo\/image\/\",\"url\":\"https:\/\/www.likenskis.com\/wp-content\/uploads\/2019\/06\/Logo-LikenSkis-Retina.jpg\",\"contentUrl\":\"https:\/\/www.likenskis.com\/wp-content\/uploads\/2019\/06\/Logo-LikenSkis-Retina.jpg\",\"width\":288,\"height\":80,\"caption\":\"Liken Skis\"},\"image\":{\"@id\":\"http:\/\/www.likenskis.com\/fr\/#\/schema\/logo\/image\/\"},\"sameAs\":[\"https:\/\/x.com\/LikenSkis\"]}]}<\/script>\n<!-- \/ Yoast SEO plugin. -->","yoast_head_json":{"title":"Construction - Liken Skis","description":"Les skis Liken sont construits avec une structure de construction en sandwich, avec un noyau de cendre renforc\u00e9 avec des fibres de verre pour assurer un bon comportement et de bonnes propri\u00e9t\u00e9s m\u00e9caniques.","robots":{"index":"index","follow":"follow","max-snippet":"max-snippet:-1","max-image-preview":"max-image-preview:large","max-video-preview":"max-video-preview:-1"},"canonical":"https:\/\/www.likenskis.com\/fr\/esquis\/construction\/","og_locale":"fr_FR","og_type":"article","og_title":"Construction - Liken Skis","og_description":"Les skis Liken sont construits avec une structure de construction en sandwich, avec un noyau de cendre renforc\u00e9 avec des fibres de verre pour assurer un bon comportement et de bonnes propri\u00e9t\u00e9s m\u00e9caniques.","og_url":"https:\/\/www.likenskis.com\/fr\/esquis\/construction\/","og_site_name":"Liken Skis","article_modified_time":"2022-05-29T15:35:07+00:00","og_image":[{"width":1920,"height":1080,"url":"https:\/\/www.likenskis.com\/wp-content\/uploads\/2019\/06\/SeccioEsqui.jpg","type":"image\/jpeg"}],"twitter_card":"summary_large_image","twitter_site":"@LikenSkis","twitter_misc":{"Dur\u00e9e de lecture estim\u00e9e":"5 minutes"},"schema":{"@context":"https:\/\/schema.org","@graph":[{"@type":"WebPage","@id":"https:\/\/www.likenskis.com\/fr\/esquis\/construction\/","url":"https:\/\/www.likenskis.com\/fr\/esquis\/construction\/","name":"Construction - Liken Skis","isPartOf":{"@id":"http:\/\/www.likenskis.com\/fr\/#website"},"primaryImageOfPage":{"@id":"https:\/\/www.likenskis.com\/fr\/esquis\/construction\/#primaryimage"},"image":{"@id":"https:\/\/www.likenskis.com\/fr\/esquis\/construction\/#primaryimage"},"thumbnailUrl":"https:\/\/www.likenskis.com\/wp-content\/uploads\/2019\/06\/SeccioEsqui.jpg","datePublished":"2019-09-20T04:44:49+00:00","dateModified":"2022-05-29T15:35:07+00:00","description":"Les skis Liken sont construits avec une structure de construction en sandwich, avec un noyau de cendre renforc\u00e9 avec des fibres de verre pour assurer un bon comportement et de bonnes propri\u00e9t\u00e9s m\u00e9caniques.","breadcrumb":{"@id":"https:\/\/www.likenskis.com\/fr\/esquis\/construction\/#breadcrumb"},"inLanguage":"fr-FR","potentialAction":[{"@type":"ReadAction","target":["https:\/\/www.likenskis.com\/fr\/esquis\/construction\/"]}]},{"@type":"ImageObject","inLanguage":"fr-FR","@id":"https:\/\/www.likenskis.com\/fr\/esquis\/construction\/#primaryimage","url":"https:\/\/www.likenskis.com\/wp-content\/uploads\/2019\/06\/SeccioEsqui.jpg","contentUrl":"https:\/\/www.likenskis.com\/wp-content\/uploads\/2019\/06\/SeccioEsqui.jpg","width":1920,"height":1080,"caption":"Liken Skis - Construcci\u00f3 a mida"},{"@type":"BreadcrumbList","@id":"https:\/\/www.likenskis.com\/fr\/esquis\/construction\/#breadcrumb","itemListElement":[{"@type":"ListItem","position":1,"name":"Inici","item":"https:\/\/www.likenskis.com\/fr\/"},{"@type":"ListItem","position":2,"name":"Esquis","item":"http:\/\/www.likenskis.com\/fr\/esquis\/"},{"@type":"ListItem","position":3,"name":"Construction"}]},{"@type":"WebSite","@id":"http:\/\/www.likenskis.com\/fr\/#website","url":"http:\/\/www.likenskis.com\/fr\/","name":"Liken Skis","description":"Skis en bois faits \u00e0 la main","publisher":{"@id":"http:\/\/www.likenskis.com\/fr\/#organization"},"potentialAction":[{"@type":"SearchAction","target":{"@type":"EntryPoint","urlTemplate":"http:\/\/www.likenskis.com\/fr\/?s={search_term_string}"},"query-input":{"@type":"PropertyValueSpecification","valueRequired":true,"valueName":"search_term_string"}}],"inLanguage":"fr-FR"},{"@type":"Organization","@id":"http:\/\/www.likenskis.com\/fr\/#organization","name":"Liken Skis","url":"http:\/\/www.likenskis.com\/fr\/","logo":{"@type":"ImageObject","inLanguage":"fr-FR","@id":"http:\/\/www.likenskis.com\/fr\/#\/schema\/logo\/image\/","url":"https:\/\/www.likenskis.com\/wp-content\/uploads\/2019\/06\/Logo-LikenSkis-Retina.jpg","contentUrl":"https:\/\/www.likenskis.com\/wp-content\/uploads\/2019\/06\/Logo-LikenSkis-Retina.jpg","width":288,"height":80,"caption":"Liken Skis"},"image":{"@id":"http:\/\/www.likenskis.com\/fr\/#\/schema\/logo\/image\/"},"sameAs":["https:\/\/x.com\/LikenSkis"]}]}},"_links":{"self":[{"href":"https:\/\/www.likenskis.com\/fr\/wp-json\/wp\/v2\/pages\/1701","targetHints":{"allow":["GET"]}}],"collection":[{"href":"https:\/\/www.likenskis.com\/fr\/wp-json\/wp\/v2\/pages"}],"about":[{"href":"https:\/\/www.likenskis.com\/fr\/wp-json\/wp\/v2\/types\/page"}],"author":[{"embeddable":true,"href":"https:\/\/www.likenskis.com\/fr\/wp-json\/wp\/v2\/users\/1"}],"replies":[{"embeddable":true,"href":"https:\/\/www.likenskis.com\/fr\/wp-json\/wp\/v2\/comments?post=1701"}],"version-history":[{"count":6,"href":"https:\/\/www.likenskis.com\/fr\/wp-json\/wp\/v2\/pages\/1701\/revisions"}],"predecessor-version":[{"id":11605,"href":"https:\/\/www.likenskis.com\/fr\/wp-json\/wp\/v2\/pages\/1701\/revisions\/11605"}],"up":[{"embeddable":true,"href":"https:\/\/www.likenskis.com\/fr\/wp-json\/wp\/v2\/pages\/3945"}],"wp:featuredmedia":[{"embeddable":true,"href":"https:\/\/www.likenskis.com\/fr\/wp-json\/wp\/v2\/media\/1479"}],"wp:attachment":[{"href":"https:\/\/www.likenskis.com\/fr\/wp-json\/wp\/v2\/media?parent=1701"}],"curies":[{"name":"wp","href":"https:\/\/api.w.org\/{rel}","templated":true}]}}