{"id":10567,"date":"2021-11-12T21:03:57","date_gmt":"2021-11-12T19:03:58","guid":{"rendered":"https:\/\/www.likenskis.com\/?post_type=product&#038;p=10567"},"modified":"2022-06-04T19:45:14","modified_gmt":"2022-06-04T17:45:14","slug":"bol","status":"publish","type":"product","link":"https:\/\/www.likenskis.com\/fr\/producte\/bol\/","title":{"rendered":"Bol Liken"},"content":{"rendered":"","protected":false},"excerpt":{"rendered":"<p>Coupe vintage en m\u00e9tal \u00e9maill\u00e9. Capacit\u00e9 de 350m. Couleur bleue et impression du logo Liken avec transfert c\u00e9ramique.<\/p>\n","protected":false},"featured_media":10570,"comment_status":"closed","ping_status":"closed","template":"","meta":{"_joinchat":[]},"product_brand":[],"product_cat":[231],"product_tag":[219,225],"class_list":{"0":"post-10567","1":"product","2":"type-product","3":"status-publish","4":"has-post-thumbnail","6":"product_cat-complements-fr","7":"product_tag-accessoires","8":"product_tag-sac","9":"product_shipping_class-normal-fr","11":"first","12":"instock","13":"taxable","14":"shipping-taxable","15":"purchasable","16":"product-type-simple"},"yoast_head":"<!-- This site is optimized with the Yoast SEO plugin v27.3 - https:\/\/yoast.com\/product\/yoast-seo-wordpress\/ -->\n<title>Bol Liken - Liken Skis<\/title>\n<meta name=\"robots\" content=\"index, follow, max-snippet:-1, max-image-preview:large, max-video-preview:-1\" \/>\n<link rel=\"canonical\" href=\"https:\/\/www.likenskis.com\/fr\/producte\/bol\/\" \/>\n<meta property=\"og:locale\" content=\"fr_FR\" \/>\n<meta property=\"og:type\" content=\"article\" \/>\n<meta property=\"og:title\" content=\"Bol Liken - Liken Skis\" \/>\n<meta property=\"og:description\" content=\"Coupe vintage en m\u00e9tal \u00e9maill\u00e9. Capacit\u00e9 de 350m. Couleur bleue et impression du logo Liken avec transfert c\u00e9ramique.\" \/>\n<meta property=\"og:url\" content=\"https:\/\/www.likenskis.com\/fr\/producte\/bol\/\" \/>\n<meta property=\"og:site_name\" content=\"Liken Skis\" \/>\n<meta property=\"article:modified_time\" content=\"2022-06-04T17:45:14+00:00\" \/>\n<meta property=\"og:image\" content=\"https:\/\/www.likenskis.com\/wp-content\/uploads\/2021\/11\/TASSA_LIKEN_01-scaled.jpg\" \/>\n\t<meta property=\"og:image:width\" content=\"2560\" \/>\n\t<meta property=\"og:image:height\" content=\"2560\" \/>\n\t<meta property=\"og:image:type\" content=\"image\/jpeg\" \/>\n<meta name=\"twitter:card\" content=\"summary_large_image\" \/>\n<meta name=\"twitter:site\" content=\"@LikenSkis\" \/>\n<script type=\"application\/ld+json\" class=\"yoast-schema-graph\">{\"@context\":\"https:\\\/\\\/schema.org\",\"@graph\":[{\"@type\":\"WebPage\",\"@id\":\"https:\\\/\\\/www.likenskis.com\\\/fr\\\/producte\\\/bol\\\/\",\"url\":\"https:\\\/\\\/www.likenskis.com\\\/fr\\\/producte\\\/bol\\\/\",\"name\":\"Bol Liken - Liken Skis\",\"isPartOf\":{\"@id\":\"https:\\\/\\\/www.likenskis.com\\\/fr\\\/#website\"},\"primaryImageOfPage\":{\"@id\":\"https:\\\/\\\/www.likenskis.com\\\/fr\\\/producte\\\/bol\\\/#primaryimage\"},\"image\":{\"@id\":\"https:\\\/\\\/www.likenskis.com\\\/fr\\\/producte\\\/bol\\\/#primaryimage\"},\"thumbnailUrl\":\"https:\\\/\\\/www.likenskis.com\\\/wp-content\\\/uploads\\\/2021\\\/11\\\/TASSA_LIKEN_01-scaled.jpg\",\"datePublished\":\"2021-11-12T19:03:58+00:00\",\"dateModified\":\"2022-06-04T17:45:14+00:00\",\"breadcrumb\":{\"@id\":\"https:\\\/\\\/www.likenskis.com\\\/fr\\\/producte\\\/bol\\\/#breadcrumb\"},\"inLanguage\":\"fr-FR\",\"potentialAction\":[{\"@type\":\"ReadAction\",\"target\":[\"https:\\\/\\\/www.likenskis.com\\\/fr\\\/producte\\\/bol\\\/\"]}]},{\"@type\":\"ImageObject\",\"inLanguage\":\"fr-FR\",\"@id\":\"https:\\\/\\\/www.likenskis.com\\\/fr\\\/producte\\\/bol\\\/#primaryimage\",\"url\":\"https:\\\/\\\/www.likenskis.com\\\/wp-content\\\/uploads\\\/2021\\\/11\\\/TASSA_LIKEN_01-scaled.jpg\",\"contentUrl\":\"https:\\\/\\\/www.likenskis.com\\\/wp-content\\\/uploads\\\/2021\\\/11\\\/TASSA_LIKEN_01-scaled.jpg\",\"width\":2560,\"height\":2560,\"caption\":\"TAZA VINTAGE\"},{\"@type\":\"BreadcrumbList\",\"@id\":\"https:\\\/\\\/www.likenskis.com\\\/fr\\\/producte\\\/bol\\\/#breadcrumb\",\"itemListElement\":[{\"@type\":\"ListItem\",\"position\":1,\"name\":\"Inici\",\"item\":\"http:\\\/\\\/www.likenskis.com\\\/fr\\\/\"},{\"@type\":\"ListItem\",\"position\":2,\"name\":\"Botiga\",\"item\":\"https:\\\/\\\/www.likenskis.com\\\/botiga\\\/\"},{\"@type\":\"ListItem\",\"position\":3,\"name\":\"Bol Liken\"}]},{\"@type\":\"WebSite\",\"@id\":\"https:\\\/\\\/www.likenskis.com\\\/fr\\\/#website\",\"url\":\"https:\\\/\\\/www.likenskis.com\\\/fr\\\/\",\"name\":\"Liken Skis\",\"description\":\"Skis en bois faits \u00e0 la main\",\"publisher\":{\"@id\":\"https:\\\/\\\/www.likenskis.com\\\/fr\\\/#organization\"},\"potentialAction\":[{\"@type\":\"SearchAction\",\"target\":{\"@type\":\"EntryPoint\",\"urlTemplate\":\"https:\\\/\\\/www.likenskis.com\\\/fr\\\/?s={search_term_string}\"},\"query-input\":{\"@type\":\"PropertyValueSpecification\",\"valueRequired\":true,\"valueName\":\"search_term_string\"}}],\"inLanguage\":\"fr-FR\"},{\"@type\":\"Organization\",\"@id\":\"https:\\\/\\\/www.likenskis.com\\\/fr\\\/#organization\",\"name\":\"Liken Skis\",\"url\":\"https:\\\/\\\/www.likenskis.com\\\/fr\\\/\",\"logo\":{\"@type\":\"ImageObject\",\"inLanguage\":\"fr-FR\",\"@id\":\"https:\\\/\\\/www.likenskis.com\\\/fr\\\/#\\\/schema\\\/logo\\\/image\\\/\",\"url\":\"https:\\\/\\\/www.likenskis.com\\\/wp-content\\\/uploads\\\/2019\\\/06\\\/Logo-LikenSkis-Retina.jpg\",\"contentUrl\":\"https:\\\/\\\/www.likenskis.com\\\/wp-content\\\/uploads\\\/2019\\\/06\\\/Logo-LikenSkis-Retina.jpg\",\"width\":288,\"height\":80,\"caption\":\"Liken Skis\"},\"image\":{\"@id\":\"https:\\\/\\\/www.likenskis.com\\\/fr\\\/#\\\/schema\\\/logo\\\/image\\\/\"},\"sameAs\":[\"https:\\\/\\\/x.com\\\/LikenSkis\"]}]}<\/script>\n<!-- \/ Yoast SEO plugin. -->","yoast_head_json":{"title":"Bol Liken - Liken Skis","robots":{"index":"index","follow":"follow","max-snippet":"max-snippet:-1","max-image-preview":"max-image-preview:large","max-video-preview":"max-video-preview:-1"},"canonical":"https:\/\/www.likenskis.com\/fr\/producte\/bol\/","og_locale":"fr_FR","og_type":"article","og_title":"Bol Liken - Liken Skis","og_description":"Coupe vintage en m\u00e9tal \u00e9maill\u00e9. Capacit\u00e9 de 350m. Couleur bleue et impression du logo Liken avec transfert c\u00e9ramique.","og_url":"https:\/\/www.likenskis.com\/fr\/producte\/bol\/","og_site_name":"Liken Skis","article_modified_time":"2022-06-04T17:45:14+00:00","og_image":[{"width":2560,"height":2560,"url":"https:\/\/www.likenskis.com\/wp-content\/uploads\/2021\/11\/TASSA_LIKEN_01-scaled.jpg","type":"image\/jpeg"}],"twitter_card":"summary_large_image","twitter_site":"@LikenSkis","schema":{"@context":"https:\/\/schema.org","@graph":[{"@type":"WebPage","@id":"https:\/\/www.likenskis.com\/fr\/producte\/bol\/","url":"https:\/\/www.likenskis.com\/fr\/producte\/bol\/","name":"Bol Liken - Liken Skis","isPartOf":{"@id":"https:\/\/www.likenskis.com\/fr\/#website"},"primaryImageOfPage":{"@id":"https:\/\/www.likenskis.com\/fr\/producte\/bol\/#primaryimage"},"image":{"@id":"https:\/\/www.likenskis.com\/fr\/producte\/bol\/#primaryimage"},"thumbnailUrl":"https:\/\/www.likenskis.com\/wp-content\/uploads\/2021\/11\/TASSA_LIKEN_01-scaled.jpg","datePublished":"2021-11-12T19:03:58+00:00","dateModified":"2022-06-04T17:45:14+00:00","breadcrumb":{"@id":"https:\/\/www.likenskis.com\/fr\/producte\/bol\/#breadcrumb"},"inLanguage":"fr-FR","potentialAction":[{"@type":"ReadAction","target":["https:\/\/www.likenskis.com\/fr\/producte\/bol\/"]}]},{"@type":"ImageObject","inLanguage":"fr-FR","@id":"https:\/\/www.likenskis.com\/fr\/producte\/bol\/#primaryimage","url":"https:\/\/www.likenskis.com\/wp-content\/uploads\/2021\/11\/TASSA_LIKEN_01-scaled.jpg","contentUrl":"https:\/\/www.likenskis.com\/wp-content\/uploads\/2021\/11\/TASSA_LIKEN_01-scaled.jpg","width":2560,"height":2560,"caption":"TAZA VINTAGE"},{"@type":"BreadcrumbList","@id":"https:\/\/www.likenskis.com\/fr\/producte\/bol\/#breadcrumb","itemListElement":[{"@type":"ListItem","position":1,"name":"Inici","item":"http:\/\/www.likenskis.com\/fr\/"},{"@type":"ListItem","position":2,"name":"Botiga","item":"https:\/\/www.likenskis.com\/botiga\/"},{"@type":"ListItem","position":3,"name":"Bol Liken"}]},{"@type":"WebSite","@id":"https:\/\/www.likenskis.com\/fr\/#website","url":"https:\/\/www.likenskis.com\/fr\/","name":"Liken Skis","description":"Skis en bois faits \u00e0 la main","publisher":{"@id":"https:\/\/www.likenskis.com\/fr\/#organization"},"potentialAction":[{"@type":"SearchAction","target":{"@type":"EntryPoint","urlTemplate":"https:\/\/www.likenskis.com\/fr\/?s={search_term_string}"},"query-input":{"@type":"PropertyValueSpecification","valueRequired":true,"valueName":"search_term_string"}}],"inLanguage":"fr-FR"},{"@type":"Organization","@id":"https:\/\/www.likenskis.com\/fr\/#organization","name":"Liken Skis","url":"https:\/\/www.likenskis.com\/fr\/","logo":{"@type":"ImageObject","inLanguage":"fr-FR","@id":"https:\/\/www.likenskis.com\/fr\/#\/schema\/logo\/image\/","url":"https:\/\/www.likenskis.com\/wp-content\/uploads\/2019\/06\/Logo-LikenSkis-Retina.jpg","contentUrl":"https:\/\/www.likenskis.com\/wp-content\/uploads\/2019\/06\/Logo-LikenSkis-Retina.jpg","width":288,"height":80,"caption":"Liken Skis"},"image":{"@id":"https:\/\/www.likenskis.com\/fr\/#\/schema\/logo\/image\/"},"sameAs":["https:\/\/x.com\/LikenSkis"]}]}},"_links":{"self":[{"href":"https:\/\/www.likenskis.com\/fr\/wp-json\/wp\/v2\/product\/10567","targetHints":{"allow":["GET"]}}],"collection":[{"href":"https:\/\/www.likenskis.com\/fr\/wp-json\/wp\/v2\/product"}],"about":[{"href":"https:\/\/www.likenskis.com\/fr\/wp-json\/wp\/v2\/types\/product"}],"replies":[{"embeddable":true,"href":"https:\/\/www.likenskis.com\/fr\/wp-json\/wp\/v2\/comments?post=10567"}],"wp:featuredmedia":[{"embeddable":true,"href":"https:\/\/www.likenskis.com\/fr\/wp-json\/wp\/v2\/media\/10570"}],"wp:attachment":[{"href":"https:\/\/www.likenskis.com\/fr\/wp-json\/wp\/v2\/media?parent=10567"}],"wp:term":[{"taxonomy":"product_brand","embeddable":true,"href":"https:\/\/www.likenskis.com\/fr\/wp-json\/wp\/v2\/product_brand?post=10567"},{"taxonomy":"product_cat","embeddable":true,"href":"https:\/\/www.likenskis.com\/fr\/wp-json\/wp\/v2\/product_cat?post=10567"},{"taxonomy":"product_tag","embeddable":true,"href":"https:\/\/www.likenskis.com\/fr\/wp-json\/wp\/v2\/product_tag?post=10567"}],"curies":[{"name":"wp","href":"https:\/\/api.w.org\/{rel}","templated":true}]}}