{"id":8612,"date":"2021-01-10T08:39:07","date_gmt":"2020-10-16T06:39:14","guid":{"rendered":"https:\/\/www.likenskis.com\/?post_type=product&#038;p=8612"},"modified":"2022-06-05T10:08:51","modified_gmt":"2022-06-05T08:08:51","slug":"buff","status":"publish","type":"product","link":"https:\/\/www.likenskis.com\/fr\/producte\/buff\/","title":{"rendered":"Buff"},"content":{"rendered":"","protected":false},"excerpt":{"rendered":"<p>Buff\u00ae Original. Produit polyvalent con\u00e7u pour \u00eatre utilis\u00e9 toute l&#8217;ann\u00e9e.<\/p>\n<p>Assure une protection parfaite contre le froid lors d&#8217;activit\u00e9s ext\u00e9rieures de haute intensit\u00e9.<\/p>\n<p>Composition: 95% polyester, 5% \u00e9lasthanne.<\/p>\n","protected":false},"featured_media":8621,"comment_status":"closed","ping_status":"closed","template":"","meta":{"_joinchat":[]},"product_brand":[],"product_cat":[231],"product_tag":[219,225],"class_list":{"0":"post-8612","1":"product","2":"type-product","3":"status-publish","4":"has-post-thumbnail","6":"product_cat-complements-fr","7":"product_tag-accessoires","8":"product_tag-sac","9":"product_shipping_class-normal-fr","11":"first","12":"instock","13":"taxable","14":"shipping-taxable","15":"purchasable","16":"product-type-simple"},"yoast_head":"<!-- This site is optimized with the Yoast SEO plugin v27.3 - https:\/\/yoast.com\/product\/yoast-seo-wordpress\/ -->\n<title>Buff - Liken Skis<\/title>\n<meta name=\"robots\" content=\"index, follow, max-snippet:-1, max-image-preview:large, max-video-preview:-1\" \/>\n<link rel=\"canonical\" href=\"https:\/\/www.likenskis.com\/fr\/producte\/buff\/\" \/>\n<meta property=\"og:locale\" content=\"fr_FR\" \/>\n<meta property=\"og:type\" content=\"article\" \/>\n<meta property=\"og:title\" content=\"Buff - Liken Skis\" \/>\n<meta property=\"og:description\" content=\"Buff\u00ae Original. Produit polyvalent con\u00e7u pour \u00eatre utilis\u00e9 toute l&#039;ann\u00e9e.  Assure une protection parfaite contre le froid lors d&#039;activit\u00e9s ext\u00e9rieures de haute intensit\u00e9.  Composition: 95% polyester, 5% \u00e9lasthanne.\" \/>\n<meta property=\"og:url\" content=\"https:\/\/www.likenskis.com\/fr\/producte\/buff\/\" \/>\n<meta property=\"og:site_name\" content=\"Liken Skis\" \/>\n<meta property=\"article:modified_time\" content=\"2022-06-05T08:08:51+00:00\" \/>\n<meta property=\"og:image\" content=\"https:\/\/www.likenskis.com\/wp-content\/uploads\/2020\/10\/ACCESSORIS_05-scaled.jpg\" \/>\n\t<meta property=\"og:image:width\" content=\"2560\" \/>\n\t<meta property=\"og:image:height\" content=\"2560\" \/>\n\t<meta property=\"og:image:type\" content=\"image\/jpeg\" \/>\n<meta name=\"twitter:card\" content=\"summary_large_image\" \/>\n<meta name=\"twitter:site\" content=\"@LikenSkis\" \/>\n<script type=\"application\/ld+json\" class=\"yoast-schema-graph\">{\"@context\":\"https:\\\/\\\/schema.org\",\"@graph\":[{\"@type\":\"WebPage\",\"@id\":\"https:\\\/\\\/www.likenskis.com\\\/fr\\\/producte\\\/buff\\\/\",\"url\":\"https:\\\/\\\/www.likenskis.com\\\/fr\\\/producte\\\/buff\\\/\",\"name\":\"Buff - Liken Skis\",\"isPartOf\":{\"@id\":\"http:\\\/\\\/www.likenskis.com\\\/fr\\\/#website\"},\"primaryImageOfPage\":{\"@id\":\"https:\\\/\\\/www.likenskis.com\\\/fr\\\/producte\\\/buff\\\/#primaryimage\"},\"image\":{\"@id\":\"https:\\\/\\\/www.likenskis.com\\\/fr\\\/producte\\\/buff\\\/#primaryimage\"},\"thumbnailUrl\":\"https:\\\/\\\/www.likenskis.com\\\/wp-content\\\/uploads\\\/2020\\\/10\\\/ACCESSORIS_05-scaled.jpg\",\"datePublished\":\"2020-10-16T06:39:14+00:00\",\"dateModified\":\"2022-06-05T08:08:51+00:00\",\"breadcrumb\":{\"@id\":\"https:\\\/\\\/www.likenskis.com\\\/fr\\\/producte\\\/buff\\\/#breadcrumb\"},\"inLanguage\":\"fr-FR\",\"potentialAction\":[{\"@type\":\"ReadAction\",\"target\":[\"https:\\\/\\\/www.likenskis.com\\\/fr\\\/producte\\\/buff\\\/\"]}]},{\"@type\":\"ImageObject\",\"inLanguage\":\"fr-FR\",\"@id\":\"https:\\\/\\\/www.likenskis.com\\\/fr\\\/producte\\\/buff\\\/#primaryimage\",\"url\":\"https:\\\/\\\/www.likenskis.com\\\/wp-content\\\/uploads\\\/2020\\\/10\\\/ACCESSORIS_05-scaled.jpg\",\"contentUrl\":\"https:\\\/\\\/www.likenskis.com\\\/wp-content\\\/uploads\\\/2020\\\/10\\\/ACCESSORIS_05-scaled.jpg\",\"width\":2560,\"height\":2560},{\"@type\":\"BreadcrumbList\",\"@id\":\"https:\\\/\\\/www.likenskis.com\\\/fr\\\/producte\\\/buff\\\/#breadcrumb\",\"itemListElement\":[{\"@type\":\"ListItem\",\"position\":1,\"name\":\"Inici\",\"item\":\"https:\\\/\\\/www.likenskis.com\\\/fr\\\/\"},{\"@type\":\"ListItem\",\"position\":2,\"name\":\"Botiga\",\"item\":\"http:\\\/\\\/www.likenskis.com\\\/botiga\\\/\"},{\"@type\":\"ListItem\",\"position\":3,\"name\":\"Buff\"}]},{\"@type\":\"WebSite\",\"@id\":\"http:\\\/\\\/www.likenskis.com\\\/fr\\\/#website\",\"url\":\"http:\\\/\\\/www.likenskis.com\\\/fr\\\/\",\"name\":\"Liken Skis\",\"description\":\"Skis en bois faits \u00e0 la main\",\"publisher\":{\"@id\":\"http:\\\/\\\/www.likenskis.com\\\/fr\\\/#organization\"},\"potentialAction\":[{\"@type\":\"SearchAction\",\"target\":{\"@type\":\"EntryPoint\",\"urlTemplate\":\"http:\\\/\\\/www.likenskis.com\\\/fr\\\/?s={search_term_string}\"},\"query-input\":{\"@type\":\"PropertyValueSpecification\",\"valueRequired\":true,\"valueName\":\"search_term_string\"}}],\"inLanguage\":\"fr-FR\"},{\"@type\":\"Organization\",\"@id\":\"http:\\\/\\\/www.likenskis.com\\\/fr\\\/#organization\",\"name\":\"Liken Skis\",\"url\":\"http:\\\/\\\/www.likenskis.com\\\/fr\\\/\",\"logo\":{\"@type\":\"ImageObject\",\"inLanguage\":\"fr-FR\",\"@id\":\"http:\\\/\\\/www.likenskis.com\\\/fr\\\/#\\\/schema\\\/logo\\\/image\\\/\",\"url\":\"https:\\\/\\\/www.likenskis.com\\\/wp-content\\\/uploads\\\/2019\\\/06\\\/Logo-LikenSkis-Retina.jpg\",\"contentUrl\":\"https:\\\/\\\/www.likenskis.com\\\/wp-content\\\/uploads\\\/2019\\\/06\\\/Logo-LikenSkis-Retina.jpg\",\"width\":288,\"height\":80,\"caption\":\"Liken Skis\"},\"image\":{\"@id\":\"http:\\\/\\\/www.likenskis.com\\\/fr\\\/#\\\/schema\\\/logo\\\/image\\\/\"},\"sameAs\":[\"https:\\\/\\\/x.com\\\/LikenSkis\"]}]}<\/script>\n<!-- \/ Yoast SEO plugin. -->","yoast_head_json":{"title":"Buff - Liken Skis","robots":{"index":"index","follow":"follow","max-snippet":"max-snippet:-1","max-image-preview":"max-image-preview:large","max-video-preview":"max-video-preview:-1"},"canonical":"https:\/\/www.likenskis.com\/fr\/producte\/buff\/","og_locale":"fr_FR","og_type":"article","og_title":"Buff - Liken Skis","og_description":"Buff\u00ae Original. Produit polyvalent con\u00e7u pour \u00eatre utilis\u00e9 toute l'ann\u00e9e.  Assure une protection parfaite contre le froid lors d'activit\u00e9s ext\u00e9rieures de haute intensit\u00e9.  Composition: 95% polyester, 5% \u00e9lasthanne.","og_url":"https:\/\/www.likenskis.com\/fr\/producte\/buff\/","og_site_name":"Liken Skis","article_modified_time":"2022-06-05T08:08:51+00:00","og_image":[{"width":2560,"height":2560,"url":"https:\/\/www.likenskis.com\/wp-content\/uploads\/2020\/10\/ACCESSORIS_05-scaled.jpg","type":"image\/jpeg"}],"twitter_card":"summary_large_image","twitter_site":"@LikenSkis","schema":{"@context":"https:\/\/schema.org","@graph":[{"@type":"WebPage","@id":"https:\/\/www.likenskis.com\/fr\/producte\/buff\/","url":"https:\/\/www.likenskis.com\/fr\/producte\/buff\/","name":"Buff - Liken Skis","isPartOf":{"@id":"http:\/\/www.likenskis.com\/fr\/#website"},"primaryImageOfPage":{"@id":"https:\/\/www.likenskis.com\/fr\/producte\/buff\/#primaryimage"},"image":{"@id":"https:\/\/www.likenskis.com\/fr\/producte\/buff\/#primaryimage"},"thumbnailUrl":"https:\/\/www.likenskis.com\/wp-content\/uploads\/2020\/10\/ACCESSORIS_05-scaled.jpg","datePublished":"2020-10-16T06:39:14+00:00","dateModified":"2022-06-05T08:08:51+00:00","breadcrumb":{"@id":"https:\/\/www.likenskis.com\/fr\/producte\/buff\/#breadcrumb"},"inLanguage":"fr-FR","potentialAction":[{"@type":"ReadAction","target":["https:\/\/www.likenskis.com\/fr\/producte\/buff\/"]}]},{"@type":"ImageObject","inLanguage":"fr-FR","@id":"https:\/\/www.likenskis.com\/fr\/producte\/buff\/#primaryimage","url":"https:\/\/www.likenskis.com\/wp-content\/uploads\/2020\/10\/ACCESSORIS_05-scaled.jpg","contentUrl":"https:\/\/www.likenskis.com\/wp-content\/uploads\/2020\/10\/ACCESSORIS_05-scaled.jpg","width":2560,"height":2560},{"@type":"BreadcrumbList","@id":"https:\/\/www.likenskis.com\/fr\/producte\/buff\/#breadcrumb","itemListElement":[{"@type":"ListItem","position":1,"name":"Inici","item":"https:\/\/www.likenskis.com\/fr\/"},{"@type":"ListItem","position":2,"name":"Botiga","item":"http:\/\/www.likenskis.com\/botiga\/"},{"@type":"ListItem","position":3,"name":"Buff"}]},{"@type":"WebSite","@id":"http:\/\/www.likenskis.com\/fr\/#website","url":"http:\/\/www.likenskis.com\/fr\/","name":"Liken Skis","description":"Skis en bois faits \u00e0 la main","publisher":{"@id":"http:\/\/www.likenskis.com\/fr\/#organization"},"potentialAction":[{"@type":"SearchAction","target":{"@type":"EntryPoint","urlTemplate":"http:\/\/www.likenskis.com\/fr\/?s={search_term_string}"},"query-input":{"@type":"PropertyValueSpecification","valueRequired":true,"valueName":"search_term_string"}}],"inLanguage":"fr-FR"},{"@type":"Organization","@id":"http:\/\/www.likenskis.com\/fr\/#organization","name":"Liken Skis","url":"http:\/\/www.likenskis.com\/fr\/","logo":{"@type":"ImageObject","inLanguage":"fr-FR","@id":"http:\/\/www.likenskis.com\/fr\/#\/schema\/logo\/image\/","url":"https:\/\/www.likenskis.com\/wp-content\/uploads\/2019\/06\/Logo-LikenSkis-Retina.jpg","contentUrl":"https:\/\/www.likenskis.com\/wp-content\/uploads\/2019\/06\/Logo-LikenSkis-Retina.jpg","width":288,"height":80,"caption":"Liken Skis"},"image":{"@id":"http:\/\/www.likenskis.com\/fr\/#\/schema\/logo\/image\/"},"sameAs":["https:\/\/x.com\/LikenSkis"]}]}},"_links":{"self":[{"href":"https:\/\/www.likenskis.com\/fr\/wp-json\/wp\/v2\/product\/8612","targetHints":{"allow":["GET"]}}],"collection":[{"href":"https:\/\/www.likenskis.com\/fr\/wp-json\/wp\/v2\/product"}],"about":[{"href":"https:\/\/www.likenskis.com\/fr\/wp-json\/wp\/v2\/types\/product"}],"replies":[{"embeddable":true,"href":"https:\/\/www.likenskis.com\/fr\/wp-json\/wp\/v2\/comments?post=8612"}],"wp:featuredmedia":[{"embeddable":true,"href":"https:\/\/www.likenskis.com\/fr\/wp-json\/wp\/v2\/media\/8621"}],"wp:attachment":[{"href":"https:\/\/www.likenskis.com\/fr\/wp-json\/wp\/v2\/media?parent=8612"}],"wp:term":[{"taxonomy":"product_brand","embeddable":true,"href":"https:\/\/www.likenskis.com\/fr\/wp-json\/wp\/v2\/product_brand?post=8612"},{"taxonomy":"product_cat","embeddable":true,"href":"https:\/\/www.likenskis.com\/fr\/wp-json\/wp\/v2\/product_cat?post=8612"},{"taxonomy":"product_tag","embeddable":true,"href":"https:\/\/www.likenskis.com\/fr\/wp-json\/wp\/v2\/product_tag?post=8612"}],"curies":[{"name":"wp","href":"https:\/\/api.w.org\/{rel}","templated":true}]}}