{"id":9817,"date":"2021-01-12T11:23:06","date_gmt":"2021-07-02T09:23:12","guid":{"rendered":"https:\/\/www.likenskis.com\/?post_type=product&#038;p=9817"},"modified":"2022-06-05T10:06:18","modified_gmt":"2022-06-05T08:06:18","slug":"bocnroll","status":"publish","type":"product","link":"https:\/\/www.likenskis.com\/fr\/producte\/bocnroll\/","title":{"rendered":"Boc&#8217;n&#8217;Roll"},"content":{"rendered":"","protected":false},"excerpt":{"rendered":"<p>Le sandwich est bon \u00e0 r\u00e9utiliser et \u00e0 savourer<br \/>\nDites adieu aux emballages jetables et savourez vos sandwichs sur le pouce gr\u00e2ce \u00e0 notre emballage sandwich \u00e9cologique. Il poss\u00e8de une fixation facile qui le rend adaptable \u00e0 diff\u00e9rentes formes et tailles d\u2019aliments (sandwich, fruits ..). Il est pratique, compact, lavable en machine et sert \u00e9galement de napperon individuel. Pour r\u00e9utiliser et re-profiter.<\/p>\n","protected":false},"featured_media":9836,"comment_status":"closed","ping_status":"closed","template":"","meta":{"_joinchat":[]},"product_brand":[],"product_cat":[231],"product_tag":[591],"class_list":{"0":"post-9817","1":"product","2":"type-product","3":"status-publish","4":"has-post-thumbnail","6":"product_cat-complements-fr","7":"product_tag-bocnroll-fr","8":"product_shipping_class-normal-fr","10":"first","11":"instock","12":"taxable","13":"shipping-taxable","14":"purchasable","15":"product-type-simple"},"yoast_head":"<!-- This site is optimized with the Yoast SEO plugin v27.3 - https:\/\/yoast.com\/product\/yoast-seo-wordpress\/ -->\n<title>Boc&#039;n&#039;Roll - Liken Skis<\/title>\n<meta name=\"robots\" content=\"index, follow, max-snippet:-1, max-image-preview:large, max-video-preview:-1\" \/>\n<link rel=\"canonical\" href=\"https:\/\/www.likenskis.com\/fr\/producte\/bocnroll\/\" \/>\n<meta property=\"og:locale\" content=\"fr_FR\" \/>\n<meta property=\"og:type\" content=\"article\" \/>\n<meta property=\"og:title\" content=\"Boc&#039;n&#039;Roll - Liken Skis\" \/>\n<meta property=\"og:description\" content=\"Le sandwich est bon \u00e0 r\u00e9utiliser et \u00e0 savourer Dites adieu aux emballages jetables et savourez vos sandwichs sur le pouce gr\u00e2ce \u00e0 notre emballage sandwich \u00e9cologique. Il poss\u00e8de une fixation facile qui le rend adaptable \u00e0 diff\u00e9rentes formes et tailles d\u2019aliments (sandwich, fruits ..). Il est pratique, compact, lavable en machine et sert \u00e9galement de napperon individuel. Pour r\u00e9utiliser et re-profiter.\" \/>\n<meta property=\"og:url\" content=\"https:\/\/www.likenskis.com\/fr\/producte\/bocnroll\/\" \/>\n<meta property=\"og:site_name\" content=\"Liken Skis\" \/>\n<meta property=\"article:modified_time\" content=\"2022-06-05T08:06:18+00:00\" \/>\n<meta property=\"og:image\" content=\"http:\/\/www.likenskis.com\/wp-content\/uploads\/2021\/07\/BOCNROLL_04_LOW-scaled.jpg\" \/>\n\t<meta property=\"og:image:width\" content=\"2560\" \/>\n\t<meta property=\"og:image:height\" content=\"2560\" \/>\n\t<meta property=\"og:image:type\" content=\"image\/jpeg\" \/>\n<meta name=\"twitter:card\" content=\"summary_large_image\" \/>\n<meta name=\"twitter:site\" content=\"@LikenSkis\" \/>\n<script type=\"application\/ld+json\" class=\"yoast-schema-graph\">{\"@context\":\"https:\\\/\\\/schema.org\",\"@graph\":[{\"@type\":\"WebPage\",\"@id\":\"https:\\\/\\\/www.likenskis.com\\\/fr\\\/producte\\\/bocnroll\\\/\",\"url\":\"https:\\\/\\\/www.likenskis.com\\\/fr\\\/producte\\\/bocnroll\\\/\",\"name\":\"Boc'n'Roll - Liken Skis\",\"isPartOf\":{\"@id\":\"https:\\\/\\\/www.likenskis.com\\\/fr\\\/#website\"},\"primaryImageOfPage\":{\"@id\":\"https:\\\/\\\/www.likenskis.com\\\/fr\\\/producte\\\/bocnroll\\\/#primaryimage\"},\"image\":{\"@id\":\"https:\\\/\\\/www.likenskis.com\\\/fr\\\/producte\\\/bocnroll\\\/#primaryimage\"},\"thumbnailUrl\":\"https:\\\/\\\/www.likenskis.com\\\/wp-content\\\/uploads\\\/2021\\\/07\\\/BOCNROLL_04_LOW-scaled.jpg\",\"datePublished\":\"2021-07-02T09:23:12+00:00\",\"dateModified\":\"2022-06-05T08:06:18+00:00\",\"breadcrumb\":{\"@id\":\"https:\\\/\\\/www.likenskis.com\\\/fr\\\/producte\\\/bocnroll\\\/#breadcrumb\"},\"inLanguage\":\"fr-FR\",\"potentialAction\":[{\"@type\":\"ReadAction\",\"target\":[\"https:\\\/\\\/www.likenskis.com\\\/fr\\\/producte\\\/bocnroll\\\/\"]}]},{\"@type\":\"ImageObject\",\"inLanguage\":\"fr-FR\",\"@id\":\"https:\\\/\\\/www.likenskis.com\\\/fr\\\/producte\\\/bocnroll\\\/#primaryimage\",\"url\":\"https:\\\/\\\/www.likenskis.com\\\/wp-content\\\/uploads\\\/2021\\\/07\\\/BOCNROLL_04_LOW-scaled.jpg\",\"contentUrl\":\"https:\\\/\\\/www.likenskis.com\\\/wp-content\\\/uploads\\\/2021\\\/07\\\/BOCNROLL_04_LOW-scaled.jpg\",\"width\":2560,\"height\":2560,\"caption\":\"Boc'n'Roll de Liken Skis amb un entrep\u00e0\"},{\"@type\":\"BreadcrumbList\",\"@id\":\"https:\\\/\\\/www.likenskis.com\\\/fr\\\/producte\\\/bocnroll\\\/#breadcrumb\",\"itemListElement\":[{\"@type\":\"ListItem\",\"position\":1,\"name\":\"Inici\",\"item\":\"http:\\\/\\\/www.likenskis.com\\\/fr\\\/\"},{\"@type\":\"ListItem\",\"position\":2,\"name\":\"Botiga\",\"item\":\"https:\\\/\\\/www.likenskis.com\\\/botiga\\\/\"},{\"@type\":\"ListItem\",\"position\":3,\"name\":\"Boc&#8217;n&#8217;Roll\"}]},{\"@type\":\"WebSite\",\"@id\":\"https:\\\/\\\/www.likenskis.com\\\/fr\\\/#website\",\"url\":\"https:\\\/\\\/www.likenskis.com\\\/fr\\\/\",\"name\":\"Liken Skis\",\"description\":\"Skis en bois faits \u00e0 la main\",\"publisher\":{\"@id\":\"https:\\\/\\\/www.likenskis.com\\\/fr\\\/#organization\"},\"potentialAction\":[{\"@type\":\"SearchAction\",\"target\":{\"@type\":\"EntryPoint\",\"urlTemplate\":\"https:\\\/\\\/www.likenskis.com\\\/fr\\\/?s={search_term_string}\"},\"query-input\":{\"@type\":\"PropertyValueSpecification\",\"valueRequired\":true,\"valueName\":\"search_term_string\"}}],\"inLanguage\":\"fr-FR\"},{\"@type\":\"Organization\",\"@id\":\"https:\\\/\\\/www.likenskis.com\\\/fr\\\/#organization\",\"name\":\"Liken Skis\",\"url\":\"https:\\\/\\\/www.likenskis.com\\\/fr\\\/\",\"logo\":{\"@type\":\"ImageObject\",\"inLanguage\":\"fr-FR\",\"@id\":\"https:\\\/\\\/www.likenskis.com\\\/fr\\\/#\\\/schema\\\/logo\\\/image\\\/\",\"url\":\"https:\\\/\\\/www.likenskis.com\\\/wp-content\\\/uploads\\\/2019\\\/06\\\/Logo-LikenSkis-Retina.jpg\",\"contentUrl\":\"https:\\\/\\\/www.likenskis.com\\\/wp-content\\\/uploads\\\/2019\\\/06\\\/Logo-LikenSkis-Retina.jpg\",\"width\":288,\"height\":80,\"caption\":\"Liken Skis\"},\"image\":{\"@id\":\"https:\\\/\\\/www.likenskis.com\\\/fr\\\/#\\\/schema\\\/logo\\\/image\\\/\"},\"sameAs\":[\"https:\\\/\\\/x.com\\\/LikenSkis\"]}]}<\/script>\n<!-- \/ Yoast SEO plugin. -->","yoast_head_json":{"title":"Boc'n'Roll - Liken Skis","robots":{"index":"index","follow":"follow","max-snippet":"max-snippet:-1","max-image-preview":"max-image-preview:large","max-video-preview":"max-video-preview:-1"},"canonical":"https:\/\/www.likenskis.com\/fr\/producte\/bocnroll\/","og_locale":"fr_FR","og_type":"article","og_title":"Boc'n'Roll - Liken Skis","og_description":"Le sandwich est bon \u00e0 r\u00e9utiliser et \u00e0 savourer Dites adieu aux emballages jetables et savourez vos sandwichs sur le pouce gr\u00e2ce \u00e0 notre emballage sandwich \u00e9cologique. Il poss\u00e8de une fixation facile qui le rend adaptable \u00e0 diff\u00e9rentes formes et tailles d\u2019aliments (sandwich, fruits ..). Il est pratique, compact, lavable en machine et sert \u00e9galement de napperon individuel. Pour r\u00e9utiliser et re-profiter.","og_url":"https:\/\/www.likenskis.com\/fr\/producte\/bocnroll\/","og_site_name":"Liken Skis","article_modified_time":"2022-06-05T08:06:18+00:00","og_image":[{"width":2560,"height":2560,"url":"http:\/\/www.likenskis.com\/wp-content\/uploads\/2021\/07\/BOCNROLL_04_LOW-scaled.jpg","type":"image\/jpeg"}],"twitter_card":"summary_large_image","twitter_site":"@LikenSkis","schema":{"@context":"https:\/\/schema.org","@graph":[{"@type":"WebPage","@id":"https:\/\/www.likenskis.com\/fr\/producte\/bocnroll\/","url":"https:\/\/www.likenskis.com\/fr\/producte\/bocnroll\/","name":"Boc'n'Roll - Liken Skis","isPartOf":{"@id":"https:\/\/www.likenskis.com\/fr\/#website"},"primaryImageOfPage":{"@id":"https:\/\/www.likenskis.com\/fr\/producte\/bocnroll\/#primaryimage"},"image":{"@id":"https:\/\/www.likenskis.com\/fr\/producte\/bocnroll\/#primaryimage"},"thumbnailUrl":"https:\/\/www.likenskis.com\/wp-content\/uploads\/2021\/07\/BOCNROLL_04_LOW-scaled.jpg","datePublished":"2021-07-02T09:23:12+00:00","dateModified":"2022-06-05T08:06:18+00:00","breadcrumb":{"@id":"https:\/\/www.likenskis.com\/fr\/producte\/bocnroll\/#breadcrumb"},"inLanguage":"fr-FR","potentialAction":[{"@type":"ReadAction","target":["https:\/\/www.likenskis.com\/fr\/producte\/bocnroll\/"]}]},{"@type":"ImageObject","inLanguage":"fr-FR","@id":"https:\/\/www.likenskis.com\/fr\/producte\/bocnroll\/#primaryimage","url":"https:\/\/www.likenskis.com\/wp-content\/uploads\/2021\/07\/BOCNROLL_04_LOW-scaled.jpg","contentUrl":"https:\/\/www.likenskis.com\/wp-content\/uploads\/2021\/07\/BOCNROLL_04_LOW-scaled.jpg","width":2560,"height":2560,"caption":"Boc'n'Roll de Liken Skis amb un entrep\u00e0"},{"@type":"BreadcrumbList","@id":"https:\/\/www.likenskis.com\/fr\/producte\/bocnroll\/#breadcrumb","itemListElement":[{"@type":"ListItem","position":1,"name":"Inici","item":"http:\/\/www.likenskis.com\/fr\/"},{"@type":"ListItem","position":2,"name":"Botiga","item":"https:\/\/www.likenskis.com\/botiga\/"},{"@type":"ListItem","position":3,"name":"Boc&#8217;n&#8217;Roll"}]},{"@type":"WebSite","@id":"https:\/\/www.likenskis.com\/fr\/#website","url":"https:\/\/www.likenskis.com\/fr\/","name":"Liken Skis","description":"Skis en bois faits \u00e0 la main","publisher":{"@id":"https:\/\/www.likenskis.com\/fr\/#organization"},"potentialAction":[{"@type":"SearchAction","target":{"@type":"EntryPoint","urlTemplate":"https:\/\/www.likenskis.com\/fr\/?s={search_term_string}"},"query-input":{"@type":"PropertyValueSpecification","valueRequired":true,"valueName":"search_term_string"}}],"inLanguage":"fr-FR"},{"@type":"Organization","@id":"https:\/\/www.likenskis.com\/fr\/#organization","name":"Liken Skis","url":"https:\/\/www.likenskis.com\/fr\/","logo":{"@type":"ImageObject","inLanguage":"fr-FR","@id":"https:\/\/www.likenskis.com\/fr\/#\/schema\/logo\/image\/","url":"https:\/\/www.likenskis.com\/wp-content\/uploads\/2019\/06\/Logo-LikenSkis-Retina.jpg","contentUrl":"https:\/\/www.likenskis.com\/wp-content\/uploads\/2019\/06\/Logo-LikenSkis-Retina.jpg","width":288,"height":80,"caption":"Liken Skis"},"image":{"@id":"https:\/\/www.likenskis.com\/fr\/#\/schema\/logo\/image\/"},"sameAs":["https:\/\/x.com\/LikenSkis"]}]}},"_links":{"self":[{"href":"https:\/\/www.likenskis.com\/fr\/wp-json\/wp\/v2\/product\/9817","targetHints":{"allow":["GET"]}}],"collection":[{"href":"https:\/\/www.likenskis.com\/fr\/wp-json\/wp\/v2\/product"}],"about":[{"href":"https:\/\/www.likenskis.com\/fr\/wp-json\/wp\/v2\/types\/product"}],"replies":[{"embeddable":true,"href":"https:\/\/www.likenskis.com\/fr\/wp-json\/wp\/v2\/comments?post=9817"}],"wp:featuredmedia":[{"embeddable":true,"href":"https:\/\/www.likenskis.com\/fr\/wp-json\/wp\/v2\/media\/9836"}],"wp:attachment":[{"href":"https:\/\/www.likenskis.com\/fr\/wp-json\/wp\/v2\/media?parent=9817"}],"wp:term":[{"taxonomy":"product_brand","embeddable":true,"href":"https:\/\/www.likenskis.com\/fr\/wp-json\/wp\/v2\/product_brand?post=9817"},{"taxonomy":"product_cat","embeddable":true,"href":"https:\/\/www.likenskis.com\/fr\/wp-json\/wp\/v2\/product_cat?post=9817"},{"taxonomy":"product_tag","embeddable":true,"href":"https:\/\/www.likenskis.com\/fr\/wp-json\/wp\/v2\/product_tag?post=9817"}],"curies":[{"name":"wp","href":"https:\/\/api.w.org\/{rel}","templated":true}]}}